{"id":361,"date":"2019-03-31T15:34:25","date_gmt":"2019-03-31T13:34:25","guid":{"rendered":"https:\/\/www.upo.es\/area-historia-arte\/?page_id=361"},"modified":"2019-07-16T12:53:11","modified_gmt":"2019-07-16T10:53:11","slug":"iii-seminario-de-metodologia-e-investigacion-historia-del-arte-y-patrimonio-cultural-en-espana-y-america","status":"publish","type":"page","link":"https:\/\/www.upo.es\/area-historia-arte\/iii-seminario-de-metodologia-e-investigacion-historia-del-arte-y-patrimonio-cultural-en-espana-y-america\/","title":{"rendered":"III Seminario de \u00abMetodolog\u00eda e Investigaci\u00f3n. Historia del Arte y Patrimonio Cultural en Espa\u00f1a y Am\u00e9rica\u00bb"},"content":{"rendered":"\n<p style=\"text-align:center\"><\/p>\n\n\n\n<div class=\"wp-block-image\"><figure class=\"aligncenter is-resized\"><img loading=\"lazy\" src=\"https:\/\/www.upo.es\/area-historia-arte\/wp-content\/uploads\/2019\/05\/III-Seminario-metodologia.png\" alt=\"\" class=\"wp-image-1104\" width=\"303\" height=\"585\" srcset=\"https:\/\/www.upo.es\/area-historia-arte\/wp-content\/uploads\/2019\/05\/III-Seminario-metodologia.png 372w, https:\/\/www.upo.es\/area-historia-arte\/wp-content\/uploads\/2019\/05\/III-Seminario-metodologia-155x300.png 155w\" sizes=\"(max-width: 303px) 100vw, 303px\" \/><\/figure><\/div>\n\n\n\n<p style=\"text-align:center\">III Seminario de Metodolog\u00eda e Investigaci\u00f3n \u00abHistoria del Arte y Patrimonio Cultural en Espa\u00f1a y Am\u00e9rica\u00bb<\/p>\n\n\n\n<p style=\"text-align:center\"><strong>Fecha<\/strong>: 27-30 de abril de 2015 <\/p>\n\n\n\n<p style=\"text-align:center\"><strong>Lugar<\/strong>: Sala de Grados del Edificio 6 &#8211; Universidad Pablo de Olavide, Sevilla<\/p>\n\n\n\n<p><strong>Organiza:<\/strong><\/p>\n\n\n\n<ul><li>\u00c1rea de Historia del Arte, Universidad Pablo de Olavide<\/li><li>Doctorado de Historia. Estudios Human\u00edsticos: Am\u00e9rica, Europa, Arte y Lenguas, Universidad Pablo de Olavide<\/li><\/ul>\n\n\n\n<p><strong> Coordinaci\u00f3n acad\u00e9mica:<\/strong><\/p>\n\n\n\n<ul><li>Francisco Ollero Lobato (Universidad Pablo de Olavide, Sevilla)<\/li><li>Mar\u00eda de los \u00c1ngeles Fern\u00e1ndez Valle (Universidad Pablo de Olavide \u2013 Universidad de Talca)<\/li><\/ul>\n\n\n\n<p><strong>Inscripci\u00f3n<\/strong>: maferval@upo.es<\/p>\n\n\n\n<p><a href=\"https:\/\/www.upo.es\/area-historia-arte\/wp-content\/uploads\/2019\/03\/III_Seminario_de_Metodologia_e_Investigacion_UPO_2015-1.pdf\">PROGRAMA<\/a><\/p>\n","protected":false},"excerpt":{"rendered":"<p>III Seminario de Metodolog\u00eda e Investigaci\u00f3n \u00abHistoria del Arte y Patrimonio Cultural en Espa\u00f1a y Am\u00e9rica\u00bb Fecha: 27-30 de abril[&#8230;]<\/p>\n","protected":false},"author":1,"featured_media":0,"parent":0,"menu_order":0,"comment_status":"closed","ping_status":"closed","template":"template-fullwidth.php","meta":[],"_links":{"self":[{"href":"https:\/\/www.upo.es\/area-historia-arte\/wp-json\/wp\/v2\/pages\/361"}],"collection":[{"href":"https:\/\/www.upo.es\/area-historia-arte\/wp-json\/wp\/v2\/pages"}],"about":[{"href":"https:\/\/www.upo.es\/area-historia-arte\/wp-json\/wp\/v2\/types\/page"}],"author":[{"embeddable":true,"href":"https:\/\/www.upo.es\/area-historia-arte\/wp-json\/wp\/v2\/users\/1"}],"replies":[{"embeddable":true,"href":"https:\/\/www.upo.es\/area-historia-arte\/wp-json\/wp\/v2\/comments?post=361"}],"version-history":[{"count":6,"href":"https:\/\/www.upo.es\/area-historia-arte\/wp-json\/wp\/v2\/pages\/361\/revisions"}],"predecessor-version":[{"id":2016,"href":"https:\/\/www.upo.es\/area-historia-arte\/wp-json\/wp\/v2\/pages\/361\/revisions\/2016"}],"wp:attachment":[{"href":"https:\/\/www.upo.es\/area-historia-arte\/wp-json\/wp\/v2\/media?parent=361"}],"curies":[{"name":"wp","href":"https:\/\/api.w.org\/{rel}","templated":true}]}}