{"id":365,"date":"2019-03-31T15:38:19","date_gmt":"2019-03-31T13:38:19","guid":{"rendered":"https:\/\/www.upo.es\/area-historia-arte\/?page_id=365"},"modified":"2019-07-16T12:52:24","modified_gmt":"2019-07-16T10:52:24","slug":"exposicion-violencia-manifiesta","status":"publish","type":"page","link":"https:\/\/www.upo.es\/area-historia-arte\/exposicion-violencia-manifiesta\/","title":{"rendered":"Exposici\u00f3n violencia manifiesta"},"content":{"rendered":"\n<p style=\"text-align:center\"><\/p>\n\n\n\n<div class=\"wp-block-image\"><figure class=\"aligncenter is-resized\"><img loading=\"lazy\" src=\"https:\/\/www.upo.es\/area-historia-arte\/wp-content\/uploads\/2019\/03\/violencia-manifiesta-2015.png\" alt=\"\" class=\"wp-image-367\" width=\"567\" height=\"492\" srcset=\"https:\/\/www.upo.es\/area-historia-arte\/wp-content\/uploads\/2019\/03\/violencia-manifiesta-2015.png 756w, https:\/\/www.upo.es\/area-historia-arte\/wp-content\/uploads\/2019\/03\/violencia-manifiesta-2015-300x260.png 300w\" sizes=\"(max-width: 567px) 100vw, 567px\" \/><\/figure><\/div>\n\n\n\n<p style=\"text-align:center\">Exposici\u00f3n colectiva M\u00e9xico &#8211; Colombia<\/p>\n\n\n\n<p style=\"text-align:center\"><strong>Fechas<\/strong>: 4 al 30 de noviembre de 2015 <\/p>\n\n\n\n<p style=\"text-align:center\"><strong>Lugar<\/strong>: \u00c1rea de exposiciones de la Biblioteca\/CRAI, Universidad Pablo de Olavide, Sevilla<br><\/p>\n\n\n\n<ul><li>Patricia Aridjis &#8211; Eunice Adorno &#8211; Mar\u00eda del Carmen Espinosa &#8211; Jorge Panchoaga &#8211; Ernesto Ram\u00edrez<\/li><\/ul>\n\n\n\n<p>En los tiempos que corren, violencia y sociedad parecieran ser dos conceptos indisociables. La violencia irrumpe en cada grupo social como un acto cotidiano o extraordinario, de manera brutal o enmascarada, habita sin importar grupos sociales o geograf\u00edas. En esta exposici\u00f3n, buscamos indagar sobre los modos en que la fotograf\u00eda permite tanto registrar como re-construir este concepto, a trav\u00e9s de las posibilidades que el lenguaje fotogr\u00e1fico otorga y sus intenciones visuales y est\u00e9ticas.<br>La exposici\u00f3n Abordada desde los territorios de M\u00e9xico y Colombia, la exposici\u00f3n re\u00fane la obra de artistas que desde diferentes perspectivas sobre la violencia, aportan reflexiones en torno a una problem\u00e1tica que permea y afecta nuestras sociedades. Con ello, intentamos ofrecer una breve pero cr\u00edtica reflexi\u00f3n sobre la violencia como tema de creaci\u00f3n contempor\u00e1neo. <br><br> <strong>Horarios de visita: <\/strong>De lunes a viernes: de 8:30 a 21 horas<br> Entrada gratuita<\/p>\n\n\n\n<p><br><strong> Los objetivos:<\/strong><\/p>\n\n\n\n<ul><li>Explorar en los modos en que la violencia se manifiesta en las sociedades contempor\u00e1neas<br> y en esta b\u00fasqueda, contraponer visiones desde territorios y sociedades distintas.<\/li><li>Indagar en los modos de representaci\u00f3n de la violencia, desde la fotograf\u00eda documental o<br> period\u00edstica hasta las fotograf\u00eda construida.<\/li><li>Lograr un espacio de difusi\u00f3n como una oportunidad tanto para la divulgaci\u00f3n de<br> proyectos, como para provocar una reflexi\u00f3n sobre nuestras sociedades.<\/li><\/ul>\n\n\n\n<p><strong>Comisariado:<\/strong><\/p>\n\n\n\n<ul><li>Eunice Miranda Tapia (Doctoranda Universidad Pablo de Olavide de Sevilla &#8211; Becaria Conacyt-Fonca) emirtap@alumno.upo.es, eunicemiranda@yahoo.com<\/li><li>Alberto Campuzano S\u00e1nchez (Pontificia Universidad Javeriana). Cali, Colombia. albertocampuzano@hotmail.com<\/li><\/ul>\n\n\n\n<p><strong>Organizan:<\/strong><\/p>\n\n\n\n<ul><li> Aula Latinoamericana de Pensamiento y Creaci\u00f3n Contempor\u00e1neos, \u00c1rea de Historia del<\/li><li> Arte de la Universidad Pablo de Olavide y El Colegio de Am\u00e9rica.<\/li><\/ul>\n\n\n\n<p><strong> Colaboran:<\/strong><\/p>\n\n\n\n<ul><li>Ayuntamiento de Carmona<\/li><li>EnredArs<\/li><li>Consulado Honorario de M\u00e9xico en Sevilla<\/li><li>ConacultaFonca (M\u00e9xico)<\/li><li>Servicio de Extensi\u00f3n Cultural &#8211; Unidad de Cultura y Participaci\u00f3n UPO<\/li><\/ul>\n\n\n\n<p><a href=\"https:\/\/www.upo.es\/area-historia-arte\/wp-content\/uploads\/2019\/03\/Exposicion_violencia_manifiesta2015.pdf\">M\u00e1s informaci\u00f3n<\/a><\/p>\n","protected":false},"excerpt":{"rendered":"<p>Exposici\u00f3n colectiva M\u00e9xico &#8211; Colombia Fechas: 4 al 30 de noviembre de 2015 Lugar: \u00c1rea de exposiciones de la Biblioteca\/CRAI,[&#8230;]<\/p>\n","protected":false},"author":1,"featured_media":0,"parent":0,"menu_order":0,"comment_status":"closed","ping_status":"closed","template":"template-fullwidth.php","meta":[],"_links":{"self":[{"href":"https:\/\/www.upo.es\/area-historia-arte\/wp-json\/wp\/v2\/pages\/365"}],"collection":[{"href":"https:\/\/www.upo.es\/area-historia-arte\/wp-json\/wp\/v2\/pages"}],"about":[{"href":"https:\/\/www.upo.es\/area-historia-arte\/wp-json\/wp\/v2\/types\/page"}],"author":[{"embeddable":true,"href":"https:\/\/www.upo.es\/area-historia-arte\/wp-json\/wp\/v2\/users\/1"}],"replies":[{"embeddable":true,"href":"https:\/\/www.upo.es\/area-historia-arte\/wp-json\/wp\/v2\/comments?post=365"}],"version-history":[{"count":5,"href":"https:\/\/www.upo.es\/area-historia-arte\/wp-json\/wp\/v2\/pages\/365\/revisions"}],"predecessor-version":[{"id":2015,"href":"https:\/\/www.upo.es\/area-historia-arte\/wp-json\/wp\/v2\/pages\/365\/revisions\/2015"}],"wp:attachment":[{"href":"https:\/\/www.upo.es\/area-historia-arte\/wp-json\/wp\/v2\/media?parent=365"}],"curies":[{"name":"wp","href":"https:\/\/api.w.org\/{rel}","templated":true}]}}