{"id":374,"date":"2019-03-31T15:43:23","date_gmt":"2019-03-31T13:43:23","guid":{"rendered":"https:\/\/www.upo.es\/area-historia-arte\/?page_id=374"},"modified":"2019-07-16T12:47:21","modified_gmt":"2019-07-16T10:47:21","slug":"exposicion-guatemala-tu-nombre-es-inmortal","status":"publish","type":"page","link":"https:\/\/www.upo.es\/area-historia-arte\/exposicion-guatemala-tu-nombre-es-inmortal\/","title":{"rendered":"Exposici\u00f3n fotogr\u00e1fica \u00abGuatemala, tu nombre inmortal\u00bb"},"content":{"rendered":"\n<p style=\"text-align:center\"><\/p>\n\n\n\n<div class=\"wp-block-image\"><figure class=\"aligncenter is-resized\"><img loading=\"lazy\" src=\"https:\/\/www.upo.es\/area-historia-arte\/wp-content\/uploads\/2019\/05\/descarga-2.png\" alt=\"\" class=\"wp-image-1099\" width=\"561\" height=\"400\" srcset=\"https:\/\/www.upo.es\/area-historia-arte\/wp-content\/uploads\/2019\/05\/descarga-2.png 658w, https:\/\/www.upo.es\/area-historia-arte\/wp-content\/uploads\/2019\/05\/descarga-2-300x214.png 300w\" sizes=\"(max-width: 561px) 100vw, 561px\" \/><\/figure><\/div>\n\n\n\n<p style=\"text-align:center\">\u00a0Exposici\u00f3n fotogr\u00e1fica \u00abGuatemala, tu nombre inmortal\u00bb<\/p>\n\n\n\n<p style=\"text-align:center\"><strong>Fecha<\/strong>: 13 de noviembre de 2015<\/p>\n\n\n\n<p style=\"text-align:center\"><strong>Lugar<\/strong>:  Archivo General de Indias, Sevilla<\/p>\n\n\n\n<p>La exposici\u00f3n \u00abGuatemala, tu nombre inmortal\u2026\u00bb podr\u00e1 visitarse desde el 13 de noviembre en el Archivo General de Indias de Sevilla y mostrar\u00e1 una selecci\u00f3n de im\u00e1genes del pa\u00eds guatemalteco, pertenecientes a la colecci\u00f3n de fotograf\u00edas de arte iberoamericano conservadas en el Archivo del Centro de Ciencia Humanas y Sociales del Centro Superior de Investigaciones Cient\u00edficas. Tanto las fotograf\u00edas de Guatemala, como las del resto de pa\u00edses que conforman la colecci\u00f3n, fueron legadas por los investigadores Diego Angulo \u00cd\u00f1iguez y Enrique Marco Dorta al CSIC, sumando un total de m\u00e1s ocho mil im\u00e1genes tomadas, principalmente, entre los a\u00f1os treinta y setenta del pasado siglo. La riqueza documental de las fotograf\u00edas, las cuales versan sobre distintos aspectos culturales, ha despertado el inter\u00e9s de los expertos.<\/p>\n\n\n\n<ul><li>Fotograf\u00edas del archivo del Centro de Ciencias Humanas y Sociales del CSIC<\/li><\/ul>\n\n\n\n<ul><li>Esta exposici\u00f3n se sit\u00faa dentro del marco del<em>&nbsp;I Simposio Internacional Centroam\u00e9rica Patrimonio vivo<\/em>&nbsp;y en homenaje a la capitalidad Iberoamericana de la Cultura 2015 de Guatemala.<\/li><\/ul>\n\n\n\n<p><a href=\"https:\/\/www.upo.es\/area-historia-arte\/wp-content\/uploads\/2019\/03\/Exposicion_Guatemala_tu_nombre_inmortal_2015.pdf\">M\u00e1s informaci\u00f3n<\/a><\/p>\n","protected":false},"excerpt":{"rendered":"<p>\u00a0Exposici\u00f3n fotogr\u00e1fica \u00abGuatemala, tu nombre inmortal\u00bb Fecha: 13 de noviembre de 2015 Lugar: Archivo General de Indias, Sevilla La exposici\u00f3n[&#8230;]<\/p>\n","protected":false},"author":1,"featured_media":0,"parent":0,"menu_order":0,"comment_status":"closed","ping_status":"closed","template":"template-fullwidth.php","meta":[],"_links":{"self":[{"href":"https:\/\/www.upo.es\/area-historia-arte\/wp-json\/wp\/v2\/pages\/374"}],"collection":[{"href":"https:\/\/www.upo.es\/area-historia-arte\/wp-json\/wp\/v2\/pages"}],"about":[{"href":"https:\/\/www.upo.es\/area-historia-arte\/wp-json\/wp\/v2\/types\/page"}],"author":[{"embeddable":true,"href":"https:\/\/www.upo.es\/area-historia-arte\/wp-json\/wp\/v2\/users\/1"}],"replies":[{"embeddable":true,"href":"https:\/\/www.upo.es\/area-historia-arte\/wp-json\/wp\/v2\/comments?post=374"}],"version-history":[{"count":11,"href":"https:\/\/www.upo.es\/area-historia-arte\/wp-json\/wp\/v2\/pages\/374\/revisions"}],"predecessor-version":[{"id":2011,"href":"https:\/\/www.upo.es\/area-historia-arte\/wp-json\/wp\/v2\/pages\/374\/revisions\/2011"}],"wp:attachment":[{"href":"https:\/\/www.upo.es\/area-historia-arte\/wp-json\/wp\/v2\/media?parent=374"}],"curies":[{"name":"wp","href":"https:\/\/api.w.org\/{rel}","templated":true}]}}