{"id":379,"date":"2019-03-31T15:45:34","date_gmt":"2019-03-31T13:45:34","guid":{"rendered":"https:\/\/www.upo.es\/area-historia-arte\/?page_id=379"},"modified":"2019-07-19T09:29:39","modified_gmt":"2019-07-19T07:29:39","slug":"i-seminario-de-educacion-patrimonio-artistico-y-musical","status":"publish","type":"page","link":"https:\/\/www.upo.es\/area-historia-arte\/i-seminario-de-educacion-patrimonio-artistico-y-musical\/","title":{"rendered":"I Seminario de \u00abEducaci\u00f3n, Patrimonio Art\u00edstico y Musical\u00bb"},"content":{"rendered":"\n<p style=\"text-align:center\"><\/p>\n\n\n\n<div class=\"wp-block-image\"><figure class=\"aligncenter is-resized\"><img loading=\"lazy\" src=\"https:\/\/www.upo.es\/area-historia-arte\/wp-content\/uploads\/2019\/05\/descarga-1.png\" alt=\"\" class=\"wp-image-1096\" width=\"339\" height=\"482\" srcset=\"https:\/\/www.upo.es\/area-historia-arte\/wp-content\/uploads\/2019\/05\/descarga-1.png 423w, https:\/\/www.upo.es\/area-historia-arte\/wp-content\/uploads\/2019\/05\/descarga-1-211x300.png 211w\" sizes=\"(max-width: 339px) 100vw, 339px\" \/><\/figure><\/div>\n\n\n\n<p style=\"text-align:center\">I Seminario de \u00abEducaci\u00f3n, Patrimonio Art\u00edstico y Musical\u00bb<\/p>\n\n\n\n<p style=\"text-align:center\"><strong>Fecha<\/strong>: 14 y 15 de diciembre de 2015 <\/p>\n\n\n\n<p style=\"text-align:center\"><strong>Lugar<\/strong>: Universidad Pablo de Olavide, Sevilla<\/p>\n\n\n\n<p><strong>Coordinaci\u00f3n acad\u00e9mica:<\/strong><\/p>\n\n\n\n<ul><li>Carolina Gilabert S\u00e1nchez (Universidad Pablo de Olavide)<\/li><li>Francisco Ollero Lobato (Universidad Pablo de Olavide)<\/li><li>Mar\u00eda del Coral Morales Villar (Universidad de Granada)<\/li><\/ul>\n\n\n\n<p><strong>Organizan:<\/strong><\/p>\n\n\n\n<ul><li>Universidad Pablo de Olavide. Departamento de Geograf\u00eda, Historia y Filosof\u00eda, \u00c1rea de Historia del Arte<\/li><li>Universidad de Ja\u00e9n, Did\u00e1ctica de la Expresi\u00f3n Musical, Pl\u00e1stica y Corporal<\/li><\/ul>\n\n\n\n<p><strong>Inscripciones<\/strong>: seminepam@gmail.com<\/p>\n\n\n\n<p><a href=\"https:\/\/www.upo.es\/area-historia-arte\/wp-content\/uploads\/2019\/03\/I_Seminario_de_Educacion_Patrimonio_Artistico_y_Musical_UPO_2015.pdf\">PROGRAMA<\/a><\/p>\n","protected":false},"excerpt":{"rendered":"<p>I Seminario de \u00abEducaci\u00f3n, Patrimonio Art\u00edstico y Musical\u00bb Fecha: 14 y 15 de diciembre de 2015 Lugar: Universidad Pablo de[&#8230;]<\/p>\n","protected":false},"author":1,"featured_media":0,"parent":0,"menu_order":0,"comment_status":"closed","ping_status":"closed","template":"template-fullwidth.php","meta":[],"_links":{"self":[{"href":"https:\/\/www.upo.es\/area-historia-arte\/wp-json\/wp\/v2\/pages\/379"}],"collection":[{"href":"https:\/\/www.upo.es\/area-historia-arte\/wp-json\/wp\/v2\/pages"}],"about":[{"href":"https:\/\/www.upo.es\/area-historia-arte\/wp-json\/wp\/v2\/types\/page"}],"author":[{"embeddable":true,"href":"https:\/\/www.upo.es\/area-historia-arte\/wp-json\/wp\/v2\/users\/1"}],"replies":[{"embeddable":true,"href":"https:\/\/www.upo.es\/area-historia-arte\/wp-json\/wp\/v2\/comments?post=379"}],"version-history":[{"count":6,"href":"https:\/\/www.upo.es\/area-historia-arte\/wp-json\/wp\/v2\/pages\/379\/revisions"}],"predecessor-version":[{"id":2200,"href":"https:\/\/www.upo.es\/area-historia-arte\/wp-json\/wp\/v2\/pages\/379\/revisions\/2200"}],"wp:attachment":[{"href":"https:\/\/www.upo.es\/area-historia-arte\/wp-json\/wp\/v2\/media?parent=379"}],"curies":[{"name":"wp","href":"https:\/\/api.w.org\/{rel}","templated":true}]}}