{"id":389,"date":"2019-03-31T15:49:51","date_gmt":"2019-03-31T13:49:51","guid":{"rendered":"https:\/\/www.upo.es\/area-historia-arte\/?page_id=389"},"modified":"2019-07-16T12:43:30","modified_gmt":"2019-07-16T10:43:30","slug":"iii-coloquio-internacional-de-arte-y-patrimonio-en-espana-y-america","status":"publish","type":"page","link":"https:\/\/www.upo.es\/area-historia-arte\/iii-coloquio-internacional-de-arte-y-patrimonio-en-espana-y-america\/","title":{"rendered":"III Coloquio Internacional de \u00abArte y Patrimonio en Espa\u00f1a y Am\u00e9rica\u00bb"},"content":{"rendered":"\n<p style=\"text-align:center\"><\/p>\n\n\n\n<div class=\"wp-block-image\"><figure class=\"aligncenter is-resized\"><img loading=\"lazy\" src=\"https:\/\/www.upo.es\/area-historia-arte\/wp-content\/uploads\/2019\/05\/descarga.jpeg\" alt=\"\" class=\"wp-image-1092\" width=\"490\" height=\"374\" srcset=\"https:\/\/www.upo.es\/area-historia-arte\/wp-content\/uploads\/2019\/05\/descarga.jpeg 401w, https:\/\/www.upo.es\/area-historia-arte\/wp-content\/uploads\/2019\/05\/descarga-300x229.jpeg 300w\" sizes=\"(max-width: 490px) 100vw, 490px\" \/><\/figure><\/div>\n\n\n\n<p style=\"text-align:center\">Coloquio Internacional de \u00abArte y Patrimonio en Espa\u00f1a y Am\u00e9rica\u00bb<\/p>\n\n\n\n<p style=\"text-align:center\"><strong>Fecha<\/strong>: 22 de enero de 2016 <\/p>\n\n\n\n<p style=\"text-align:center\"><strong>Lugar<\/strong>: Escuela de Estudios Hispanoamericanos (CSIC) y Universidad Pablo de Olavide, Sevilla<\/p>\n\n\n\n<p><strong>Programa<\/strong>:<\/p>\n\n\n\n<ul><li>16\u00b400h. El paisaje en la patrimonializaci\u00f3n del territorio. Aproximaciones a su lectura. Gabriela Pastor (Universidad de Mendoza)<\/li><\/ul>\n\n\n\n<ul><li>16\u00b445h. Producci\u00f3n econ\u00f3mica y paisaje pecuario en Uruguay. William Rey Ashfield (Universidad de la Rep\u00fablica, Montevideo)<\/li><\/ul>\n\n\n\n<ul><li>17\u00b430h. Coloquio<\/li><\/ul>\n\n\n\n<p><strong>Organizan<\/strong>:<\/p>\n\n\n\n<ul><li> \u00c1rea de Historia del Arte &#8211; Universidad Pablo de Olavide<\/li><li> Escuela de Estudios Hispano-Americanos (CSIC)<\/li><\/ul>\n\n\n\n<p><strong>Inscripci\u00f3n<\/strong>: maferval@upo.es<\/p>\n","protected":false},"excerpt":{"rendered":"<p>Coloquio Internacional de \u00abArte y Patrimonio en Espa\u00f1a y Am\u00e9rica\u00bb Fecha: 22 de enero de 2016 Lugar: Escuela de Estudios[&#8230;]<\/p>\n","protected":false},"author":1,"featured_media":0,"parent":0,"menu_order":0,"comment_status":"closed","ping_status":"closed","template":"template-fullwidth.php","meta":[],"_links":{"self":[{"href":"https:\/\/www.upo.es\/area-historia-arte\/wp-json\/wp\/v2\/pages\/389"}],"collection":[{"href":"https:\/\/www.upo.es\/area-historia-arte\/wp-json\/wp\/v2\/pages"}],"about":[{"href":"https:\/\/www.upo.es\/area-historia-arte\/wp-json\/wp\/v2\/types\/page"}],"author":[{"embeddable":true,"href":"https:\/\/www.upo.es\/area-historia-arte\/wp-json\/wp\/v2\/users\/1"}],"replies":[{"embeddable":true,"href":"https:\/\/www.upo.es\/area-historia-arte\/wp-json\/wp\/v2\/comments?post=389"}],"version-history":[{"count":7,"href":"https:\/\/www.upo.es\/area-historia-arte\/wp-json\/wp\/v2\/pages\/389\/revisions"}],"predecessor-version":[{"id":2008,"href":"https:\/\/www.upo.es\/area-historia-arte\/wp-json\/wp\/v2\/pages\/389\/revisions\/2008"}],"wp:attachment":[{"href":"https:\/\/www.upo.es\/area-historia-arte\/wp-json\/wp\/v2\/media?parent=389"}],"curies":[{"name":"wp","href":"https:\/\/api.w.org\/{rel}","templated":true}]}}