{"id":394,"date":"2019-03-31T19:40:05","date_gmt":"2019-03-31T17:40:05","guid":{"rendered":"https:\/\/www.upo.es\/area-historia-arte\/?page_id=394"},"modified":"2019-07-19T09:47:38","modified_gmt":"2019-07-19T07:47:38","slug":"iv-simposio-internacional-jovenes-investigadores-del-barroco-iberoamericano-las-orillas-del-barroco","status":"publish","type":"page","link":"https:\/\/www.upo.es\/area-historia-arte\/iv-simposio-internacional-jovenes-investigadores-del-barroco-iberoamericano-las-orillas-del-barroco\/","title":{"rendered":"IV Simposio Internacional J\u00f3venes Investigadores del Barroco Iberoamericano \u00abLas orillas del Barroco\u00bb"},"content":{"rendered":"\n<p><\/p>\n\n\n\n<div class=\"wp-block-image\"><figure class=\"aligncenter is-resized\"><img loading=\"lazy\" src=\"https:\/\/www.upo.es\/area-historia-arte\/wp-content\/uploads\/2019\/03\/Captura-de-pantalla-2019-03-31-a-las-20.29.38-1024x746.png\" alt=\"\" class=\"wp-image-399\" width=\"512\" height=\"373\" srcset=\"https:\/\/www.upo.es\/area-historia-arte\/wp-content\/uploads\/2019\/03\/Captura-de-pantalla-2019-03-31-a-las-20.29.38-1024x746.png 1024w, https:\/\/www.upo.es\/area-historia-arte\/wp-content\/uploads\/2019\/03\/Captura-de-pantalla-2019-03-31-a-las-20.29.38-300x219.png 300w, https:\/\/www.upo.es\/area-historia-arte\/wp-content\/uploads\/2019\/03\/Captura-de-pantalla-2019-03-31-a-las-20.29.38-768x560.png 768w, https:\/\/www.upo.es\/area-historia-arte\/wp-content\/uploads\/2019\/03\/Captura-de-pantalla-2019-03-31-a-las-20.29.38.png 1228w\" sizes=\"(max-width: 512px) 100vw, 512px\" \/><\/figure><\/div>\n\n\n\n<p style=\"text-align:center\">IV Simposio Internacional J\u00f3venes Investigadores del Barroco Iberoamericano \u00abLas orillas del Barroco\u00bb<\/p>\n\n\n\n<p style=\"text-align:center\"><strong>Fecha<\/strong>: 10, 11 y 12 de abril de 2019<\/p>\n\n\n\n<p style=\"text-align:center\"><strong>Lugar<\/strong>: C\u00e1ceres \u2013 Trujillo \u2013 Guadalupe. Universidad de Extremadura<\/p>\n\n\n\n<p><strong>Organizan:<\/strong><\/p>\n\n\n\n<ul><li> CeIBA. Centro de Estudios del Barroco Iberoamericano<\/li><li> Universidad de Extremadura \u2013 Grupo de Investigaci\u00f3n Extrem@m\u00e9rica<\/li><li> Universidad Pablo de Olavide \u2013 \u00c1rea de Historia del Arte<\/li><li> Universidade de Santiago de Compostela \u2013 Grupo de Investigaci\u00f3n Iacobus (GI-1907)<\/li><li> Universitat Jaume I \u2013 Iconografia i Hist\u00f2ria de l\u00b4Art<\/li><\/ul>\n\n\n\n<p><strong>Coorganizan:<\/strong><\/p>\n\n\n\n<ul><li> Diputaci\u00f3n de C\u00e1ceres, Espa\u00f1a<\/li><li> Secretar\u00eda General Iberoamericana, Madrid, Espa\u00f1a<\/li><li> Fundaci\u00f3n Academia Europea e Iberoamericana de Yuste, M\u00e9rida, Espa\u00f1a<\/li><\/ul>\n\n\n\n<p><strong> Colaboran:<\/strong><\/p>\n\n\n\n<ul><li> Comit\u00e9 Espa\u00f1ol de Historia del Arte (CEHA)<\/li><li> Real Monasterio de Nuestra Se\u00f1ora de Guadalupe, Espa\u00f1a<\/li><li> Fundaci\u00f3n Xavier de Salas, Trujillo, Espa\u00f1a<\/li><li> Real Academia de Extremadura de las Letras y las Artes, Trujillo, Espa\u00f1a<\/li><li> Rectorado de la Universidad de Extremadura, Badajoz, Espa\u00f1a<\/li><li> Facultad de Filosof\u00eda y Letras, UEX, C\u00e1ceres, Espa\u00f1a<\/li><li> Departamento de Arte y Ciencias del Territorio, UEX, C\u00e1ceres, Espa\u00f1a<\/li><\/ul>\n\n\n\n<p><strong>Direcci\u00f3n Acad\u00e9mica:<\/strong><\/p>\n\n\n\n<ul><li> Yolanda Fern\u00e1ndez Mu\u00f1oz (Universidad de Extremadura, C\u00e1ceres, Espa\u00f1a)<\/li><li> Mar\u00eda de los \u00c1ngeles Fern\u00e1ndez Valle (Universidad Pablo de Olavide, Sevilla, Espa\u00f1a)<\/li><li> Carme L\u00f3pez Calder\u00f3n (Universidade de Santiago de Compostela, Espa\u00f1a)<\/li><li> Inmaculada Rodr\u00edguez Moya (Universitat Jaume I, Castell\u00f3n, Espa\u00f1a)<\/li><\/ul>\n\n\n\n<p><strong>Secretar\u00eda:<\/strong><\/p>\n\n\n\n<ul><li> Zara Ruiz Romero (Universidad Pablo de Olavide, Sevilla, Espa\u00f1a)<\/li><li> Victoria S\u00e1nchez Mellado (Universidad Pablo de Olavide, Sevilla, Espa\u00f1a)<\/li><li> Alicia D\u00edaz Mayordomo (Universidad de Extremadura, C\u00e1ceres, Espa\u00f1a)<\/li><li> Francisco Javier Cambero Santano (Universidad de Extremadura, C\u00e1ceres, Espa\u00f1a)<\/li><\/ul>\n\n\n\n<p><strong>Colaboraci\u00f3n:<\/strong><\/p>\n\n\n\n<ul><li> Salvador Hern\u00e1ndez Gonz\u00e1lez (Universidad Pablo de Olavide, Sevilla, Espa\u00f1a)<\/li><li> Rafael Gonz\u00e1lez Madrid (Universidad Pablo de Olavide, Sevilla, Espa\u00f1a)<\/li><li> Rafael Molina Mart\u00edn (Universidad Pablo de Olavide, Sevilla, Espa\u00f1a)<\/li><li> Sara Jarana Vidal (Universit\u00e9 Bourgogne Franche-Comt\u00e9, Besan\u00e7on, Francia)<\/li><li> Ana P\u00e9rez Varela (Universidade de Santiago de Compostela, Espa\u00f1a)<\/li><li> Bego\u00f1a \u00c1lvarez Seijo (Universidade de Santiago de Compostela, Espa\u00f1a)<\/li><li> Laura Gil \u00c1lvarez (Fundaci\u00f3n Ciudadan\u00eda, Badajoz, Espa\u00f1a)<\/li><li> Carmen Rodr\u00edguez Serrano (IES San Jos\u00e9, San Jos\u00e9 de la Rinconada, Sevilla, Espa\u00f1a)<\/li><\/ul>\n\n\n\n<p><a href=\"https:\/\/www.upo.es\/area-historia-arte\/wp-content\/uploads\/2019\/04\/Programa-IV-Simposio-Jo\u0301venes-Extremadura-2019.pdf\">PROGRAMA, COMUNICACIONES Y PONENTES<\/a><\/p>\n\n\n\n<p><a href=\"https:\/\/www.upo.es\/area-historia-arte\/wp-content\/uploads\/2019\/04\/Concierto-Du\u0301o-Orfeo-2019.pdf\">FOLLETO CONCIERTO<\/a><\/p>\n","protected":false},"excerpt":{"rendered":"<p>IV Simposio Internacional J\u00f3venes Investigadores del Barroco Iberoamericano \u00abLas orillas del Barroco\u00bb Fecha: 10, 11 y 12 de abril de[&#8230;]<\/p>\n","protected":false},"author":1,"featured_media":0,"parent":0,"menu_order":0,"comment_status":"closed","ping_status":"closed","template":"template-fullwidth.php","meta":[],"_links":{"self":[{"href":"https:\/\/www.upo.es\/area-historia-arte\/wp-json\/wp\/v2\/pages\/394"}],"collection":[{"href":"https:\/\/www.upo.es\/area-historia-arte\/wp-json\/wp\/v2\/pages"}],"about":[{"href":"https:\/\/www.upo.es\/area-historia-arte\/wp-json\/wp\/v2\/types\/page"}],"author":[{"embeddable":true,"href":"https:\/\/www.upo.es\/area-historia-arte\/wp-json\/wp\/v2\/users\/1"}],"replies":[{"embeddable":true,"href":"https:\/\/www.upo.es\/area-historia-arte\/wp-json\/wp\/v2\/comments?post=394"}],"version-history":[{"count":11,"href":"https:\/\/www.upo.es\/area-historia-arte\/wp-json\/wp\/v2\/pages\/394\/revisions"}],"predecessor-version":[{"id":2213,"href":"https:\/\/www.upo.es\/area-historia-arte\/wp-json\/wp\/v2\/pages\/394\/revisions\/2213"}],"wp:attachment":[{"href":"https:\/\/www.upo.es\/area-historia-arte\/wp-json\/wp\/v2\/media?parent=394"}],"curies":[{"name":"wp","href":"https:\/\/api.w.org\/{rel}","templated":true}]}}