{"id":405,"date":"2019-04-01T13:02:13","date_gmt":"2019-04-01T11:02:13","guid":{"rendered":"https:\/\/www.upo.es\/area-historia-arte\/?page_id=405"},"modified":"2019-07-19T09:28:11","modified_gmt":"2019-07-19T07:28:11","slug":"febrero-marzo-2016-vi-seminario-de-gestion-y-difusion-del-patrimonio-cultural-local","status":"publish","type":"page","link":"https:\/\/www.upo.es\/area-historia-arte\/febrero-marzo-2016-vi-seminario-de-gestion-y-difusion-del-patrimonio-cultural-local\/","title":{"rendered":"VI Seminario de Gesti\u00f3n y Difusi\u00f3n del Patrimonio Cultural Local: \u00abCultura y Desarrollo Local. De museos, agentes y est\u00edmulos\u00bb"},"content":{"rendered":"\n<p style=\"text-align:center\"><\/p>\n\n\n\n<div class=\"wp-block-image\"><figure class=\"aligncenter is-resized\"><img loading=\"lazy\" src=\"https:\/\/www.upo.es\/area-historia-arte\/wp-content\/uploads\/2019\/06\/VI_Seminario-Patrimonio-local-1_page-0001-1024x724.jpg\" alt=\"\" class=\"wp-image-1504\" width=\"691\" height=\"488\" srcset=\"https:\/\/www.upo.es\/area-historia-arte\/wp-content\/uploads\/2019\/06\/VI_Seminario-Patrimonio-local-1_page-0001-1024x724.jpg 1024w, https:\/\/www.upo.es\/area-historia-arte\/wp-content\/uploads\/2019\/06\/VI_Seminario-Patrimonio-local-1_page-0001-300x212.jpg 300w, https:\/\/www.upo.es\/area-historia-arte\/wp-content\/uploads\/2019\/06\/VI_Seminario-Patrimonio-local-1_page-0001-768x543.jpg 768w, https:\/\/www.upo.es\/area-historia-arte\/wp-content\/uploads\/2019\/06\/VI_Seminario-Patrimonio-local-1_page-0001.jpg 1755w\" sizes=\"(max-width: 691px) 100vw, 691px\" \/><\/figure><\/div>\n\n\n\n<p style=\"text-align:center\">VI Seminario de Gesti\u00f3n y Difusi\u00f3n del Patrimonio del Cultural Local: \u00abCultura y Desarrollo Local. De museos, agentes y est\u00edmulos\u00bb<\/p>\n\n\n\n<p style=\"text-align:center\"><strong>Fecha<\/strong>: 11, 18 y 25 de febrero &#8211; 3 de marzo de 2016 <\/p>\n\n\n\n<p style=\"text-align:center\"><strong>Lugar<\/strong>: Casa de la Provincia (Plaza del Triunfo) y Fundaci\u00f3n Valent\u00edn Madariaga (Avenida M\u00aa Luisa), Sevilla<\/p>\n\n\n\n<p>El M\u00e1ster de&nbsp;<em>Arte,\nMuseos y Gesti\u00f3n del Patrimonio Hist\u00f3rico (UPO)<\/em>&nbsp;organiza desde hace\nseis a\u00f1os este Seminario para que los profesionales de la Difusi\u00f3n y la Gesti\u00f3n\ndel Patrimonio Cultural Local compartan sus experiencias con los estudiantes y\ncon el p\u00fablico interesado. La entrada es libre hasta completar aforo de la\nsala. Para inscribirse env\u00eden un correo a la direcci\u00f3n fquigar@gmail.com, con\ndatos personales (nombre y domicilio) y laborales (estudios o profesi\u00f3n y lugar\nde trabajo).<\/p>\n\n\n\n<p><strong>Coordinaci\u00f3n acad\u00e9mica<\/strong>: Fernando Quiles Garc\u00eda (Universidad Pablo de Olavide)<\/p>\n\n\n\n<p><strong>Organiza<\/strong>:<\/p>\n\n\n\n<ul><li>M\u00e1ster de Arte, Museos y Gesti\u00f3n del Patrimonio Hist\u00f3rico<\/li><li>\u00c1rea de Historia del Arte. Universidad Pablo de Olavide, Sevilla<\/li><\/ul>\n\n\n\n<p><strong>E-mail<\/strong>: fquigar@gmail.com<\/p>\n\n\n\n<p><strong>Colaboran<\/strong>:<\/p>\n\n\n\n<ul><li>Casa de la Provincia de la Diputaci\u00f3n de Sevilla<\/li><li>Visibilia. Portal de Patrimonio Art\u00edstico Andaluz<\/li><li>Asociaci\u00f3n de Museol\u00f3gos y Muse\u00f3grafos de Andaluc\u00eda<\/li><li>Fundaci\u00f3n Valent\u00edn de Madariaga<\/li><\/ul>\n\n\n\n<p><strong>Gesti\u00f3n y Difusi\u00f3n: <\/strong>Enredars. Matriz de Arte y Patrimonios Iberoamericanos.<\/p>\n\n\n\n<p><a href=\"https:\/\/www.upo.es\/area-historia-arte\/wp-content\/uploads\/2019\/04\/VI_Seminario-Patrimonio-local.pdf\">PROGRAMA<\/a><\/p>\n","protected":false},"excerpt":{"rendered":"<p>VI Seminario de Gesti\u00f3n y Difusi\u00f3n del Patrimonio del Cultural Local: \u00abCultura y Desarrollo Local. De museos, agentes y est\u00edmulos\u00bb[&#8230;]<\/p>\n","protected":false},"author":1,"featured_media":0,"parent":0,"menu_order":0,"comment_status":"closed","ping_status":"closed","template":"template-fullwidth.php","meta":[],"_links":{"self":[{"href":"https:\/\/www.upo.es\/area-historia-arte\/wp-json\/wp\/v2\/pages\/405"}],"collection":[{"href":"https:\/\/www.upo.es\/area-historia-arte\/wp-json\/wp\/v2\/pages"}],"about":[{"href":"https:\/\/www.upo.es\/area-historia-arte\/wp-json\/wp\/v2\/types\/page"}],"author":[{"embeddable":true,"href":"https:\/\/www.upo.es\/area-historia-arte\/wp-json\/wp\/v2\/users\/1"}],"replies":[{"embeddable":true,"href":"https:\/\/www.upo.es\/area-historia-arte\/wp-json\/wp\/v2\/comments?post=405"}],"version-history":[{"count":10,"href":"https:\/\/www.upo.es\/area-historia-arte\/wp-json\/wp\/v2\/pages\/405\/revisions"}],"predecessor-version":[{"id":2199,"href":"https:\/\/www.upo.es\/area-historia-arte\/wp-json\/wp\/v2\/pages\/405\/revisions\/2199"}],"wp:attachment":[{"href":"https:\/\/www.upo.es\/area-historia-arte\/wp-json\/wp\/v2\/media?parent=405"}],"curies":[{"name":"wp","href":"https:\/\/api.w.org\/{rel}","templated":true}]}}