{"id":426,"date":"2019-04-01T13:12:05","date_gmt":"2019-04-01T11:12:05","guid":{"rendered":"https:\/\/www.upo.es\/area-historia-arte\/?page_id=426"},"modified":"2019-07-16T12:37:22","modified_gmt":"2019-07-16T10:37:22","slug":"junio-2016-iv-seminario-de-metodologia-e-investigacion-historia-del-arte-y-patrimonio-cultural-en-espana-y-america","status":"publish","type":"page","link":"https:\/\/www.upo.es\/area-historia-arte\/junio-2016-iv-seminario-de-metodologia-e-investigacion-historia-del-arte-y-patrimonio-cultural-en-espana-y-america\/","title":{"rendered":"IV Seminario de \u00abMetodolog\u00eda e Investigaci\u00f3n. Historia del Arte y Patrimonio Cultural en Espa\u00f1a y Am\u00e9rica\u00bb"},"content":{"rendered":"\n<p style=\"text-align:center\"><\/p>\n\n\n\n<div class=\"wp-block-image\"><figure class=\"aligncenter is-resized\"><img loading=\"lazy\" src=\"https:\/\/www.upo.es\/area-historia-arte\/wp-content\/uploads\/2019\/05\/Cartel_IV_Seminario_doctorado_2016-724x1024.jpg\" alt=\"\" class=\"wp-image-1077\" width=\"393\" height=\"557\" srcset=\"https:\/\/www.upo.es\/area-historia-arte\/wp-content\/uploads\/2019\/05\/Cartel_IV_Seminario_doctorado_2016-724x1024.jpg 724w, https:\/\/www.upo.es\/area-historia-arte\/wp-content\/uploads\/2019\/05\/Cartel_IV_Seminario_doctorado_2016-212x300.jpg 212w, https:\/\/www.upo.es\/area-historia-arte\/wp-content\/uploads\/2019\/05\/Cartel_IV_Seminario_doctorado_2016-768x1087.jpg 768w, https:\/\/www.upo.es\/area-historia-arte\/wp-content\/uploads\/2019\/05\/Cartel_IV_Seminario_doctorado_2016.jpg 1753w\" sizes=\"(max-width: 393px) 100vw, 393px\" \/><\/figure><\/div>\n\n\n\n<p style=\"text-align:center\">IV Seminario de \u00abMetodolog\u00eda e Investigaci\u00f3n Historia del Arte y Patrimonio Cultural en Espa\u00f1a y Am\u00e9rica\u00bb<\/p>\n\n\n\n<p style=\"text-align:center\"><strong>Fecha<\/strong>: 13, 14 y 15 de junio de 2016 <\/p>\n\n\n\n<p style=\"text-align:center\"><strong>Lugar<\/strong>: Universidad Pablo de Olavide, Sevilla<\/p>\n\n\n\n<p>Para el a\u00f1o\nacad\u00e9mico 2016, desde el \u00c1rea de Historia y en relaic\u00f3n a las dos l\u00edneas de\ninvetsigaci\u00f3n abscritas al doctorado Historia y Estudios Human\u00edsticos: Am\u00e9rica,\nEuropa, Arte y Lenguas, se realizan tres seminarios sobre el patrimonio\niberoameircano y las metodolog\u00edas utilizadas en la investigaci\u00f3n, en cuanto a\nlos enfoques y miradas historiogr\u00e1ficas surgidas en los \u00faltimos a\u00f1os. A\ncontinuaci\u00f3n se presenta el programa del IV Seminario de Metodolog\u00eda e\nInvestigaci\u00f3n. Historia del Arte y Patrimonio Cultural en Espa\u00f1a y Am\u00e9rica, con\nla participaci\u00f3n de doctorandos y especialistas en las distintas \u00e1reas. A esta\nactividad se suma el seminario Acervo Mexicano. Legado de culturas, que se\ncelebrar\u00e1 en los meses de junio y septiembre de 2016.<\/p>\n\n\n\n<p><strong>Sesiones<\/strong>:<\/p>\n\n\n\n<ul><li>I. Cultura visual, escenograf\u00eda y m\u00fasica<\/li><li>II. Educando en Patrimonio<\/li><li>III. Pasado y presente en la Historia del Arte Hispanoamericano<\/li><li>IV. Patrimonio hist\u00f3rico art\u00edstico en Espa\u00f1a e Italia<\/li><li>V. Modernidades urbanas en Espa\u00f1a<\/li><li>VI. Modernidades visuales en Espa\u00f1a<\/li><li>VII. Modernidades urbanas en Latinoam\u00e9rica<\/li><li>VIII. Modernidades urbanas en Latinoam\u00e9rica<\/li><\/ul>\n\n\n\n<p><strong>Organizan:<\/strong><\/p>\n\n\n\n<ul><li>Universidad Pablo de Olavide, \u00c1rea de Historia del Arte<\/li><li>Doctorado en Historia y Estudios Human\u00edsticos: Europa, Am\u00e9rica, Arte y Lenguas<\/li><li>Escuela de Estudios- Hispano-Americanos (CSIC), Sevilla<\/li><\/ul>\n\n\n\n<p><strong>Colaboran<\/strong>: <\/p>\n\n\n\n<ul><li>EnredARS<\/li><li>AcerVOS<\/li><li>CEIBA<\/li><li>CEI CamBio<\/li><\/ul>\n\n\n\n<p><strong>Coordinaci\u00f3n acad\u00e9mica:<\/strong><\/p>\n\n\n\n<ul><li>Fernando Quiles Garc\u00eda (Universidad Pablo de Olavide)<\/li><li>Mar\u00eda de los \u00c1ngeles Fern\u00e1ndez Valle (Universidad Pablo de Olavide \/ Universidad de Talca)<\/li><\/ul>\n\n\n\n<p><strong>Informaci\u00f3n e inscripci\u00f3n<\/strong>: maferval@upo.es<\/p>\n\n\n\n<p><a href=\"https:\/\/www.upo.es\/area-historia-arte\/wp-content\/uploads\/2019\/04\/Programa_IV_seminario_doctorado_2016.pdf\">PROGRAMA<\/a><\/p>\n","protected":false},"excerpt":{"rendered":"<p>IV Seminario de \u00abMetodolog\u00eda e Investigaci\u00f3n Historia del Arte y Patrimonio Cultural en Espa\u00f1a y Am\u00e9rica\u00bb Fecha: 13, 14 y[&#8230;]<\/p>\n","protected":false},"author":1,"featured_media":0,"parent":0,"menu_order":0,"comment_status":"closed","ping_status":"closed","template":"template-fullwidth.php","meta":[],"_links":{"self":[{"href":"https:\/\/www.upo.es\/area-historia-arte\/wp-json\/wp\/v2\/pages\/426"}],"collection":[{"href":"https:\/\/www.upo.es\/area-historia-arte\/wp-json\/wp\/v2\/pages"}],"about":[{"href":"https:\/\/www.upo.es\/area-historia-arte\/wp-json\/wp\/v2\/types\/page"}],"author":[{"embeddable":true,"href":"https:\/\/www.upo.es\/area-historia-arte\/wp-json\/wp\/v2\/users\/1"}],"replies":[{"embeddable":true,"href":"https:\/\/www.upo.es\/area-historia-arte\/wp-json\/wp\/v2\/comments?post=426"}],"version-history":[{"count":11,"href":"https:\/\/www.upo.es\/area-historia-arte\/wp-json\/wp\/v2\/pages\/426\/revisions"}],"predecessor-version":[{"id":2001,"href":"https:\/\/www.upo.es\/area-historia-arte\/wp-json\/wp\/v2\/pages\/426\/revisions\/2001"}],"wp:attachment":[{"href":"https:\/\/www.upo.es\/area-historia-arte\/wp-json\/wp\/v2\/media?parent=426"}],"curies":[{"name":"wp","href":"https:\/\/api.w.org\/{rel}","templated":true}]}}