{"id":434,"date":"2019-04-01T13:15:23","date_gmt":"2019-04-01T11:15:23","guid":{"rendered":"https:\/\/www.upo.es\/area-historia-arte\/?page_id=434"},"modified":"2019-07-17T20:08:51","modified_gmt":"2019-07-17T18:08:51","slug":"septiembre-2016-seminario-acervo-mexicano","status":"publish","type":"page","link":"https:\/\/www.upo.es\/area-historia-arte\/septiembre-2016-seminario-acervo-mexicano\/","title":{"rendered":"Seminario \u00abAcervo Mexicano. Legado de culturas\u00bb"},"content":{"rendered":"\n<p style=\"text-align:center\"><\/p>\n\n\n\n<div class=\"wp-block-image\"><figure class=\"aligncenter is-resized\"><img loading=\"lazy\" src=\"https:\/\/www.upo.es\/area-historia-arte\/wp-content\/uploads\/2019\/05\/Acervo-Septiembre-1024x724.jpg\" alt=\"\" class=\"wp-image-1074\" width=\"623\" height=\"440\" srcset=\"https:\/\/www.upo.es\/area-historia-arte\/wp-content\/uploads\/2019\/05\/Acervo-Septiembre-1024x724.jpg 1024w, https:\/\/www.upo.es\/area-historia-arte\/wp-content\/uploads\/2019\/05\/Acervo-Septiembre-300x212.jpg 300w, https:\/\/www.upo.es\/area-historia-arte\/wp-content\/uploads\/2019\/05\/Acervo-Septiembre-768x543.jpg 768w, https:\/\/www.upo.es\/area-historia-arte\/wp-content\/uploads\/2019\/05\/Acervo-Septiembre.jpg 1753w\" sizes=\"(max-width: 623px) 100vw, 623px\" \/><\/figure><\/div>\n\n\n\n<p style=\"text-align:center\">Seminario \u00abAcervo Mexicano. Legado de culturas\u00bb<\/p>\n\n\n\n<p style=\"text-align:center\"><strong>Fecha<\/strong>: 14, 15 y 16 de septiembre de 2016 <\/p>\n\n\n\n<p style=\"text-align:center\"><strong>Lugar<\/strong>: Universidad Pablo de Olavide &#8211; Escuela de Estudios Hispanoamericanos (CSIC) &#8211; Instituto Andaluz del Patrimonio Hist\u00f3rico (IAPH), Sevilla<\/p>\n\n\n\n<p style=\"text-align:center\">Con M\u00e9xico\ninauguramos los encuentros doctorales Acervos, que, en esencia, persiguen\nreconocer y valorar el legado cultural de los pa\u00edses iberoamericanos.<\/p>\n\n\n\n<p><strong>Organiza<\/strong>: <\/p>\n\n\n\n<ul><li>\u00c1rea de Historia del Arte<\/li><li>Doctorado en Historia y Estudios Human\u00edsticos: Europa, Am\u00e9rica, Arte y Lenguas<\/li><li>Universidad Pablo de Olavide, Sevilla<\/li><\/ul>\n\n\n\n<p><strong>Colaboran:<\/strong><\/p>\n\n\n\n<ul><li>EnredARS<\/li><li>AcerVOS<\/li><li>Escuela de Estudios Hispanoamericanos (CSIC)<\/li><li>Instituto Andaluz de Patrimonio Hist\u00f3rico &#8211; IAPH<\/li><li>Consulado Honorario de M\u00e9xico en Sevilla<\/li><\/ul>\n\n\n\n<p><strong>Coordinaci\u00f3n acad\u00e9mica:<\/strong> <\/p>\n\n\n\n<ul><li>Fernando Quiles Garc\u00eda (Universidad Pablo de Olavide)<\/li><li>Mar\u00eda de los \u00c1ngeles Fern\u00e1ndez Valle (Universidad Pablo de Olavide)<\/li><li>Eunice Miranda Tapia (Universidad Pablo de Olavide)<\/li><li>Zara Ruiz Romero (Universidad Pablo de Olavide)<\/li><\/ul>\n\n\n\n<p><strong>Informaci\u00f3n e inscripci\u00f3n:<\/strong>acervos.iberoamerica@gmail.com<\/p>\n\n\n\n<p><a href=\"https:\/\/www.upo.es\/area-historia-arte\/wp-content\/uploads\/2019\/04\/Acervo-Septiembre_UPO_2016.pdf\">PROGRAMA<\/a><\/p>\n","protected":false},"excerpt":{"rendered":"<p>Seminario \u00abAcervo Mexicano. Legado de culturas\u00bb Fecha: 14, 15 y 16 de septiembre de 2016 Lugar: Universidad Pablo de Olavide[&#8230;]<\/p>\n","protected":false},"author":1,"featured_media":0,"parent":0,"menu_order":0,"comment_status":"closed","ping_status":"closed","template":"template-fullwidth.php","meta":[],"_links":{"self":[{"href":"https:\/\/www.upo.es\/area-historia-arte\/wp-json\/wp\/v2\/pages\/434"}],"collection":[{"href":"https:\/\/www.upo.es\/area-historia-arte\/wp-json\/wp\/v2\/pages"}],"about":[{"href":"https:\/\/www.upo.es\/area-historia-arte\/wp-json\/wp\/v2\/types\/page"}],"author":[{"embeddable":true,"href":"https:\/\/www.upo.es\/area-historia-arte\/wp-json\/wp\/v2\/users\/1"}],"replies":[{"embeddable":true,"href":"https:\/\/www.upo.es\/area-historia-arte\/wp-json\/wp\/v2\/comments?post=434"}],"version-history":[{"count":9,"href":"https:\/\/www.upo.es\/area-historia-arte\/wp-json\/wp\/v2\/pages\/434\/revisions"}],"predecessor-version":[{"id":2115,"href":"https:\/\/www.upo.es\/area-historia-arte\/wp-json\/wp\/v2\/pages\/434\/revisions\/2115"}],"wp:attachment":[{"href":"https:\/\/www.upo.es\/area-historia-arte\/wp-json\/wp\/v2\/media?parent=434"}],"curies":[{"name":"wp","href":"https:\/\/api.w.org\/{rel}","templated":true}]}}