{"id":442,"date":"2019-04-01T13:19:03","date_gmt":"2019-04-01T11:19:03","guid":{"rendered":"https:\/\/www.upo.es\/area-historia-arte\/?page_id=442"},"modified":"2019-07-17T19:21:38","modified_gmt":"2019-07-17T17:21:38","slug":"noviembre-2016-i-congreso-internacional-agua-cultura-y-territorio-en-centroamerica","status":"publish","type":"page","link":"https:\/\/www.upo.es\/area-historia-arte\/noviembre-2016-i-congreso-internacional-agua-cultura-y-territorio-en-centroamerica\/","title":{"rendered":"I Congreso Internacional \u00abAgua, cultura y territorio en Centroam\u00e9rica\u00bb"},"content":{"rendered":"\n<p style=\"text-align:center\"><\/p>\n\n\n\n<div class=\"wp-block-image\"><figure class=\"aligncenter is-resized\"><img loading=\"lazy\" src=\"https:\/\/www.upo.es\/area-historia-arte\/wp-content\/uploads\/2019\/06\/invitacion-congreso-883x1024.jpg\" alt=\"\" class=\"wp-image-1529\" width=\"543\" height=\"629\" srcset=\"https:\/\/www.upo.es\/area-historia-arte\/wp-content\/uploads\/2019\/06\/invitacion-congreso-883x1024.jpg 883w, https:\/\/www.upo.es\/area-historia-arte\/wp-content\/uploads\/2019\/06\/invitacion-congreso-259x300.jpg 259w, https:\/\/www.upo.es\/area-historia-arte\/wp-content\/uploads\/2019\/06\/invitacion-congreso-768x891.jpg 768w\" sizes=\"(max-width: 543px) 100vw, 543px\" \/><\/figure><\/div>\n\n\n\n<p style=\"text-align:center\">I Congreso Internacional \u00abAgua, cultura y territorio en Centroam\u00e9rica\u00bb<\/p>\n\n\n\n<p style=\"text-align:center\"><strong>Fecha<\/strong>: 14-18 de noviembre de 2016<\/p>\n\n\n\n<p style=\"text-align:center\"><strong>Lugar<\/strong>: Universidad Nacional, Costa Rica<\/p>\n\n\n\n<p>En noviembre de\n2015 se celebr\u00f3 en Sevilla, el Simposio Internacional \u00abCentroam\u00e9rica,\nPatrimonio Vivo\u00bb, organizado por el Observatorio del Patrimonio Cultural\nde los Pa\u00edses Centroamericanos Itsmo, con el apoyo del Campus de Excelencia\nInternacional de Medio Ambiente, Biodiversidad y Cambio Global Cei CamBio de la\nUniversidad Pablo de Olavide de Sevilla.<\/p>\n\n\n\n<p>El Congreso Agua, Cultura y Territorio en Centroamerica celebrado en 2016 refleja el sentir de muchos profesionales del\u00e1mbito del patrimonio cultural que conocen este territorio. Y es que Centroam\u00e9rica est\u00e1 cargada de vida, la misma que dinamiza y da forma a su patrimonio cultural y natural. Por ello, los participantes del simposio, impulsados por la idea de contribuir a poner en valor este acervo, comparti\u00e9ndolo con los que lo desconocen, se propuso la tarea previa de construir un espacio para su difusi\u00f3n, buscando la complicidad y respaldo de instituciones y personas a trav\u00e9s de la constituci\u00f3n de la Red de Patrimonio Centroamericano con el apoyo del CEI CAMBIO de la Universidad Pablo de Olavide de Sevilla, Espa\u00f1a, as\u00ed como de otros actores e instituciones.<\/p>\n\n\n\n<p>La UNA es la\ninstituci\u00f3n sede dle congreso en el marco del convenio entre la Universidad\nNacional y la Universidad Pablo de Olavide, Espa\u00f1a. De igual forma, el evento\nes parte de la calebraci\u00f3n del a\u00f1o 2016 como el a\u00f1o de la Universidad Nacional,\nlas Universidades P\u00fablicas de Costa Rica y las Universidades P\u00fablicas\nCentroamericanas por la Madre Tierra.<\/p>\n\n\n\n<p>Los (as) organizadores esperan una amplia y variada participaci\u00f3n de profesionales y especialistas en los temas del congreso con el fin de enriquecer las discusiones y los aportes, haciendo de este encuentro un verdadero espacio para el intercambio y fortalecimiento del Patrimonio Cultural y Natural relativos a Centroam\u00e9rica.<\/p>\n\n\n\n<p><\/p>\n","protected":false},"excerpt":{"rendered":"<p>I Congreso Internacional \u00abAgua, cultura y territorio en Centroam\u00e9rica\u00bb Fecha: 14-18 de noviembre de 2016 Lugar: Universidad Nacional, Costa Rica[&#8230;]<\/p>\n","protected":false},"author":1,"featured_media":0,"parent":0,"menu_order":0,"comment_status":"closed","ping_status":"closed","template":"template-fullwidth.php","meta":[],"_links":{"self":[{"href":"https:\/\/www.upo.es\/area-historia-arte\/wp-json\/wp\/v2\/pages\/442"}],"collection":[{"href":"https:\/\/www.upo.es\/area-historia-arte\/wp-json\/wp\/v2\/pages"}],"about":[{"href":"https:\/\/www.upo.es\/area-historia-arte\/wp-json\/wp\/v2\/types\/page"}],"author":[{"embeddable":true,"href":"https:\/\/www.upo.es\/area-historia-arte\/wp-json\/wp\/v2\/users\/1"}],"replies":[{"embeddable":true,"href":"https:\/\/www.upo.es\/area-historia-arte\/wp-json\/wp\/v2\/comments?post=442"}],"version-history":[{"count":6,"href":"https:\/\/www.upo.es\/area-historia-arte\/wp-json\/wp\/v2\/pages\/442\/revisions"}],"predecessor-version":[{"id":2083,"href":"https:\/\/www.upo.es\/area-historia-arte\/wp-json\/wp\/v2\/pages\/442\/revisions\/2083"}],"wp:attachment":[{"href":"https:\/\/www.upo.es\/area-historia-arte\/wp-json\/wp\/v2\/media?parent=442"}],"curies":[{"name":"wp","href":"https:\/\/api.w.org\/{rel}","templated":true}]}}