{"id":470,"date":"2019-04-01T14:05:55","date_gmt":"2019-04-01T12:05:55","guid":{"rendered":"https:\/\/www.upo.es\/area-historia-arte\/?page_id=470"},"modified":"2019-07-19T09:49:58","modified_gmt":"2019-07-19T07:49:58","slug":"marzo-2017-iii-simposio-internacional-jovenes-investigadores-del-barroco-iberoamericano-no-hay-mas-que-un-mundo-globalizacion-artistica-y-cultural","status":"publish","type":"page","link":"https:\/\/www.upo.es\/area-historia-arte\/marzo-2017-iii-simposio-internacional-jovenes-investigadores-del-barroco-iberoamericano-no-hay-mas-que-un-mundo-globalizacion-artistica-y-cultural\/","title":{"rendered":"III Simposio Internacional J\u00f3venes Investigadores del Barroco Iberoamericano. \u00abNo hay m\u00e1s que un mundo: globalizaci\u00f3n art\u00edstica y cultural\u00bb"},"content":{"rendered":"\n<p style=\"text-align:center\"><\/p>\n\n\n\n<div class=\"wp-block-image\"><figure class=\"aligncenter is-resized\"><img loading=\"lazy\" src=\"https:\/\/www.upo.es\/area-historia-arte\/wp-content\/uploads\/2019\/06\/programa_iii-simposio-internacional-jc3b3venes-investigadores-del-barroco-iberoamericano-2017-1_page-0001-1024x724.jpg\" alt=\"\" class=\"wp-image-1495\" width=\"598\" height=\"422\" srcset=\"https:\/\/www.upo.es\/area-historia-arte\/wp-content\/uploads\/2019\/06\/programa_iii-simposio-internacional-jc3b3venes-investigadores-del-barroco-iberoamericano-2017-1_page-0001-1024x724.jpg 1024w, https:\/\/www.upo.es\/area-historia-arte\/wp-content\/uploads\/2019\/06\/programa_iii-simposio-internacional-jc3b3venes-investigadores-del-barroco-iberoamericano-2017-1_page-0001-300x212.jpg 300w, https:\/\/www.upo.es\/area-historia-arte\/wp-content\/uploads\/2019\/06\/programa_iii-simposio-internacional-jc3b3venes-investigadores-del-barroco-iberoamericano-2017-1_page-0001-768x543.jpg 768w\" sizes=\"(max-width: 598px) 100vw, 598px\" \/><\/figure><\/div>\n\n\n\n<p style=\"text-align:center\">III Simposio Internacional J\u00f3venes Investigadores del Barroco Iberoamericano \u00abNo hay m\u00e1s que un mundo: globalizaci\u00f3n art\u00edstica y cultural\u00bb<\/p>\n\n\n\n<p style=\"text-align:center\"><strong>Fecha<\/strong>: 13, 14 y 15 de marzo de 2017 <\/p>\n\n\n\n<p style=\"text-align:center\"><strong>Lugar<\/strong>: Universidad Pablo de Olavide, Sevilla<\/p>\n\n\n\n<p><strong>Organiza<\/strong>: Centro de Estudios del Barroco Iberoamericano (CEIBA)<\/p>\n\n\n\n<p>El Centro de Estudios de Barroco Iberomaericano (CEIBA) convoca a j\u00f3venes investigadores &#8211; personas que est\u00e9n realizando la tesis doctoral o vinculados al \u00e1mbito universitario o centros de investigaci\u00f3n sin una posici\u00f3n consolidada- a participar en el III Simposio Internacional de J\u00f3venes del Barroco Iberoamericano, con el tema&nbsp;<strong>\u00abNo hay m\u00e1s que un mundo: globalizaci\u00f3n art\u00edstica y cultural\u00bb<\/strong>, tomando como referencia las propias palabras del Inca Garcilaso de la Vega \u00abNo hay m\u00e1s que un mundo, y aunque llamamos Mundo Viejo y Mundo Nuevo, es por haberse descubierto aqu\u00e9l nuevamente para nosotros, y no porque sean dos, sino todo uno\u00bb.<\/p>\n\n\n\n<p>El encuentro tiene\ncomo objetivo abrir el di\u00e1logo entre las diversas disciplinas sobre los\nestudios del barroco. Para ello, animamos a participar a investigadores de\nHistoria del Arte, Patrimonio Cultural, Literatura, Historia, M\u00fasica,\nFilosof\u00eda, Teolog\u00eda&#8230; con la finalidad de establecer las conexiones existentes\nentre los movimiento culturales y art\u00edsticos del Barroco Iberoamericano, tanto\nen la Edad Moderna como en la continuidad temporal que pervive en nuestros\nd\u00edas. Asimismo, en el simposio se celebrar\u00e1 una sesi\u00f3n dedicada al pintor\nsevillano Bartolom\u00e9 Esteban Murillo en homenaje a su obra y a la importancia\nque tuvo en el comercio transatl\u00e1ntico al cumplirse cuatrocientos a\u00f1os de su\nnacimiento.<\/p>\n\n\n\n<p>La reuni\u00f3n de\nj\u00f3venes investigadores y ponentes de sistintas disciplinas y pa\u00edses enriquecer\u00e1\nel encuentro y poner al d\u00eda los estudios sobre lso intercambios art\u00edsticos y\nculturales a ambos lados del Atl\u00e1ntico.<\/p>\n\n\n\n<p><strong>Inscripci\u00f3n\n&#8211;&nbsp;Fecha l\u00edmite, 30 de septiembre de 2016<\/strong><\/p>\n\n\n\n<p><strong>Direcci\u00f3n acad\u00e9mica<\/strong>:<\/p>\n\n\n\n<ul><li>Mar\u00eda de los \u00c1ngeles Fern\u00e1ndez Valle (Universidad Pablo de Olavide y Universidad de Talca)<\/li><li>Carme L\u00f3pez Calder\u00f3n (Universidad de Santiago de Compostela)<\/li><li>Inmaculada Rodr\u00edguez Moya (Universitat Jaume I)<\/li><\/ul>\n\n\n\n<p><strong>Fotograf\u00eda<\/strong>: An\u00f3nimo, s. XVII. Vista de Sevilla. Fundaci\u00f3n Focus &#8211; Abengoa, Sevilla<\/p>\n\n\n\n<p>Agradecemos el permiso para el uso de la imagen en el encuentro&nbsp;<\/p>\n\n\n\n<p><a href=\"https:\/\/jovenesceiba.com\/\">M\u00e1s informaci\u00f3n<\/a><\/p>\n","protected":false},"excerpt":{"rendered":"<p>III Simposio Internacional J\u00f3venes Investigadores del Barroco Iberoamericano \u00abNo hay m\u00e1s que un mundo: globalizaci\u00f3n art\u00edstica y cultural\u00bb Fecha: 13,[&#8230;]<\/p>\n","protected":false},"author":1,"featured_media":0,"parent":0,"menu_order":0,"comment_status":"closed","ping_status":"closed","template":"template-fullwidth.php","meta":[],"_links":{"self":[{"href":"https:\/\/www.upo.es\/area-historia-arte\/wp-json\/wp\/v2\/pages\/470"}],"collection":[{"href":"https:\/\/www.upo.es\/area-historia-arte\/wp-json\/wp\/v2\/pages"}],"about":[{"href":"https:\/\/www.upo.es\/area-historia-arte\/wp-json\/wp\/v2\/types\/page"}],"author":[{"embeddable":true,"href":"https:\/\/www.upo.es\/area-historia-arte\/wp-json\/wp\/v2\/users\/1"}],"replies":[{"embeddable":true,"href":"https:\/\/www.upo.es\/area-historia-arte\/wp-json\/wp\/v2\/comments?post=470"}],"version-history":[{"count":9,"href":"https:\/\/www.upo.es\/area-historia-arte\/wp-json\/wp\/v2\/pages\/470\/revisions"}],"predecessor-version":[{"id":2216,"href":"https:\/\/www.upo.es\/area-historia-arte\/wp-json\/wp\/v2\/pages\/470\/revisions\/2216"}],"wp:attachment":[{"href":"https:\/\/www.upo.es\/area-historia-arte\/wp-json\/wp\/v2\/media?parent=470"}],"curies":[{"name":"wp","href":"https:\/\/api.w.org\/{rel}","templated":true}]}}