{"id":474,"date":"2019-04-01T14:07:44","date_gmt":"2019-04-01T12:07:44","guid":{"rendered":"https:\/\/www.upo.es\/area-historia-arte\/?page_id=474"},"modified":"2019-07-19T09:49:32","modified_gmt":"2019-07-19T07:49:32","slug":"junio-2017-congreso-internacional-sevilla-lusa","status":"publish","type":"page","link":"https:\/\/www.upo.es\/area-historia-arte\/junio-2017-congreso-internacional-sevilla-lusa\/","title":{"rendered":"Congreso Internacional \u00abSevilla Lusa. La naci\u00f3n portuguesa en el Reino de Sevilla en tiempos del Barroco\u00bb"},"content":{"rendered":"\n<p style=\"text-align:center\"><\/p>\n\n\n\n<div class=\"wp-block-image\"><figure class=\"aligncenter is-resized\"><img loading=\"lazy\" src=\"https:\/\/www.upo.es\/area-historia-arte\/wp-content\/uploads\/2019\/05\/Sevilla_Lusa-1024x792.png\" alt=\"\" class=\"wp-image-1057\" width=\"580\" height=\"448\" srcset=\"https:\/\/www.upo.es\/area-historia-arte\/wp-content\/uploads\/2019\/05\/Sevilla_Lusa-1024x792.png 1024w, https:\/\/www.upo.es\/area-historia-arte\/wp-content\/uploads\/2019\/05\/Sevilla_Lusa-300x232.png 300w, https:\/\/www.upo.es\/area-historia-arte\/wp-content\/uploads\/2019\/05\/Sevilla_Lusa-768x594.png 768w, https:\/\/www.upo.es\/area-historia-arte\/wp-content\/uploads\/2019\/05\/Sevilla_Lusa.png 1405w\" sizes=\"(max-width: 580px) 100vw, 580px\" \/><\/figure><\/div>\n\n\n\n<p style=\"text-align:center\">Congreso \u00abSevilla Lusa: La naci\u00f3n portuguesa en el Reino de Sevilla en tiempos del Barroco\u00bb<\/p>\n\n\n\n<p style=\"text-align:center\"><strong>Fecha<\/strong>: 5-7 de junio de 2017 <\/p>\n\n\n\n<p style=\"text-align:center\"><strong>Lugar<\/strong>: Consulado Geral de Portugal y Universidad de Sevilla<\/p>\n\n\n\n<p>Un equipo de investigaci\u00f3n nacido de un acuerdo de colaboraci\u00f3n entre las Universidades de Sevilla y Pablo de Olavide, est\u00e1 trabajando, con el respaldo del Consulado de Portugal, en la recuperaci\u00f3n de la memoria hist\u00f3rica de las relaciones culturales entre Espa\u00f1a y Portugal. De partida hemos preparado un encuentro con colegas de Espa\u00f1a, Portugal, adem\u00e1s de Alemania, Francia, Irlanda y Estados Unidos, para compartir los conocimientos e investigaciones sobre lo que Portugal y los portugueses han representado en la vida de nuestra ciudad, Sevilla. Avanzaremos as\u00ed en la construcci\u00f3n del relato de la historia portuguesa de nuestra ciudad.<\/p>\n\n\n\n<p>Con ello, adem\u00e1s, avanzamos en el estudio cooperativo hispano-luso que se va a impulsar con un proyecto transregional que hemos dado en llamar La Raya Barroca, y que preparamos con la colaboraci\u00f3n de otros organismos p\u00fablicos de Andaluc\u00eda, Algarve y Alentejo, entre Universidades e Instituciones Culturales, adem\u00e1s de empresas, que se reparten por dichos territorios.<\/p>\n\n\n\n<p><strong>Organizaci\u00f3n:<\/strong><\/p>\n\n\n\n<p>Exposiciones de veinticinco minutos para ofrecer una s\u00edntesis de cada uno de los temas. Un debate tras de cada sesi\u00f3n permitir\u00e1 discutir con los argumentos aportados en las conferencias. Nos interesa sobre todo localizar el punto de encuentro de ambos pa\u00edses, tanto en historia, como en arte y cultura. Pretendemos resaltar cu\u00e1ntos elementos identitarios contribuyen a la integraci\u00f3n cultural ib\u00e9rica.<\/p>\n\n\n\n<p><br><strong>Comit\u00e9 Ejecutivo:<\/strong><\/p>\n\n\n\n<ul><li><strong>Organizan<\/strong> Fernando Quiles Garc\u00eda, del \u00c1rea de Historia del Arte de la Universidad Pablo de Olavide y Manuel F. Fern\u00e1ndez Chaves, del Departamento de Historia Moderna de la Universidad de Sevilla<\/li><\/ul>\n\n\n\n<ul><li><strong>Coordina<\/strong> el equipo formado por Mar\u00eda de los \u00c1ngeles Fern\u00e1ndez Valle (UPO), Ignacio Gonz\u00e1lez Espinosa (US), Sara Jarana Vidal (US), \u00c1lvaro J. N\u00fa\u00f1ez Guti\u00e9rrez (US), Zara Ruiz Romero (UPO) y Sara Velasco Morales (UPO).<\/li><\/ul>\n\n\n\n<p><strong> Comit\u00e9 Cient\u00edfico:<\/strong><\/p>\n\n\n\n<ul><li> Ana Aranda Bernal (Universidad Pablo de Olavide)<\/li><li> Ant\u00f3nia Fialho Conde (Universidade de \u00c9vora)<\/li><li> Pedro Flor (UAb &amp; IHA\/FCSH\/Universidade Nova de Lisboa)<\/li><li> Jaime Garc\u00eda Bernal (Universidad de Sevilla)<\/li><li> S\u00edlvia Ferreira (IHA\/FCSH\/Universidade Nova de Lisboa)<\/li><li> Jos\u00e9 Alberto Gomes Machado (Universidade de \u00c9vora)<\/li><li> Juan Jos\u00e9 Iglesias Rodr\u00edguez (Universidad de Sevilla)<\/li><li> V\u00edctor M\u00ednguez Cornelles (Universitat Jaume I de Castell\u00f3)<\/li><li> Juan M. Monterroso Montero (Universidade de Santiago de Compostela)<\/li><li> Francisco Ollero Lobato (Universidad Pablo de Olavide)<\/li><li> Rafael M. P\u00e9rez Garc\u00eda (Universidad de Sevilla)<\/li><li> Enrique Soria Mesa (Universidad de C\u00f3rdoba)<\/li><li> Susana Varela Flor (IHA-FCSH\/Universidade Nova de Lisboa)<\/li><\/ul>\n\n\n\n<p><strong> Auspicio Institucional:<\/strong><\/p>\n\n\n\n<ul><li> Jorge Monteiro, C\u00f4nsul Geral de Portugal em Sevilha<\/li><li> Ana Paula Amendoeira, Diretora Regional de Cultura do Alentejo<\/li><li> Alexandra Gon\u00e7alves. Directora Regional de Cultura do Algarve<\/li><\/ul>\n\n\n\n<p><strong>Organizan:<\/strong><\/p>\n\n\n\n<ul><li>\u00c1rea de Historia del Arte. Dpto. de Geograf\u00eda, Historia y Filosof\u00eda. Universidad Pablo de Olavide<\/li><li>Dpto. de Historia Moderna. Universidad de Sevilla<\/li><\/ul>\n\n\n\n<p><strong>Auspicia:<\/strong><\/p>\n\n\n\n<ul><li> Consulado Geral de Portugal em Sevilha<\/li><\/ul>\n\n\n\n<p><strong>Colaboran:<\/strong><\/p>\n\n\n\n<ul><li> Excmo. Ayuntamiento de Sevilla<\/li><li>Consejer\u00eda de Cultura. Junta de Andaluc\u00eda<\/li><li> Proyecto I+D \u00abMercados y tratas de esclavos en el Atl\u00e1ntico Ib\u00e9rico del siglo XVI\u00bb (HAR2016-78056-P), financiado por el Ministerio de Econom\u00eda y Competitividad del Gobierno de Espa\u00f1a CIDEHUS &#8211; UID\/HIS\/00057\/2013 (POCI-01-0145-FEDER-007702).<\/li><li> Universidade de \u00c9vora Instituto de Hist\u00f3ria da Arte.<\/li><li> Universidade Nova de Lisboa<\/li><li> Dire\u00e7\u00e3o Regional de Cultura do Alentejo Dire\u00e7\u00e3o Regional de Cultura do Algarve<\/li><li> Proyecto RIEC. Universit\u00e9 Montpellier III<\/li><\/ul>\n\n\n\n<p>Esta actividad forma parte del programa <em><strong>La Raya Barroca \/ A Raia Barroca<\/strong><\/em><\/p>\n\n\n\n<p><a href=\"https:\/\/www.upo.es\/area-historia-arte\/wp-content\/uploads\/2019\/04\/Sevilla_Lusa_Programa_2017.pdf\">PROGRAMA<\/a><\/p>\n","protected":false},"excerpt":{"rendered":"<p>Congreso \u00abSevilla Lusa: La naci\u00f3n portuguesa en el Reino de Sevilla en tiempos del Barroco\u00bb Fecha: 5-7 de junio de[&#8230;]<\/p>\n","protected":false},"author":1,"featured_media":0,"parent":0,"menu_order":0,"comment_status":"closed","ping_status":"closed","template":"template-fullwidth.php","meta":[],"_links":{"self":[{"href":"https:\/\/www.upo.es\/area-historia-arte\/wp-json\/wp\/v2\/pages\/474"}],"collection":[{"href":"https:\/\/www.upo.es\/area-historia-arte\/wp-json\/wp\/v2\/pages"}],"about":[{"href":"https:\/\/www.upo.es\/area-historia-arte\/wp-json\/wp\/v2\/types\/page"}],"author":[{"embeddable":true,"href":"https:\/\/www.upo.es\/area-historia-arte\/wp-json\/wp\/v2\/users\/1"}],"replies":[{"embeddable":true,"href":"https:\/\/www.upo.es\/area-historia-arte\/wp-json\/wp\/v2\/comments?post=474"}],"version-history":[{"count":12,"href":"https:\/\/www.upo.es\/area-historia-arte\/wp-json\/wp\/v2\/pages\/474\/revisions"}],"predecessor-version":[{"id":2215,"href":"https:\/\/www.upo.es\/area-historia-arte\/wp-json\/wp\/v2\/pages\/474\/revisions\/2215"}],"wp:attachment":[{"href":"https:\/\/www.upo.es\/area-historia-arte\/wp-json\/wp\/v2\/media?parent=474"}],"curies":[{"name":"wp","href":"https:\/\/api.w.org\/{rel}","templated":true}]}}