{"id":483,"date":"2019-04-01T14:12:17","date_gmt":"2019-04-01T12:12:17","guid":{"rendered":"https:\/\/www.upo.es\/area-historia-arte\/?page_id=483"},"modified":"2019-07-19T09:15:37","modified_gmt":"2019-07-19T07:15:37","slug":"junio-2017-seminario-internacional-de-migracion-y-patrimonio-cultural","status":"publish","type":"page","link":"https:\/\/www.upo.es\/area-historia-arte\/junio-2017-seminario-internacional-de-migracion-y-patrimonio-cultural\/","title":{"rendered":"Seminario Internacional de \u00abMigraci\u00f3n y Patrimonio Cultural\u00bb"},"content":{"rendered":"\n<p><\/p>\n\n\n\n<div class=\"wp-block-image\"><figure class=\"aligncenter is-resized\"><img loading=\"lazy\" src=\"https:\/\/www.upo.es\/area-historia-arte\/wp-content\/uploads\/2019\/05\/Migracion_Cultura_Patrimonio-1024x799.png\" alt=\"\" class=\"wp-image-1053\" width=\"541\" height=\"422\" srcset=\"https:\/\/www.upo.es\/area-historia-arte\/wp-content\/uploads\/2019\/05\/Migracion_Cultura_Patrimonio-1024x799.png 1024w, https:\/\/www.upo.es\/area-historia-arte\/wp-content\/uploads\/2019\/05\/Migracion_Cultura_Patrimonio-300x234.png 300w, https:\/\/www.upo.es\/area-historia-arte\/wp-content\/uploads\/2019\/05\/Migracion_Cultura_Patrimonio-768x599.png 768w, https:\/\/www.upo.es\/area-historia-arte\/wp-content\/uploads\/2019\/05\/Migracion_Cultura_Patrimonio.png 1391w\" sizes=\"(max-width: 541px) 100vw, 541px\" \/><\/figure><\/div>\n\n\n\n<p style=\"text-align:center\">Seminario Internacional \u00abMigraci\u00f3n y Patrimonio Cultural\u00bb<\/p>\n\n\n\n<p style=\"text-align:center\"><em>Con la casa a cuestas, adonde los pies me lleven<\/em><\/p>\n\n\n\n<p style=\"text-align:center\"><strong>Fecha y lugar<\/strong>: 28-30 de junio de 2017 &#8211; Sevilla<\/p>\n\n\n\n<p style=\"text-align:center\"><strong>Fecha y lugar<\/strong>: 8-10 de noviembre de 2017 &#8211; Puebla<\/p>\n\n\n\n<p>El Proyecto \u00abCaracol\u00bb y el Seminario Internacional \u00abCon la casa a cuestas, adonde los pies me lleven\u00bb han sido promovidos por el \u00c1rea de Historia del Arte, de la Facultad de Humanidades, en la Universidad Pablo de Olavide, Sevilla (Espa\u00f1a) y el Colegio de Historia, de la facultad de Filosof\u00eda y Letras, en la Benem\u00e9tita Universidad Aut\u00f3noma de Puebla (M\u00e9xico). Cuenta con el apoyo de la Universidad Nacional Aut\u00f3noma de M\u00e9xico, sede en Los \u00c1ngeles (EEUU).<\/p>\n\n\n\n<p><strong>Comisi\u00f3n organizadora:<\/strong><\/p>\n\n\n\n<ul><li>Erika Isasmendi (Benem\u00e9tita Universidad Aut\u00f3noma de Puebla) y Fernando Quiles Garc\u00eda (Universidad Pablo de Olavide), coordinadores<\/li><li>Zara Ruiz Romero (Universidad Pablo de Olavide), apoyo de coordinaci\u00f3n<\/li><li>Erika Gonz\u00e1lez Le\u00f3n (Universidad Nacional Aut\u00f3noma de M\u00e9xico), curadora de la exposici\u00f3n <\/li><li>Maribel Alarc\u00f3n, coordinadora Grupo Caracol Sevilla <\/li><\/ul>\n\n\n\n<p><a href=\"https:\/\/www.upo.es\/area-historia-arte\/wp-content\/uploads\/2019\/04\/Seminario_Migracion_y_Patrimonio_Cultural_2017.pdf\">PROGRAMA<\/a><\/p>\n","protected":false},"excerpt":{"rendered":"<p>Seminario Internacional \u00abMigraci\u00f3n y Patrimonio Cultural\u00bb Con la casa a cuestas, adonde los pies me lleven Fecha y lugar: 28-30[&#8230;]<\/p>\n","protected":false},"author":1,"featured_media":0,"parent":0,"menu_order":0,"comment_status":"closed","ping_status":"closed","template":"template-fullwidth.php","meta":[],"_links":{"self":[{"href":"https:\/\/www.upo.es\/area-historia-arte\/wp-json\/wp\/v2\/pages\/483"}],"collection":[{"href":"https:\/\/www.upo.es\/area-historia-arte\/wp-json\/wp\/v2\/pages"}],"about":[{"href":"https:\/\/www.upo.es\/area-historia-arte\/wp-json\/wp\/v2\/types\/page"}],"author":[{"embeddable":true,"href":"https:\/\/www.upo.es\/area-historia-arte\/wp-json\/wp\/v2\/users\/1"}],"replies":[{"embeddable":true,"href":"https:\/\/www.upo.es\/area-historia-arte\/wp-json\/wp\/v2\/comments?post=483"}],"version-history":[{"count":12,"href":"https:\/\/www.upo.es\/area-historia-arte\/wp-json\/wp\/v2\/pages\/483\/revisions"}],"predecessor-version":[{"id":2192,"href":"https:\/\/www.upo.es\/area-historia-arte\/wp-json\/wp\/v2\/pages\/483\/revisions\/2192"}],"wp:attachment":[{"href":"https:\/\/www.upo.es\/area-historia-arte\/wp-json\/wp\/v2\/media?parent=483"}],"curies":[{"name":"wp","href":"https:\/\/api.w.org\/{rel}","templated":true}]}}