{"id":513,"date":"2019-04-01T14:26:01","date_gmt":"2019-04-01T12:26:01","guid":{"rendered":"https:\/\/www.upo.es\/area-historia-arte\/?page_id=513"},"modified":"2019-07-19T09:13:49","modified_gmt":"2019-07-19T07:13:49","slug":"diciembre-2017-v-seminario-internacional-metodologia-e-investigacion","status":"publish","type":"page","link":"https:\/\/www.upo.es\/area-historia-arte\/diciembre-2017-v-seminario-internacional-metodologia-e-investigacion\/","title":{"rendered":"V Seminario Internacional Metodolog\u00eda e Investigaci\u00f3n"},"content":{"rendered":"\n<p style=\"text-align:center\"><\/p>\n\n\n\n<div class=\"wp-block-image\"><figure class=\"aligncenter is-resized\"><img loading=\"lazy\" src=\"https:\/\/www.upo.es\/area-historia-arte\/wp-content\/uploads\/2019\/05\/Portada_V_Seminario_Doctorado_2017-1024x630.png\" alt=\"\" class=\"wp-image-1038\" width=\"528\" height=\"325\" srcset=\"https:\/\/www.upo.es\/area-historia-arte\/wp-content\/uploads\/2019\/05\/Portada_V_Seminario_Doctorado_2017-1024x630.png 1024w, https:\/\/www.upo.es\/area-historia-arte\/wp-content\/uploads\/2019\/05\/Portada_V_Seminario_Doctorado_2017-300x185.png 300w, https:\/\/www.upo.es\/area-historia-arte\/wp-content\/uploads\/2019\/05\/Portada_V_Seminario_Doctorado_2017-768x472.png 768w, https:\/\/www.upo.es\/area-historia-arte\/wp-content\/uploads\/2019\/05\/Portada_V_Seminario_Doctorado_2017.png 1390w\" sizes=\"(max-width: 528px) 100vw, 528px\" \/><\/figure><\/div>\n\n\n\n<p style=\"text-align:center\">V Seminario Internacional Metodolog\u00eda e Investigaci\u00f3n Historia del Arte y Patrimonio Cultural en Espa\u00f1a y Am\u00e9rica<\/p>\n\n\n\n<p style=\"text-align:center\"><strong>Fecha<\/strong>: 18, 19 y 20 de diciembre de 2017 <\/p>\n\n\n\n<p style=\"text-align:center\"><strong>Lugar<\/strong>: Universidad Pablo de Olavide, Sevilla<\/p>\n\n\n\n<p>El \u00c1rea de Historia\ndel Arte y la Facultad de Humanidades de la Universidad Pablo de Olavide\norganizan el V Seminario Internacional de Metodolog\u00eda e Investigaci\u00f3n. Historia\ndel Arte y Patrimonio Cultural en Espa\u00f1a y Am\u00e9rica en el que participan los\nalumnos de Doctorado en Historia y Estudios Human\u00edsticos: Am\u00e9rica, Europa, Arte\ny Lenguas abscritas a las dos l\u00edneas de investigaci\u00f3n que tiene el \u00e1rea.<\/p>\n\n\n\n<p>El objetivo de este\nseminario es potenciar la investigaci\u00f3n que realizan nuestros doctorandos\nmediante la exposic\u00f3n de una comunicaci\u00f3n que d\u00e9 a conocer sus avances para la\nrealizaci\u00f3n de la posterior tesis doctoral. Adem\u00e1s, las mesas estar\u00e1n compuestas\npor especialistas que podr\u00e1n aconsejar a los participantes y orientarles acerca\nde c\u00f3mo continuar con su trabajo.<\/p>\n\n\n\n<p><strong>Organizan<\/strong>:&nbsp;<\/p>\n\n\n\n<ul><li>\u00c1rea de Historia del Arte<\/li><li>Facultad de Humanidades y doctorado en Hostoria y Estudios Human\u00edsticos: Am\u00e9rica, Europa, Arte y Lenguas de la Universidad Pablo de Olavide<\/li><li>Proyecto de I+D: Ruinas, expolios e intervenciones en el patrimonio cultural (DER2014-52947)<\/li><li>Grupo de Investigaci\u00f3n Quadratura (HUM-647)<\/li><\/ul>\n\n\n\n<p><strong>Coordinaci\u00f3n acad\u00e9mica<\/strong>: <\/p>\n\n\n\n<ul><li>Francisco Ollero Lobato (Universidad Pablo de Olavide)<\/li><li>Fernando Quiles Garc\u00eda (Universidad Pablo de Olavide)<\/li><li>Mar\u00eda de los \u00c1ngeles Fern\u00e1ndez Valle (Universidad Pablo de Olavide)<\/li><li>Victoria S\u00e1nchez Mellado (Universidad Pablo de Olavide)<\/li><\/ul>\n\n\n\n<p><strong>Informaci\u00f3n e inscripci\u00f3n<\/strong>: vsanmel@upo.es<\/p>\n\n\n\n<p><a href=\"https:\/\/www.upo.es\/area-historia-arte\/wp-content\/uploads\/2019\/04\/Programa_V_Seminario_Internacional_de_Metodologias_e_Investigacion_2017.pdf\">PROGRAMA<\/a><\/p>\n","protected":false},"excerpt":{"rendered":"<p>V Seminario Internacional Metodolog\u00eda e Investigaci\u00f3n Historia del Arte y Patrimonio Cultural en Espa\u00f1a y Am\u00e9rica Fecha: 18, 19 y[&#8230;]<\/p>\n","protected":false},"author":1,"featured_media":0,"parent":0,"menu_order":0,"comment_status":"closed","ping_status":"closed","template":"template-fullwidth.php","meta":[],"_links":{"self":[{"href":"https:\/\/www.upo.es\/area-historia-arte\/wp-json\/wp\/v2\/pages\/513"}],"collection":[{"href":"https:\/\/www.upo.es\/area-historia-arte\/wp-json\/wp\/v2\/pages"}],"about":[{"href":"https:\/\/www.upo.es\/area-historia-arte\/wp-json\/wp\/v2\/types\/page"}],"author":[{"embeddable":true,"href":"https:\/\/www.upo.es\/area-historia-arte\/wp-json\/wp\/v2\/users\/1"}],"replies":[{"embeddable":true,"href":"https:\/\/www.upo.es\/area-historia-arte\/wp-json\/wp\/v2\/comments?post=513"}],"version-history":[{"count":8,"href":"https:\/\/www.upo.es\/area-historia-arte\/wp-json\/wp\/v2\/pages\/513\/revisions"}],"predecessor-version":[{"id":2190,"href":"https:\/\/www.upo.es\/area-historia-arte\/wp-json\/wp\/v2\/pages\/513\/revisions\/2190"}],"wp:attachment":[{"href":"https:\/\/www.upo.es\/area-historia-arte\/wp-json\/wp\/v2\/media?parent=513"}],"curies":[{"name":"wp","href":"https:\/\/api.w.org\/{rel}","templated":true}]}}