{"id":518,"date":"2019-04-01T14:28:00","date_gmt":"2019-04-01T12:28:00","guid":{"rendered":"https:\/\/www.upo.es\/area-historia-arte\/?page_id=518"},"modified":"2019-07-19T09:13:24","modified_gmt":"2019-07-19T07:13:24","slug":"diciembre-2017-iv-coloquio-internacional-arte-y-patrimonio-en-espana-y-america","status":"publish","type":"page","link":"https:\/\/www.upo.es\/area-historia-arte\/diciembre-2017-iv-coloquio-internacional-arte-y-patrimonio-en-espana-y-america\/","title":{"rendered":"IV Coloquio Internacional Arte y Patrimonio en Espa\u00f1a y Am\u00e9rica"},"content":{"rendered":"\n<p><\/p>\n\n\n\n<div class=\"wp-block-image\"><figure class=\"aligncenter is-resized\"><img loading=\"lazy\" src=\"https:\/\/www.upo.es\/area-historia-arte\/wp-content\/uploads\/2019\/06\/Captura-de-pantalla-2019-06-25-a-las-11.37.15.png\" alt=\"\" class=\"wp-image-1665\" width=\"672\" height=\"473\" srcset=\"https:\/\/www.upo.es\/area-historia-arte\/wp-content\/uploads\/2019\/06\/Captura-de-pantalla-2019-06-25-a-las-11.37.15.png 870w, https:\/\/www.upo.es\/area-historia-arte\/wp-content\/uploads\/2019\/06\/Captura-de-pantalla-2019-06-25-a-las-11.37.15-300x211.png 300w, https:\/\/www.upo.es\/area-historia-arte\/wp-content\/uploads\/2019\/06\/Captura-de-pantalla-2019-06-25-a-las-11.37.15-768x541.png 768w\" sizes=\"(max-width: 672px) 100vw, 672px\" \/><\/figure><\/div>\n\n\n\n<p style=\"text-align:center\">IV Coloquio Internacional Arte y Patrimonio en Espa\u00f1a y Am\u00e9rica \u00abJoven expresi\u00f3n latina. Lenguaje del compromiso social\u00bb<\/p>\n\n\n\n<p style=\"text-align:center\"><strong>Fecha<\/strong>: 22 de diciembre de 2017 <\/p>\n\n\n\n<p style=\"text-align:center\"><strong>Lugar<\/strong>: Sala de videoconferencias CEI CAMBIO de la Biblioteca &#8211; Universidad Pablo de Olavide, Sevilla<\/p>\n\n\n\n<p>Aspiramos a tomar parte en el proceso reivindicativo del arte latinoamericano como una de las manifestaciones m\u00e1s brillantes de la creaci\u00f3n contempor\u00e1nea. Desde el Aula Latinoamericana de Pensamiento y Creaci\u00f3n Contempor\u00e1neos, en la Universidad Pablo de Olavide, pretendemos tomar parte en esta labor de reconocimiento de la excelencia art\u00edstica en tierras americanas. Nos interesa difundir cu\u00e1ntas manifestaciones se est\u00e1n produciendo en los centros art\u00edsticos de mayor relevancia y en los enclaves secundarios, pero ante todo con la mirada puesta en los artistas emergentes. En este encuentro hablaremos del arte joven y emprenderemos el camino hacia la constituci\u00f3n de un centro de estudios y de apoyo al arte emergente latinoamericano. <\/p>\n\n\n\n<p><strong>Organizan<\/strong>: Aula latinoamericana de pensamiento y creaci\u00f3n contempor\u00e1neos y&nbsp;\u00c1rea de Historia del Arte de la Universidad Pablo de Olavide<\/p>\n\n\n\n<p><strong>Colaboran<\/strong>: Doctorado en Historia y Estudios Human\u00edsticos: Am\u00e9rica, Europa, Arte y Lenguas, Cei de medio ambiente, biodiversidad y cambio global &#8211; CAMBIOy Enredars<\/p>\n\n\n\n<p><strong>Coordinaci\u00f3n acad\u00e9mica<\/strong>: Fernando Quiles Garc\u00eda y Victoria S\u00e1nchez Mellado (Universidad Pablo de Olavide)<\/p>\n\n\n\n<p><strong>Informaci\u00f3n e inscripci\u00f3n<\/strong>: vsanmel@upo.es<\/p>\n\n\n\n<p><a href=\"https:\/\/www.upo.es\/area-historia-arte\/wp-content\/uploads\/2019\/04\/IV_Coloquio_Arte_y_Patrimonio_2017.pdf\">PROGRAMA<\/a><\/p>\n","protected":false},"excerpt":{"rendered":"<p>IV Coloquio Internacional Arte y Patrimonio en Espa\u00f1a y Am\u00e9rica \u00abJoven expresi\u00f3n latina. Lenguaje del compromiso social\u00bb Fecha: 22 de[&#8230;]<\/p>\n","protected":false},"author":1,"featured_media":0,"parent":0,"menu_order":0,"comment_status":"closed","ping_status":"closed","template":"template-fullwidth.php","meta":[],"_links":{"self":[{"href":"https:\/\/www.upo.es\/area-historia-arte\/wp-json\/wp\/v2\/pages\/518"}],"collection":[{"href":"https:\/\/www.upo.es\/area-historia-arte\/wp-json\/wp\/v2\/pages"}],"about":[{"href":"https:\/\/www.upo.es\/area-historia-arte\/wp-json\/wp\/v2\/types\/page"}],"author":[{"embeddable":true,"href":"https:\/\/www.upo.es\/area-historia-arte\/wp-json\/wp\/v2\/users\/1"}],"replies":[{"embeddable":true,"href":"https:\/\/www.upo.es\/area-historia-arte\/wp-json\/wp\/v2\/comments?post=518"}],"version-history":[{"count":7,"href":"https:\/\/www.upo.es\/area-historia-arte\/wp-json\/wp\/v2\/pages\/518\/revisions"}],"predecessor-version":[{"id":2189,"href":"https:\/\/www.upo.es\/area-historia-arte\/wp-json\/wp\/v2\/pages\/518\/revisions\/2189"}],"wp:attachment":[{"href":"https:\/\/www.upo.es\/area-historia-arte\/wp-json\/wp\/v2\/media?parent=518"}],"curies":[{"name":"wp","href":"https:\/\/api.w.org\/{rel}","templated":true}]}}