{"id":535,"date":"2019-04-01T16:34:16","date_gmt":"2019-04-01T14:34:16","guid":{"rendered":"https:\/\/www.upo.es\/area-historia-arte\/?page_id=535"},"modified":"2019-07-16T11:19:40","modified_gmt":"2019-07-16T09:19:40","slug":"mayo-2018-area-de-historia-del-arte-en-la-feria-de-la-ciencia","status":"publish","type":"page","link":"https:\/\/www.upo.es\/area-historia-arte\/mayo-2018-area-de-historia-del-arte-en-la-feria-de-la-ciencia\/","title":{"rendered":"\u00c1rea de Historia del Arte en la Feria de la Ciencia"},"content":{"rendered":"\n<figure class=\"wp-block-image\"><img src=\"blob:https:\/\/www.upo.es\/3b63ec7b-f676-4e23-92bb-f7d1f5f552dc\" alt=\"\"\/><\/figure>\n\n\n\n<p style=\"text-align:center\"><em><strong>Historia del Arte: lo que se perdi\u00f3 Sheldon Cooper<\/strong><\/em><\/p>\n\n\n\n<p style=\"text-align:center\"><strong>Fecha<\/strong>: 3, 4 y 5 de mayo de 2018<\/p>\n\n\n\n<p style=\"text-align:center\"><strong>Lugar<\/strong>: Feria de la Ciencia 2018 &#8211; Palacio de Exposiciones y Congresos de Sevilla (Stand 66) <\/p>\n\n\n\n<p>\u00bfPara qu\u00e9 sirve la\nhistoria del arte?: Difusi\u00f3n, protecci\u00f3n y gesti\u00f3n del patrimonio cultural<\/p>\n\n\n\n<p>&#8212; Historia del\narte y difusi\u00f3n. Presentaci\u00f3n de la labor editorial llevada a cabo desde el\n\u00c1rea, a trav\u00e9s de la matriz de proyectos Enredars y la revista Atrio. Para\nello, se mostrar\u00e1n algunos de los ejemplares ya publicados, detall\u00e1ndose el\nproceso editorial y la importancia de la divulgaci\u00f3n de los estudios cient\u00edficos.<\/p>\n\n\n\n<p>Adem\u00e1s, se\npresentar\u00e1n alternativas al estudio de la disciplina en la Universidad Pablo de\nOlavide, con el M\u00e1ster en \u00abArte, Museos y Gesti\u00f3n del Patrimonio\nHist\u00f3rico\u00bb y el Programa de Doctorado \u00abHistoria y Estudios\nHuman\u00edsticos: Europa, Am\u00e9rica, Arte y Lenguas\u00bb.<\/p>\n\n\n\n<p>&#8212; Historia del\narte y nuevas tecnolog\u00edas. Se mostrar\u00e1 c\u00f3mo la disciplina puede enriquecerse y\nadaptarse al uso de las nuevas herramientas; con una importante labor did\u00e1ctica\ny pedag\u00f3gica, que muestra los resulados de investigaciones acad\u00e9micas mucho m\u00e1s\ncomplejas.<\/p>\n\n\n\n<p>&#8212; Historia del\narte e itinerarios culturales. Se pondr\u00e1 de manifiesto la relaci\u00f3n entre la\npr\u00e1ctica investigadora y la gesti\u00f3n, puesta en valor y difusi\u00f3n de los\nresultados a partir de la creaci\u00f3n de rutas e itinerarios culturales.<\/p>\n\n\n\n<p>&#8212; Historia del\narte y protecci\u00f3n del patrimonio. Se&nbsp;&nbsp;prentende sensibilizar a todos\nlos p\u00fablicos sobre la importancia de proteger el patrimonio heredado. Ello a\ntrav\u00e9s de preguntas fundamentales como: \u00bfA qui\u00e9n pertenece el patrimonio?,\n\u00bfdeber\u00edan devolverse a su lugar de origen las piezas que se encuentran\nrepartidas en distintos museos del mundo?, o incluso, \u00bfqu\u00e9 hago si me encuentro\nun objeto arqueol\u00f3gico de manera casual?<\/p>\n\n\n\n<p>&#8212; conCIENCIAArte.\nAtr\u00e9vete con nuestro reto, enfr\u00e9ntate a nuestras pruebas y descubre tu lado m\u00e1s\nart\u00edstico \u00a1Te esperamos!<\/p>\n\n\n\n<p>EXPOSICI\u00d3N\nFOTOGR\u00c1FICA<\/p>\n\n\n\n<p>20 A\u00d1OS no es nada\n&#8230; es tiempo de&nbsp;<em>volver<\/em><\/p>\n\n\n\n<p>Aniversario de la\nUniversidad Pablo de Olavide<\/p>\n\n\n\n<p><strong>Fotograf\u00edas<\/strong>: Eunice Miranda Tapia, Victoria S\u00e1nchez Mellado, Rafael Gonz\u00e1lez Madrid, Rafael Molina Mart\u00edn y David Ruiz Barba<\/p>\n\n\n\n<p><strong>Responsables<\/strong>:<\/p>\n\n\n\n<p>Fernando Quiles\nGarc\u00eda y&nbsp;Mar\u00eda de los \u00c1ngeles Fern\u00e1ndez Valle. Universidad Pablo de\nOlavide, Sevilla<\/p>\n\n\n\n<p><strong>Colaboradores<\/strong>:&nbsp;<\/p>\n\n\n\n<ul><li>Zara Ruiz Romero, Victoria S\u00e1nchez Mellado, Rafael Gonz\u00e1lez Madrid y Rafael Molina Mart\u00edn, becarios del \u00c1rea de Historia del Arte de la Universidad Pablo de Olavide, Sevilla<\/li><li>Salvador Hern\u00e1ndez Gonz\u00e1lez, profesor del M\u00e1ster&nbsp;de M\u00e1ster Arte, Museos y Gesti\u00f3n del Patrimonio Hist\u00f3rico de la Universidad Pablo de Olavide, Sevilla<\/li><li>Maria Fernanda Curado Coelho, Luis Orlando Ram\u00edrez Mej\u00eda, Beatriz \u00c1lvarez Barrena, Rafael Garc\u00eda Ruiz, David de Medina Moragas,&nbsp;Alicia Fontiveros Su\u00e1rez,&nbsp;estudiantes del M\u00e1ster Arte, Museos y Gesti\u00f3n del Patrimonio Hist\u00f3rico de la Universidad Pablo de Olavide, Sevilla<\/li><li>\u00c1ngel Bautista Portillo y Fernando Granado Bermudo, estudiantes del Grado de Geograf\u00eda e Historia de la&nbsp;Universidad Pablo de Olavide, Sevilla<\/li><li>Julieta de Le\u00f3n Maruri y Vanessa Kr\u00fcger, estudiantes de Erasmus&nbsp;de la Universidad Pablo de Olavide, Sevilla<\/li><\/ul>\n\n\n\n<p><strong>Organizan<\/strong>:&nbsp;<\/p>\n\n\n\n<p>OTRI &#8211; Oficina de\nTransferencia de Resultados de Investigaci\u00f3n, Facultad de Humanidades,\nDepartamento de Geograf\u00eda, Historia y Filosof\u00eda y \u00c1rea de Historia del Arte de\nla Universidad Pablo de Olavide, Sevilla<\/p>\n\n\n\n<p><strong>Colaboran<\/strong>:&nbsp;<\/p>\n\n\n\n<p>EnredARS. Matriz de Proyectos Culturales, Acer-VOS. Patrimonio Cultural Iberoamericano, CeIBA. Centro de Estudios del Barroco Iberoamericano, unbRRC. Universo Barroco Iberoamericano y Aula Latinoamericana de Pensamiento y Creaci\u00f3n Contempor\u00e1neos, Sevilla<\/p>\n\n\n\n<p><a href=\"https:\/\/www.upo.es\/area-historia-arte\/wp-content\/uploads\/2019\/04\/Cartel_Feria_de_la_Ciencia_2018.jpg\">CARTEL<\/a><\/p>\n\n\n\n<p><a href=\"https:\/\/www.upo.es\/area-historia-arte\/wp-content\/uploads\/2019\/04\/Programa_16_Feria_de_la_Ciencia_2018.pdf\">PROGRAMA<\/a><\/p>\n\n\n\n<p><a href=\"https:\/\/www.upo.es\/area-historia-arte\/wp-content\/uploads\/2019\/04\/Plano_16_Feria_de_la_Ciencia_2018.pdf\">PLANO &#8211; STAND 66<\/a><\/p>\n","protected":false},"excerpt":{"rendered":"<p>Historia del Arte: lo que se perdi\u00f3 Sheldon Cooper Fecha: 3, 4 y 5 de mayo de 2018 Lugar: Feria[&#8230;]<\/p>\n","protected":false},"author":1,"featured_media":0,"parent":0,"menu_order":0,"comment_status":"closed","ping_status":"closed","template":"template-fullwidth.php","meta":[],"_links":{"self":[{"href":"https:\/\/www.upo.es\/area-historia-arte\/wp-json\/wp\/v2\/pages\/535"}],"collection":[{"href":"https:\/\/www.upo.es\/area-historia-arte\/wp-json\/wp\/v2\/pages"}],"about":[{"href":"https:\/\/www.upo.es\/area-historia-arte\/wp-json\/wp\/v2\/types\/page"}],"author":[{"embeddable":true,"href":"https:\/\/www.upo.es\/area-historia-arte\/wp-json\/wp\/v2\/users\/1"}],"replies":[{"embeddable":true,"href":"https:\/\/www.upo.es\/area-historia-arte\/wp-json\/wp\/v2\/comments?post=535"}],"version-history":[{"count":12,"href":"https:\/\/www.upo.es\/area-historia-arte\/wp-json\/wp\/v2\/pages\/535\/revisions"}],"predecessor-version":[{"id":1976,"href":"https:\/\/www.upo.es\/area-historia-arte\/wp-json\/wp\/v2\/pages\/535\/revisions\/1976"}],"wp:attachment":[{"href":"https:\/\/www.upo.es\/area-historia-arte\/wp-json\/wp\/v2\/media?parent=535"}],"curies":[{"name":"wp","href":"https:\/\/api.w.org\/{rel}","templated":true}]}}