{"id":55,"date":"2019-03-26T16:51:18","date_gmt":"2019-03-26T15:51:18","guid":{"rendered":"https:\/\/www.upo.es\/area-historia-arte\/?page_id=55"},"modified":"2019-06-27T11:55:57","modified_gmt":"2019-06-27T09:55:57","slug":"actividades","status":"publish","type":"page","link":"https:\/\/www.upo.es\/area-historia-arte\/actividades\/","title":{"rendered":"Actividades"},"content":{"rendered":"\n<p>Informaci\u00f3n relativa a la producci\u00f3n cient\u00edfica del \u00c1rea de Historia del Arte, con inclusi\u00f3n de los proyectos, congresos y seminarios generados por la misma, ya est\u00e9n en proceso de ejecuci\u00f3n, o concluidos. En relaci\u00f3n con estos \u00faltimos tambi\u00e9n se inserta la documentaci\u00f3n producida, bien sean las actas o cualquier otra aportaci\u00f3n.\u00a0<\/p>\n\n\n\n<ul><li><a href=\"https:\/\/www.upo.es\/area-historia-arte\/actividades\/proyectos\/\">Congresos &amp; Simposios<\/a><\/li><li><a href=\"https:\/\/www.upo.es\/area-historia-arte\/actividades\/seminarios\/\">Seminarios<\/a><\/li><li><a href=\"https:\/\/www.upo.es\/area-historia-arte\/actividades\/exposiciones\/\">Exposiciones<\/a><\/li><\/ul>\n","protected":false},"excerpt":{"rendered":"<p>Informaci\u00f3n relativa a la producci\u00f3n cient\u00edfica del \u00c1rea de Historia del Arte, con inclusi\u00f3n de los proyectos, congresos y seminarios[&#8230;]<\/p>\n","protected":false},"author":1,"featured_media":0,"parent":0,"menu_order":0,"comment_status":"closed","ping_status":"closed","template":"template-fullwidth.php","meta":[],"_links":{"self":[{"href":"https:\/\/www.upo.es\/area-historia-arte\/wp-json\/wp\/v2\/pages\/55"}],"collection":[{"href":"https:\/\/www.upo.es\/area-historia-arte\/wp-json\/wp\/v2\/pages"}],"about":[{"href":"https:\/\/www.upo.es\/area-historia-arte\/wp-json\/wp\/v2\/types\/page"}],"author":[{"embeddable":true,"href":"https:\/\/www.upo.es\/area-historia-arte\/wp-json\/wp\/v2\/users\/1"}],"replies":[{"embeddable":true,"href":"https:\/\/www.upo.es\/area-historia-arte\/wp-json\/wp\/v2\/comments?post=55"}],"version-history":[{"count":3,"href":"https:\/\/www.upo.es\/area-historia-arte\/wp-json\/wp\/v2\/pages\/55\/revisions"}],"predecessor-version":[{"id":1857,"href":"https:\/\/www.upo.es\/area-historia-arte\/wp-json\/wp\/v2\/pages\/55\/revisions\/1857"}],"wp:attachment":[{"href":"https:\/\/www.upo.es\/area-historia-arte\/wp-json\/wp\/v2\/media?parent=55"}],"curies":[{"name":"wp","href":"https:\/\/api.w.org\/{rel}","templated":true}]}}