{"id":552,"date":"2019-04-01T16:41:26","date_gmt":"2019-04-01T14:41:26","guid":{"rendered":"https:\/\/www.upo.es\/area-historia-arte\/?page_id=552"},"modified":"2019-07-16T11:18:33","modified_gmt":"2019-07-16T09:18:33","slug":"mayo-2018-itinerario-cultural-por-la-upo","status":"publish","type":"page","link":"https:\/\/www.upo.es\/area-historia-arte\/mayo-2018-itinerario-cultural-por-la-upo\/","title":{"rendered":"Itinerario cultural por la UPO"},"content":{"rendered":"\n<p><\/p>\n\n\n\n<div class=\"wp-block-image\"><figure class=\"aligncenter is-resized\"><img loading=\"lazy\" src=\"https:\/\/www.upo.es\/area-historia-arte\/wp-content\/uploads\/2019\/06\/Cartel_itinerario_cultural_UPO_2018_page-0001-819x1024.jpg\" alt=\"\" class=\"wp-image-1607\" width=\"506\" height=\"632\" srcset=\"https:\/\/www.upo.es\/area-historia-arte\/wp-content\/uploads\/2019\/06\/Cartel_itinerario_cultural_UPO_2018_page-0001-819x1024.jpg 819w, https:\/\/www.upo.es\/area-historia-arte\/wp-content\/uploads\/2019\/06\/Cartel_itinerario_cultural_UPO_2018_page-0001-240x300.jpg 240w, https:\/\/www.upo.es\/area-historia-arte\/wp-content\/uploads\/2019\/06\/Cartel_itinerario_cultural_UPO_2018_page-0001-768x960.jpg 768w\" sizes=\"(max-width: 506px) 100vw, 506px\" \/><\/figure><\/div>\n\n\n\n<p style=\"text-align:center\"><em>Descubriendo la UPO&#8230;&nbsp;<\/em><\/p>\n\n\n\n<p style=\"text-align:center\">Itinerario\ncultural &nbsp;20 a\u00f1os.\nAniversario de la Universidad Pablo de Olavide&nbsp;<\/p>\n\n\n\n<p style=\"text-align:center\"><strong>Fecha<\/strong>: 22 de mayo de 2018<\/p>\n\n\n\n<p style=\"text-align:center\"><strong>Hora<\/strong>: 13:30h<\/p>\n\n\n\n<p style=\"text-align:center\"><strong>Punto de encuentro<\/strong>: Plaza de Am\u00e9rica &#8211; Universidad Pablo de Olavide, Sevilla<\/p>\n\n\n\n<p>Los estudiantes de los Grados de Geograf\u00eda e Historia y Humanidades convocan a los alumnos de los grados y del aula de mayores, profesores y personal administrativo para disfrutar de un recorrido por la historia de la UPO.<\/p>\n\n\n\n<p><strong>Estudiantes:&nbsp;<\/strong><\/p>\n\n\n\n<ul><li>Elena Almeida Gonz\u00e1lez<\/li><li>Francisco Ben\u00edtez Gonz\u00e1lez<\/li><li>Julieta de Le\u00f3n Maruri<\/li><li>Vanessa Kr\u00fcger<\/li><li>Miguel \u00c1ngel Luque Mart\u00ednez<\/li><li>Rafael Mar\u00edn Rodr\u00edguez<\/li><li>Antonio Tabares Galindo<\/li><li>Luis Orlando Ram\u00edrez Mej\u00eda<\/li><\/ul>\n\n\n\n<p><strong>Colaboradores:<\/strong>&nbsp;<\/p>\n\n\n\n<ul><li>Victoria S\u00e1nchez Mellado<\/li><li>Rafael Gonz\u00e1lez Madrid<\/li><li>Rafael Molina Mart\u00edn<\/li><li>Salvador Hern\u00e1ndez Gonz\u00e1lez<\/li><\/ul>\n\n\n\n<p><strong>Coordinaci\u00f3n acad\u00e9mica:<\/strong><\/p>\n\n\n\n<ul><li>Fernando Quiles Garc\u00eda<\/li><li>Mar\u00eda de los \u00c1ngeles Fern\u00e1ndez Valle<\/li><\/ul>\n\n\n\n<p><strong>Organizan:&nbsp;<\/strong><\/p>\n\n\n\n<ul><li>\u00c1rea de Historia del Arte, Facultad de Humanidades, Departamento de Geograf\u00eda, Historia y Filosof\u00eda<\/li><li>OTRI \u2013 Oficina de Transferencia de Resultados de Investigaci\u00f3n<\/li><li>Vicerrectorados de Cultura y Compromiso Social, Estudiantes e Investigaci\u00f3n y Transferencia de Tecnolog\u00eda de la Universidad Pablo de Olavide, Sevilla<\/li><\/ul>\n\n\n\n<p><strong>Colaboran:&nbsp;<\/strong><\/p>\n\n\n\n<ul><li>EnredARS. Matriz de Proyectos Culturales<\/li><li>Acer-VOS. Patrimonio Cultural Iberoamericano<\/li><li>CeIBA. Centro de Estudios del Barroco Iberoamericano<\/li><li>UnbRRC. Universo Barroco Iberoamericano<\/li><li>Aula Latinoamericana de Pensamiento y Creaci\u00f3n Contempor\u00e1neos<\/li><\/ul>\n\n\n\n<p><a href=\"https:\/\/www.upo.es\/area-historia-arte\/wp-content\/uploads\/2019\/04\/Cartel_itinerario_cultural_UPO_2018.pdf\">ITINERARIO CULTURAL 20 A\u00d1OS UPO<\/a><\/p>\n","protected":false},"excerpt":{"rendered":"<p>Descubriendo la UPO&#8230;&nbsp; Itinerario cultural &nbsp;20 a\u00f1os. Aniversario de la Universidad Pablo de Olavide&nbsp; Fecha: 22 de mayo de 2018[&#8230;]<\/p>\n","protected":false},"author":1,"featured_media":0,"parent":0,"menu_order":0,"comment_status":"closed","ping_status":"closed","template":"template-fullwidth.php","meta":[],"_links":{"self":[{"href":"https:\/\/www.upo.es\/area-historia-arte\/wp-json\/wp\/v2\/pages\/552"}],"collection":[{"href":"https:\/\/www.upo.es\/area-historia-arte\/wp-json\/wp\/v2\/pages"}],"about":[{"href":"https:\/\/www.upo.es\/area-historia-arte\/wp-json\/wp\/v2\/types\/page"}],"author":[{"embeddable":true,"href":"https:\/\/www.upo.es\/area-historia-arte\/wp-json\/wp\/v2\/users\/1"}],"replies":[{"embeddable":true,"href":"https:\/\/www.upo.es\/area-historia-arte\/wp-json\/wp\/v2\/comments?post=552"}],"version-history":[{"count":12,"href":"https:\/\/www.upo.es\/area-historia-arte\/wp-json\/wp\/v2\/pages\/552\/revisions"}],"predecessor-version":[{"id":1972,"href":"https:\/\/www.upo.es\/area-historia-arte\/wp-json\/wp\/v2\/pages\/552\/revisions\/1972"}],"wp:attachment":[{"href":"https:\/\/www.upo.es\/area-historia-arte\/wp-json\/wp\/v2\/media?parent=552"}],"curies":[{"name":"wp","href":"https:\/\/api.w.org\/{rel}","templated":true}]}}