{"id":571,"date":"2019-04-01T17:00:35","date_gmt":"2019-04-01T15:00:35","guid":{"rendered":"https:\/\/www.upo.es\/area-historia-arte\/?page_id=571"},"modified":"2019-07-19T09:48:16","modified_gmt":"2019-07-19T07:48:16","slug":"septiembre-de-2018-a-la-luz-de-roma-santos-y-santidad-en-el-barroco-iberoamericano","status":"publish","type":"page","link":"https:\/\/www.upo.es\/area-historia-arte\/septiembre-de-2018-a-la-luz-de-roma-santos-y-santidad-en-el-barroco-iberoamericano\/","title":{"rendered":"Simposio Internacional \u00abA la luz de Roma. Santos y santidad en el barroco iberoamericano\u00bb"},"content":{"rendered":"\n<p><\/p>\n\n\n\n<div class=\"wp-block-image\"><figure class=\"aligncenter is-resized\"><img loading=\"lazy\" src=\"https:\/\/www.upo.es\/area-historia-arte\/wp-content\/uploads\/2019\/05\/Simposio_A_la_luz_de_Roma_2018-1024x725.jpg\" alt=\"\" class=\"wp-image-1010\" width=\"667\" height=\"472\" srcset=\"https:\/\/www.upo.es\/area-historia-arte\/wp-content\/uploads\/2019\/05\/Simposio_A_la_luz_de_Roma_2018-1024x725.jpg 1024w, https:\/\/www.upo.es\/area-historia-arte\/wp-content\/uploads\/2019\/05\/Simposio_A_la_luz_de_Roma_2018-300x212.jpg 300w, https:\/\/www.upo.es\/area-historia-arte\/wp-content\/uploads\/2019\/05\/Simposio_A_la_luz_de_Roma_2018-768x544.jpg 768w\" sizes=\"(max-width: 667px) 100vw, 667px\" \/><\/figure><\/div>\n\n\n\n<p style=\"text-align:center\">Simposio \u00abA la luz de Roma. Santos y santidad en el barroco iberoamericano\u00bb<\/p>\n\n\n\n<p style=\"text-align:center\"><strong>Fecha<\/strong>: 17-20 de septiembre de 2018 <\/p>\n\n\n\n<p style=\"text-align:center\"><strong>Lugar<\/strong>: Musei Vaticani &#8211; Universit\u00e0 degli Studi Roma Tre &#8211; Biblioteca Nazionale Centrale di Roma &#8211; Real Academia de Espa\u00f1a en Roma &#8211; Roma<\/p>\n\n\n\n<p><strong>Funcionamiento del Simposio:<\/strong><\/p>\n\n\n\n<p>Fue un encuentro de cuatro d\u00edas para actualizar los conocimientos acerca de la creaci\u00f3n de santos en el mundo iberoamericano. Los participantes expusieron los resultados de sus investigaciones de manera sint\u00e9tica, aunque estos se podr\u00e1n extender en el texto que entregar\u00e1n para la publicaci\u00f3n que se preparar\u00e1 a partir de la conclusi\u00f3n del Simposio. Los ponentes han sido todos invitados, pero habr\u00e1 tambi\u00e9n tiempo y espacio para la presentaci\u00f3n de comunicaciones seleccionadas de entre las propuestas realizadas a partir de la publicaci\u00f3n de este documento y hasta el 30 de abril de 2018. <\/p>\n\n\n\n<p>El Comit\u00e9\nOrganizador convoca a los\/as investigadores\/as para que hagan su aportaci\u00f3n al\nSimposio. Ha de ser un resumen de un folio, que se acompa\u00f1ar\u00e1 de un breve\ncurr\u00edculum. De entre las propuestas realizadas, la Comisi\u00f3n Asesora\nseleccionar\u00e1 doce, cuatro por sesi\u00f3n, antes de junio de 2018.<\/p>\n\n\n\n<p>El resumen y el CV\nabreviado se enviar\u00e1 a la direcci\u00f3n: universo.barroco.roma@gmail.com<\/p>\n\n\n\n<p><strong>Direcci\u00f3n<\/strong>:<\/p>\n\n\n\n<ul><li>Fernando Quiles Garc\u00eda (Universidad Pablo de Olavide)<\/li><li>Jos\u00e9 Jaime Garc\u00eda Bernal (Universidad de Sevilla)<\/li><li>Paolo Broggio (Universit\u00e0 degli Studi Roma Tre)<\/li><li>Marcello Fagiolo (Centro Studi Cultura e Immagine di Roma)<\/li><\/ul>\n\n\n\n<p><strong>Organizan<\/strong>:&nbsp;<\/p>\n\n\n\n<ul><li>\u00c1rea de Historia del Arte. Universidad Pablo de Olavide &#8211; CeIBA, Sevilla<\/li><li>Departamento de Historia Moderna. Universidad de Sevilla<\/li><li>Dipartimento di Studi Umanistici. Universit\u00e0 degli Studi Roma Tre<\/li><li>Centro Studi Cultura e Immagine di Roma<\/li><\/ul>\n\n\n\n<p><strong>Colaboran<\/strong>:<\/p>\n\n\n\n<ul><li>Vicerrectorado de Investigaci\u00f3n y Transferencia de Tecnolog\u00eda (Plan Propio 2018-2020) &#8211; Universidad Pablo de Olavide, Sevilla<\/li><li>Centro de Estudios del Barroco Iberoamericano &#8211; CeIBA<\/li><li>Vicerrectorado de Relaciones Institucionales &#8211; Universidad de Sevilla<\/li><li>Proyecto de I+D La construcci\u00f3n de un Mundo Nuevo: circuitos econ\u00f3micos, din\u00e1micas sociales y mediadores culturales en las ciudades atl\u00e1nticas del Sur de Espa\u00f1a, siglos XVI-XVIII (Andatlan II), HAR2017-85305. Universidad de Sevilla<\/li><li>Musei Vaticani, Citt\u00e0 del Vaticano<\/li><li>Biblioteca Nazionale Centrale di Roma<\/li><li>Real Academia de Espa\u00f1a en Roma<\/li><li>AISSCA. Associaziones italiana per lo studio della santit\u00e0, dei culti e dell`agiografia, Rieti<\/li><li>Magyar Hagiogr\u00e1 ai T\u00e1sas\u00e1g &#8211; Hungarian Hagiography Society, Budapest, Hungr\u00eda<\/li><li>Hagiography Society, Kalamazoo<\/li><li>ACTIVIDAD DE LA RED&nbsp;<em>Universo Barroco Iberoamericano<\/em>&nbsp;&nbsp;<\/li><\/ul>\n\n\n\n<p><a href=\"https:\/\/www.upo.es\/area-historia-arte\/wp-content\/uploads\/2019\/04\/Simposio_A_la_luz_de_Roma_2018.pdf\">PROGRAMA<\/a><\/p>\n\n\n\n<p><a href=\"https:\/\/www.upo.es\/area-historia-arte\/wp-content\/uploads\/2019\/04\/Resumenes_y_CVs-ROMA.pdf\">RES\u00daMENES Y CV&#8217;S<\/a><\/p>\n","protected":false},"excerpt":{"rendered":"<p>Simposio \u00abA la luz de Roma. Santos y santidad en el barroco iberoamericano\u00bb Fecha: 17-20 de septiembre de 2018 Lugar:[&#8230;]<\/p>\n","protected":false},"author":1,"featured_media":0,"parent":0,"menu_order":0,"comment_status":"closed","ping_status":"closed","template":"template-fullwidth.php","meta":[],"_links":{"self":[{"href":"https:\/\/www.upo.es\/area-historia-arte\/wp-json\/wp\/v2\/pages\/571"}],"collection":[{"href":"https:\/\/www.upo.es\/area-historia-arte\/wp-json\/wp\/v2\/pages"}],"about":[{"href":"https:\/\/www.upo.es\/area-historia-arte\/wp-json\/wp\/v2\/types\/page"}],"author":[{"embeddable":true,"href":"https:\/\/www.upo.es\/area-historia-arte\/wp-json\/wp\/v2\/users\/1"}],"replies":[{"embeddable":true,"href":"https:\/\/www.upo.es\/area-historia-arte\/wp-json\/wp\/v2\/comments?post=571"}],"version-history":[{"count":12,"href":"https:\/\/www.upo.es\/area-historia-arte\/wp-json\/wp\/v2\/pages\/571\/revisions"}],"predecessor-version":[{"id":2214,"href":"https:\/\/www.upo.es\/area-historia-arte\/wp-json\/wp\/v2\/pages\/571\/revisions\/2214"}],"wp:attachment":[{"href":"https:\/\/www.upo.es\/area-historia-arte\/wp-json\/wp\/v2\/media?parent=571"}],"curies":[{"name":"wp","href":"https:\/\/api.w.org\/{rel}","templated":true}]}}