{"id":59,"date":"2019-03-26T16:51:54","date_gmt":"2019-03-26T15:51:54","guid":{"rendered":"https:\/\/www.upo.es\/area-historia-arte\/?page_id=59"},"modified":"2021-01-20T10:33:56","modified_gmt":"2021-01-20T09:33:56","slug":"quadratura","status":"publish","type":"page","link":"https:\/\/www.upo.es\/area-historia-arte\/quadratura\/","title":{"rendered":"Quadratura"},"content":{"rendered":"\n<p><strong>Responsable: Ana Mar\u00eda Aranda Bernal. Facultad de Humanidades; Dpto. de Geograf\u00eda, Historia y Filosof\u00eda; \u00c1rea de Historia del Arte.<\/strong><\/p>\n\n\n\n<p>Los miembros del grupo Quadratura pertenecen al \u00c1rea de Historia del Arte del Departamento de Geograf\u00eda, Historia y Filosof\u00eda, de la Universidad Pablo de Olavide.<\/p>\n\n\n\n<p>Las investigaciones abordadas han girado en torno a la arquitectura y la ciudad en Espa\u00f1a en el siglo XVI, y la pintura barroca andaluza en el contexto de la historia y an\u00e1lisis de las mentalidades.<\/p>\n\n\n\n<p>Por otro lado, estudian el barroco sevillano desde distintas perspectivas, interes\u00e1ndoles el conocimiento del medio art\u00edstico, con relaci\u00f3n a los creadores y a sus promotores. En esta l\u00ednea han desarrollado una amplia investigaci\u00f3n, abarcando distintas \u00e1reas tem\u00e1ticas, entre otras la pintura mural en el reino sevillano, las relaciones de centro y periferia dentro del mismo \u00e1mbito espacial, los efectos de la peste negra en los talleres art\u00edsticos locales o la incidencia de los procesos de canonizaci\u00f3n en la formulaci\u00f3n de las ideas est\u00e9ticas.<\/p>\n\n\n\n<p>Asimismo, las investigaciones han girado en torno al medio art\u00edstico sevillano y la arquitectura en Andaluc\u00eda -especialmente de influencia inglesa-, durante los siglos XVIII Y XIX. Desarrollando a la vez una l\u00ednea de investigaci\u00f3n sobre las artistas y el papel desempe\u00f1ado por las mujeres en la promoci\u00f3n de obras de arte desde la baja edad media hasta el siglo XVIII.<\/p>\n\n\n\n<p>Sus integrantes tambi\u00e9n estudian el gusto, el mecenazgo y la pintura sevillana del siglo XVIII, analizando, el cambio art\u00edstico que se produjo entre la citada centuria y la siguiente a trav\u00e9s de hechos hist\u00f3ricos como la visita regia de Carlos IV y Mar\u00eda Luisa de Parma (1796), la epidemia de fiebre amarilla (1800) y la invasi\u00f3n francesa (1810-1812).<\/p>\n\n\n\n<p>Entre los proyectos que aborda el grupo de expertos hay que destacar el coordinado por las universidades Pablo de Olavide de Sevilla y Nacional de Colombia, para poner en marcha, con investigadores de distintos pa\u00edses iberoamericanos, una red de arquitectura vern\u00e1cula, y el proyecto motriz de excelencia de la Junta de Andaluc\u00eda \u00abVisibilia\u00bb, Red de patrimonio art\u00edstico de Andaluc\u00eda (http:\/\/redvisibilia.es\/).<\/p>\n\n\n\n<h4>L\u00edneas de trabajo:<\/h4>\n\n\n\n<ul><li>La Historia del Arte desde una perspectiva de g\u00e9nero.<\/li><li>Arquitectura y ciudad del siglo XVI.<\/li><li>Teor\u00eda y literatura art\u00edstica en Andaluc\u00eda.<\/li><li>Arte\/patrimonio art\u00edstico y nuevas tecnolog\u00edas.<\/li><li>La pintura mural, un patrimonio hist\u00f3rico. Investigaci\u00f3n sobre la pintura mural en Andaluc\u00eda; t\u00e9cnicas y fuentes. Sus influencias en la Am\u00e9rica colonial.<\/li><li>Conocimiento de la pintura barroca en su contexto hist\u00f3rico y cultural. Las influencias europeas.<\/li><\/ul>\n\n\n\n<h4>Miembros:<\/h4>\n\n\n\n<p>Ana Mar\u00eda Aranda Bernal (UPO); Mar\u00eda de los \u00c1ngeles Fern\u00e1ndez Valle (UPO); Mar\u00eda del Valle G\u00f3mez de Terreros Guardiola (UPO); Rafael Molina Mart\u00edn (UPO); Mar\u00eda Francisca Moral Jimeno (UPO); Arsenio Moreno Mendoza (UPO); Francisco Ollero Lobato (UPO); Fernando Quiles Garc\u00eda (UPO); Juan Ram\u00f3n Rodr\u00edguez-Mateo P\u00e9rez (UPO); Zara Mar\u00eda Ru\u00edz Romero (UPO) y Victoria S\u00e1nchez Mellado (UPO)<\/p>\n\n\n\n<h4>Capacidades\/Servicios cient\u00edficos-tecnol\u00f3gicos<\/h4>\n\n\n\n<ul><li>B\u00fasquedas bibliogr\u00e1ficas (bibliotecas, archivos, etc.) para la localizaci\u00f3n de documentaci\u00f3n sobre un patrimonio cultural determinado.<\/li><li>Catalogaci\u00f3n de bienes del patrimonio cultural: privado o p\u00fablico.<\/li><li>Estudios de conservaci\u00f3n preventiva de patrimonio cultural.<\/li><li>Elaboraci\u00f3n de Bases de Datos bibliogr\u00e1ficas de arte.<\/li><li>Valoraci\u00f3n patrimonial de un bien, inventario de colecci\u00f3n de obras de arte, determinaci\u00f3n de los requerimientos legales de las figuras de protecci\u00f3n. Preparaci\u00f3n de exposici\u00f3n y cat\u00e1logos de la misma.<\/li><li>Formaci\u00f3n espec\u00edfica dirigida a no expertos sobre patrimonio.<\/li><li>Elaboraci\u00f3n de materiales did\u00e1cticos, guiones de audiovisuales.<\/li><li>Valoraci\u00f3n, inventario de una herencia, colecci\u00f3n de obras de arte. <\/li><\/ul>\n\n\n\n<p><a href=\"https:\/\/www.upo.es\/otri\/contenido?pag=\/portal\/otri\/contenidos\/oferta_cientifico_tecnologica\/grupos_investigacion\/gruposHUM\/quadratura\">Sitio web oficial<\/a><\/p>\n","protected":false},"excerpt":{"rendered":"<p>Responsable: Ana Mar\u00eda Aranda Bernal. Facultad de Humanidades; Dpto. de Geograf\u00eda, Historia y Filosof\u00eda; \u00c1rea de Historia del Arte. Los[&#8230;]<\/p>\n","protected":false},"author":1,"featured_media":0,"parent":0,"menu_order":0,"comment_status":"closed","ping_status":"closed","template":"template-fullwidth.php","meta":[],"_links":{"self":[{"href":"https:\/\/www.upo.es\/area-historia-arte\/wp-json\/wp\/v2\/pages\/59"}],"collection":[{"href":"https:\/\/www.upo.es\/area-historia-arte\/wp-json\/wp\/v2\/pages"}],"about":[{"href":"https:\/\/www.upo.es\/area-historia-arte\/wp-json\/wp\/v2\/types\/page"}],"author":[{"embeddable":true,"href":"https:\/\/www.upo.es\/area-historia-arte\/wp-json\/wp\/v2\/users\/1"}],"replies":[{"embeddable":true,"href":"https:\/\/www.upo.es\/area-historia-arte\/wp-json\/wp\/v2\/comments?post=59"}],"version-history":[{"count":10,"href":"https:\/\/www.upo.es\/area-historia-arte\/wp-json\/wp\/v2\/pages\/59\/revisions"}],"predecessor-version":[{"id":2522,"href":"https:\/\/www.upo.es\/area-historia-arte\/wp-json\/wp\/v2\/pages\/59\/revisions\/2522"}],"wp:attachment":[{"href":"https:\/\/www.upo.es\/area-historia-arte\/wp-json\/wp\/v2\/media?parent=59"}],"curies":[{"name":"wp","href":"https:\/\/api.w.org\/{rel}","templated":true}]}}