{"id":665,"date":"2019-04-01T17:52:18","date_gmt":"2019-04-01T15:52:18","guid":{"rendered":"https:\/\/www.upo.es\/area-historia-arte\/?page_id=665"},"modified":"2024-05-02T08:44:00","modified_gmt":"2024-05-02T06:44:00","slug":"zara-ruiz-romero","status":"publish","type":"page","link":"https:\/\/www.upo.es\/area-historia-arte\/zara-ruiz-romero\/","title":{"rendered":"Zara Ruiz Romero"},"content":{"rendered":"\n<figure class=\"wp-block-image size-large is-resized\"><img loading=\"lazy\" src=\"https:\/\/www.upo.es\/area-historia-arte\/wp-content\/uploads\/2024\/05\/Foto-ZRR.jpg\" alt=\"\" class=\"wp-image-3134\" width=\"241\" height=\"322\" srcset=\"https:\/\/www.upo.es\/area-historia-arte\/wp-content\/uploads\/2024\/05\/Foto-ZRR.jpg 377w, https:\/\/www.upo.es\/area-historia-arte\/wp-content\/uploads\/2024\/05\/Foto-ZRR-225x300.jpg 225w\" sizes=\"(max-width: 241px) 100vw, 241px\" \/><\/figure>\n\n\n\n<p>Licenciada en Humanidades, M\u00e1ster en Arte, Museos y Gesti\u00f3n del Patrimonio Hist\u00f3rico y Doctora en Historia y Estudios Human\u00edsticos, por la Universidad Pablo de Olavide. En la actualidad, es investigadora posdoctoral (PAIDI 2020, Junta de Andaluc\u00eda) y docente de la Universidad Pablo de Olavide, en el \u00c1rea de Historia del Arte. Adem\u00e1s, en esta instituci\u00f3n forma parte del grupo de investigaci\u00f3n Quadratura (HUM-647).<\/p>\n\n\n\n<p>Ha impartido docencia de grado y posgrado en la Universidad de Ja\u00e9n, la Universidad Nacional de Educaci\u00f3n a Distancia (UNED, Centro Asociado de Sevilla), y en la Universidad Pablo de Olavide, adem\u00e1s de otros cursos en el Instituto Andaluz de Patrimonio Hist\u00f3rico o en la Universidad La Salle (Arequipa, Per\u00fa).<\/p>\n\n\n\n<p>Obtuvo el premio extraordinario de doctorado (curso 2018-2019), y en el marco de la tesis doctoral, adem\u00e1s de disfrutar de una Ayuda de Formaci\u00f3n al Profesorado Universitario (FPU), realiz\u00f3 dos estancias de investigaci\u00f3n, en la Universidad de Glasgow (junio-julio 2016), y en la Pontificia Universidad Cat\u00f3lica del Per\u00fa (septiembre-diciembre 2017).<\/p>\n\n\n\n<p>Ha formado parte de diversos proyectos I+D y ha participado en distintos seminarios y congresos en \u00e1mbitos nacionales e internacionales. Sus investigaciones giran en torno a la propiedad de los bienes culturales, el coleccionismo y el lugar en que las obras de arte y el patrimonio hist\u00f3rico-art\u00edstico deber\u00eda resguardarse. Tambi\u00e9n investiga sobre arquitectura fortificada en Andaluc\u00eda, tomando ejemplos que han sido restaurados recientemente, y con casos en los que se ha producido el expolio de bienes culturales.<\/p>\n\n\n\n<p><\/p>\n\n\n\n<div class=\"wp-block-columns\">\n<div class=\"wp-block-column\">\n<div class=\"wp-block-image\"><figure class=\"aligncenter size-large\"><a href=\"https:\/\/investiga.upo.es\/investigadores\/158487\/detalle\"><img loading=\"lazy\" width=\"170\" height=\"92\" src=\"https:\/\/www.upo.es\/area-historia-arte\/wp-content\/uploads\/2024\/05\/Logo-UPO-investiga.png\" alt=\"\" class=\"wp-image-3135\"\/><\/a><\/figure><\/div>\n<\/div>\n\n\n\n<div class=\"wp-block-column is-vertically-aligned-center\">\n<div class=\"wp-block-columns\">\n<div class=\"wp-block-column\">\n<div class=\"wp-block-image\"><figure class=\"aligncenter size-large\"><a href=\"https:\/\/orcid.org\/0000-0002-7388-704X\"><img loading=\"lazy\" width=\"70\" height=\"61\" src=\"https:\/\/www.upo.es\/area-historia-arte\/wp-content\/uploads\/2024\/05\/Logo-ORCID-1.png\" alt=\"\" class=\"wp-image-3138\"\/><\/a><\/figure><\/div>\n<\/div>\n\n\n\n<div class=\"wp-block-column\">\n<div class=\"wp-block-image\"><figure class=\"aligncenter size-large\"><a href=\"https:\/\/www.scopus.com\/authid\/detail.uri?authorId=57220028907\"><img loading=\"lazy\" width=\"71\" height=\"61\" src=\"https:\/\/www.upo.es\/area-historia-arte\/wp-content\/uploads\/2024\/05\/Logo-SC-1.png\" alt=\"\" class=\"wp-image-3139\"\/><\/a><\/figure><\/div>\n<\/div>\n\n\n\n<div class=\"wp-block-column\">\n<div class=\"wp-block-image\"><figure class=\"aligncenter size-large\"><a href=\"https:\/\/dialnet.unirioja.es\/servlet\/autor?codigo=3967106\"><img loading=\"lazy\" width=\"80\" height=\"72\" src=\"https:\/\/www.upo.es\/area-historia-arte\/wp-content\/uploads\/2024\/05\/Logo-Dialnet.png\" alt=\"\" class=\"wp-image-3140\"\/><\/a><\/figure><\/div>\n<\/div>\n<\/div>\n<\/div>\n\n\n\n<div class=\"wp-block-column\">\n<div class=\"wp-block-columns\">\n<div class=\"wp-block-column\">\n<div class=\"wp-block-image\"><figure class=\"aligncenter size-large\"><a href=\"https:\/\/scholar.google.com\/citations?user=E_Uu8kUAAAAJ\"><img loading=\"lazy\" width=\"86\" height=\"70\" src=\"https:\/\/www.upo.es\/area-historia-arte\/wp-content\/uploads\/2024\/05\/Logo-Google-Academic.png\" alt=\"\" class=\"wp-image-3141\"\/><\/a><\/figure><\/div>\n<\/div>\n\n\n\n<div class=\"wp-block-column\">\n<div class=\"wp-block-image\"><figure class=\"aligncenter size-large\"><a href=\"https:\/\/upo.academia.edu\/ZaraRuizRomero\"><img loading=\"lazy\" width=\"53\" height=\"51\" src=\"https:\/\/www.upo.es\/area-historia-arte\/wp-content\/uploads\/2024\/05\/Logo-Academia.png\" alt=\"\" class=\"wp-image-3142\"\/><\/a><\/figure><\/div>\n<\/div>\n\n\n\n<div class=\"wp-block-column\"><\/div>\n<\/div>\n<\/div>\n<\/div>\n","protected":false},"excerpt":{"rendered":"<p>Licenciada en Humanidades, M\u00e1ster en Arte, Museos y Gesti\u00f3n del Patrimonio Hist\u00f3rico y Doctora en Historia y Estudios Human\u00edsticos, por[&#8230;]<\/p>\n","protected":false},"author":1,"featured_media":0,"parent":0,"menu_order":0,"comment_status":"closed","ping_status":"closed","template":"template-fullwidth.php","meta":[],"_links":{"self":[{"href":"https:\/\/www.upo.es\/area-historia-arte\/wp-json\/wp\/v2\/pages\/665"}],"collection":[{"href":"https:\/\/www.upo.es\/area-historia-arte\/wp-json\/wp\/v2\/pages"}],"about":[{"href":"https:\/\/www.upo.es\/area-historia-arte\/wp-json\/wp\/v2\/types\/page"}],"author":[{"embeddable":true,"href":"https:\/\/www.upo.es\/area-historia-arte\/wp-json\/wp\/v2\/users\/1"}],"replies":[{"embeddable":true,"href":"https:\/\/www.upo.es\/area-historia-arte\/wp-json\/wp\/v2\/comments?post=665"}],"version-history":[{"count":3,"href":"https:\/\/www.upo.es\/area-historia-arte\/wp-json\/wp\/v2\/pages\/665\/revisions"}],"predecessor-version":[{"id":3143,"href":"https:\/\/www.upo.es\/area-historia-arte\/wp-json\/wp\/v2\/pages\/665\/revisions\/3143"}],"wp:attachment":[{"href":"https:\/\/www.upo.es\/area-historia-arte\/wp-json\/wp\/v2\/media?parent=665"}],"curies":[{"name":"wp","href":"https:\/\/api.w.org\/{rel}","templated":true}]}}