{"id":69,"date":"2019-03-26T16:54:19","date_gmt":"2019-03-26T15:54:19","guid":{"rendered":"https:\/\/www.upo.es\/area-historia-arte\/?page_id=69"},"modified":"2026-04-13T17:12:09","modified_gmt":"2026-04-13T15:12:09","slug":"proyectos","status":"publish","type":"page","link":"https:\/\/www.upo.es\/area-historia-arte\/actividades\/proyectos\/","title":{"rendered":"Congresos &#038; Simposios"},"content":{"rendered":"\n<p>2026_________________________________________________________________________________________<br><br><a href=\"https:\/\/www.upo.es\/area-historia-arte\/coloquio-internacional-del-castillo-al-palacio-poder-y-representacion-en-la-andalucia-de-los-siglos-xv-y-xvi\/\" data-type=\"URL\" data-id=\"https:\/\/www.upo.es\/area-historia-arte\/coloquio-internacional-del-castillo-al-palacio-poder-y-representacion-en-la-andalucia-de-los-siglos-xv-y-xvi\/\">Coloquio internacional. Del castillo al palacio: poder y representaci\u00f3n en la Andaluc\u00eda de los siglos XV y XVI<\/a><br>Carmona<br>16 y 17 de abril de 2026<br><br><a href=\"https:\/\/www.upo.es\/area-historia-arte\/viii-simposio-jovenes-investigadores-del-barroco-iberoamericano-utraque-unum-mestizaje-y-creacion\/\" data-type=\"URL\" data-id=\"https:\/\/www.upo.es\/area-historia-arte\/viii-simposio-jovenes-investigadores-del-barroco-iberoamericano-utraque-unum-mestizaje-y-creacion\/\">VIII Simposio Internacional J\u00f3venes Investigadores del Barroco Iberoamericano. \u00abUtraque Unum. Mestizaje y creaci\u00f3n\u00bb<\/a><br>Universidad de Valladolid<br>15, 16 y 17 de abril de 2026<br><br>2025_________________________________________________________________________________________<\/p>\n\n\n\n<p><a href=\"https:\/\/www.upo.es\/area-historia-arte\/v-congreso-internacional-power-identities-and-images-of-cities-music-and-ceremonial-books-in-western-europe-from-the-middle-ages-to-modernity\/\" data-type=\"URL\" data-id=\"https:\/\/www.upo.es\/area-historia-arte\/v-congreso-internacional-power-identities-and-images-of-cities-music-and-ceremonial-books-in-western-europe-from-the-middle-ages-to-modernity\/\">V Congreso Internacional \u00abPower, identities and images of cities: Music and ceremonial books in Western Europe, from the Middle Ages to Modernity\u00bb<\/a><br>M\u00e1laga<br>12 y 13 de diciembre de 2025<\/p>\n\n\n\n<p>2024_________________________________________________________________________________________<\/p>\n\n\n\n<p><a href=\"https:\/\/jovenesceiba.com\/\">VI Simposio Internacional J\u00f3venes Investigadores del Barroco Iberoamericano. Continuidades y rupturas<\/a><br>Universidad de Granada<br>14, 15 y 16 de febrero de 2024<\/p>\n\n\n\n<p>2022_________________________________________________________________________________________<\/p>\n\n\n\n<p><a href=\"https:\/\/jovenesceiba.com\/\">V Simposio Internacional J\u00f3venes Investigadores del Barroco Iberoamericano \u00abIberoam\u00e9rica, cartograf\u00eda abierta\u00bb<\/a><br>Universitat de Val\u00e8ncia<br>19, 20 y 21 de octubre de 2022<\/p>\n\n\n\n<p><a href=\"https:\/\/www.upo.es\/investiga\/atlas-celebraciones-historia-moderna-andalucia\/congreso\/\">Congreso Internacional Itinerarios de las celebraciones p\u00fablicas y morfolog\u00eda urbana en los territorios de la monarqu\u00eda hisp\u00e1nica durante la Edad Moderna<\/a><br>Universidad Pablo de Olavide, Sevilla<br>14 y 15 de junio de 2022<\/p>\n\n\n\n<p>2019_________________________________________________________________________________________<\/p>\n\n\n\n<p><a href=\"https:\/\/www.upo.es\/area-historia-arte\/iv-simposio-internacional-jovenes-investigadores-del-barroco-iberoamericano-las-orillas-del-barroco\/\">IV Simposio Internacional J\u00f3venes Investigadores del Barroco Iberoamericano \u00abLas orillas del Barroco\u00bb<\/a><br>C\u00e1ceres \u2013 Trujillo \u2013 Guadalupe, Universidad de Extremadura<br>10, 11 y 12 de abril de 2019<\/p>\n\n\n\n<p><a href=\"https:\/\/www.upo.es\/area-historia-arte\/simposio-internacional-tornaviaje-espana-nueva-espana-siglos-xvi-xx\/\">Simposio Internacional \u00abTornaviaje Espa\u00f1a-Nueva Espa\u00f1a: siglos XVI-XX\u00bb<\/a><br>Universidad Pablo de Olavide y Archivo General de Indias, Sevilla<br>7 y 8 de marzo de 2019<\/p>\n\n\n\n<p>2018_________________________________________________________________________________________<\/p>\n\n\n\n<p><a href=\"https:\/\/www.upo.es\/area-historia-arte\/septiembre-de-2018-a-la-luz-de-roma-santos-y-santidad-en-el-barroco-iberoamericano\/\">Simposio Internacional \u00abA la luz de Roma. Santos y santidad en el barroco iberoamericano\u00bb<\/a><br>Musei Vaticani \u2013 Universit\u00e0 degli Studi Roma Tre \u2013 Biblioteca Nazionale Centrale di Roma \u2013 Real Academia de Espa\u00f1a en Roma \u2013 Roma<br>17-20 de septiembre de 2018<\/p>\n\n\n\n<p>2017_________________________________________________________________________________________<\/p>\n\n\n\n<p><a href=\"https:\/\/www.upo.es\/area-historia-arte\/junio-2017-congreso-internacional-sevilla-lusa\/\">Congreso Internacional \u00abSevilla Lusa. La naci\u00f3n portuguesa en el Reino de Sevilla en tiempos del Barroco\u00bb<\/a><br>Consulado Geral de Portugal y Universidad de Sevilla<br>5 &#8211; 7 de junio de 2017<\/p>\n\n\n\n<p><a href=\"https:\/\/www.upo.es\/area-historia-arte\/marzo-2017-iii-simposio-internacional-jovenes-investigadores-del-barroco-iberoamericano-no-hay-mas-que-un-mundo-globalizacion-artistica-y-cultural\/\">III Simposio Internacional J\u00f3venes Investigadores del Barroco Iberoamericano. \u00abNo hay m\u00e1s que un mundo: globalizaci\u00f3n art\u00edstica y cultural\u00bb<\/a><br>Universidad Pablo de Olavide, Sevilla<br>13, 14 y 15 de marzo de 2017<\/p>\n\n\n\n<p>2016_________________________________________________________________________________________<\/p>\n\n\n\n<p><a href=\"https:\/\/www.upo.es\/area-historia-arte\/noviembre-2016-i-congreso-internacional-agua-cultura-y-territorio-en-centroamerica\/\">I Congreso Internacional \u00abAgua, cultura y territorio en Centroam\u00e9rica\u00bb<\/a><br>Universidad Nacional de Costa Rica, Costa Rica<br>14-18 de noviembre de 2016<\/p>\n\n\n\n<p><a href=\"https:\/\/www.upo.es\/area-historia-arte\/junio-2016-presentacion-de-los-libros-del-ii-simposio-jovenes-investigadores-del-barroco-iberoamericano\/\">Presentaci\u00f3n de los libros del II Simposio J\u00f3venes Investigadores del Barroco Iberoamericano<\/a><br>Casa de la Provincia, Sevilla<br>23 de junio de 2016<\/p>\n\n\n\n<p>2015_________________________________________________________________________________________<\/p>\n\n\n\n<p><a href=\"https:\/\/www.upo.es\/area-historia-arte\/i-simposio-internacional-centroamerica-patrimonio-vivo\/\">I Simposio Internacional \u00abCentroam\u00e9rica Patrimonio Vivo\u00bb<\/a><br>Universidad Pablo de Olavide y Escuela de Estudios Hispano-Americanos (CSIC), Sevilla<br>11, 12 y 13 de noviembre de 2015<\/p>\n\n\n\n<p><a href=\"https:\/\/www.upo.es\/area-historia-arte\/ii-simposio-internacional-jovenes-investigadores-del-barroco-iberoamericano-arte-y-patrimonio-traficos-transoceanicos\/\">II Simposio Internacional J\u00f3venes Investigadores del Barroco Iberoamericano \u00abArte y Patrimonio: tr\u00e1ficos transoce\u00e1nicos\u00bb<\/a><br>Facultad de Ciencias Humanas y Sociales, Universitat Jaume I, Castell\u00f3n<br>15, 16 y 17 de abril de 2015<\/p>\n\n\n\n<p>2013_________________________________________________________________________________________<\/p>\n\n\n\n<p><a href=\"https:\/\/www.upo.es\/area-historia-arte\/i-simposio-internacional-jovenes-investigadores-del-barroco-iberoamericano-santiago-de-compostela-27-29-de-mayo-de-2013%ef%bb%bf\/\">I Simposio Internacional J\u00f3venes Investigadores del Barroco Iberoamericano \u00abIdentidades Culturales de un Imperio Barroco\u00bb<\/a><br>Universidade de Santiago de Compostela<br>27-29 de mayo de 2013<\/p>\n\n\n\n<p>2012_________________________________________________________________________________________<\/p>\n\n\n\n<p><a href=\"https:\/\/www.upo.es\/area-historia-arte\/v-simposio-internacional-de-arte-y-patrimonio-arquitectura-vernacula-y-paisajes-culturales-sevilla-29-de-noviembre-5-de-diciembre-de-2012\/\">V Simposio Internacional de \u00abArte y Patrimonio: Arquitectura Vern\u00e1cula y Paisajes Culturales\u00bb<\/a><br>Casa de la Provincia y Escuela de Estudios Hispano-Americanos (CSIC), Sevilla<br>29 de noviembre &#8211; 5 de diciembre de 2012<\/p>\n\n\n\n<p><a href=\"https:\/\/www.upo.es\/area-historia-arte\/iv-simposio-internacional-de-arte-y-patrimonio-barroco-iberoamericano\/\">IV Simposio Internacional de \u00abArte y Patrimonio Barroco Iberoamericano\u00bb<\/a><br>Universidad Pablo de Olavide, Sevilla<br>18 y 19 de octubre de 2012 <\/p>\n\n\n\n<p><a href=\"https:\/\/www.upo.es\/area-historia-arte\/taller-internacional-estudios-de-paisajes-culturales-productivos\/\">Taller internacional \u00abEstudios de Paisajes Culturales Productivos\u00bb<\/a><br>Universidad Nacional de Colombia, Colombia<br>30-31 de julio y 1-4 de agosto de 2012 <\/p>\n\n\n\n<p><a href=\"https:\/\/www.upo.es\/area-historia-arte\/congreso-internacional-paisajes-culturales-y-arquitectura-vernacula-2\/\">Congreso Internacional \u00abPaisajes Culturales y Arquitectura Vern\u00e1cula\u00bb<\/a><br>Universidad Nacional de Colombia, Universidad de la Salle, Bogot\u00e1<br>7 y 8 de mayo de 2012<\/p>\n\n\n\n<p><a href=\"https:\/\/www.upo.es\/area-historia-arte\/iii-simposio-internacional-de-arte-y-patrimonio-barroco-iberoamericano\/\">III Simposio Internacional de \u00abArte y Patrimonio Barroco Iberoamericano\u00bb<\/a><br>Universidad Pablo de Olavide, Sevilla<br>16 al 19 de abril de 2012<\/p>\n\n\n\n<p>2011_________________________________________________________________________________________<\/p>\n\n\n\n<p><a href=\"https:\/\/www.upo.es\/area-historia-arte\/ii-simposio-internacional-de-arte-y-patrimonio-arquitectura-vernacula-iberoamericana-2\/\">II Simposio Internacional de \u00abArte y Patrimonio. Arquitectura Vern\u00e1cula Iberoamericana\u00bb<\/a><br>Universidad Pablo de Olavide y Universidad Ricardo Palma, Lima<br>26 al 29 de septiembre de 2011 <\/p>\n\n\n\n<p><a href=\"https:\/\/www.upo.es\/area-historia-arte\/simposio-internacional-de-arte-y-patrimonio-en-espana-y-america-memorias-y-percepciones\/\">Simposio Internacional de \u00abArte y Patrimonio en Espa\u00f1a y Am\u00e9rica. Memorias y Percepciones\u00bb<\/a><br>Universidad Pablo de Olavide y Escuela de Estudios Hispano-Americanos (CSIC), Sevilla<br>15 al 17 de junio de 2011<\/p>\n\n\n\n<p>2001-2007____________________________________________________________________________________<\/p>\n\n\n\n<p><a href=\"https:\/\/www.upo.es\/area-historia-arte\/congreso-internacional-sevilla-y-corte-las-artes-y-el-lustro-real-1729-1733\/\">Congreso Internacional \u00abSevilla y Corte. Las Artes y el Lustro Real (1729-1733)\u00bb<br><\/a>Casa de Vel\u00e1zquez, Madrid, y Universidad Pablo de Olavide, Sevilla<br>7 &#8211; 8 de mayo y 10 &#8211; 11 de mayo de 2007 <\/p>\n\n\n\n<p>IV Congreso Internacional de \u00abBarroco Iberoamericano\u00bb<br>Ouro Preto, Brasil<br>Noviembre 2006 <\/p>\n\n\n\n<p><a href=\"https:\/\/www.upo.es\/area-historia-arte\/i-congreso-internacional-de-arquitectura-vernacula-en-el-mundo-iberico\/\">I Congreso Internacional de \u00abArquitectura Vern\u00e1cula en el Mundo Ib\u00e9rico\u00bb<\/a><br>Universidad Pablo de Olavide, Espacio de Carmona<br>26 al 28 de octubre de 2005 <\/p>\n\n\n\n<p>III Congreso Internacional de \u00abBarroco Iberoamericano\u00bb<br>Universidad Pablo de Olavide, Sevilla<br>8 al 12 de octubre de 2001 <\/p>\n","protected":false},"excerpt":{"rendered":"<p>2026_________________________________________________________________________________________ Coloquio internacional. Del castillo al palacio: poder y representaci\u00f3n en la Andaluc\u00eda de los siglos XV y XVICarmona16 y[&#8230;]<\/p>\n","protected":false},"author":1,"featured_media":0,"parent":55,"menu_order":1,"comment_status":"closed","ping_status":"closed","template":"template-fullwidth.php","meta":[],"_links":{"self":[{"href":"https:\/\/www.upo.es\/area-historia-arte\/wp-json\/wp\/v2\/pages\/69"}],"collection":[{"href":"https:\/\/www.upo.es\/area-historia-arte\/wp-json\/wp\/v2\/pages"}],"about":[{"href":"https:\/\/www.upo.es\/area-historia-arte\/wp-json\/wp\/v2\/types\/page"}],"author":[{"embeddable":true,"href":"https:\/\/www.upo.es\/area-historia-arte\/wp-json\/wp\/v2\/users\/1"}],"replies":[{"embeddable":true,"href":"https:\/\/www.upo.es\/area-historia-arte\/wp-json\/wp\/v2\/comments?post=69"}],"version-history":[{"count":26,"href":"https:\/\/www.upo.es\/area-historia-arte\/wp-json\/wp\/v2\/pages\/69\/revisions"}],"predecessor-version":[{"id":3537,"href":"https:\/\/www.upo.es\/area-historia-arte\/wp-json\/wp\/v2\/pages\/69\/revisions\/3537"}],"up":[{"embeddable":true,"href":"https:\/\/www.upo.es\/area-historia-arte\/wp-json\/wp\/v2\/pages\/55"}],"wp:attachment":[{"href":"https:\/\/www.upo.es\/area-historia-arte\/wp-json\/wp\/v2\/media?parent=69"}],"curies":[{"name":"wp","href":"https:\/\/api.w.org\/{rel}","templated":true}]}}