{"id":71,"date":"2019-03-26T16:54:49","date_gmt":"2019-03-26T15:54:49","guid":{"rendered":"https:\/\/www.upo.es\/area-historia-arte\/?page_id=71"},"modified":"2022-03-30T18:28:21","modified_gmt":"2022-03-30T16:28:21","slug":"proyectos-simposios","status":"publish","type":"page","link":"https:\/\/www.upo.es\/area-historia-arte\/actividades\/proyectos-simposios\/","title":{"rendered":"Proyectos"},"content":{"rendered":"\n<p><strong>2021-2022.<\/strong> Proyecto I+D+i. PAIDI 2021 P20_00838 <a href=\"https:\/\/www.upo.es\/investiga\/atlas-celebraciones-historia-moderna-andalucia\/\"><em>Atlas hist\u00f3rico de las celebraciones p\u00fablicas en Andaluc\u00eda durante la Edad Moderna<\/em>.<\/a> Investigador principal: Francisco Ollero Lobato (Universidad Pablo de Olavide). Cofinanciado por el Fondo Europeo de Desarrollo Regional (FEDER) y por la Consejer\u00eda de Transformaci\u00f3n Econ\u00f3mica, Industria, Conocimiento y Universidades de la Junta de Andaluc\u00eda, en el marco del programa operativo FEDER Andaluc\u00eda 2014-2020 Objetivo tem\u00e1tico\u00a0 \u201c01 &#8211; Refuerzo de la investigaci\u00f3n, el desarrollo tecnol\u00f3gico y la innovaci\u00f3n\u201d. Porcentaje de cofinanciaci\u00f3n FEDER 80%.<\/p>\n\n\n\n<p><strong>2020-2022.<\/strong> <em>Nuevas ideas y dise\u00f1os en la esfera del territorio colonial. Urbanismo, arquitectura y programas ilustrados en la Banda Oriental de Uruguay (1770-1810)<\/em>. Proyecto I+D 477\/2020 CSIC-UDELAR de la Rep\u00fablica de Uruguay. Investigadores principales: William Rey Ahsfield (Universidad de la Rep\u00fablica) y Francisco Ollero Lobato (Universidad Pablo de Olavide).<\/p>\n\n\n\n<p><strong>2020-2021.<\/strong> <a href=\"https:\/\/www.upo.es\/investigacion\/ruinas-expolios-intervenciones-patrimonio-cultural\/?p=1\">Ruinas, expolios e intervenciones en el patrimonio cultural.&nbsp;<\/a>Proyecto I+D+i (ref. UPO-1264180) financiado por el Fondo Europeo de Desarrollo Regional (FEDER) y la Consejer\u00eda de Transformaci\u00f3n Econ\u00f3mica, Industria, Conocimiento y Universidades, de la Junta de Andaluc\u00eda, en el marco del Programa Operativo FEDER Andaluc\u00eda 2014-2020 (objetivo espec\u00edfico 1.2.3. \u201cFomento y generaci\u00f3n de conocimiento frontera y de conocimiento orientado a los retos de la sociedad, desarrollo de tecnolog\u00edas emergentes\u201d, porcentaje de cofinanciaci\u00f3n FEDER 80%).<\/p>\n\n\n\n<p><strong>2015-2018.<\/strong>&nbsp;<a href=\"https:\/\/www.upo.es\/investigacion\/ruinas-expolios-intervenciones-patrimonio-cultural\/?p=1\">Ruinas, expolios e intervenciones en el patrimonio cultural.&nbsp;<\/a>Proyecto del Plan Estatal de I+D [DER2014-52947-P], financiado por el Ministerio de Econom\u00eda y Competitividad.<\/p>\n\n\n\n<p><strong>2009-2012. <\/strong><a href=\"https:\/\/www.upo.es\/area-historia-arte\/visibilia-red-de-patrimonio-artistico-de-andalucia\/\">Visibilia. Red de Patrimonio Art\u00edstico de Andaluc\u00eda<\/a>. Proyecto Motriz de Excelencia de la Junta de Andaluc\u00eda [P09-HUM-4523].<\/p>\n\n\n\n<p><strong>2012<\/strong>.&nbsp;<a href=\"https:\/\/www.upo.es\/area-historia-arte\/red-de-arquitectura-vernacula-iberoamericana-red-avi\/\">Red de Arquitectura Vern\u00e1cula Iberoamericana (Red-Avi).<\/a> Universidad Pablo de Olavide de Sevilla y Universidad Nacional de Colombia-Sede Manizales. Acci\u00f3n intregada de la Agencia Espa\u00f1ola de Cooperaci\u00f3n Internacional para el Desarrollo &#8211; AECID, Espa\u00f1a [A3\/041329\/11].<\/p>\n\n\n\n<p><strong>2011<\/strong>.&nbsp;<a href=\"https:\/\/www.upo.es\/area-historia-arte\/red-de-arquitectura-vernacula-iberoamericana-red-avi\/\">Red de Arquitectura Vern\u00e1cula Iberoamericana (Red-Avi).<\/a> Universidad Pablo de Olavide de Sevilla y Universidad Ricardo Palma de Lima. Acci\u00f3n preparatoria de la Agencia Espa\u00f1ola de Cooperaci\u00f3n Internacional para el Desarrollo &#8211; AECID, Espa\u00f1a [C\/031806\/10].<\/p>\n\n\n\n<p><strong>2007.&nbsp;<\/strong><a href=\"https:\/\/www.upo.es\/area-historia-arte\/congreso-internacional-sevilla-y-corte-las-artes-y-el-lustro-real-1729-1733\/\">Sevilla y Corte. Las Artes y el Lustro Real (1729-1733).<\/a>&nbsp;Para la organizaci\u00f3n de un Coloquio, bajo el patrocinio de la Universidad Pablo de Olavide y la Casa de Vel\u00e1zquez. Financiado por el Ministerio de Ciencia e Innovaci\u00f3n. Programa de Acciones Complementarias.<\/p>\n\n\n\n<p><strong>2006. El Arzobispo sevillano de origen genov\u00e9s Agust\u00edn de\nSp\u00ednola como coleccionista y promotor de obras de arte, en los archivos\nsevillanos.&nbsp;<\/strong>Investigaci\u00f3n para el conocimiento de una figura clave en\nel desarrollo del barroco sevillano y su conexi\u00f3n con el esp\u00edritu europeo.\nFinanciado por el Centro de Estudios de la Europa Hisp\u00e1nica.<\/p>\n\n\n\n<p><strong>2005. Congreso Internacional sobre Arquitectura Vern\u00e1cula\nen el Mundo Ib\u00e9rico.&nbsp;<\/strong>Programa de Acciones Complementarias para\norganizaci\u00f3n de un Congreso e inicio del proyecto de creaci\u00f3n de un Centro de\nEstudios de la Arquitectura Vern\u00e1cula. Financiaci\u00f3n del Ministerio de Ciencia e\nInnovaci\u00f3n.&nbsp;&nbsp;<\/p>\n","protected":false},"excerpt":{"rendered":"<p>2021-2022. Proyecto I+D+i. PAIDI 2021 P20_00838 Atlas hist\u00f3rico de las celebraciones p\u00fablicas en Andaluc\u00eda durante la Edad Moderna. Investigador principal:[&#8230;]<\/p>\n","protected":false},"author":1,"featured_media":0,"parent":55,"menu_order":2,"comment_status":"closed","ping_status":"closed","template":"template-fullwidth.php","meta":[],"_links":{"self":[{"href":"https:\/\/www.upo.es\/area-historia-arte\/wp-json\/wp\/v2\/pages\/71"}],"collection":[{"href":"https:\/\/www.upo.es\/area-historia-arte\/wp-json\/wp\/v2\/pages"}],"about":[{"href":"https:\/\/www.upo.es\/area-historia-arte\/wp-json\/wp\/v2\/types\/page"}],"author":[{"embeddable":true,"href":"https:\/\/www.upo.es\/area-historia-arte\/wp-json\/wp\/v2\/users\/1"}],"replies":[{"embeddable":true,"href":"https:\/\/www.upo.es\/area-historia-arte\/wp-json\/wp\/v2\/comments?post=71"}],"version-history":[{"count":18,"href":"https:\/\/www.upo.es\/area-historia-arte\/wp-json\/wp\/v2\/pages\/71\/revisions"}],"predecessor-version":[{"id":2722,"href":"https:\/\/www.upo.es\/area-historia-arte\/wp-json\/wp\/v2\/pages\/71\/revisions\/2722"}],"up":[{"embeddable":true,"href":"https:\/\/www.upo.es\/area-historia-arte\/wp-json\/wp\/v2\/pages\/55"}],"wp:attachment":[{"href":"https:\/\/www.upo.es\/area-historia-arte\/wp-json\/wp\/v2\/media?parent=71"}],"curies":[{"name":"wp","href":"https:\/\/api.w.org\/{rel}","templated":true}]}}