{"id":75,"date":"2019-03-26T16:55:48","date_gmt":"2019-03-26T15:55:48","guid":{"rendered":"https:\/\/www.upo.es\/area-historia-arte\/?page_id=75"},"modified":"2019-05-16T11:29:25","modified_gmt":"2019-05-16T09:29:25","slug":"master","status":"publish","type":"page","link":"https:\/\/www.upo.es\/area-historia-arte\/postgrado\/master\/","title":{"rendered":"M\u00e1ster universitario oficial en Arte, Museos y Gesti\u00f3n del Patrimonio Hist\u00f3rico"},"content":{"rendered":"\n<p><\/p>\n\n\n\n<div class=\"wp-block-image\"><figure class=\"aligncenter is-resized\"><img loading=\"lazy\" src=\"https:\/\/www.upo.es\/area-historia-arte\/wp-content\/uploads\/2019\/05\/Master_Oficial_Arte_Museos_y_Gestion_del_Patrimonio_Historico_2013_2014_UPO-1_page-0001-719x1024.jpg\" alt=\"\" class=\"wp-image-1271\" width=\"382\" height=\"544\" srcset=\"https:\/\/www.upo.es\/area-historia-arte\/wp-content\/uploads\/2019\/05\/Master_Oficial_Arte_Museos_y_Gestion_del_Patrimonio_Historico_2013_2014_UPO-1_page-0001-719x1024.jpg 719w, https:\/\/www.upo.es\/area-historia-arte\/wp-content\/uploads\/2019\/05\/Master_Oficial_Arte_Museos_y_Gestion_del_Patrimonio_Historico_2013_2014_UPO-1_page-0001-210x300.jpg 210w, https:\/\/www.upo.es\/area-historia-arte\/wp-content\/uploads\/2019\/05\/Master_Oficial_Arte_Museos_y_Gestion_del_Patrimonio_Historico_2013_2014_UPO-1_page-0001-768x1095.jpg 768w, https:\/\/www.upo.es\/area-historia-arte\/wp-content\/uploads\/2019\/05\/Master_Oficial_Arte_Museos_y_Gestion_del_Patrimonio_Historico_2013_2014_UPO-1_page-0001.jpg 1223w\" sizes=\"(max-width: 382px) 100vw, 382px\" \/><\/figure><\/div>\n\n\n\n<p style=\"text-align:center\"><a href=\"https:\/\/www.upo.es\/master-arte-museos-gestion-patrimonio-historico\/\">Para m\u00e1s informaci\u00f3n visita la web oficial del M\u00e1ster<\/a><\/p>\n","protected":false},"excerpt":{"rendered":"<p>Para m\u00e1s informaci\u00f3n visita la web oficial del M\u00e1ster<\/p>\n","protected":false},"author":1,"featured_media":0,"parent":57,"menu_order":1,"comment_status":"closed","ping_status":"closed","template":"template-fullwidth.php","meta":[],"_links":{"self":[{"href":"https:\/\/www.upo.es\/area-historia-arte\/wp-json\/wp\/v2\/pages\/75"}],"collection":[{"href":"https:\/\/www.upo.es\/area-historia-arte\/wp-json\/wp\/v2\/pages"}],"about":[{"href":"https:\/\/www.upo.es\/area-historia-arte\/wp-json\/wp\/v2\/types\/page"}],"author":[{"embeddable":true,"href":"https:\/\/www.upo.es\/area-historia-arte\/wp-json\/wp\/v2\/users\/1"}],"replies":[{"embeddable":true,"href":"https:\/\/www.upo.es\/area-historia-arte\/wp-json\/wp\/v2\/comments?post=75"}],"version-history":[{"count":7,"href":"https:\/\/www.upo.es\/area-historia-arte\/wp-json\/wp\/v2\/pages\/75\/revisions"}],"predecessor-version":[{"id":1272,"href":"https:\/\/www.upo.es\/area-historia-arte\/wp-json\/wp\/v2\/pages\/75\/revisions\/1272"}],"up":[{"embeddable":true,"href":"https:\/\/www.upo.es\/area-historia-arte\/wp-json\/wp\/v2\/pages\/57"}],"wp:attachment":[{"href":"https:\/\/www.upo.es\/area-historia-arte\/wp-json\/wp\/v2\/media?parent=75"}],"curies":[{"name":"wp","href":"https:\/\/api.w.org\/{rel}","templated":true}]}}