{"id":1042,"date":"2019-12-11T11:52:19","date_gmt":"2019-12-11T10:52:19","guid":{"rendered":"https:\/\/www.upo.es\/biblioteca\/blog\/ciencia\/?page_id=1042"},"modified":"2020-02-17T13:27:33","modified_gmt":"2020-02-17T12:27:33","slug":"porcentaje-de-documentos-en-open-access-por-areas-tematicas","status":"publish","type":"page","link":"https:\/\/www.upo.es\/biblioteca\/blog\/ciencia\/areas-tematicas\/porcentaje-de-documentos-en-open-access-por-areas-tematicas\/","title":{"rendered":"Porcentaje de Documentos en Open Access  por \u00e1reas tem\u00e1ticas"},"content":{"rendered":"\n<p style=\"text-align: left;\"><a class=\"fasc-button fasc-size-large fasc-type-glossy fasc-rounded-medium fasc-style-bold\" style=\"background-color: #fcb825; color: #003072;\" href=\"https:\/\/www.upo.es\/biblioteca\/blog\/ciencia\/areas-tematicas\/produccion-cientifica-por-areas-tematicas\/\">Producci\u00f3n cient\u00edfica<\/a>&nbsp;&nbsp;<a class=\"fasc-button fasc-size-large fasc-type-glossy fasc-rounded-medium fasc-style-bold\" style=\"background-color: #fcb825; color: #003072;\" href=\"https:\/\/www.upo.es\/biblioteca\/blog\/ciencia\/areas-tematicas\/citacion-por-areas-tematicas\/\">Citaci\u00f3n<\/a> &nbsp;<a class=\"fasc-button fasc-size-large fasc-type-glossy fasc-rounded-medium fasc-style-bold\" style=\"background-color: #fcb825; color: #003072;\" href=\"https:\/\/www.upo.es\/biblioteca\/blog\/ciencia\/areas-tematicas\/porcentaje-de-documentos-en-colaboracion-internacional-por-areas-tematicas\/\">Colaboraci\u00f3n internacional<\/a>&nbsp;&nbsp;<a class=\"fasc-button fasc-size-large fasc-type-glossy fasc-rounded-medium fasc-style-bold\" style=\"background-color: #003072; color: #ffffff;\" href=\"https:\/\/www.upo.es\/biblioteca\/blog\/ciencia\/areas-tematicas\/porcentaje-de-documentos-en-open-access-por-areas-tematicas\/\">Open Access<\/a><\/p>\n\n\n\n<div class=\"visualizer-front-container\"><style type=\"text\/css\" name=\"visualizer-custom-css\" id=\"customcss-visualizer-340\">.locker,.locker-loader{position:absolute;top:0;left:0;width:100%;height:100%}.locker{z-index:1000;opacity:.8;background-color:#fff;-ms-filter:\"progid:DXImageTransform.Microsoft.Alpha(Opacity=80)\";filter:alpha(opacity=80)}.locker-loader{z-index:1001;background:url(https:\/\/www.upo.es\/biblioteca\/blog\/ciencia\/wp-content\/plugins\/visualizer\/images\/ajax-loader.gif) no-repeat center center}.dt-button{display:none!important}.visualizer-front-container.visualizer-lazy-render{content-visibility: auto;}<\/style><div id=\"visualizer-340-1853942770\"class=\"visualizer-front  visualizer-front-340\"><\/div><!-- Not showing structured data for chart 340 because description is empty --><\/div>\n\n\n\n\n<table id=\"tablepress-7\" class=\"tablepress tablepress-id-7\">\n<thead>\n<tr class=\"row-1 odd\">\n\t<th class=\"column-1\">\u00c1rea<\/th><th class=\"column-2\">% Documentos en Open Access<\/th>\n<\/tr>\n<\/thead>\n<tbody class=\"row-hover\">\n<tr class=\"row-2 even\">\n\t<td class=\"column-1\">Multidisciplinary<\/td><td class=\"column-2\">100<\/td>\n<\/tr>\n<tr class=\"row-3 odd\">\n\t<td class=\"column-1\">Microbiology<\/td><td class=\"column-2\">68.97<\/td>\n<\/tr>\n<tr class=\"row-4 even\">\n\t<td class=\"column-1\">Psychiatry\/Psychology<\/td><td class=\"column-2\">50<\/td>\n<\/tr>\n<tr class=\"row-5 odd\">\n\t<td class=\"column-1\">Biology &amp; Biochemistry<\/td><td class=\"column-2\">41.73<\/td>\n<\/tr>\n<tr class=\"row-6 even\">\n\t<td class=\"column-1\">Neuroscience &amp; Behavior<\/td><td class=\"column-2\">38.32<\/td>\n<\/tr>\n<tr class=\"row-7 odd\">\n\t<td class=\"column-1\">Molecular Biology &amp; Genetics<\/td><td class=\"column-2\">34.19<\/td>\n<\/tr>\n<tr class=\"row-8 even\">\n\t<td class=\"column-1\">Social Sciences, general<\/td><td class=\"column-2\">30.13<\/td>\n<\/tr>\n<tr class=\"row-9 odd\">\n\t<td class=\"column-1\">Environment\/Ecology<\/td><td class=\"column-2\">26.97<\/td>\n<\/tr>\n<tr class=\"row-10 even\">\n\t<td class=\"column-1\">Clinical Medicine<\/td><td class=\"column-2\">23.29<\/td>\n<\/tr>\n<tr class=\"row-11 odd\">\n\t<td class=\"column-1\">Physics<\/td><td class=\"column-2\">21.62<\/td>\n<\/tr>\n<tr class=\"row-12 even\">\n\t<td class=\"column-1\">Plant &amp; Animal Science<\/td><td class=\"column-2\">20.89<\/td>\n<\/tr>\n<tr class=\"row-13 odd\">\n\t<td class=\"column-1\">Materials Science<\/td><td class=\"column-2\">17.07<\/td>\n<\/tr>\n<tr class=\"row-14 even\">\n\t<td class=\"column-1\">Mathematics<\/td><td class=\"column-2\">13.16<\/td>\n<\/tr>\n<tr class=\"row-15 odd\">\n\t<td class=\"column-1\">Engineering<\/td><td class=\"column-2\">11.36<\/td>\n<\/tr>\n<tr class=\"row-16 even\">\n\t<td class=\"column-1\">Agricultural Sciences<\/td><td class=\"column-2\">11.3<\/td>\n<\/tr>\n<tr class=\"row-17 odd\">\n\t<td class=\"column-1\">Economics &amp; Business<\/td><td class=\"column-2\">11.17<\/td>\n<\/tr>\n<tr class=\"row-18 even\">\n\t<td class=\"column-1\">Chemistry<\/td><td class=\"column-2\">8.92<\/td>\n<\/tr>\n<tr class=\"row-19 odd\">\n\t<td class=\"column-1\">Computer Science<\/td><td class=\"column-2\">7.69<\/td>\n<\/tr>\n<tr class=\"row-20 even\">\n\t<td class=\"column-1\">Pharmacology &amp; Toxicology<\/td><td class=\"column-2\">7.69<\/td>\n<\/tr>\n<tr class=\"row-21 odd\">\n\t<td class=\"column-1\">Geosciences<\/td><td class=\"column-2\">4.55<\/td>\n<\/tr>\n<tr class=\"row-22 even\">\n\t<td class=\"column-1\">Immunology<\/td><td class=\"column-2\">0<\/td>\n<\/tr>\n<tr class=\"row-23 odd\">\n\t<td class=\"column-1\">Space Science<\/td><td class=\"column-2\">0<\/td>\n<\/tr>\n<\/tbody>\n<\/table>\n<!-- #tablepress-7 from cache -->\n","protected":false},"excerpt":{"rendered":"<p>Producci\u00f3n cient\u00edfica&nbsp;&nbsp;Citaci\u00f3n &nbsp;Colaboraci\u00f3n internacional&nbsp;&nbsp;Open Access &nbsp;<\/p>\n","protected":false},"author":4,"featured_media":0,"parent":1017,"menu_order":0,"comment_status":"closed","ping_status":"closed","template":"page-templates\/full-width.php","meta":[],"uagb_featured_image_src":{"full":false,"thumbnail":false,"medium":false,"medium_large":false,"large":false,"1536x1536":false,"2048x2048":false},"uagb_author_info":{"display_name":"Sara Perea Vargas","author_link":"https:\/\/www.upo.es\/biblioteca\/blog\/ciencia\/author\/spervar\/"},"uagb_comment_info":0,"uagb_excerpt":"Producci\u00f3n cient\u00edfica&nbsp;&nbsp;Citaci\u00f3n &nbsp;Colaboraci\u00f3n internacional&nbsp;&nbsp;Open Access &nbsp;","_links":{"self":[{"href":"https:\/\/www.upo.es\/biblioteca\/blog\/ciencia\/wp-json\/wp\/v2\/pages\/1042"}],"collection":[{"href":"https:\/\/www.upo.es\/biblioteca\/blog\/ciencia\/wp-json\/wp\/v2\/pages"}],"about":[{"href":"https:\/\/www.upo.es\/biblioteca\/blog\/ciencia\/wp-json\/wp\/v2\/types\/page"}],"author":[{"embeddable":true,"href":"https:\/\/www.upo.es\/biblioteca\/blog\/ciencia\/wp-json\/wp\/v2\/users\/4"}],"replies":[{"embeddable":true,"href":"https:\/\/www.upo.es\/biblioteca\/blog\/ciencia\/wp-json\/wp\/v2\/comments?post=1042"}],"version-history":[{"count":3,"href":"https:\/\/www.upo.es\/biblioteca\/blog\/ciencia\/wp-json\/wp\/v2\/pages\/1042\/revisions"}],"predecessor-version":[{"id":1683,"href":"https:\/\/www.upo.es\/biblioteca\/blog\/ciencia\/wp-json\/wp\/v2\/pages\/1042\/revisions\/1683"}],"up":[{"embeddable":true,"href":"https:\/\/www.upo.es\/biblioteca\/blog\/ciencia\/wp-json\/wp\/v2\/pages\/1017"}],"wp:attachment":[{"href":"https:\/\/www.upo.es\/biblioteca\/blog\/ciencia\/wp-json\/wp\/v2\/media?parent=1042"}],"curies":[{"name":"wp","href":"https:\/\/api.w.org\/{rel}","templated":true}]}}