{"id":2246,"date":"2020-06-26T12:23:14","date_gmt":"2020-06-26T10:23:14","guid":{"rendered":"https:\/\/www.upo.es\/biblioteca\/blog\/ciencia\/?page_id=2246"},"modified":"2021-09-02T14:03:56","modified_gmt":"2021-09-02T12:03:56","slug":"boletines-de-produccion-cientifica","status":"publish","type":"page","link":"https:\/\/www.upo.es\/biblioteca\/blog\/ciencia\/boletines-de-produccion-cientifica\/","title":{"rendered":"Boletines de producci\u00f3n cient\u00edfica"},"content":{"rendered":"\n<div class=\"wp-block-group\"><div class=\"wp-block-group__inner-container\">\n<div class=\"wp-block-columns\">\n<div class=\"wp-block-column\">\n<p> Desde hace algunos a\u00f1os desde la <a href=\"https:\/\/www.upo.es\/biblioteca\">Biblioteca\/CRAI <\/a>hemos venido <strong>recopilando la producci\u00f3n cient\u00edfica<\/strong> de los investigadores de la Universidad, tanto en <a href=\"https:\/\/guiasbib.upo.es\/go.php?c=30982561\">Web of Science<\/a> como en <a href=\"https:\/\/guiasbib.upo.es\/go.php?c=30984434\">Scopus<\/a>. <\/p>\n\n\n\n<p> Desde inicios de <strong>2020<\/strong>, adem\u00e1s, hemos conseguido recuperar tambi\u00e9n la producci\u00f3n volcada en <a href=\"https:\/\/guiasbib.upo.es\/go.php?c=30984189\">Dialnet<\/a>. Gracias a ello, es posible tener noticia adem\u00e1s de una buena parte de la producci\u00f3n cient\u00edfica institucional en las ramas de <strong>Ciencias Sociales y Humanidades<\/strong>, y tambi\u00e9n en tipos documentales distintos a los art\u00edculos de revista (libros y actas de congresos principalmente), que est\u00e1n infrarrepresentados en las dos fuentes internacionales de referencia. <\/p>\n\n\n\n<p> Hemos querido aprovechar esta circunstancia para hacer que la frecuencia de publicaci\u00f3n sea ahora <strong>mensual<\/strong> y que, adem\u00e1s, incluya el <strong>resumen<\/strong> de las publicaciones, de modo que pueda usarse no solo como instrumento para medici\u00f3n, sino tambi\u00e9n para la informaci\u00f3n sobre las tem\u00e1ticas en las que se trabaja y publica en la Universidad. <\/p>\n<\/div>\n\n\n\n<div class=\"wp-block-column\">\n<figure class=\"wp-block-image size-large\"><img loading=\"lazy\" width=\"892\" height=\"777\" src=\"https:\/\/www.upo.es\/biblioteca\/blog\/ciencia\/wp-content\/uploads\/2020\/06\/dialnet.png\" alt=\"Captura de pantalla de Dialnet\" class=\"wp-image-2249\" srcset=\"https:\/\/www.upo.es\/biblioteca\/blog\/ciencia\/wp-content\/uploads\/2020\/06\/dialnet.png 892w, https:\/\/www.upo.es\/biblioteca\/blog\/ciencia\/wp-content\/uploads\/2020\/06\/dialnet-300x261.png 300w, https:\/\/www.upo.es\/biblioteca\/blog\/ciencia\/wp-content\/uploads\/2020\/06\/dialnet-768x669.png 768w\" sizes=\"(max-width: 892px) 100vw, 892px\" \/><\/figure>\n<\/div>\n<\/div>\n<\/div><\/div>\n\n\n\n<p><\/p>\n\n\n\n<p><a href=\"https:\/\/rio.upo.es\/xmlui\/handle\/10433\/8106\" target=\"_blank\" rel=\"noreferrer noopener\">Todos los boletines est\u00e1n accesibles en el Repositorio Institucional Olavide (RIO).<\/a>  <\/p>\n\n\n\n<p>A continuaci\u00f3n se listan los boletines de producci\u00f3n cient\u00edfica correspondientes al a\u00f1o 2021<br><br>Universidad Pablo de Olavide. Biblioteca\/CRAI (2021).\u00a0<em>Producci\u00f3n cient\u00edfica de la Universidad Pablo de Olavide,<\/em> <em>julio 2021 <\/em>(N.\u00ba 7\/2021). Universidad Pablo de Olavide. Disponible en <a href=\"http:\/\/hdl.handle.net\/10433\/11498\"><a rel=\"noreferrer noopener\" href=\"http:\/\/hdl.handle.net\/10433\/11498\" target=\"_blank\">http:\/\/hdl.handle.net\/10433\/11498<\/a><\/a><br><br>Universidad Pablo de Olavide. Biblioteca\/CRAI (2021).\u00a0<em>Producci\u00f3n cient\u00edfica de la Universidad Pablo de Olavide,<\/em> <em>junio 2021 <\/em>(N.\u00ba 6\/2021). Universidad Pablo de Olavide. Disponible en <a rel=\"noreferrer noopener\" href=\"http:\/\/hdl.handle.net\/10433\/11270\" target=\"_blank\">http:\/\/hdl.handle.net\/10433\/11270<\/a><br><br>Universidad Pablo de Olavide. Biblioteca\/CRAI (2021).\u00a0<em>Producci\u00f3n cient\u00edfica de la Universidad Pablo de Olavide, mayo 2021 <\/em>(N.\u00ba 5\/2021). Universidad Pablo de Olavide. Disponible en <a href=\"http:\/\/hdl.handle.net\/10433\/10850\"><\/a><a rel=\"noreferrer noopener\" target=\"_blank\" href=\"http:\/\/hdl.handle.net\/10433\/10850\">http:\/\/hdl.handle.net\/10433\/10850<\/a><br><br>Universidad Pablo de Olavide. Biblioteca\/CRAI (2021).\u00a0<em>Producci\u00f3n cient\u00edfica de la Universidad Pablo de Olavide, abril 2021 <\/em>(N.\u00ba 4\/2021). Universidad Pablo de Olavide. Disponible en <a rel=\"noreferrer noopener\" target=\"_blank\" href=\"http:\/\/hdl.handle.net\/10433\/10112\">http:\/\/hdl.handle.net\/10433\/10112<\/a><\/p>\n\n\n\n<p>Universidad Pablo de Olavide. Biblioteca\/CRAI (2021).\u00a0<em>Producci\u00f3n cient\u00edfica de la Universidad Pablo de Olavide, marzo 2021 <\/em>(N.\u00ba 3\/2021). Universidad Pablo de Olavide. Disponible en<a href=\"http:\/\/hdl.handle.net\/10433\/9712\"> <a href=\"http:\/\/hdl.handle.net\/10433\/9712\">http:\/\/hdl.handle.net\/10433\/9712<\/a><\/a><\/p>\n\n\n\n<p>Universidad Pablo de Olavide. Biblioteca\/CRAI (2021).&nbsp;<em>Producci\u00f3n cient\u00edfica de la Universidad Pablo de Olavide, febrero 2021 <\/em>(N.\u00ba 2\/2021). Universidad Pablo de Olavide. Disponible en<a href=\"http:\/\/hdl.handle.net\/10433\/9571\"> http:\/\/hdl.handle.net\/10433\/9571<\/a><\/p>\n\n\n\n<p>Universidad Pablo de Olavide. Biblioteca\/CRAI (2021).\u00a0<em>Producci\u00f3n cient\u00edfica de la Universidad Pablo de Olavide, enero 2021 <\/em>(N.\u00ba 1\/2021). Universidad Pablo de Olavide. Disponible en<a href=\"http:\/\/hdl.handle.net\/10433\/9571\"> <a href=\"http:\/\/hdl.handle.net\/10433\/9412\">http:\/\/hdl.handle.net\/10433\/9412<\/a><\/a><\/p>\n\n\n\n<p><\/p>\n\n\n\n<p>En el siguiente listado se muestran los correspondientes al a\u00f1o 2020:<\/p>\n\n\n\n<p>Universidad Pablo de Olavide. Biblioteca\/CRAI (2020).&nbsp;<em>Producci\u00f3n cient\u00edfica de la Universidad Pablo de Olavide, diciembre 2020<\/em>&nbsp;(N.\u00ba 10\/2020). Universidad Pablo de Olavide. Disponible en&nbsp;<a rel=\"noreferrer noopener\" href=\"http:\/\/hdl.handle.net\/10433\/9170\" target=\"_blank\">http:\/\/hdl.handle.net\/10433\/9170<\/a><\/p>\n\n\n\n<p>Universidad Pablo de Olavide. Biblioteca\/CRAI (2020).&nbsp;<em>Producci\u00f3n cient\u00edfica de la Universidad Pablo de Olavide, noviembre 2020<\/em>&nbsp;(N.\u00ba 9\/2020). Universidad Pablo de Olavide. Disponible en&nbsp;<a rel=\"noreferrer noopener\" href=\"http:\/\/hdl.handle.net\/10433\/9089\" target=\"_blank\">http:\/\/hdl.handle.net\/10433\/908<\/a><a href=\"http:\/\/hdl.handle.net\/10433\/9089\" target=\"_blank\" rel=\"noreferrer noopener\">9<\/a>&nbsp;&nbsp;<\/p>\n\n\n\n<p>Universidad Pablo de Olavide. Biblioteca\/CRAI (2020).&nbsp;<em>Producci\u00f3n cient\u00edfica de la Universidad Pablo de Olavide, octubre 2020<\/em>&nbsp;(N.\u00ba 8\/2020). Universidad Pablo de Olavide. Disponible en&nbsp;<a href=\"http:\/\/hdl.handle.net\/10433\/8965\" target=\"_blank\" rel=\"noreferrer noopener\">http:\/\/hdl.handle.net\/10433\/8965<\/a>&nbsp;&nbsp;<\/p>\n\n\n\n<p>Universidad Pablo de Olavide. Biblioteca\/CRAI (2020).&nbsp;<em>Producci\u00f3n cient\u00edfica de la Universidad Pablo de Olavide, septiembre 2020<\/em>&nbsp;(N.\u00ba 7\/2020). Universidad Pablo de Olavide. Disponible en&nbsp;<a href=\"http:\/\/hdl.handle.net\/10433\/8655\"><\/a><a href=\"http:\/\/hdl.handle.net\/10433\/8864\" target=\"_blank\" rel=\"noreferrer noopener\">http:\/\/hdl.handle.net\/10433\/8864<\/a>&nbsp;&nbsp;<\/p>\n\n\n\n<p>Universidad Pablo de Olavide. Biblioteca\/CRAI (2020).&nbsp;<em>Producci\u00f3n cient\u00edfica de la Universidad Pablo de Olavide, agosto 2020<\/em>&nbsp;(N.\u00ba 6\/2020). Universidad Pablo de Olavide. Disponible en&nbsp;<a href=\"http:\/\/hdl.handle.net\/10433\/8655\" target=\"_blank\" rel=\"noreferrer noopener\">http:\/\/hdl.handle.net\/10433\/8555<\/a>&nbsp;&nbsp;<\/p>\n\n\n\n<p>Universidad Pablo de Olavide. Biblioteca\/CRAI (2020).&nbsp;<em>Producci\u00f3n cient\u00edfica de la Universidad Pablo de Olavide, julio 2020<\/em>&nbsp;(N.\u00ba 5\/2020). Universidad Pablo de Olavide. Disponible en&nbsp;<a href=\"http:\/\/hdl.handle.net\/10433\/8584\" target=\"_blank\" rel=\"noreferrer noopener\">http:\/\/hdl.handle.net\/10433\/8584<\/a>&nbsp;&nbsp;<\/p>\n\n\n\n<p>Universidad Pablo de Olavide. Biblioteca\/CRAI (2020).&nbsp;<em>Producci\u00f3n cient\u00edfica de la Universidad Pablo de Olavide, junio 2020<\/em>&nbsp;(N.\u00ba 4\/2020). Universidad Pablo de Olavide. Disponible en&nbsp;<a href=\"http:\/\/hdl.handle.net\/10433\/8551\" target=\"_blank\" rel=\"noreferrer noopener\">http:\/\/hdl.handle.net\/10433\/8551<\/a>&nbsp;&nbsp;<\/p>\n\n\n\n<p>Universidad Pablo de Olavide. Biblioteca\/CRAI  (2020). <em>Producci\u00f3n cient\u00edfica de la Universidad Pablo de Olavide, mayo 2020<\/em> (N.<sup>o<\/sup> 3\/2020). Universidad Pablo de Olavide. Disponible en <a href=\"https:\/\/rio.upo.es\/xmlui\/handle\/10433\/8368\" target=\"_blank\" rel=\"noreferrer noopener\">https:\/\/rio.upo.es\/xmlui\/handle\/10433\/8368<\/a><\/p>\n\n\n\n<p> Universidad Pablo de Olavide. Biblioteca\/CRAI  (2020). <em>Producci\u00f3n cient\u00edfica de la Universidad Pablo de Olavide, abril 2020<\/em> (N.<sup>o<\/sup> 2\/2020). Universidad Pablo de Olavide. Disponible en <a href=\"https:\/\/rio.upo.es\/xmlui\/handle\/10433\/8267\" target=\"_blank\" rel=\"noreferrer noopener\">https:\/\/rio.upo.es\/xmlui\/handle\/10433\/8267<\/a>      <\/p>\n\n\n\n<p>Universidad Pablo de Olavide. Biblioteca\/CRAI (2020). <em>Producci\u00f3n cient\u00edfica de la Universidad Pablo de Olavide, enero-marzo 2020<\/em> (N.<sup>o<\/sup> 1\/2020). Universidad Pablo de Olavide. Disponible en <a href=\"https:\/\/rio.upo.es\/xmlui\/handle\/10433\/8247\" target=\"_blank\" rel=\"noreferrer noopener\">https:\/\/rio.upo.es\/xmlui\/handle\/10433\/8247<\/a>      <\/p>\n\n\n\n<p>Adem\u00e1s, las referencias bibliogr\u00e1ficas de todos los documentos (con duplicados en la carpeta general), est\u00e1n disponibles para su consulta y descarga en una <a href=\"https:\/\/www.zotero.org\/groups\/2188052\/produccin_cientfica_upo\/library\" target=\"_blank\" rel=\"noreferrer noopener\">base de datos p\u00fablica de Zotero<\/a>.<\/p>\n\n\n\n<p><\/p>\n","protected":false},"excerpt":{"rendered":"<p>Desde hace algunos a\u00f1os desde la Biblioteca\/CRAI hemos venido recopilando la producci\u00f3n cient\u00edfica de los investigadores de la Universidad, tanto en Web of Science como en Scopus. Desde inicios de 2020, adem\u00e1s, hemos conseguido recuperar tambi\u00e9n la producci\u00f3n volcada en Dialnet. Gracias a ello, es posible tener noticia adem\u00e1s de una buena parte de la [&hellip;]<\/p>\n","protected":false},"author":3,"featured_media":0,"parent":0,"menu_order":0,"comment_status":"closed","ping_status":"closed","template":"","meta":[],"uagb_featured_image_src":{"full":false,"thumbnail":false,"medium":false,"medium_large":false,"large":false,"1536x1536":false,"2048x2048":false},"uagb_author_info":{"display_name":"\u00c1ngel Delgado V\u00e1zquez","author_link":"https:\/\/www.upo.es\/biblioteca\/blog\/ciencia\/author\/adelvaz\/"},"uagb_comment_info":0,"uagb_excerpt":"Desde hace algunos a\u00f1os desde la Biblioteca\/CRAI hemos venido recopilando la producci\u00f3n cient\u00edfica de los investigadores de la Universidad, tanto en Web of Science como en Scopus. Desde inicios de 2020, adem\u00e1s, hemos conseguido recuperar tambi\u00e9n la producci\u00f3n volcada en Dialnet. Gracias a ello, es posible tener noticia adem\u00e1s de una buena parte de la&hellip;","_links":{"self":[{"href":"https:\/\/www.upo.es\/biblioteca\/blog\/ciencia\/wp-json\/wp\/v2\/pages\/2246"}],"collection":[{"href":"https:\/\/www.upo.es\/biblioteca\/blog\/ciencia\/wp-json\/wp\/v2\/pages"}],"about":[{"href":"https:\/\/www.upo.es\/biblioteca\/blog\/ciencia\/wp-json\/wp\/v2\/types\/page"}],"author":[{"embeddable":true,"href":"https:\/\/www.upo.es\/biblioteca\/blog\/ciencia\/wp-json\/wp\/v2\/users\/3"}],"replies":[{"embeddable":true,"href":"https:\/\/www.upo.es\/biblioteca\/blog\/ciencia\/wp-json\/wp\/v2\/comments?post=2246"}],"version-history":[{"count":26,"href":"https:\/\/www.upo.es\/biblioteca\/blog\/ciencia\/wp-json\/wp\/v2\/pages\/2246\/revisions"}],"predecessor-version":[{"id":4123,"href":"https:\/\/www.upo.es\/biblioteca\/blog\/ciencia\/wp-json\/wp\/v2\/pages\/2246\/revisions\/4123"}],"wp:attachment":[{"href":"https:\/\/www.upo.es\/biblioteca\/blog\/ciencia\/wp-json\/wp\/v2\/media?parent=2246"}],"curies":[{"name":"wp","href":"https:\/\/api.w.org\/{rel}","templated":true}]}}