{"id":2283,"date":"2021-02-09T09:16:46","date_gmt":"2021-02-09T08:16:46","guid":{"rendered":"https:\/\/www.upo.es\/biblioteca\/blog\/ciencia\/?page_id=2283"},"modified":"2021-03-26T10:23:54","modified_gmt":"2021-03-26T09:23:54","slug":"informe-de-produccion-cientifica-upo-2015-2019","status":"publish","type":"page","link":"https:\/\/www.upo.es\/biblioteca\/blog\/ciencia\/","title":{"rendered":"Informe de producci\u00f3n cient\u00edfica UPO 2015-2019"},"content":{"rendered":"\n<figure id=\"attachment_4031\" aria-labelledby=\"figcaption_attachment_4031\" class=\"wp-caption alignright\" style=\"width: 225px\"><img loading=\"lazy\" class=\"wp-image-4031 size-medium\" src=\"https:\/\/www.upo.es\/biblioteca\/blog\/ciencia\/wp-content\/uploads\/2021\/03\/poster_informe_bibliometrico_2021_g-e1616625718735-225x300.png\" alt=\"Poster informe bibliom\u00e9trico 2015-19\" width=\"225\" height=\"300\" srcset=\"https:\/\/www.upo.es\/biblioteca\/blog\/ciencia\/wp-content\/uploads\/2021\/03\/poster_informe_bibliometrico_2021_g-e1616625718735-225x300.png 225w, https:\/\/www.upo.es\/biblioteca\/blog\/ciencia\/wp-content\/uploads\/2021\/03\/poster_informe_bibliometrico_2021_g-e1616625718735-768x1024.png 768w, https:\/\/www.upo.es\/biblioteca\/blog\/ciencia\/wp-content\/uploads\/2021\/03\/poster_informe_bibliometrico_2021_g-e1616625718735-1152x1536.png 1152w, https:\/\/www.upo.es\/biblioteca\/blog\/ciencia\/wp-content\/uploads\/2021\/03\/poster_informe_bibliometrico_2021_g-e1616625718735-1536x2048.png 1536w\" sizes=\"(max-width: 225px) 100vw, 225px\" \/><figcaption id=\"figcaption_attachment_4031\" class=\"wp-caption-text\">Infograf\u00eda con los datos del informe bibliom\u00e9trico de la UPO 2015-19<\/figcaption><\/figure>\n<p style=\"text-align: justify;\">La generaci\u00f3n de conocimiento cient\u00edfico es la principal tarea de investigadores e investigadoras. Transmitir este conocimiento es fundamental para hacer avanzar a la sociedad. Dicha transmisi\u00f3n se produce, sobre todo, aunque no solo, a trav\u00e9s de la publicaci\u00f3n de los informes de investigaci\u00f3n, habitualmente con el concurso de los canales editoriales.<\/p>\n<p style=\"text-align: justify;\">El uso de indicadores de calidad y productividad basados en estas publicaciones y en el impacto que estas producen mediante su conocimiento y reconocimiento por parte del resto de la comunidad cient\u00edfica es una pr\u00e1ctica habitual para la medici\u00f3n del rendimiento de los propios investigadores e investigadoras, los grupos y proyectos de los que forman parte, las instituciones en las que trabajan e incluso los pa\u00edses en los que estas radican.<\/p>\n<p style=\"text-align: justify;\"><a href=\"https:\/\/www.upo.es\/\" target=\"_blank\" rel=\"noopener\">Nuestra Universidad<\/a> no est\u00e1 exenta de este tipo de evaluaciones que, entre otros posibles usos, forman parte del conjunto de indicadores que se usan para decidir, no ya la posici\u00f3n en alg\u00fan ranking con mayor o menor reconocimiento, sino para cuestiones tan importantes como decidir c\u00f3mo se reparte la financiaci\u00f3n por parte de diversos organismos o redise\u00f1ar el mapa de titulaciones.<\/p>\n<p style=\"text-align: justify;\">Contar con una amplia bater\u00eda de indicadores generados <em>ad hoc<\/em> permite contar con informaci\u00f3n de primera mano para la toma de decisiones a la par que disponer de elementos de difusi\u00f3n del trabajo que se lleva a cabo en nuestra instituci\u00f3n, utilizando medidas y fuentes de amplia difusi\u00f3n y conocimiento.<\/p>\n<p style=\"text-align: justify;\">El presente informe, elaborado por el Servicio de Apoyo a la Investigaci\u00f3n de la Biblioteca\/CRAI proporciona y analiza la producci\u00f3n cient\u00edfica de la\u00a0Universidad Pablo de Olavide\u00a0en el quinquenio 2015-2019.<\/p>\n<p style=\"text-align: justify;\">El objetivo no es otro que el de mostrar de manera individualizada los indicadores de esta Universidad, para obtener una imagen clara de su rendimiento. En una segunda fase, estos datos son objeto de comparaci\u00f3n respecto del resto de universidades del sistema universitario andaluz, y de grupo de universidades espa\u00f1olas, seleccionadas por su similitud con la UPO, en cuanto a n\u00famero de PDI.<\/p>\n<p style=\"text-align: justify;\">Las principales fuentes de datos utilizadas son\u00a0<a href=\"https:\/\/clarivate.com\/webofsciencegroup\" target=\"_blank\" rel=\"noopener\"><em>Web of Science<\/em><\/a> (Clarivate Analytics), a trav\u00e9s de su colecci\u00f3n principal e\u00a0<a href=\"https:\/\/clarivate.com\/webofsciencegroup\/solutions\/incites\/\" target=\"_blank\" rel=\"noopener\"><em>Incites<\/em><\/a>, de una parte, y <a href=\"https:\/\/www.scopus.com\/home.uri\" target=\"_blank\" rel=\"noopener\"><em>Scopus<\/em><\/a> de otra, a trav\u00e9s del uso de <em><a href=\"https:\/\/www.scival.com\/landing\" target=\"_blank\" rel=\"noopener\">Scival<\/a>. <\/em><\/p>\n<p style=\"text-align: justify;\">Precisamente esa es la principal novedad en esta edici\u00f3n, el uso de <em>Scival<\/em> para el tratamiento y explotaci\u00f3n de los datos procedentes de <em>Scopus<\/em>, lo que ha permitido obtener una visi\u00f3n m\u00e1s completa de la producci\u00f3n cient\u00edfica de la UPO en \u00e1reas infrarrepresentadas en <em>Web of Science<\/em>.<\/p>\n<p style=\"text-align: justify;\">No obstante, en la Biblioteca\/CRAI somos conscientes de que, a pesar del uso de estas dos fuentes de informaci\u00f3n, sigue habiendo una infrarrepresentaci\u00f3n de la productividad de los investigadores e investigadoras de determinados campos y \u00e1reas, sobre todo en el \u00e1mbito de las Humanidades y las Ciencias Sociales.<\/p>\n<p style=\"text-align: justify;\">Es por ello que ya estamos trabajando en el desarrollo de una herramienta que, en un futuro, pr\u00f3ximo, nos permita ofrecer una bater\u00eda de indicadores m\u00e1s amplia, m\u00e1s personalizada y, sobre todo m\u00e1s adaptada a la realidad de la investigaci\u00f3n en nuestra Universidad.<\/p>\n<p style=\"text-align: justify;\">Como en la edici\u00f3n anterior, este mismo informe se presenta tambi\u00e9n en versi\u00f3n PDF y est\u00e1 disponible a trav\u00e9s Repositorio Institucional Olavide, donde puede consultarse y obtenerse una copia<a href=\"#_ftn1\" target=\"_blank\" rel=\"noopener\" name=\"_ftnref1\">[1]<\/a>. \u00a0<\/p>\n<p><a href=\"#_ftnref1\" target=\"_blank\" rel=\"noopener\" name=\"_ftn1\">[1]<\/a> <a href=\"http:\/\/hdl.handle.net\/10433\/9632\" target=\"_blank\" rel=\"noopener\">http:\/\/hdl.handle.net\/10433\/9632<\/a><\/p>\n\n\n\n<p><\/p>\n","protected":false},"excerpt":{"rendered":"<p>La generaci\u00f3n de conocimiento cient\u00edfico es la principal tarea de investigadores e investigadoras. Transmitir este conocimiento es fundamental para hacer avanzar a la sociedad. Dicha transmisi\u00f3n se produce, sobre todo, aunque no solo, a trav\u00e9s de la publicaci\u00f3n de los informes de investigaci\u00f3n, habitualmente con el concurso de los canales editoriales. El uso de indicadores [&hellip;]<\/p>\n","protected":false},"author":3,"featured_media":0,"parent":0,"menu_order":0,"comment_status":"closed","ping_status":"closed","template":"","meta":[],"uagb_featured_image_src":{"full":false,"thumbnail":false,"medium":false,"medium_large":false,"large":false,"1536x1536":false,"2048x2048":false},"uagb_author_info":{"display_name":"\u00c1ngel Delgado V\u00e1zquez","author_link":"https:\/\/www.upo.es\/biblioteca\/blog\/ciencia\/author\/adelvaz\/"},"uagb_comment_info":0,"uagb_excerpt":"La generaci\u00f3n de conocimiento cient\u00edfico es la principal tarea de investigadores e investigadoras. Transmitir este conocimiento es fundamental para hacer avanzar a la sociedad. Dicha transmisi\u00f3n se produce, sobre todo, aunque no solo, a trav\u00e9s de la publicaci\u00f3n de los informes de investigaci\u00f3n, habitualmente con el concurso de los canales editoriales. El uso de indicadores&hellip;","_links":{"self":[{"href":"https:\/\/www.upo.es\/biblioteca\/blog\/ciencia\/wp-json\/wp\/v2\/pages\/2283"}],"collection":[{"href":"https:\/\/www.upo.es\/biblioteca\/blog\/ciencia\/wp-json\/wp\/v2\/pages"}],"about":[{"href":"https:\/\/www.upo.es\/biblioteca\/blog\/ciencia\/wp-json\/wp\/v2\/types\/page"}],"author":[{"embeddable":true,"href":"https:\/\/www.upo.es\/biblioteca\/blog\/ciencia\/wp-json\/wp\/v2\/users\/3"}],"replies":[{"embeddable":true,"href":"https:\/\/www.upo.es\/biblioteca\/blog\/ciencia\/wp-json\/wp\/v2\/comments?post=2283"}],"version-history":[{"count":9,"href":"https:\/\/www.upo.es\/biblioteca\/blog\/ciencia\/wp-json\/wp\/v2\/pages\/2283\/revisions"}],"predecessor-version":[{"id":4100,"href":"https:\/\/www.upo.es\/biblioteca\/blog\/ciencia\/wp-json\/wp\/v2\/pages\/2283\/revisions\/4100"}],"wp:attachment":[{"href":"https:\/\/www.upo.es\/biblioteca\/blog\/ciencia\/wp-json\/wp\/v2\/media?parent=2283"}],"curies":[{"name":"wp","href":"https:\/\/api.w.org\/{rel}","templated":true}]}}