{"id":2286,"date":"2021-02-09T09:24:11","date_gmt":"2021-02-09T08:24:11","guid":{"rendered":"https:\/\/www.upo.es\/biblioteca\/blog\/ciencia\/?page_id=2286"},"modified":"2021-03-24T17:07:16","modified_gmt":"2021-03-24T16:07:16","slug":"metodologia-2015-2019","status":"publish","type":"page","link":"https:\/\/www.upo.es\/biblioteca\/blog\/ciencia\/metodologia-2015-2019\/","title":{"rendered":"Metodolog\u00eda"},"content":{"rendered":"\n<p>An\u00e1lisis de la producci\u00f3n cient\u00edfica de la Universidad Pablo de Olavide correspondiente al quinquenio 2015-2019<\/p>\n\n\n\n<p>Las fuentes principales utilizadas han sido la herramienta InCites que utiliza los datos bibliogr\u00e1ficos y de citas de los \u00edndices de la colecci\u00f3n principal de la Web of Science; y Scival, que utiliza los de la base de datos bibliogr\u00e1fica Scopus.<\/p>\n\n\n\n<p>El <em>dataset<\/em> incluye las publicaciones de la Universidad Pablo de Olavide as\u00ed como las de los centros mixtos de investigaci\u00f3n <a href=\"http:\/\/www.cabd.es\/\" target=\"_blank\" rel=\"noreferrer noopener\">Centro Andaluz de Biolog\u00eda del Desarrollo (CABD)<\/a> y <a href=\"https:\/\/www.cabimer.es\/web3\/\" target=\"_blank\" rel=\"noreferrer noopener\">Centro Andaluz de Biolog\u00eda Molecular y Medicina Regenerativa (CABIMER)<\/a>.<\/p>\n\n\n\n<p>La primera descarga de datos fue realizada en noviembre de 2020. De esta herramienta se extraen los siguientes indicadores:<\/p>\n\n\n\n<figure class=\"wp-block-image size-large is-resized\"><img loading=\"lazy\" src=\"https:\/\/www.upo.es\/biblioteca\/blog\/ciencia\/wp-content\/uploads\/2021\/03\/image.png\" alt=\"\" class=\"wp-image-3981\" width=\"562\" height=\"487\" srcset=\"https:\/\/www.upo.es\/biblioteca\/blog\/ciencia\/wp-content\/uploads\/2021\/03\/image.png 572w, https:\/\/www.upo.es\/biblioteca\/blog\/ciencia\/wp-content\/uploads\/2021\/03\/image-300x260.png 300w\" sizes=\"(max-width: 562px) 100vw, 562px\" \/><\/figure>\n\n\n\n<p>Para todos estos indicadores se han tenido en cuenta estas combinaciones de datos:<\/p>\n\n\n\n<p class=\"has-text-color\" style=\"color:#003072\">Web of Science<\/p>\n\n\n\n<ul><li>Article, Review, Letter de las bases de datos de la colecci\u00f3n principal de Web of Science (Science Citation Index Expanded (SCIE), Social Sciences Citation Index (SSCI) y Arts &amp; Humanities Citation Index (A&amp;HCI)).<\/li><li>Article, Review, Letter de las bases de datos de la colecci\u00f3n principal de Web of Science (SCIE, SSCI, A&amp;HCI) y Emerging Sources Citation Index. <\/li><li>Article, Review, Letter, Proceedings Paper, Book, Book Chapter de las bases de datos de la colecci\u00f3n principal de Web of Science (SCIE, SSCI y A&amp;HCI). <\/li><li>Article, Review, Letter, Proceedings Paper, Book, Book Chapter de las bases de datos de la colecci\u00f3n principal de Web of Science (SCIE, SSCI) y&nbsp; A&amp;HCI) y Emerging Sources Citation Index. <\/li><\/ul>\n\n\n\n<p class=\"has-text-color\" style=\"color:#003072\">Scopus<\/p>\n\n\n\n<ul><li>Article, Review<\/li><li>Article, Review, Letter, Proceedings Paper, Book, Book Chapter<\/li><\/ul>\n\n\n\n<p>Se analizan los principales indicadores de la Universidad Pablo de Olavide en el quinquenio 2015-2019. Se realiza una comparativa a nivel andaluz y nacional. Para la comparativa nacional se tiene en cuenta el PDI a tiempo completo. Para el c\u00f3mputo, se ha hecho equivaler dos miembros de PDI contratados a tiempo parcial a uno contratado a tiempo completo.<\/p>\n\n\n\n\n<table id=\"tablepress-34\" class=\"tablepress tablepress-id-34\">\n<thead>\n<tr class=\"row-1 odd\">\n\t<th class=\"column-1\">UNIVERSIDADES<\/th><th class=\"column-2\">PDI TIEMPO COMPLETO<\/th>\n<\/tr>\n<\/thead>\n<tbody class=\"row-hover\">\n<tr class=\"row-2 even\">\n\t<td class=\"column-1\">Universidad Jaume I de Castell\u00f3n (UJI)<\/td><td class=\"column-2\">988<\/td>\n<\/tr>\n<tr class=\"row-3 odd\">\n\t<td class=\"column-1\">Universidad Pontificia Comillas (COMILLAS)<\/td><td class=\"column-2\">947<\/td>\n<\/tr>\n<tr class=\"row-4 even\">\n\t<td class=\"column-1\">Universidad de Ja\u00e9n (UJA)<\/td><td class=\"column-2\">926<\/td>\n<\/tr>\n<tr class=\"row-5 odd\">\n\t<td class=\"column-1\">Universidad Miguel Hern\u00e1ndez de Elche (UMH)<\/td><td class=\"column-2\">884<\/td>\n<\/tr>\n<tr class=\"row-6 even\">\n\t<td class=\"column-1\">Universidad de Lleida (UDL)<\/td><td class=\"column-2\">879<\/td>\n<\/tr>\n<tr class=\"row-7 odd\">\n\t<td class=\"column-1\">Universidad Pablo de Olavide (UPO)<\/td><td class=\"column-2\">845<\/td>\n<\/tr>\n<tr class=\"row-8 even\">\n\t<td class=\"column-1\">Universidad Ram\u00f3n Llull (URL)<\/td><td class=\"column-2\">836<\/td>\n<\/tr>\n<tr class=\"row-9 odd\">\n\t<td class=\"column-1\">Universidad de Le\u00f3n (ULE)<\/td><td class=\"column-2\">798<\/td>\n<\/tr>\n<tr class=\"row-10 even\">\n\t<td class=\"column-1\">Universidad de Almer\u00eda (UAL)<\/td><td class=\"column-2\">752<\/td>\n<\/tr>\n<tr class=\"row-11 odd\">\n\t<td class=\"column-1\">Universidad San Pablo-CEU (CEU)<\/td><td class=\"column-2\">739<\/td>\n<\/tr>\n<tr class=\"row-12 even\">\n\t<td class=\"column-1\">Universidad de Huelva (UHU)<\/td><td class=\"column-2\">726<\/td>\n<\/tr>\n<\/tbody>\n<\/table>\n\n\n\n\n<p>Fuente: Sistema Integrado de Informaci\u00f3n Universitaria (SIIU). Ministerio de Universidades<\/p>\n","protected":false},"excerpt":{"rendered":"<p>An\u00e1lisis de la producci\u00f3n cient\u00edfica de la Universidad Pablo de Olavide correspondiente al quinquenio 2015-2019 Las fuentes principales utilizadas han sido la herramienta InCites que utiliza los datos bibliogr\u00e1ficos y de citas de los \u00edndices de la colecci\u00f3n principal de la Web of Science; y Scival, que utiliza los de la base de datos bibliogr\u00e1fica [&hellip;]<\/p>\n","protected":false},"author":3,"featured_media":0,"parent":0,"menu_order":0,"comment_status":"closed","ping_status":"closed","template":"","meta":[],"uagb_featured_image_src":{"full":false,"thumbnail":false,"medium":false,"medium_large":false,"large":false,"1536x1536":false,"2048x2048":false},"uagb_author_info":{"display_name":"\u00c1ngel Delgado V\u00e1zquez","author_link":"https:\/\/www.upo.es\/biblioteca\/blog\/ciencia\/author\/adelvaz\/"},"uagb_comment_info":0,"uagb_excerpt":"An\u00e1lisis de la producci\u00f3n cient\u00edfica de la Universidad Pablo de Olavide correspondiente al quinquenio 2015-2019 Las fuentes principales utilizadas han sido la herramienta InCites que utiliza los datos bibliogr\u00e1ficos y de citas de los \u00edndices de la colecci\u00f3n principal de la Web of Science; y Scival, que utiliza los de la base de datos bibliogr\u00e1fica&hellip;","_links":{"self":[{"href":"https:\/\/www.upo.es\/biblioteca\/blog\/ciencia\/wp-json\/wp\/v2\/pages\/2286"}],"collection":[{"href":"https:\/\/www.upo.es\/biblioteca\/blog\/ciencia\/wp-json\/wp\/v2\/pages"}],"about":[{"href":"https:\/\/www.upo.es\/biblioteca\/blog\/ciencia\/wp-json\/wp\/v2\/types\/page"}],"author":[{"embeddable":true,"href":"https:\/\/www.upo.es\/biblioteca\/blog\/ciencia\/wp-json\/wp\/v2\/users\/3"}],"replies":[{"embeddable":true,"href":"https:\/\/www.upo.es\/biblioteca\/blog\/ciencia\/wp-json\/wp\/v2\/comments?post=2286"}],"version-history":[{"count":15,"href":"https:\/\/www.upo.es\/biblioteca\/blog\/ciencia\/wp-json\/wp\/v2\/pages\/2286\/revisions"}],"predecessor-version":[{"id":4019,"href":"https:\/\/www.upo.es\/biblioteca\/blog\/ciencia\/wp-json\/wp\/v2\/pages\/2286\/revisions\/4019"}],"wp:attachment":[{"href":"https:\/\/www.upo.es\/biblioteca\/blog\/ciencia\/wp-json\/wp\/v2\/media?parent=2286"}],"curies":[{"name":"wp","href":"https:\/\/api.w.org\/{rel}","templated":true}]}}