{"id":2299,"date":"2021-02-09T10:30:23","date_gmt":"2021-02-09T09:30:23","guid":{"rendered":"https:\/\/www.upo.es\/biblioteca\/blog\/ciencia\/?page_id=2299"},"modified":"2021-03-09T09:02:57","modified_gmt":"2021-03-09T08:02:57","slug":"upo-2015-2019","status":"publish","type":"page","link":"https:\/\/www.upo.es\/biblioteca\/blog\/ciencia\/upo-2015-2019\/","title":{"rendered":"Universidad Pablo de Olavide"},"content":{"rendered":"\n<div class=\"wp-block-buttons aligncenter\">\n<div class=\"wp-block-button is-style-outline\"><a class=\"wp-block-button__link has-text-color has-background\" href=\"https:\/\/www.upo.es\/biblioteca\/blog\/ciencia\/upo-wos\/\" style=\"background-color:#003072;color:#fcb825\"><strong>Web of Science<\/strong><\/a><\/div>\n<\/div>\n\n\n\n<div class=\"wp-block-buttons aligncenter\">\n<div class=\"wp-block-button is-style-outline\"><a class=\"wp-block-button__link has-text-color has-background\" href=\"https:\/\/www.upo.es\/biblioteca\/blog\/ciencia\/upo-scopus\/\" style=\"background-color:#003072;color:#fcb825\"><strong>Scopus<\/strong><\/a><\/div>\n<\/div>\n\n\n\n<p>A continuaci\u00f3n se presenta el informe de producci\u00f3n cient\u00edfica de la Universidad Pablo de Olavide durante el quinquenio 2015-2019.<\/p>\n\n\n\n<p>Se trata de un trabajo de recolecci\u00f3n de indicadores cuantitativos de los trabajos publicados por el PDI de nuestra instituci\u00f3n en el \u00faltimo quinquenio a partir de dos fuentes, Web of Science y Scopus.<\/p>\n\n\n\n<p>Con el presente trabajo se pretende mostrar una panor\u00e1mica de los outputs de investigaci\u00f3n de la instituci\u00f3n, reflejados en la publicaci\u00f3n de los resultados en medios de prestigio internacional.<\/p>\n\n\n\n<p>El uso de estas fuentes permite adem\u00e1s contextualizar la actividad investigadora de la Pablo de Olavide dentro de su contexto m\u00e1s cercano de manera que se puedan hacer inferencias a partir de los inputs (presupuesto, n\u00famero de profesores a tiempo completo&#8230;), y este tipo de resultados.<\/p>\n\n\n\n<div class=\"wp-block-group\"><div class=\"wp-block-group__inner-container\">\n<div class=\"wp-block-columns\">\n<div class=\"wp-block-column\">\n<div class=\"wp-block-image wp-image-1538\"><figure class=\"alignleft\"><img loading=\"lazy\" width=\"1024\" height=\"683\" src=\"https:\/\/www.upo.es\/biblioteca\/blog\/ciencia\/wp-content\/uploads\/2020\/01\/O6M25V0-1024x683.jpg\" alt=\"\" class=\"wp-image-1538\" srcset=\"https:\/\/www.upo.es\/biblioteca\/blog\/ciencia\/wp-content\/uploads\/2020\/01\/O6M25V0-1024x683.jpg 1024w, https:\/\/www.upo.es\/biblioteca\/blog\/ciencia\/wp-content\/uploads\/2020\/01\/O6M25V0-300x200.jpg 300w, https:\/\/www.upo.es\/biblioteca\/blog\/ciencia\/wp-content\/uploads\/2020\/01\/O6M25V0-768x512.jpg 768w, https:\/\/www.upo.es\/biblioteca\/blog\/ciencia\/wp-content\/uploads\/2020\/01\/O6M25V0-1536x1024.jpg 1536w, https:\/\/www.upo.es\/biblioteca\/blog\/ciencia\/wp-content\/uploads\/2020\/01\/O6M25V0-2048x1365.jpg 2048w\" sizes=\"(max-width: 1024px) 100vw, 1024px\" \/><figcaption><a href=\"&quot;https:\/\/www.freepik.es\/foto-gratis\/documentos-estadisticos-tubos-ensayo_860366.htm#query=Tubos%20de%20ensayo%20&amp;position=24\"> Creado por pressfoto &#8211; www.freepik.es<\/a><\/figcaption><\/figure><\/div>\n<\/div>\n\n\n\n<div class=\"wp-block-column\">\n<figure class=\"wp-block-image\"><img loading=\"lazy\" width=\"1024\" height=\"683\" src=\"https:\/\/www.upo.es\/biblioteca\/blog\/ciencia\/wp-content\/uploads\/2020\/01\/15646-1024x683.jpg\" alt=\"\" class=\"wp-image-1541\" srcset=\"https:\/\/www.upo.es\/biblioteca\/blog\/ciencia\/wp-content\/uploads\/2020\/01\/15646-1024x683.jpg 1024w, https:\/\/www.upo.es\/biblioteca\/blog\/ciencia\/wp-content\/uploads\/2020\/01\/15646-300x200.jpg 300w, https:\/\/www.upo.es\/biblioteca\/blog\/ciencia\/wp-content\/uploads\/2020\/01\/15646-768x512.jpg 768w, https:\/\/www.upo.es\/biblioteca\/blog\/ciencia\/wp-content\/uploads\/2020\/01\/15646-1536x1024.jpg 1536w, https:\/\/www.upo.es\/biblioteca\/blog\/ciencia\/wp-content\/uploads\/2020\/01\/15646-2048x1365.jpg 2048w\" sizes=\"(max-width: 1024px) 100vw, 1024px\" \/><figcaption><a href=\"https:\/\/www.freepik.es\/foto-gratis\/estadisticas-linea_5402510.htm#page=1&amp;query=venta&amp;position=6\"><em>Creado por pressfoto &#8211; www.freepik.es<\/em><\/a><\/figcaption><\/figure>\n\n\n\n<p><\/p>\n<\/div>\n<\/div>\n<\/div><\/div>\n\n\n\n<div class=\"wp-block-columns\">\n<div class=\"wp-block-column\"><\/div>\n\n\n\n<div class=\"wp-block-column\"><\/div>\n<\/div>\n\n\n\n<div class=\"wp-block-image wp-image-1538\"><figure class=\"alignright\"><img alt=\"\" class=\"wp-image-1538\"\/><\/figure><\/div>\n\n\n\n<p><\/p>\n","protected":false},"excerpt":{"rendered":"<p>A continuaci\u00f3n se presenta el informe de producci\u00f3n cient\u00edfica de la Universidad Pablo de Olavide durante el quinquenio 2015-2019. Se trata de un trabajo de recolecci\u00f3n de indicadores cuantitativos de los trabajos publicados por el PDI de nuestra instituci\u00f3n en el \u00faltimo quinquenio a partir de dos fuentes, Web of Science y Scopus. Con el [&hellip;]<\/p>\n","protected":false},"author":5,"featured_media":0,"parent":0,"menu_order":0,"comment_status":"closed","ping_status":"closed","template":"","meta":[],"uagb_featured_image_src":{"full":false,"thumbnail":false,"medium":false,"medium_large":false,"large":false,"1536x1536":false,"2048x2048":false},"uagb_author_info":{"display_name":"Carmen Utrera Bonet","author_link":"https:\/\/www.upo.es\/biblioteca\/blog\/ciencia\/author\/mcutrbon\/"},"uagb_comment_info":0,"uagb_excerpt":"A continuaci\u00f3n se presenta el informe de producci\u00f3n cient\u00edfica de la Universidad Pablo de Olavide durante el quinquenio 2015-2019. Se trata de un trabajo de recolecci\u00f3n de indicadores cuantitativos de los trabajos publicados por el PDI de nuestra instituci\u00f3n en el \u00faltimo quinquenio a partir de dos fuentes, Web of Science y Scopus. Con el&hellip;","_links":{"self":[{"href":"https:\/\/www.upo.es\/biblioteca\/blog\/ciencia\/wp-json\/wp\/v2\/pages\/2299"}],"collection":[{"href":"https:\/\/www.upo.es\/biblioteca\/blog\/ciencia\/wp-json\/wp\/v2\/pages"}],"about":[{"href":"https:\/\/www.upo.es\/biblioteca\/blog\/ciencia\/wp-json\/wp\/v2\/types\/page"}],"author":[{"embeddable":true,"href":"https:\/\/www.upo.es\/biblioteca\/blog\/ciencia\/wp-json\/wp\/v2\/users\/5"}],"replies":[{"embeddable":true,"href":"https:\/\/www.upo.es\/biblioteca\/blog\/ciencia\/wp-json\/wp\/v2\/comments?post=2299"}],"version-history":[{"count":15,"href":"https:\/\/www.upo.es\/biblioteca\/blog\/ciencia\/wp-json\/wp\/v2\/pages\/2299\/revisions"}],"predecessor-version":[{"id":3613,"href":"https:\/\/www.upo.es\/biblioteca\/blog\/ciencia\/wp-json\/wp\/v2\/pages\/2299\/revisions\/3613"}],"wp:attachment":[{"href":"https:\/\/www.upo.es\/biblioteca\/blog\/ciencia\/wp-json\/wp\/v2\/media?parent=2299"}],"curies":[{"name":"wp","href":"https:\/\/api.w.org\/{rel}","templated":true}]}}