{"id":2304,"date":"2021-02-09T10:34:14","date_gmt":"2021-02-09T09:34:14","guid":{"rendered":"https:\/\/www.upo.es\/biblioteca\/blog\/ciencia\/?page_id=2304"},"modified":"2021-03-11T10:57:38","modified_gmt":"2021-03-11T09:57:38","slug":"indicadores-principales-2015-2019","status":"publish","type":"page","link":"https:\/\/www.upo.es\/biblioteca\/blog\/ciencia\/indicadores-principales-2015-2019\/","title":{"rendered":"Indicadores principales de la Universidad Pablo de Olavide"},"content":{"rendered":"\n<div class=\"wp-block-columns\">\n<div class=\"wp-block-column\" style=\"flex-basis:46.2%\">\n<div class=\"wp-block-button is-style-outline\"><a class=\"wp-block-button__link has-text-color has-background\" href=\"https:\/\/www.upo.es\/biblioteca\/blog\/ciencia\/1-productividad-cientifica\/\" style=\"background-color:#003072;color:#fcb825\"><strong>Productividad cient\u00edfica<\/strong><\/a><\/div>\n\n\n\n<div class=\"wp-block-button is-style-outline\"><a class=\"wp-block-button__link has-text-color has-background\" href=\"https:\/\/www.upo.es\/biblioteca\/blog\/ciencia\/impacto-citacion-y-excelencia\/\" style=\"background-color:#003072;color:#fcb825\"><strong>Impacto, citaci\u00f3n y excelencia<\/strong><\/a><\/div>\n\n\n\n<div class=\"wp-block-button is-style-outline\"><a class=\"wp-block-button__link has-text-color has-background\" href=\"https:\/\/www.upo.es\/biblioteca\/blog\/ciencia\/colaborcion-internacional\/\" style=\"background-color:#003072;color:#fcb825\"><strong>Colaboraci\u00f3n internacional<\/strong><\/a><\/div>\n\n\n\n<div class=\"wp-block-button is-style-outline\"><a class=\"wp-block-button__link has-text-color has-background\" href=\"https:\/\/www.upo.es\/biblioteca\/blog\/ciencia\/areas-tematicas-2\/\" style=\"background-color:#003072;color:#fcb825\"><strong>\u00c1reas tem\u00e1ticas<\/strong><\/a><\/div>\n\n\n\n<div class=\"wp-block-button is-style-outline\"><a class=\"wp-block-button__link has-text-color has-background\" href=\"https:\/\/www.upo.es\/biblioteca\/blog\/ciencia\/comparativa-andaluza\/\" style=\"background-color:#003072;color:#fcb825\"><strong>Comparativa andaluza<\/strong><\/a><\/div>\n\n\n\n<div class=\"wp-block-button is-style-outline\"><a class=\"wp-block-button__link has-text-color has-background\" href=\"https:\/\/www.upo.es\/biblioteca\/blog\/ciencia\/comparativa-nacional-2\/\" style=\"background-color:#003072;color:#fcb825\"><strong>Comparativa nacional<\/strong><\/a><\/div>\n<\/div>\n\n\n\n<div class=\"wp-block-column\" style=\"flex-basis:66.66%\">\n<p><\/p>\n\n\n\n<p><\/p>\n\n\n\n<p><\/p>\n\n\n\n<p>   <\/p>\n\n\n\n<p><\/p>\n\n\n\n<p><\/p>\n\n\n\n<div class=\"wp-block-columns\">\n<div class=\"wp-block-column\" style=\"flex-basis:33.33%\"><\/div>\n\n\n\n<div class=\"wp-block-column\" style=\"flex-basis:66.66%\"><\/div>\n<\/div>\n\n\n\n<p>Se analizan los principales indicadores de la Universidad Pablo de Olavide en el quinquenio 2015-2019. Se realiza una comparativa a nivel andaluz y nacional. Para la comparativa nacional se tiene en cuenta el PDI a tiempo completo.<\/p>\n<\/div>\n<\/div>\n\n\n\n<p><\/p>\n\n\n\n<p class=\"has-text-align-center has-normal-font-size\"><strong>Tabla de indicadores 2015-2019<\/strong><\/p>\n\n\n\n<p class=\"has-text-align-center\">\n<table id=\"tablepress-68\" class=\"tablepress tablepress-id-68\">\n<thead>\n<tr class=\"row-1 odd\">\n\t<th class=\"column-1\">A\u00f1o<\/th><th class=\"column-2\">N. trabajos <br \/>\n WoS<\/th><th class=\"column-3\">N. trabajos citables<\/th><th class=\"column-4\">CROWN<\/th><th class=\"column-5\">N\u00ba citas<\/th><th class=\"column-6\">Citas por Doc.<\/th><th class=\"column-7\">% Doc. citados<\/th><th class=\"column-8\">% Q1<\/th><th class=\"column-9\">Top 1%<\/th><th class=\"column-10\">Top 10%<\/th><th class=\"column-11\">%Col.Intr.<\/th>\n<\/tr>\n<\/thead>\n<tbody class=\"row-hover\">\n<tr class=\"row-2 even\">\n\t<td class=\"column-1\">2015<\/td><td class=\"column-2\">526<\/td><td class=\"column-3\">470<\/td><td class=\"column-4\">1,03<\/td><td class=\"column-5\">7953<\/td><td class=\"column-6\">16,9<\/td><td class=\"column-7\">92,1<\/td><td class=\"column-8\">57,6<\/td><td class=\"column-9\">1,06<\/td><td class=\"column-10\">10,6<\/td><td class=\"column-11\">40,2<\/td>\n<\/tr>\n<tr class=\"row-3 odd\">\n\t<td class=\"column-1\">2016<\/td><td class=\"column-2\">576<\/td><td class=\"column-3\">485<\/td><td class=\"column-4\">1,59<\/td><td class=\"column-5\">12349<\/td><td class=\"column-6\">25,5<\/td><td class=\"column-7\">88,2<\/td><td class=\"column-8\">57,2<\/td><td class=\"column-9\">1,86<\/td><td class=\"column-10\">14,0<\/td><td class=\"column-11\">51,3<\/td>\n<\/tr>\n<tr class=\"row-4 even\">\n\t<td class=\"column-1\">2017<\/td><td class=\"column-2\">591<\/td><td class=\"column-3\">512<\/td><td class=\"column-4\">1,10<\/td><td class=\"column-5\">5416<\/td><td class=\"column-6\">10,6<\/td><td class=\"column-7\">85,2<\/td><td class=\"column-8\">50,1<\/td><td class=\"column-9\">1,37<\/td><td class=\"column-10\">13,5<\/td><td class=\"column-11\">46,7<\/td>\n<\/tr>\n<tr class=\"row-5 odd\">\n\t<td class=\"column-1\">2018<\/td><td class=\"column-2\">619<\/td><td class=\"column-3\">536<\/td><td class=\"column-4\">1,69<\/td><td class=\"column-5\">7060<\/td><td class=\"column-6\">13,2<\/td><td class=\"column-7\">82,5<\/td><td class=\"column-8\">52,4<\/td><td class=\"column-9\">1,68<\/td><td class=\"column-10\">11,9<\/td><td class=\"column-11\">51,7<\/td>\n<\/tr>\n<tr class=\"row-6 even\">\n\t<td class=\"column-1\">2019<\/td><td class=\"column-2\">638<\/td><td class=\"column-3\">566<\/td><td class=\"column-4\">1,36<\/td><td class=\"column-5\">2398<\/td><td class=\"column-6\">4,2<\/td><td class=\"column-7\">75,8<\/td><td class=\"column-8\">53,4<\/td><td class=\"column-9\">1,94<\/td><td class=\"column-10\">15,7<\/td><td class=\"column-11\">52,1<\/td>\n<\/tr>\n<tr class=\"row-7 odd\">\n\t<td class=\"column-1\">2020<\/td><td class=\"column-2\">676<\/td><td class=\"column-3\">618<\/td><td class=\"column-4\">-<\/td><td class=\"column-5\">-<\/td><td class=\"column-6\">-<\/td><td class=\"column-7\">-<\/td><td class=\"column-8\">-<\/td><td class=\"column-9\">-<\/td><td class=\"column-10\">-<\/td><td class=\"column-11\">-<\/td>\n<\/tr>\n<tr class=\"row-8 even\">\n\t<td class=\"column-1\">2015-2019<\/td><td class=\"column-2\">2950<\/td><td class=\"column-3\">2569<\/td><td class=\"column-4\">1,36<\/td><td class=\"column-5\">35176<\/td><td class=\"column-6\">13,69<\/td><td class=\"column-7\">84,39<\/td><td class=\"column-8\">54,07<\/td><td class=\"column-9\">1,59<\/td><td class=\"column-10\">13,19<\/td><td class=\"column-11\">48,6<\/td>\n<\/tr>\n<\/tbody>\n<\/table>\n<!-- #tablepress-68 from cache -->\n","protected":false},"excerpt":{"rendered":"<p>Productividad cient\u00edfica Impacto, citaci\u00f3n y excelencia Colaboraci\u00f3n internacional \u00c1reas tem\u00e1ticas Comparativa andaluza Comparativa nacional Se analizan los principales indicadores de la Universidad Pablo de Olavide en el quinquenio 2015-2019. Se realiza una comparativa a nivel andaluz y nacional. Para la comparativa nacional se tiene en cuenta el PDI a tiempo completo. Tabla de indicadores 2015-2019<\/p>\n","protected":false},"author":5,"featured_media":0,"parent":0,"menu_order":0,"comment_status":"closed","ping_status":"closed","template":"","meta":[],"uagb_featured_image_src":{"full":false,"thumbnail":false,"medium":false,"medium_large":false,"large":false,"1536x1536":false,"2048x2048":false},"uagb_author_info":{"display_name":"Carmen Utrera Bonet","author_link":"https:\/\/www.upo.es\/biblioteca\/blog\/ciencia\/author\/mcutrbon\/"},"uagb_comment_info":0,"uagb_excerpt":"Productividad cient\u00edfica Impacto, citaci\u00f3n y excelencia Colaboraci\u00f3n internacional \u00c1reas tem\u00e1ticas Comparativa andaluza Comparativa nacional Se analizan los principales indicadores de la Universidad Pablo de Olavide en el quinquenio 2015-2019. Se realiza una comparativa a nivel andaluz y nacional. Para la comparativa nacional se tiene en cuenta el PDI a tiempo completo. Tabla de indicadores 2015-2019","_links":{"self":[{"href":"https:\/\/www.upo.es\/biblioteca\/blog\/ciencia\/wp-json\/wp\/v2\/pages\/2304"}],"collection":[{"href":"https:\/\/www.upo.es\/biblioteca\/blog\/ciencia\/wp-json\/wp\/v2\/pages"}],"about":[{"href":"https:\/\/www.upo.es\/biblioteca\/blog\/ciencia\/wp-json\/wp\/v2\/types\/page"}],"author":[{"embeddable":true,"href":"https:\/\/www.upo.es\/biblioteca\/blog\/ciencia\/wp-json\/wp\/v2\/users\/5"}],"replies":[{"embeddable":true,"href":"https:\/\/www.upo.es\/biblioteca\/blog\/ciencia\/wp-json\/wp\/v2\/comments?post=2304"}],"version-history":[{"count":50,"href":"https:\/\/www.upo.es\/biblioteca\/blog\/ciencia\/wp-json\/wp\/v2\/pages\/2304\/revisions"}],"predecessor-version":[{"id":4002,"href":"https:\/\/www.upo.es\/biblioteca\/blog\/ciencia\/wp-json\/wp\/v2\/pages\/2304\/revisions\/4002"}],"wp:attachment":[{"href":"https:\/\/www.upo.es\/biblioteca\/blog\/ciencia\/wp-json\/wp\/v2\/media?parent=2304"}],"curies":[{"name":"wp","href":"https:\/\/api.w.org\/{rel}","templated":true}]}}