{"id":2349,"date":"2021-02-09T14:47:11","date_gmt":"2021-02-09T13:47:11","guid":{"rendered":"https:\/\/www.upo.es\/biblioteca\/blog\/ciencia\/?page_id=2349"},"modified":"2021-03-08T14:55:33","modified_gmt":"2021-03-08T13:55:33","slug":"areas-y-categorias","status":"publish","type":"page","link":"https:\/\/www.upo.es\/biblioteca\/blog\/ciencia\/areas-y-categorias\/","title":{"rendered":"\u00c1reas tem\u00e1ticas y categor\u00edas"},"content":{"rendered":"\n<div class=\"wp-block-columns\">\n<div class=\"wp-block-column\"><\/div>\n\n\n\n<div class=\"wp-block-column\"><\/div>\n\n\n\n<div class=\"wp-block-column\"><\/div>\n<\/div>\n\n\n\n<div class=\"wp-block-buttons aligncenter\">\n<div class=\"wp-block-button is-style-outline\"><a class=\"wp-block-button__link has-text-color has-background\" href=\"https:\/\/www.upo.es\/biblioteca\/blog\/ciencia\/categorias-wos\/\" style=\"background-color:#003072;color:#fcb825\"><strong>Web of Science<\/strong><\/a><\/div>\n<\/div>\n\n\n\n<div class=\"wp-block-buttons aligncenter\">\n<div class=\"wp-block-button is-style-outline\"><a class=\"wp-block-button__link has-text-color has-background\" href=\"https:\/\/www.upo.es\/biblioteca\/blog\/ciencia\/scopus-categorias\/\" style=\"background-color:#003072;color:#fcb825\"><strong>Scopus<\/strong><\/a><\/div>\n<\/div>\n\n\n\n<h1 id=\"dsy8874-TRS\"><\/h1>\n\n\n\n<div class=\"wp-block-columns\">\n<div class=\"wp-block-column\" style=\"flex-basis:66.66%\">\n<p><\/p>\n\n\n\n<p><\/p>\n\n\n\n<p><\/p>\n\n\n\n<p><\/p>\n\n\n\n<p>Para el caso de la Web of Science se presentan los datos correspondientes a las \u00c1reas de investigaci\u00f3n de GIPP.&nbsp;<\/p>\n\n\n\n<p>El <a href=\"http:\/\/help.prod-incites.com\/inCites2Live\/indicatorsGroup\/aboutHandbook\/appendix\/mappingTable.html\">esquema GIPP<\/a> comprende de manera amplia <strong>seis disciplinas <\/strong>que cubre todos los campos de la investigaci\u00f3n acad\u00e9mica.&nbsp;<\/p>\n\n\n\n<p>En el apartado Scopus se han obtenido los datos de las diferentes categor\u00edas a partir de  Scival<\/p>\n<\/div>\n\n\n\n<div class=\"wp-block-column\" style=\"flex-basis:33.33%\">\n<div class=\"wp-block-image\"><figure class=\"alignright is-resized\"><img loading=\"lazy\" src=\"https:\/\/www.upo.es\/biblioteca\/blog\/ciencia\/wp-content\/uploads\/2020\/02\/Screenshot_1.jpg\" alt=\"\" width=\"218\" height=\"369\"><figcaption><a href=\"https:\/\/www.freepik.es\/vector-gratis\/pila-libros-ilustracion-grafica_2632998.htm#page=1&amp;query=libros&amp;position=28\">Creado por rawpixel.com \u2013 www.freepik.es<\/a><\/figcaption><\/figure><\/div>\n<\/div>\n<\/div>\n\n\n\n<p><\/p>\n","protected":false},"excerpt":{"rendered":"<p>Para el caso de la Web of Science se presentan los datos correspondientes a las \u00c1reas de investigaci\u00f3n de GIPP.&nbsp; El esquema GIPP comprende de manera amplia seis disciplinas que cubre todos los campos de la investigaci\u00f3n acad\u00e9mica.&nbsp; En el apartado Scopus se han obtenido los datos de las diferentes categor\u00edas a partir de Scival [&hellip;]<\/p>\n","protected":false},"author":5,"featured_media":0,"parent":0,"menu_order":0,"comment_status":"closed","ping_status":"closed","template":"","meta":[],"uagb_featured_image_src":{"full":false,"thumbnail":false,"medium":false,"medium_large":false,"large":false,"1536x1536":false,"2048x2048":false},"uagb_author_info":{"display_name":"Carmen Utrera Bonet","author_link":"https:\/\/www.upo.es\/biblioteca\/blog\/ciencia\/author\/mcutrbon\/"},"uagb_comment_info":0,"uagb_excerpt":"Para el caso de la Web of Science se presentan los datos correspondientes a las \u00c1reas de investigaci\u00f3n de GIPP.&nbsp; El esquema GIPP comprende de manera amplia seis disciplinas que cubre todos los campos de la investigaci\u00f3n acad\u00e9mica.&nbsp; En el apartado Scopus se han obtenido los datos de las diferentes categor\u00edas a partir de Scival&hellip;","_links":{"self":[{"href":"https:\/\/www.upo.es\/biblioteca\/blog\/ciencia\/wp-json\/wp\/v2\/pages\/2349"}],"collection":[{"href":"https:\/\/www.upo.es\/biblioteca\/blog\/ciencia\/wp-json\/wp\/v2\/pages"}],"about":[{"href":"https:\/\/www.upo.es\/biblioteca\/blog\/ciencia\/wp-json\/wp\/v2\/types\/page"}],"author":[{"embeddable":true,"href":"https:\/\/www.upo.es\/biblioteca\/blog\/ciencia\/wp-json\/wp\/v2\/users\/5"}],"replies":[{"embeddable":true,"href":"https:\/\/www.upo.es\/biblioteca\/blog\/ciencia\/wp-json\/wp\/v2\/comments?post=2349"}],"version-history":[{"count":14,"href":"https:\/\/www.upo.es\/biblioteca\/blog\/ciencia\/wp-json\/wp\/v2\/pages\/2349\/revisions"}],"predecessor-version":[{"id":3784,"href":"https:\/\/www.upo.es\/biblioteca\/blog\/ciencia\/wp-json\/wp\/v2\/pages\/2349\/revisions\/3784"}],"wp:attachment":[{"href":"https:\/\/www.upo.es\/biblioteca\/blog\/ciencia\/wp-json\/wp\/v2\/media?parent=2349"}],"curies":[{"name":"wp","href":"https:\/\/api.w.org\/{rel}","templated":true}]}}