{"id":2370,"date":"2021-02-10T09:00:40","date_gmt":"2021-02-10T08:00:40","guid":{"rendered":"https:\/\/www.upo.es\/biblioteca\/blog\/ciencia\/?page_id=2370"},"modified":"2021-03-08T16:42:19","modified_gmt":"2021-03-08T15:42:19","slug":"comparativa-andaluza-15-19","status":"publish","type":"page","link":"https:\/\/www.upo.es\/biblioteca\/blog\/ciencia\/comparativa-andaluza-15-19\/","title":{"rendered":"Comparativa Andaluza"},"content":{"rendered":"\n<div class=\"wp-block-buttons aligncenter\">\n<div class=\"wp-block-button is-style-outline\"><a class=\"wp-block-button__link has-text-color has-background\" href=\"https:\/\/www.upo.es\/biblioteca\/blog\/ciencia\/ca-wos\/\" style=\"background-color:#003072;color:#fcb825\"><strong>Web of Science<\/strong><\/a><\/div>\n<\/div>\n\n\n\n<div class=\"wp-block-buttons aligncenter\">\n<div class=\"wp-block-button is-style-outline\"><a class=\"wp-block-button__link has-text-color has-background\" href=\"https:\/\/www.upo.es\/biblioteca\/blog\/ciencia\/ca-scopus\/\" style=\"background-color:#003072;color:#fcb825\"><strong>Scopus<\/strong><\/a><\/div>\n<\/div>\n\n\n\n<p><\/p>\n\n\n\n<div class=\"wp-block-columns\">\n<div class=\"wp-block-column\" style=\"flex-basis:66.66%\">\n<p>En este apartado se compara a la Universidad Pablo de Olavide con el resto del sistema universitario andaluz, a excepci\u00f3n de la Universidad Internacional de Andaluc\u00eda (UNIA), dadas sus especiales caracter\u00edsticas<\/p>\n<\/div>\n\n\n\n<div class=\"wp-block-column\" style=\"flex-basis:33.33%\">\n<figure class=\"wp-block-image size-large is-resized\"><img loading=\"lazy\" src=\"https:\/\/www.upo.es\/biblioteca\/blog\/ciencia\/wp-content\/uploads\/2020\/01\/ezgif.com-video-to-gif.gif\" alt=\"\" class=\"wp-image-1615\" width=\"339\" height=\"264\"><\/figure>\n<\/div>\n<\/div>\n","protected":false},"excerpt":{"rendered":"<p>En este apartado se compara a la Universidad Pablo de Olavide con el resto del sistema universitario andaluz, a excepci\u00f3n de la Universidad Internacional de Andaluc\u00eda (UNIA), dadas sus especiales caracter\u00edsticas<\/p>\n","protected":false},"author":5,"featured_media":0,"parent":0,"menu_order":0,"comment_status":"closed","ping_status":"closed","template":"","meta":[],"uagb_featured_image_src":{"full":false,"thumbnail":false,"medium":false,"medium_large":false,"large":false,"1536x1536":false,"2048x2048":false},"uagb_author_info":{"display_name":"Carmen Utrera Bonet","author_link":"https:\/\/www.upo.es\/biblioteca\/blog\/ciencia\/author\/mcutrbon\/"},"uagb_comment_info":0,"uagb_excerpt":"En este apartado se compara a la Universidad Pablo de Olavide con el resto del sistema universitario andaluz, a excepci\u00f3n de la Universidad Internacional de Andaluc\u00eda (UNIA), dadas sus especiales caracter\u00edsticas","_links":{"self":[{"href":"https:\/\/www.upo.es\/biblioteca\/blog\/ciencia\/wp-json\/wp\/v2\/pages\/2370"}],"collection":[{"href":"https:\/\/www.upo.es\/biblioteca\/blog\/ciencia\/wp-json\/wp\/v2\/pages"}],"about":[{"href":"https:\/\/www.upo.es\/biblioteca\/blog\/ciencia\/wp-json\/wp\/v2\/types\/page"}],"author":[{"embeddable":true,"href":"https:\/\/www.upo.es\/biblioteca\/blog\/ciencia\/wp-json\/wp\/v2\/users\/5"}],"replies":[{"embeddable":true,"href":"https:\/\/www.upo.es\/biblioteca\/blog\/ciencia\/wp-json\/wp\/v2\/comments?post=2370"}],"version-history":[{"count":9,"href":"https:\/\/www.upo.es\/biblioteca\/blog\/ciencia\/wp-json\/wp\/v2\/pages\/2370\/revisions"}],"predecessor-version":[{"id":3792,"href":"https:\/\/www.upo.es\/biblioteca\/blog\/ciencia\/wp-json\/wp\/v2\/pages\/2370\/revisions\/3792"}],"wp:attachment":[{"href":"https:\/\/www.upo.es\/biblioteca\/blog\/ciencia\/wp-json\/wp\/v2\/media?parent=2370"}],"curies":[{"name":"wp","href":"https:\/\/api.w.org\/{rel}","templated":true}]}}