{"id":2396,"date":"2021-02-10T14:01:25","date_gmt":"2021-02-10T13:01:25","guid":{"rendered":"https:\/\/www.upo.es\/biblioteca\/blog\/ciencia\/?page_id=2396"},"modified":"2021-03-10T22:37:15","modified_gmt":"2021-03-10T21:37:15","slug":"comparativa-nacional-15-19","status":"publish","type":"page","link":"https:\/\/www.upo.es\/biblioteca\/blog\/ciencia\/comparativa-nacional-15-19\/","title":{"rendered":"Comparativa Nacional"},"content":{"rendered":"\n<div class=\"wp-block-buttons aligncenter\">\n<div class=\"wp-block-button is-style-outline\"><a class=\"wp-block-button__link has-text-color has-background\" href=\"https:\/\/www.upo.es\/biblioteca\/blog\/ciencia\/cn-wos\/\" style=\"background-color:#003072;color:#fcb825\"><strong>Web of Science<\/strong><\/a><\/div>\n<\/div>\n\n\n\n<div class=\"wp-block-buttons aligncenter\">\n<div class=\"wp-block-button is-style-outline\"><a class=\"wp-block-button__link has-text-color has-background\" href=\"https:\/\/www.upo.es\/biblioteca\/blog\/ciencia\/cn-scopus\/\" style=\"background-color:#003072;color:#fcb825\"><strong>Scopus<\/strong><\/a><\/div>\n<\/div>\n\n\n\n<p>La comparativa de la Universidad Pablo de Olavide\u00a0\u00a0con otras Universidades a nivel nacional se ha realizado teniendo en cuenta el Personal Docente e Investigador (PDI) a tiempo completo. Para ello se han fusionado los tiempos parciales a un tiempo completo. <\/p>\n\n\n\n<div class=\"wp-block-columns\">\n<div class=\"wp-block-column\">\n<div class=\"wp-block-columns\">\n<div class=\"wp-block-column\"><\/div>\n\n\n\n<div class=\"wp-block-column\"><\/div>\n<\/div>\n\n\n\n\n<table id=\"tablepress-34\" class=\"tablepress tablepress-id-34\">\n<thead>\n<tr class=\"row-1 odd\">\n\t<th class=\"column-1\">UNIVERSIDADES<\/th><th class=\"column-2\">PDI TIEMPO COMPLETO<\/th>\n<\/tr>\n<\/thead>\n<tbody class=\"row-hover\">\n<tr class=\"row-2 even\">\n\t<td class=\"column-1\">Universidad Jaume I de Castell\u00f3n (UJI)<\/td><td class=\"column-2\">988<\/td>\n<\/tr>\n<tr class=\"row-3 odd\">\n\t<td class=\"column-1\">Universidad Pontificia Comillas (COMILLAS)<\/td><td class=\"column-2\">947<\/td>\n<\/tr>\n<tr class=\"row-4 even\">\n\t<td class=\"column-1\">Universidad de Ja\u00e9n (UJA)<\/td><td class=\"column-2\">926<\/td>\n<\/tr>\n<tr class=\"row-5 odd\">\n\t<td class=\"column-1\">Universidad Miguel Hern\u00e1ndez de Elche (UMH)<\/td><td class=\"column-2\">884<\/td>\n<\/tr>\n<tr class=\"row-6 even\">\n\t<td class=\"column-1\">Universidad de Lleida (UDL)<\/td><td class=\"column-2\">879<\/td>\n<\/tr>\n<tr class=\"row-7 odd\">\n\t<td class=\"column-1\">Universidad Pablo de Olavide (UPO)<\/td><td class=\"column-2\">845<\/td>\n<\/tr>\n<tr class=\"row-8 even\">\n\t<td class=\"column-1\">Universidad Ram\u00f3n Llull (URL)<\/td><td class=\"column-2\">836<\/td>\n<\/tr>\n<tr class=\"row-9 odd\">\n\t<td class=\"column-1\">Universidad de Le\u00f3n (ULE)<\/td><td class=\"column-2\">798<\/td>\n<\/tr>\n<tr class=\"row-10 even\">\n\t<td class=\"column-1\">Universidad de Almer\u00eda (UAL)<\/td><td class=\"column-2\">752<\/td>\n<\/tr>\n<tr class=\"row-11 odd\">\n\t<td class=\"column-1\">Universidad San Pablo-CEU (CEU)<\/td><td class=\"column-2\">739<\/td>\n<\/tr>\n<tr class=\"row-12 even\">\n\t<td class=\"column-1\">Universidad de Huelva (UHU)<\/td><td class=\"column-2\">726<\/td>\n<\/tr>\n<\/tbody>\n<\/table>\n<!-- #tablepress-34 from cache -->\n<\/div>\n\n\n\n<div class=\"wp-block-column\">\n<p>                             <\/p>\n\n\n\n<p>Para obtener los datos se ha consultado el Sistema Integrado de Informaci\u00f3n Universitaria (SIIU), plataforma de recogida, procesamiento, an\u00e1lisis y difusi\u00f3n de datos del Sistema Universitario Espa\u00f1ol.<\/p>\n\n\n\n<p>                                               <\/p>\n\n\n\n<p>          <\/p>\n\n\n\n<figure class=\"wp-block-image\"><img loading=\"lazy\" width=\"610\" height=\"440\" src=\"https:\/\/www.upo.es\/biblioteca\/blog\/ciencia\/wp-content\/uploads\/2020\/01\/RPReplay_Final1580131270.gif\" alt=\"\" class=\"wp-image-1620\"><\/figure>\n<\/div>\n<\/div>\n\n\n\n<p><\/p>\n\n\n\n<figure class=\"wp-block-image\"><img alt=\"\" class=\"wp-image-1620\"\/><\/figure>\n","protected":false},"excerpt":{"rendered":"<p>La comparativa de la Universidad Pablo de Olavide\u00a0\u00a0con otras Universidades a nivel nacional se ha realizado teniendo en cuenta el Personal Docente e Investigador (PDI) a tiempo completo. Para ello se han fusionado los tiempos parciales a un tiempo completo. Para obtener los datos se ha consultado el Sistema Integrado de Informaci\u00f3n Universitaria (SIIU), plataforma [&hellip;]<\/p>\n","protected":false},"author":5,"featured_media":0,"parent":0,"menu_order":0,"comment_status":"closed","ping_status":"closed","template":"","meta":[],"uagb_featured_image_src":{"full":false,"thumbnail":false,"medium":false,"medium_large":false,"large":false,"1536x1536":false,"2048x2048":false},"uagb_author_info":{"display_name":"Carmen Utrera Bonet","author_link":"https:\/\/www.upo.es\/biblioteca\/blog\/ciencia\/author\/mcutrbon\/"},"uagb_comment_info":0,"uagb_excerpt":"La comparativa de la Universidad Pablo de Olavide\u00a0\u00a0con otras Universidades a nivel nacional se ha realizado teniendo en cuenta el Personal Docente e Investigador (PDI) a tiempo completo. Para ello se han fusionado los tiempos parciales a un tiempo completo. Para obtener los datos se ha consultado el Sistema Integrado de Informaci\u00f3n Universitaria (SIIU), plataforma&hellip;","_links":{"self":[{"href":"https:\/\/www.upo.es\/biblioteca\/blog\/ciencia\/wp-json\/wp\/v2\/pages\/2396"}],"collection":[{"href":"https:\/\/www.upo.es\/biblioteca\/blog\/ciencia\/wp-json\/wp\/v2\/pages"}],"about":[{"href":"https:\/\/www.upo.es\/biblioteca\/blog\/ciencia\/wp-json\/wp\/v2\/types\/page"}],"author":[{"embeddable":true,"href":"https:\/\/www.upo.es\/biblioteca\/blog\/ciencia\/wp-json\/wp\/v2\/users\/5"}],"replies":[{"embeddable":true,"href":"https:\/\/www.upo.es\/biblioteca\/blog\/ciencia\/wp-json\/wp\/v2\/comments?post=2396"}],"version-history":[{"count":16,"href":"https:\/\/www.upo.es\/biblioteca\/blog\/ciencia\/wp-json\/wp\/v2\/pages\/2396\/revisions"}],"predecessor-version":[{"id":3975,"href":"https:\/\/www.upo.es\/biblioteca\/blog\/ciencia\/wp-json\/wp\/v2\/pages\/2396\/revisions\/3975"}],"wp:attachment":[{"href":"https:\/\/www.upo.es\/biblioteca\/blog\/ciencia\/wp-json\/wp\/v2\/media?parent=2396"}],"curies":[{"name":"wp","href":"https:\/\/api.w.org\/{rel}","templated":true}]}}