{"id":3862,"date":"2021-03-09T08:43:45","date_gmt":"2021-03-09T07:43:45","guid":{"rendered":"https:\/\/www.upo.es\/biblioteca\/blog\/ciencia\/?page_id=3862"},"modified":"2022-03-28T10:23:45","modified_gmt":"2022-03-28T08:23:45","slug":"impacto-citacion-y-excelencia","status":"publish","type":"page","link":"https:\/\/www.upo.es\/biblioteca\/blog\/ciencia\/impacto-citacion-y-excelencia\/","title":{"rendered":"Impacto, citaci\u00f3n y excelencia"},"content":{"rendered":"\n<div class='tableauPlaceholder' id='viz1648455790550' style='position: relative'><noscript><a href='#'><img alt='Dashboard 2 ' src='https:&#47;&#47;public.tableau.com&#47;static&#47;images&#47;UP&#47;UPO_Impacto_220321&#47;Dashboard2&#47;1_rss.png' style='border: none' \/><\/a><\/noscript><object class='tableauViz'  style='display:none;'><param name='host_url' value='https%3A%2F%2Fpublic.tableau.com%2F' \/> <param name='embed_code_version' value='3' \/> <param name='site_root' value='' \/><param name='name' value='UPO_Impacto_220321&#47;Dashboard2' \/><param name='tabs' value='no' \/><param name='toolbar' value='yes' \/><param name='static_image' value='https:&#47;&#47;public.tableau.com&#47;static&#47;images&#47;UP&#47;UPO_Impacto_220321&#47;Dashboard2&#47;1.png' \/> <param name='animate_transition' value='yes' \/><param name='display_static_image' value='yes' \/><param name='display_spinner' value='yes' \/><param name='display_overlay' value='yes' \/><param name='display_count' value='yes' \/><param name='language' value='es-ES' \/><\/object><\/div>                <script type='text\/javascript'>                    var divElement = document.getElementById('viz1648455790550');                    var vizElement = divElement.getElementsByTagName('object')[0];                    if ( divElement.offsetWidth > 800 ) { vizElement.style.width='1300px';vizElement.style.height='927px';} else if ( divElement.offsetWidth > 500 ) { vizElement.style.width='1300px';vizElement.style.height='927px';} else { vizElement.style.width='100%';vizElement.style.height='1127px';}                     var scriptElement = document.createElement('script');                    scriptElement.src = 'https:\/\/public.tableau.com\/javascripts\/api\/viz_v1.js';                    vizElement.parentNode.insertBefore(scriptElement, vizElement);                <\/script>\n\n\n\n<p>Todos los gr\u00e1ficos son interactivos. Usa el rat\u00f3n para obtener informaci\u00f3n ampliada o cambiar los par\u00e1metros de visualizaci\u00f3n. Los gr\u00e1ficos tambi\u00e9n pueden descargarse en distintos formatos.<\/p>\n","protected":false},"excerpt":{"rendered":"<p>Todos los gr\u00e1ficos son interactivos. Usa el rat\u00f3n para obtener informaci\u00f3n ampliada o cambiar los par\u00e1metros de visualizaci\u00f3n. Los gr\u00e1ficos tambi\u00e9n pueden descargarse en distintos formatos.<\/p>\n","protected":false},"author":5,"featured_media":0,"parent":0,"menu_order":0,"comment_status":"closed","ping_status":"closed","template":"","meta":[],"uagb_featured_image_src":{"full":false,"thumbnail":false,"medium":false,"medium_large":false,"large":false,"1536x1536":false,"2048x2048":false},"uagb_author_info":{"display_name":"Carmen Utrera Bonet","author_link":"https:\/\/www.upo.es\/biblioteca\/blog\/ciencia\/author\/mcutrbon\/"},"uagb_comment_info":0,"uagb_excerpt":"Todos los gr\u00e1ficos son interactivos. Usa el rat\u00f3n para obtener informaci\u00f3n ampliada o cambiar los par\u00e1metros de visualizaci\u00f3n. Los gr\u00e1ficos tambi\u00e9n pueden descargarse en distintos formatos.","_links":{"self":[{"href":"https:\/\/www.upo.es\/biblioteca\/blog\/ciencia\/wp-json\/wp\/v2\/pages\/3862"}],"collection":[{"href":"https:\/\/www.upo.es\/biblioteca\/blog\/ciencia\/wp-json\/wp\/v2\/pages"}],"about":[{"href":"https:\/\/www.upo.es\/biblioteca\/blog\/ciencia\/wp-json\/wp\/v2\/types\/page"}],"author":[{"embeddable":true,"href":"https:\/\/www.upo.es\/biblioteca\/blog\/ciencia\/wp-json\/wp\/v2\/users\/5"}],"replies":[{"embeddable":true,"href":"https:\/\/www.upo.es\/biblioteca\/blog\/ciencia\/wp-json\/wp\/v2\/comments?post=3862"}],"version-history":[{"count":8,"href":"https:\/\/www.upo.es\/biblioteca\/blog\/ciencia\/wp-json\/wp\/v2\/pages\/3862\/revisions"}],"predecessor-version":[{"id":4126,"href":"https:\/\/www.upo.es\/biblioteca\/blog\/ciencia\/wp-json\/wp\/v2\/pages\/3862\/revisions\/4126"}],"wp:attachment":[{"href":"https:\/\/www.upo.es\/biblioteca\/blog\/ciencia\/wp-json\/wp\/v2\/media?parent=3862"}],"curies":[{"name":"wp","href":"https:\/\/api.w.org\/{rel}","templated":true}]}}