{"id":3864,"date":"2021-03-09T08:44:20","date_gmt":"2021-03-09T07:44:20","guid":{"rendered":"https:\/\/www.upo.es\/biblioteca\/blog\/ciencia\/?page_id=3864"},"modified":"2021-03-25T00:01:34","modified_gmt":"2021-03-24T23:01:34","slug":"colaborcion-internacional","status":"publish","type":"page","link":"https:\/\/www.upo.es\/biblioteca\/blog\/ciencia\/colaborcion-internacional\/","title":{"rendered":"Colabor\u00e1ci\u00f3n internacional"},"content":{"rendered":"\n<div class=\"tableauPlaceholder\" id=\"viz1616418390515\" style=\"position: relative\"><noscript><a href=\"#\"><img alt=\" \" src=\"https:\/\/public.tableau.com\/static\/images\/KP\/KPI_COLAB_UPO_220321_V0\/Dashboard1\/1_rss.png\" style=\"border: none\"><\/a><\/noscript><object class=\"tableauViz\" style=\"display:none;\"><param name=\"host_url\" value=\"https%3A%2F%2Fpublic.tableau.com%2F\"> <param name=\"embed_code_version\" value=\"3\"> <param name=\"site_root\" value=\"\"><param name=\"name\" value=\"KPI_COLAB_UPO_220321_V0\/Dashboard1\"><param name=\"tabs\" value=\"no\"><param name=\"toolbar\" value=\"yes\"><param name=\"static_image\" value=\"https:\/\/public.tableau.com\/static\/images\/KP\/KPI_COLAB_UPO_220321_V0\/Dashboard1\/1.png\"> <param name=\"animate_transition\" value=\"yes\"><param name=\"display_static_image\" value=\"yes\"><param name=\"display_spinner\" value=\"yes\"><param name=\"display_overlay\" value=\"yes\"><param name=\"display_count\" value=\"yes\"><param name=\"language\" value=\"es\"><\/object><\/div>                <script type=\"text\/javascript\">                    var divElement = document.getElementById('viz1616418390515');                    var vizElement = divElement.getElementsByTagName('object')[0];                    if ( divElement.offsetWidth > 800 ) { vizElement.style.width='1000px';vizElement.style.minHeight='627px';vizElement.style.maxHeight='727px';vizElement.style.height=(divElement.offsetWidth*0.75)+'px';} else if ( divElement.offsetWidth > 500 ) { vizElement.style.width='1000px';vizElement.style.minHeight='627px';vizElement.style.maxHeight='727px';vizElement.style.height=(divElement.offsetWidth*0.75)+'px';} else { vizElement.style.width='100%';vizElement.style.height='1027px';}                     var scriptElement = document.createElement('script');                    scriptElement.src = 'https:\/\/public.tableau.com\/javascripts\/api\/viz_v1.js';                    vizElement.parentNode.insertBefore(scriptElement, vizElement);                <\/script>\n\n\n\n<p>Todos los gr\u00e1ficos son interactivos. Usa el rat\u00f3n para obtener informaci\u00f3n ampliada o cambiar los par\u00e1metros de visualizaci\u00f3n. Los gr\u00e1ficos tambi\u00e9n pueden descargarse en distintos formatos.<\/p>\n","protected":false},"excerpt":{"rendered":"<p>Todos los gr\u00e1ficos son interactivos. Usa el rat\u00f3n para obtener informaci\u00f3n ampliada o cambiar los par\u00e1metros de visualizaci\u00f3n. Los gr\u00e1ficos tambi\u00e9n pueden descargarse en distintos formatos.<\/p>\n","protected":false},"author":5,"featured_media":0,"parent":0,"menu_order":0,"comment_status":"closed","ping_status":"closed","template":"","meta":[],"uagb_featured_image_src":{"full":false,"thumbnail":false,"medium":false,"medium_large":false,"large":false,"1536x1536":false,"2048x2048":false},"uagb_author_info":{"display_name":"Carmen Utrera Bonet","author_link":"https:\/\/www.upo.es\/biblioteca\/blog\/ciencia\/author\/mcutrbon\/"},"uagb_comment_info":0,"uagb_excerpt":"Todos los gr\u00e1ficos son interactivos. Usa el rat\u00f3n para obtener informaci\u00f3n ampliada o cambiar los par\u00e1metros de visualizaci\u00f3n. Los gr\u00e1ficos tambi\u00e9n pueden descargarse en distintos formatos.","_links":{"self":[{"href":"https:\/\/www.upo.es\/biblioteca\/blog\/ciencia\/wp-json\/wp\/v2\/pages\/3864"}],"collection":[{"href":"https:\/\/www.upo.es\/biblioteca\/blog\/ciencia\/wp-json\/wp\/v2\/pages"}],"about":[{"href":"https:\/\/www.upo.es\/biblioteca\/blog\/ciencia\/wp-json\/wp\/v2\/types\/page"}],"author":[{"embeddable":true,"href":"https:\/\/www.upo.es\/biblioteca\/blog\/ciencia\/wp-json\/wp\/v2\/users\/5"}],"replies":[{"embeddable":true,"href":"https:\/\/www.upo.es\/biblioteca\/blog\/ciencia\/wp-json\/wp\/v2\/comments?post=3864"}],"version-history":[{"count":6,"href":"https:\/\/www.upo.es\/biblioteca\/blog\/ciencia\/wp-json\/wp\/v2\/pages\/3864\/revisions"}],"predecessor-version":[{"id":4039,"href":"https:\/\/www.upo.es\/biblioteca\/blog\/ciencia\/wp-json\/wp\/v2\/pages\/3864\/revisions\/4039"}],"wp:attachment":[{"href":"https:\/\/www.upo.es\/biblioteca\/blog\/ciencia\/wp-json\/wp\/v2\/media?parent=3864"}],"curies":[{"name":"wp","href":"https:\/\/api.w.org\/{rel}","templated":true}]}}