{"id":530,"date":"2019-11-13T12:57:02","date_gmt":"2019-11-13T11:57:02","guid":{"rendered":"https:\/\/www.upo.es\/biblioteca\/blog\/ciencia\/?page_id=530"},"modified":"2020-03-31T11:55:49","modified_gmt":"2020-03-31T09:55:49","slug":"colaboracion-internacional-upo-en-web-of-science","status":"publish","type":"page","link":"https:\/\/www.upo.es\/biblioteca\/blog\/ciencia\/colaboracion-internacional\/colaboracion-internacional-upo-en-web-of-science\/","title":{"rendered":"Colaboraci\u00f3n Internacional UPO en Web of Science"},"content":{"rendered":"\n<p style=\"text-align: left;\"><a class=\"fasc-button fasc-size-large fasc-type-glossy fasc-rounded-medium fasc-style-bold\" style=\"background-color: #003072; color: #ffffff;\" href=\"https:\/\/www.upo.es\/biblioteca\/blog\/ciencia\/colaboracion-internacional\/colaboracion-internacional-upo-en-web-of-science\/\">Web of Science<\/a>&nbsp;&nbsp;<a class=\"fasc-button fasc-size-large fasc-type-glossy fasc-rounded-medium fasc-style-bold\" style=\"background-color: #fcb825; color: #003072;\" href=\"https:\/\/www.upo.es\/biblioteca\/blog\/ciencia\/colaboracion-internacional\/colaboracion-internacional-upo-wos-esci\/\">WoS + ESCI<\/a> &nbsp;<a class=\"fasc-button fasc-size-large fasc-type-glossy fasc-rounded-medium fasc-style-bold\" style=\"background-color: #fcb825; color: #003072;\" href=\"https:\/\/www.upo.es\/biblioteca\/blog\/ciencia\/colaboracion-internacional\/colaboracion-internacional-upo-todos-los-tipos-de-documentos\/\">Todos los tipos de documentos<\/a>&nbsp;&nbsp;<a class=\"fasc-button fasc-size-large fasc-type-glossy fasc-rounded-medium fasc-style-bold\" style=\"background-color: #fcb825; color: #003072;\" href=\"https:\/\/www.upo.es\/biblioteca\/blog\/ciencia\/colaboracion-internacional\/colaboracion-internacional-upo-wos-esci-todos-los-tipos-de-documentos\/\">WoS + ESCI, Todos los tipos de documentos<\/a><\/p>\n\n\n\n<h4 class=\"rich-text editor-rich-text__editable block-editor-rich-text__editable is-selected\" role=\"textbox\" contenteditable=\"true\" aria-multiline=\"true\" aria-label=\"Escribe el encabezado\u2026\">Tipo de documento: Article, Review, Letter<\/h4>\n\n\n\n<p>En esta secci\u00f3n se muestra&nbsp; el n\u00famero y porcentaje de documentos en colaboraci\u00f3n internacional en la Web of Science (Colecci\u00f3n Principal) para el quinquenio 2014-2018.&nbsp;<\/p>\n\n\n\n<div class=\"wp-block-columns alignwide has-2-columns\">\n<div class=\"wp-block-column\">\n<div class=\"visualizer-front-container\"><style type=\"text\/css\" name=\"visualizer-custom-css\" id=\"customcss-visualizer-108\">.locker,.locker-loader{position:absolute;top:0;left:0;width:100%;height:100%}.locker{z-index:1000;opacity:.8;background-color:#fff;-ms-filter:\"progid:DXImageTransform.Microsoft.Alpha(Opacity=80)\";filter:alpha(opacity=80)}.locker-loader{z-index:1001;background:url(https:\/\/www.upo.es\/biblioteca\/blog\/ciencia\/wp-content\/plugins\/visualizer\/images\/ajax-loader.gif) no-repeat center center}.dt-button{display:none!important}.visualizer-front-container.visualizer-lazy-render{content-visibility: auto;}<\/style><div id=\"visualizer-108-1896908790\"class=\"visualizer-front  visualizer-front-108\"><\/div><!-- Not showing structured data for chart 108 because description is empty --><\/div>\n\n\n\n<div class=\"visualizer-front-container\"><style type=\"text\/css\" name=\"visualizer-custom-css\" id=\"customcss-visualizer-112\">.locker,.locker-loader{position:absolute;top:0;left:0;width:100%;height:100%}.locker{z-index:1000;opacity:.8;background-color:#fff;-ms-filter:\"progid:DXImageTransform.Microsoft.Alpha(Opacity=80)\";filter:alpha(opacity=80)}.locker-loader{z-index:1001;background:url(https:\/\/www.upo.es\/biblioteca\/blog\/ciencia\/wp-content\/plugins\/visualizer\/images\/ajax-loader.gif) no-repeat center center}.dt-button{display:none!important}.visualizer-front-container.visualizer-lazy-render{content-visibility: auto;}<\/style><div id=\"visualizer-112-1041638867\"class=\"visualizer-front  visualizer-front-112\"><\/div><!-- Not showing structured data for chart 112 because description is empty --><\/div>\n<\/div>\n\n\n\n<div class=\"wp-block-column\">\n<div class=\"visualizer-front-container\"><style type=\"text\/css\" name=\"visualizer-custom-css\" id=\"customcss-visualizer-110\">.locker,.locker-loader{position:absolute;top:0;left:0;width:100%;height:100%}.locker{z-index:1000;opacity:.8;background-color:#fff;-ms-filter:\"progid:DXImageTransform.Microsoft.Alpha(Opacity=80)\";filter:alpha(opacity=80)}.locker-loader{z-index:1001;background:url(https:\/\/www.upo.es\/biblioteca\/blog\/ciencia\/wp-content\/plugins\/visualizer\/images\/ajax-loader.gif) no-repeat center center}.dt-button{display:none!important}.visualizer-front-container.visualizer-lazy-render{content-visibility: auto;}<\/style><div id=\"visualizer-110-757147858\"class=\"visualizer-front  visualizer-front-110\"><\/div><!-- Not showing structured data for chart 110 because description is empty --><\/div>\n<\/div>\n<\/div>\n","protected":false},"excerpt":{"rendered":"<p>Web of Science&nbsp;&nbsp;WoS + ESCI &nbsp;Todos los tipos de documentos&nbsp;&nbsp;WoS + ESCI, Todos los tipos de documentos Tipo de documento: Article, Review, Letter En esta secci\u00f3n se muestra&nbsp; el n\u00famero y porcentaje de documentos en colaboraci\u00f3n internacional en la Web of Science (Colecci\u00f3n Principal) para el quinquenio 2014-2018.&nbsp; &nbsp;&nbsp; &nbsp; &nbsp;&nbsp;<\/p>\n","protected":false},"author":4,"featured_media":0,"parent":543,"menu_order":2,"comment_status":"closed","ping_status":"closed","template":"page-templates\/full-width.php","meta":[],"uagb_featured_image_src":{"full":false,"thumbnail":false,"medium":false,"medium_large":false,"large":false,"1536x1536":false,"2048x2048":false},"uagb_author_info":{"display_name":"Sara Perea Vargas","author_link":"https:\/\/www.upo.es\/biblioteca\/blog\/ciencia\/author\/spervar\/"},"uagb_comment_info":0,"uagb_excerpt":"Web of Science&nbsp;&nbsp;WoS + ESCI &nbsp;Todos los tipos de documentos&nbsp;&nbsp;WoS + ESCI, Todos los tipos de documentos Tipo de documento: Article, Review, Letter En esta secci\u00f3n se muestra&nbsp; el n\u00famero y porcentaje de documentos en colaboraci\u00f3n internacional en la Web of Science (Colecci\u00f3n Principal) para el quinquenio 2014-2018.&nbsp; &nbsp;&nbsp; &nbsp; &nbsp;&nbsp;","_links":{"self":[{"href":"https:\/\/www.upo.es\/biblioteca\/blog\/ciencia\/wp-json\/wp\/v2\/pages\/530"}],"collection":[{"href":"https:\/\/www.upo.es\/biblioteca\/blog\/ciencia\/wp-json\/wp\/v2\/pages"}],"about":[{"href":"https:\/\/www.upo.es\/biblioteca\/blog\/ciencia\/wp-json\/wp\/v2\/types\/page"}],"author":[{"embeddable":true,"href":"https:\/\/www.upo.es\/biblioteca\/blog\/ciencia\/wp-json\/wp\/v2\/users\/4"}],"replies":[{"embeddable":true,"href":"https:\/\/www.upo.es\/biblioteca\/blog\/ciencia\/wp-json\/wp\/v2\/comments?post=530"}],"version-history":[{"count":10,"href":"https:\/\/www.upo.es\/biblioteca\/blog\/ciencia\/wp-json\/wp\/v2\/pages\/530\/revisions"}],"predecessor-version":[{"id":2159,"href":"https:\/\/www.upo.es\/biblioteca\/blog\/ciencia\/wp-json\/wp\/v2\/pages\/530\/revisions\/2159"}],"up":[{"embeddable":true,"href":"https:\/\/www.upo.es\/biblioteca\/blog\/ciencia\/wp-json\/wp\/v2\/pages\/543"}],"wp:attachment":[{"href":"https:\/\/www.upo.es\/biblioteca\/blog\/ciencia\/wp-json\/wp\/v2\/media?parent=530"}],"curies":[{"name":"wp","href":"https:\/\/api.w.org\/{rel}","templated":true}]}}