{"id":538,"date":"2019-11-13T13:06:43","date_gmt":"2019-11-13T12:06:43","guid":{"rendered":"https:\/\/www.upo.es\/biblioteca\/blog\/ciencia\/?page_id=538"},"modified":"2020-03-31T12:01:09","modified_gmt":"2020-03-31T10:01:09","slug":"colaboracion-internacional-upo-wos-esci-todos-los-tipos-de-documentos","status":"publish","type":"page","link":"https:\/\/www.upo.es\/biblioteca\/blog\/ciencia\/colaboracion-internacional\/colaboracion-internacional-upo-wos-esci-todos-los-tipos-de-documentos\/","title":{"rendered":"Colaboraci\u00f3n Internacional UPO (WoS + ESCI, Todos los tipos de documentos)"},"content":{"rendered":"\n<p style=\"text-align: left;\"><a class=\"fasc-button fasc-size-large fasc-type-glossy fasc-rounded-medium fasc-style-bold\" style=\"background-color: #fcb825; color: #003072;\" href=\"https:\/\/www.upo.es\/biblioteca\/blog\/ciencia\/colaboracion-internacional\/colaboracion-internacional-upo-en-web-of-science\/\">Web of Science<\/a>&nbsp;&nbsp;<a class=\"fasc-button fasc-size-large fasc-type-glossy fasc-rounded-medium fasc-style-bold\" style=\"background-color: #fcb825; color: #003072;\" href=\"https:\/\/www.upo.es\/biblioteca\/blog\/ciencia\/colaboracion-internacional\/colaboracion-internacional-upo-wos-esci\/\">WoS + ESCI<\/a> &nbsp;<a class=\"fasc-button fasc-size-large fasc-type-glossy fasc-rounded-medium fasc-style-bold\" style=\"background-color: #fcb825; color: #003072;\" href=\"https:\/\/www.upo.es\/biblioteca\/blog\/ciencia\/colaboracion-internacional\/colaboracion-internacional-upo-todos-los-tipos-de-documentos\/\">Todos los tipos de documentos<\/a>&nbsp;&nbsp;<a class=\"fasc-button fasc-size-large fasc-type-glossy fasc-rounded-medium fasc-style-bold\" style=\"background-color: #003072; color: #ffffff;\" href=\"https:\/\/www.upo.es\/biblioteca\/blog\/ciencia\/colaboracion-internacional\/colaboracion-internacional-upo-wos-esci-todos-los-tipos-de-documentos\/\">WoS + ESCI, Todos los tipos de documentos<\/a><\/p>\n\n\n\n<h4 class=\"rich-text editor-rich-text__editable block-editor-rich-text__editable is-selected\" role=\"textbox\" contenteditable=\"true\" aria-multiline=\"true\" aria-label=\"Escribe el encabezado\u2026\">Tipo de documento: Todos los tipos documentales, incluyendo tambi\u00e9n los libros, cap\u00edtulos y presentaciones a conferencias y congresos + ESCI<\/h4>\n\n\n\n<p>En esta secci\u00f3n se muestra&nbsp; el n\u00famero y porcentaje de documentos en colaboraci\u00f3n internacional &nbsp;(todos los tipos documentales, incluyendo tambi\u00e9n los libros, cap\u00edtulos y presentaciones a conferencias y congresos) en la Web of Science (Colecci\u00f3n Principal, incluido Emerging Sources Citation Index) para el quinquenio 2014-2018.&nbsp;<\/p>\n\n\n\n<div class=\"wp-block-columns alignwide has-2-columns\">\n<div class=\"wp-block-column\">\n<div class=\"visualizer-front-container\"><style type=\"text\/css\" name=\"visualizer-custom-css\" id=\"customcss-visualizer-130\">.locker,.locker-loader{position:absolute;top:0;left:0;width:100%;height:100%}.locker{z-index:1000;opacity:.8;background-color:#fff;-ms-filter:\"progid:DXImageTransform.Microsoft.Alpha(Opacity=80)\";filter:alpha(opacity=80)}.locker-loader{z-index:1001;background:url(https:\/\/www.upo.es\/biblioteca\/blog\/ciencia\/wp-content\/plugins\/visualizer\/images\/ajax-loader.gif) no-repeat center center}.dt-button{display:none!important}.visualizer-front-container.visualizer-lazy-render{content-visibility: auto;}<\/style><div id=\"visualizer-130-1335908497\"class=\"visualizer-front  visualizer-front-130\"><\/div><!-- Not showing structured data for chart 130 because description is empty --><\/div>\n\n\n\n<div class=\"visualizer-front-container\"><style type=\"text\/css\" name=\"visualizer-custom-css\" id=\"customcss-visualizer-134\">.locker,.locker-loader{position:absolute;top:0;left:0;width:100%;height:100%}.locker{z-index:1000;opacity:.8;background-color:#fff;-ms-filter:\"progid:DXImageTransform.Microsoft.Alpha(Opacity=80)\";filter:alpha(opacity=80)}.locker-loader{z-index:1001;background:url(https:\/\/www.upo.es\/biblioteca\/blog\/ciencia\/wp-content\/plugins\/visualizer\/images\/ajax-loader.gif) no-repeat center center}.dt-button{display:none!important}.visualizer-front-container.visualizer-lazy-render{content-visibility: auto;}<\/style><div id=\"visualizer-134-881865051\"class=\"visualizer-front  visualizer-front-134\"><\/div><!-- Not showing structured data for chart 134 because description is empty --><\/div>\n<\/div>\n\n\n\n<div class=\"wp-block-column\">\n<div class=\"visualizer-front-container\"><style type=\"text\/css\" name=\"visualizer-custom-css\" id=\"customcss-visualizer-132\">.locker,.locker-loader{position:absolute;top:0;left:0;width:100%;height:100%}.locker{z-index:1000;opacity:.8;background-color:#fff;-ms-filter:\"progid:DXImageTransform.Microsoft.Alpha(Opacity=80)\";filter:alpha(opacity=80)}.locker-loader{z-index:1001;background:url(https:\/\/www.upo.es\/biblioteca\/blog\/ciencia\/wp-content\/plugins\/visualizer\/images\/ajax-loader.gif) no-repeat center center}.dt-button{display:none!important}.visualizer-front-container.visualizer-lazy-render{content-visibility: auto;}<\/style><div id=\"visualizer-132-1698780498\"class=\"visualizer-front  visualizer-front-132\"><\/div><!-- Not showing structured data for chart 132 because description is empty --><\/div>\n<\/div>\n<\/div>\n","protected":false},"excerpt":{"rendered":"<p>Web of Science&nbsp;&nbsp;WoS + ESCI &nbsp;Todos los tipos de documentos&nbsp;&nbsp;WoS + ESCI, Todos los tipos de documentos Tipo de documento: Todos los tipos documentales, incluyendo tambi\u00e9n los libros, cap\u00edtulos y presentaciones a conferencias y congresos + ESCI En esta secci\u00f3n se muestra&nbsp; el n\u00famero y porcentaje de documentos en colaboraci\u00f3n internacional &nbsp;(todos los tipos documentales, [&hellip;]<\/p>\n","protected":false},"author":4,"featured_media":0,"parent":543,"menu_order":5,"comment_status":"closed","ping_status":"closed","template":"page-templates\/full-width.php","meta":[],"uagb_featured_image_src":{"full":false,"thumbnail":false,"medium":false,"medium_large":false,"large":false,"1536x1536":false,"2048x2048":false},"uagb_author_info":{"display_name":"Sara Perea Vargas","author_link":"https:\/\/www.upo.es\/biblioteca\/blog\/ciencia\/author\/spervar\/"},"uagb_comment_info":0,"uagb_excerpt":"Web of Science&nbsp;&nbsp;WoS + ESCI &nbsp;Todos los tipos de documentos&nbsp;&nbsp;WoS + ESCI, Todos los tipos de documentos Tipo de documento: Todos los tipos documentales, incluyendo tambi\u00e9n los libros, cap\u00edtulos y presentaciones a conferencias y congresos + ESCI En esta secci\u00f3n se muestra&nbsp; el n\u00famero y porcentaje de documentos en colaboraci\u00f3n internacional &nbsp;(todos los tipos documentales,&hellip;","_links":{"self":[{"href":"https:\/\/www.upo.es\/biblioteca\/blog\/ciencia\/wp-json\/wp\/v2\/pages\/538"}],"collection":[{"href":"https:\/\/www.upo.es\/biblioteca\/blog\/ciencia\/wp-json\/wp\/v2\/pages"}],"about":[{"href":"https:\/\/www.upo.es\/biblioteca\/blog\/ciencia\/wp-json\/wp\/v2\/types\/page"}],"author":[{"embeddable":true,"href":"https:\/\/www.upo.es\/biblioteca\/blog\/ciencia\/wp-json\/wp\/v2\/users\/4"}],"replies":[{"embeddable":true,"href":"https:\/\/www.upo.es\/biblioteca\/blog\/ciencia\/wp-json\/wp\/v2\/comments?post=538"}],"version-history":[{"count":8,"href":"https:\/\/www.upo.es\/biblioteca\/blog\/ciencia\/wp-json\/wp\/v2\/pages\/538\/revisions"}],"predecessor-version":[{"id":2164,"href":"https:\/\/www.upo.es\/biblioteca\/blog\/ciencia\/wp-json\/wp\/v2\/pages\/538\/revisions\/2164"}],"up":[{"embeddable":true,"href":"https:\/\/www.upo.es\/biblioteca\/blog\/ciencia\/wp-json\/wp\/v2\/pages\/543"}],"wp:attachment":[{"href":"https:\/\/www.upo.es\/biblioteca\/blog\/ciencia\/wp-json\/wp\/v2\/media?parent=538"}],"curies":[{"name":"wp","href":"https:\/\/api.w.org\/{rel}","templated":true}]}}