{"id":541,"date":"2019-12-20T10:49:43","date_gmt":"2019-12-20T09:49:43","guid":{"rendered":"https:\/\/www.upo.es\/biblioteca\/blog\/ciencia\/?page_id=541"},"modified":"2020-04-03T07:24:49","modified_gmt":"2020-04-03T05:24:49","slug":"metodologia","status":"publish","type":"page","link":"https:\/\/www.upo.es\/biblioteca\/blog\/ciencia\/metodologia\/","title":{"rendered":"Metodolog\u00eda"},"content":{"rendered":"\n<p>An\u00e1lisis de la producci\u00f3n cient\u00edfica de la Universidad Pablo de Olavide correspondiente al&nbsp; quinquenio 2014-2018<\/p>\n<p>Las fuentes principales utilizadas han sido la herramienta InCites que utiliza los datos bibliogr\u00e1ficos y de citas de los \u00edndices de la colecci\u00f3n principal de la Web of Science, y la base de datos bibliogr\u00e1fica Scopus.<\/p>\n<p>El <em>dataset<\/em> incluye las publicaciones de la Universidad Pablo de Olavide as\u00ed como las de los centros mixtos de investigaci\u00f3n <a href=\"http:\/\/www.cabd.es\/\">Centro Andaluz de Biolog\u00eda del Desarrollo (CABD)<\/a> y <a href=\"https:\/\/www.cabimer.es\/web3\/\">Centro Andaluz de Biolog\u00eda Molecular y Medicina Regenerativa (CABIMER)<\/a>.<\/p>\n<p>La primera descarga de datos fue realizada en mayo de 2019. Se hizo una descarga posterior el 4 de julio de 2019 con la actualizaci\u00f3n de los cuartiles del a\u00f1o 2018 en InCites. De esta herramienta se extraen los siguientes indicadores:<\/p>\n\n\n\n<div class=\"wp-block-image\"><figure class=\"aligncenter size-large is-resized\"><img loading=\"lazy\" src=\"https:\/\/www.upo.es\/biblioteca\/blog\/ciencia\/wp-content\/uploads\/2020\/04\/Captura-de-pantalla-2020-04-01-a-las-12.56.39-1024x880.png\" alt=\"\" class=\"wp-image-2209\" width=\"733\" height=\"629\" srcset=\"https:\/\/www.upo.es\/biblioteca\/blog\/ciencia\/wp-content\/uploads\/2020\/04\/Captura-de-pantalla-2020-04-01-a-las-12.56.39-1024x880.png 1024w, https:\/\/www.upo.es\/biblioteca\/blog\/ciencia\/wp-content\/uploads\/2020\/04\/Captura-de-pantalla-2020-04-01-a-las-12.56.39-300x258.png 300w, https:\/\/www.upo.es\/biblioteca\/blog\/ciencia\/wp-content\/uploads\/2020\/04\/Captura-de-pantalla-2020-04-01-a-las-12.56.39-768x660.png 768w, https:\/\/www.upo.es\/biblioteca\/blog\/ciencia\/wp-content\/uploads\/2020\/04\/Captura-de-pantalla-2020-04-01-a-las-12.56.39-1536x1321.png 1536w, https:\/\/www.upo.es\/biblioteca\/blog\/ciencia\/wp-content\/uploads\/2020\/04\/Captura-de-pantalla-2020-04-01-a-las-12.56.39.png 1940w\" sizes=\"(max-width: 733px) 100vw, 733px\" \/><\/figure><\/div>\n\n\n\n<p>\u00a0<\/p>\n<p>Para todos estos indicadores se han tenido en cuenta cuatro combinaciones de datos:<\/p>\n<ul>\n<li class=\"p1\">Article, Review, Letter de las bases de datos de la colecci\u00f3n principal de Web of Science (Science Citation Index Expanded (SCIE), Social Sciences Citation Index (SSCI) y Arts &amp; Humanities Citation Index (A&amp;HCI)). Las gr\u00e1ficas obtenidas de esta combinaci\u00f3n de datos ser\u00e1n denominadas como \u00abF1\u00bb y las diferentes secciones de cada apartado como \u00abWeb of Science\u00bb.<\/li>\n<li class=\"p1\">Article, Review, Letter de las bases de datos de la colecci\u00f3n principal de Web of Science (SCIE, SSCI, A&amp;HCI) y Emerging Sources Citation Index. Las gr\u00e1ficas obtenidas de esta combinaci\u00f3n de datos ser\u00e1n denominadas como \u00abF1 ESCI\u00bb y las diferentes secciones de cada apartado como \u00abWos + ESCI\u00bb.<\/li>\n<li class=\"p1\">Article, Review, Letter, Proceedings Paper, Book, Book Chapter de las bases de datos de la colecci\u00f3n principal de Web of Science (SCIE, SSCI y A&amp;HCI). Las gr\u00e1ficas obtenidas de esta combinaci\u00f3n de datos ser\u00e1n denominadas como \u00abF2\u00bb y las diferentes secciones de cada apartado como \u00abTodos los tipos de documentos\u00bb.<\/li>\n<li class=\"p1\">Article, Review, Letter, Proceedings Paper, Book, Book Chapter de las bases de datos de la colecci\u00f3n principal de Web of Science (SCIE, SSCI) y\u00a0 A&amp;HCI) y Emerging Sources Citation Index. Las gr\u00e1ficas obtenidas de esta combinaci\u00f3n de datos ser\u00e1n denominadas como \u00abF2 ESCI\u00bb y las diferentes secciones de cada apartado como \u00abWos + ESCI, Todos los tipos de documentos\u00bb.<\/li>\n<\/ul>\n<p>Los indicadores de la Universidad Pablo de Olavide extra\u00eddos de la base de datos bibliogr\u00e1fica Scopus se han obtenido teniendo en cuenta dos combinaciones de datos:<\/p>\n<ul>\n<li class=\"p1\">Article, Review, Letter<\/li>\n<li class=\"p1\">Article, Review, Letter, Proceedings Paper, Book, Book Chapter<\/li>\n<\/ul>\n\n\n\n<p>La comparativa de la Universidad Pablo de Olavide&nbsp;&nbsp;con otras Universidades a nivel nacional se ha realizado teniendo en cuenta el Personal Docente e Investigador (PDI) a tiempo completo. Para ello se ha normalizado el n\u00famero de PDI a tiempo parcial, haciendo equivaler&nbsp; dos PDI a tiempo parcial a uno a tiempo completo. Para obtener los datos se ha utilizado <a href=\"http:\/\/www.educacionyfp.gob.es\/servicios-al-ciudadano\/estadisticas\/universitaria\/siiu.html\"><em>el Sistema Integrado de Informaci\u00f3n Universitaria (SIIU)<\/em><\/a><\/p>\n\n\n\n\n<table id=\"tablepress-34\" class=\"tablepress tablepress-id-34\">\n<thead>\n<tr class=\"row-1 odd\">\n\t<th class=\"column-1\">UNIVERSIDADES<\/th><th class=\"column-2\">PDI TIEMPO COMPLETO<\/th>\n<\/tr>\n<\/thead>\n<tbody class=\"row-hover\">\n<tr class=\"row-2 even\">\n\t<td class=\"column-1\">Universidad Jaume I de Castell\u00f3n (UJI)<\/td><td class=\"column-2\">988<\/td>\n<\/tr>\n<tr class=\"row-3 odd\">\n\t<td class=\"column-1\">Universidad Pontificia Comillas (COMILLAS)<\/td><td class=\"column-2\">947<\/td>\n<\/tr>\n<tr class=\"row-4 even\">\n\t<td class=\"column-1\">Universidad de Ja\u00e9n (UJA)<\/td><td class=\"column-2\">926<\/td>\n<\/tr>\n<tr class=\"row-5 odd\">\n\t<td class=\"column-1\">Universidad Miguel Hern\u00e1ndez de Elche (UMH)<\/td><td class=\"column-2\">884<\/td>\n<\/tr>\n<tr class=\"row-6 even\">\n\t<td class=\"column-1\">Universidad de Lleida (UDL)<\/td><td class=\"column-2\">879<\/td>\n<\/tr>\n<tr class=\"row-7 odd\">\n\t<td class=\"column-1\">Universidad Pablo de Olavide (UPO)<\/td><td class=\"column-2\">845<\/td>\n<\/tr>\n<tr class=\"row-8 even\">\n\t<td class=\"column-1\">Universidad Ram\u00f3n Llull (URL)<\/td><td class=\"column-2\">836<\/td>\n<\/tr>\n<tr class=\"row-9 odd\">\n\t<td class=\"column-1\">Universidad de Le\u00f3n (ULE)<\/td><td class=\"column-2\">798<\/td>\n<\/tr>\n<tr class=\"row-10 even\">\n\t<td class=\"column-1\">Universidad de Almer\u00eda (UAL)<\/td><td class=\"column-2\">752<\/td>\n<\/tr>\n<tr class=\"row-11 odd\">\n\t<td class=\"column-1\">Universidad San Pablo-CEU (CEU)<\/td><td class=\"column-2\">739<\/td>\n<\/tr>\n<tr class=\"row-12 even\">\n\t<td class=\"column-1\">Universidad de Huelva (UHU)<\/td><td class=\"column-2\">726<\/td>\n<\/tr>\n<\/tbody>\n<\/table>\n<!-- #tablepress-34 from cache -->\n","protected":false},"excerpt":{"rendered":"<p>An\u00e1lisis de la producci\u00f3n cient\u00edfica de la Universidad Pablo de Olavide correspondiente al&nbsp; quinquenio 2014-2018 Las fuentes principales utilizadas han sido la herramienta InCites que utiliza los datos bibliogr\u00e1ficos y de citas de los \u00edndices de la colecci\u00f3n principal de la Web of Science, y la base de datos bibliogr\u00e1fica Scopus. El dataset incluye las [&hellip;]<\/p>\n","protected":false},"author":3,"featured_media":0,"parent":0,"menu_order":0,"comment_status":"closed","ping_status":"closed","template":"page-templates\/full-width.php","meta":[],"uagb_featured_image_src":{"full":false,"thumbnail":false,"medium":false,"medium_large":false,"large":false,"1536x1536":false,"2048x2048":false},"uagb_author_info":{"display_name":"\u00c1ngel Delgado V\u00e1zquez","author_link":"https:\/\/www.upo.es\/biblioteca\/blog\/ciencia\/author\/adelvaz\/"},"uagb_comment_info":0,"uagb_excerpt":"An\u00e1lisis de la producci\u00f3n cient\u00edfica de la Universidad Pablo de Olavide correspondiente al&nbsp; quinquenio 2014-2018 Las fuentes principales utilizadas han sido la herramienta InCites que utiliza los datos bibliogr\u00e1ficos y de citas de los \u00edndices de la colecci\u00f3n principal de la Web of Science, y la base de datos bibliogr\u00e1fica Scopus. El dataset incluye las&hellip;","_links":{"self":[{"href":"https:\/\/www.upo.es\/biblioteca\/blog\/ciencia\/wp-json\/wp\/v2\/pages\/541"}],"collection":[{"href":"https:\/\/www.upo.es\/biblioteca\/blog\/ciencia\/wp-json\/wp\/v2\/pages"}],"about":[{"href":"https:\/\/www.upo.es\/biblioteca\/blog\/ciencia\/wp-json\/wp\/v2\/types\/page"}],"author":[{"embeddable":true,"href":"https:\/\/www.upo.es\/biblioteca\/blog\/ciencia\/wp-json\/wp\/v2\/users\/3"}],"replies":[{"embeddable":true,"href":"https:\/\/www.upo.es\/biblioteca\/blog\/ciencia\/wp-json\/wp\/v2\/comments?post=541"}],"version-history":[{"count":31,"href":"https:\/\/www.upo.es\/biblioteca\/blog\/ciencia\/wp-json\/wp\/v2\/pages\/541\/revisions"}],"predecessor-version":[{"id":3565,"href":"https:\/\/www.upo.es\/biblioteca\/blog\/ciencia\/wp-json\/wp\/v2\/pages\/541\/revisions\/3565"}],"wp:attachment":[{"href":"https:\/\/www.upo.es\/biblioteca\/blog\/ciencia\/wp-json\/wp\/v2\/media?parent=541"}],"curies":[{"name":"wp","href":"https:\/\/api.w.org\/{rel}","templated":true}]}}