{"id":543,"date":"2019-11-15T14:13:23","date_gmt":"2019-11-15T13:13:23","guid":{"rendered":"https:\/\/www.upo.es\/biblioteca\/blog\/ciencia\/?page_id=543"},"modified":"2020-03-31T09:51:14","modified_gmt":"2020-03-31T07:51:14","slug":"colaboracion-internacional","status":"publish","type":"page","link":"https:\/\/www.upo.es\/biblioteca\/blog\/ciencia\/colaboracion-internacional\/","title":{"rendered":"Colaboraci\u00f3n Internacional"},"content":{"rendered":"\n<p style=\"text-align: left;\"><a class=\"fasc-button fasc-size-large fasc-type-glossy fasc-rounded-medium fasc-style-bold\" style=\"background-color: #fcb825; color: #003072;\" href=\"https:\/\/www.upo.es\/biblioteca\/blog\/ciencia\/colaboracion-internacional\/colaboracion-internacional-upo-en-web-of-science\/\">Web of Science<\/a>&nbsp;&nbsp;<a class=\"fasc-button fasc-size-large fasc-type-glossy fasc-rounded-medium fasc-style-bold\" style=\"background-color: #fcb825; color: #003072;\" href=\"https:\/\/www.upo.es\/biblioteca\/blog\/ciencia\/colaboracion-internacional\/colaboracion-internacional-upo-wos-esci\/\">WoS + ESCI<\/a> &nbsp;<a class=\"fasc-button fasc-size-large fasc-type-glossy fasc-rounded-medium fasc-style-bold\" style=\"background-color: #fcb825; color: #003072;\" href=\"https:\/\/www.upo.es\/biblioteca\/blog\/ciencia\/colaboracion-internacional\/colaboracion-internacional-upo-todos-los-tipos-de-documentos\/\">Todos los tipos de documentos<\/a>&nbsp;&nbsp;<a class=\"fasc-button fasc-size-large fasc-type-glossy fasc-rounded-medium fasc-style-bold\" style=\"background-color: #fcb825; color: #003072;\" href=\"https:\/\/www.upo.es\/biblioteca\/blog\/ciencia\/colaboracion-internacional\/colaboracion-internacional-upo-wos-esci-todos-los-tipos-de-documentos\/\">WoS + ESCI, Todos los tipos de documentos<\/a><\/p>\n\n\n\n<p><\/p>\n\n\n\n<div class=\"wp-block-columns\">\n<div class=\"wp-block-column\">\n<p> Esta parte del informe contiene informaci\u00f3n sobre los \u00edndices de colaboraci\u00f3n internacional en las investigaciones cuyas publicaciones derivadas est\u00e1n incluidas en Web of Science. <\/p>\n\n\n\n<p> Se presentan cuatro secciones: <\/p>\n\n\n\n<ul>\n<li><a href=\"https:\/\/www.upo.es\/biblioteca\/blog\/ciencia\/colaboracion-internacional\/colaboracion-internacional-upo-en-web-of-science\/\">Web of Science<\/a><\/li>\n<li><a href=\"https:\/\/www.upo.es\/biblioteca\/blog\/ciencia\/colaboracion-internacional\/colaboracion-internacional-upo-wos-esci\/\">WoS + ESCI<\/a><\/li>\n<li><a href=\"https:\/\/www.upo.es\/biblioteca\/blog\/ciencia\/colaboracion-internacional\/colaboracion-internacional-upo-todos-los-tipos-de-documentos\/\">Todos los tipos de documentos<\/a>&nbsp;<\/li>\n<li><a href=\"https:\/\/www.upo.es\/biblioteca\/blog\/ciencia\/colaboracion-internacional\/colaboracion-internacional-upo-wos-esci-todos-los-tipos-de-documentos\/\">WoS + ESCI, Todos los tipos de documentos<\/a><\/li>\n<\/ul>\n<\/div>\n\n\n\n<div class=\"wp-block-column\">\n<figure class=\"wp-block-image size-large is-resized\"><img loading=\"lazy\" class=\"wp-image-1549\" src=\"https:\/\/www.upo.es\/biblioteca\/blog\/ciencia\/wp-content\/uploads\/2020\/01\/17689-1-1024x683.jpg\" alt=\"\" width=\"380\" height=\"253\" srcset=\"https:\/\/www.upo.es\/biblioteca\/blog\/ciencia\/wp-content\/uploads\/2020\/01\/17689-1-1024x683.jpg 1024w, https:\/\/www.upo.es\/biblioteca\/blog\/ciencia\/wp-content\/uploads\/2020\/01\/17689-1-300x200.jpg 300w, https:\/\/www.upo.es\/biblioteca\/blog\/ciencia\/wp-content\/uploads\/2020\/01\/17689-1-768x512.jpg 768w, https:\/\/www.upo.es\/biblioteca\/blog\/ciencia\/wp-content\/uploads\/2020\/01\/17689-1-1536x1024.jpg 1536w, https:\/\/www.upo.es\/biblioteca\/blog\/ciencia\/wp-content\/uploads\/2020\/01\/17689-1-2048x1365.jpg 2048w\" sizes=\"(max-width: 380px) 100vw, 380px\" \/><\/figure>\n<p><em><a href=\"https:\/\/www.freepik.es\/foto-gratis\/concepto-negocio-mundo-vidrio-computadora-portatil_5508046.htm\">Creado por jcomp &#8211; www.freepik.es<\/a><\/em><\/p>\n<\/div>\n<\/div>\n\n\n\n<p><\/p>\n","protected":false},"excerpt":{"rendered":"<p>Web of Science&nbsp;&nbsp;WoS + ESCI &nbsp;Todos los tipos de documentos&nbsp;&nbsp;WoS + ESCI, Todos los tipos de documentos Esta parte del informe contiene informaci\u00f3n sobre los \u00edndices de colaboraci\u00f3n internacional en las investigaciones cuyas publicaciones derivadas est\u00e1n incluidas en Web of Science. Se presentan cuatro secciones: Web of Science WoS + ESCI Todos los tipos de [&hellip;]<\/p>\n","protected":false},"author":3,"featured_media":0,"parent":0,"menu_order":0,"comment_status":"closed","ping_status":"closed","template":"page-templates\/full-width.php","meta":[],"uagb_featured_image_src":{"full":false,"thumbnail":false,"medium":false,"medium_large":false,"large":false,"1536x1536":false,"2048x2048":false},"uagb_author_info":{"display_name":"\u00c1ngel Delgado V\u00e1zquez","author_link":"https:\/\/www.upo.es\/biblioteca\/blog\/ciencia\/author\/adelvaz\/"},"uagb_comment_info":0,"uagb_excerpt":"Web of Science&nbsp;&nbsp;WoS + ESCI &nbsp;Todos los tipos de documentos&nbsp;&nbsp;WoS + ESCI, Todos los tipos de documentos Esta parte del informe contiene informaci\u00f3n sobre los \u00edndices de colaboraci\u00f3n internacional en las investigaciones cuyas publicaciones derivadas est\u00e1n incluidas en Web of Science. Se presentan cuatro secciones: Web of Science WoS + ESCI Todos los tipos de&hellip;","_links":{"self":[{"href":"https:\/\/www.upo.es\/biblioteca\/blog\/ciencia\/wp-json\/wp\/v2\/pages\/543"}],"collection":[{"href":"https:\/\/www.upo.es\/biblioteca\/blog\/ciencia\/wp-json\/wp\/v2\/pages"}],"about":[{"href":"https:\/\/www.upo.es\/biblioteca\/blog\/ciencia\/wp-json\/wp\/v2\/types\/page"}],"author":[{"embeddable":true,"href":"https:\/\/www.upo.es\/biblioteca\/blog\/ciencia\/wp-json\/wp\/v2\/users\/3"}],"replies":[{"embeddable":true,"href":"https:\/\/www.upo.es\/biblioteca\/blog\/ciencia\/wp-json\/wp\/v2\/comments?post=543"}],"version-history":[{"count":10,"href":"https:\/\/www.upo.es\/biblioteca\/blog\/ciencia\/wp-json\/wp\/v2\/pages\/543\/revisions"}],"predecessor-version":[{"id":3615,"href":"https:\/\/www.upo.es\/biblioteca\/blog\/ciencia\/wp-json\/wp\/v2\/pages\/543\/revisions\/3615"}],"wp:attachment":[{"href":"https:\/\/www.upo.es\/biblioteca\/blog\/ciencia\/wp-json\/wp\/v2\/media?parent=543"}],"curies":[{"name":"wp","href":"https:\/\/api.w.org\/{rel}","templated":true}]}}