{"id":592,"date":"2019-11-26T08:16:57","date_gmt":"2019-11-26T07:16:57","guid":{"rendered":"https:\/\/www.upo.es\/biblioteca\/blog\/ciencia\/?page_id=592"},"modified":"2020-01-31T13:05:18","modified_gmt":"2020-01-31T12:05:18","slug":"comparativa-sistema-universitario-andaluz","status":"publish","type":"page","link":"https:\/\/www.upo.es\/biblioteca\/blog\/ciencia\/comparativa-sistema-universitario-andaluz\/","title":{"rendered":"Comparativa Sistema Universitario Andaluz"},"content":{"rendered":"\n<p style=\"text-align: left;\"><a class=\"fasc-button fasc-size-large fasc-type-glossy fasc-rounded-medium fasc-style-bold\" style=\"background-color: #fcb825; color: #003072;\" href=\"https:\/\/www.upo.es\/biblioteca\/blog\/ciencia\/comparativa-sistema-universitario-andaluz\/comparativa-sistema-universitario-andaluz-web-of-science\/\">Web of Science<\/a>&nbsp;&nbsp;<a class=\"fasc-button fasc-size-large fasc-type-glossy fasc-rounded-medium fasc-style-bold\" style=\"background-color: #fcb825; color: #003072;\" href=\"https:\/\/www.upo.es\/biblioteca\/blog\/ciencia\/comparativa-sistema-universitario-andaluz\/comparativa-sistema-universitario-andaluz-wos-esci\/\">WoS + ESCI<\/a> &nbsp;<a class=\"fasc-button fasc-size-large fasc-type-glossy fasc-rounded-medium fasc-style-bold\" style=\"background-color: #fcb825; color: #003072;\" href=\"https:\/\/www.upo.es\/biblioteca\/blog\/ciencia\/comparativa-sistema-universitario-andaluz\/comparativa-sistema-universitario-andaluz-todos\/\">Todos los tipos de documentos<\/a>&nbsp;&nbsp;<a class=\"fasc-button fasc-size-large fasc-type-glossy fasc-rounded-medium fasc-style-bold\" style=\"background-color: #fcb825; color: #003072;\" href=\"https:\/\/www.upo.es\/biblioteca\/blog\/ciencia\/comparativa-sistema-universitario-andaluz\/comparativa-sistema-universitario-andaluz-wos-esci-todos-los-tipos-de-documentos\/\">WoS + ESCI, Todos los tipos de documentos<\/a><\/p>\n\n\n\n<div class=\"wp-block-columns\">\n<div class=\"wp-block-column\">\n<p>En este apartado se compara a la Universidad Pablo de Olavide con el resto del sistema universitario andaluz, a excepci\u00f3n de la Universidad Internacional de Andaluc\u00eda (UNIA), dadas sus especiales caracter\u00edsticas.<\/p>\n<p>Se presentan cuatro secciones:\u00a0<\/p>\n<ul>\n<li><a href=\"https:\/\/www.upo.es\/biblioteca\/blog\/ciencia\/comparativa-sistema-universitario-andaluz\/comparativa-sistema-universitario-andaluz-web-of-science\/\">Web of Science<\/a><\/li>\n<li><a href=\"https:\/\/www.upo.es\/biblioteca\/blog\/ciencia\/comparativa-sistema-universitario-andaluz\/comparativa-sistema-universitario-andaluz-wos-esci\/\">WoS + ESCI<\/a><\/li>\n<li><a href=\"https:\/\/www.upo.es\/biblioteca\/blog\/ciencia\/comparativa-sistema-universitario-andaluz\/comparativa-sistema-universitario-andaluz-todos\/\">Todos los tipos de documentos<\/a>\u00a0<\/li>\n<li><a href=\"https:\/\/www.upo.es\/biblioteca\/blog\/ciencia\/comparativa-sistema-universitario-andaluz\/comparativa-sistema-universitario-andaluz-wos-esci-todos-los-tipos-de-documentos\/\">WoS + ESCI, Todos los tipos de documentos<\/a><\/li>\n<\/ul>\n<\/div>\n\n\n\n<div class=\"wp-block-column\">\n<figure class=\"wp-block-image size-large is-resized\"><img loading=\"lazy\" src=\"https:\/\/www.upo.es\/biblioteca\/blog\/ciencia\/wp-content\/uploads\/2020\/01\/ezgif.com-video-to-gif.gif\" alt=\"\" class=\"wp-image-1615\" width=\"339\" height=\"264\"\/><\/figure>\n<\/div>\n<\/div>\n\n\n\n\n\n<p><\/p>\n","protected":false},"excerpt":{"rendered":"<p>Web of Science&nbsp;&nbsp;WoS + ESCI &nbsp;Todos los tipos de documentos&nbsp;&nbsp;WoS + ESCI, Todos los tipos de documentos En este apartado se compara a la Universidad Pablo de Olavide con el resto del sistema universitario andaluz, a excepci\u00f3n de la Universidad Internacional de Andaluc\u00eda (UNIA), dadas sus especiales caracter\u00edsticas. Se presentan cuatro secciones:\u00a0 Web of Science [&hellip;]<\/p>\n","protected":false},"author":4,"featured_media":0,"parent":0,"menu_order":0,"comment_status":"closed","ping_status":"closed","template":"page-templates\/full-width.php","meta":[],"uagb_featured_image_src":{"full":false,"thumbnail":false,"medium":false,"medium_large":false,"large":false,"1536x1536":false,"2048x2048":false},"uagb_author_info":{"display_name":"Sara Perea Vargas","author_link":"https:\/\/www.upo.es\/biblioteca\/blog\/ciencia\/author\/spervar\/"},"uagb_comment_info":0,"uagb_excerpt":"Web of Science&nbsp;&nbsp;WoS + ESCI &nbsp;Todos los tipos de documentos&nbsp;&nbsp;WoS + ESCI, Todos los tipos de documentos En este apartado se compara a la Universidad Pablo de Olavide con el resto del sistema universitario andaluz, a excepci\u00f3n de la Universidad Internacional de Andaluc\u00eda (UNIA), dadas sus especiales caracter\u00edsticas. Se presentan cuatro secciones:\u00a0 Web of Science&hellip;","_links":{"self":[{"href":"https:\/\/www.upo.es\/biblioteca\/blog\/ciencia\/wp-json\/wp\/v2\/pages\/592"}],"collection":[{"href":"https:\/\/www.upo.es\/biblioteca\/blog\/ciencia\/wp-json\/wp\/v2\/pages"}],"about":[{"href":"https:\/\/www.upo.es\/biblioteca\/blog\/ciencia\/wp-json\/wp\/v2\/types\/page"}],"author":[{"embeddable":true,"href":"https:\/\/www.upo.es\/biblioteca\/blog\/ciencia\/wp-json\/wp\/v2\/users\/4"}],"replies":[{"embeddable":true,"href":"https:\/\/www.upo.es\/biblioteca\/blog\/ciencia\/wp-json\/wp\/v2\/comments?post=592"}],"version-history":[{"count":9,"href":"https:\/\/www.upo.es\/biblioteca\/blog\/ciencia\/wp-json\/wp\/v2\/pages\/592\/revisions"}],"predecessor-version":[{"id":1647,"href":"https:\/\/www.upo.es\/biblioteca\/blog\/ciencia\/wp-json\/wp\/v2\/pages\/592\/revisions\/1647"}],"wp:attachment":[{"href":"https:\/\/www.upo.es\/biblioteca\/blog\/ciencia\/wp-json\/wp\/v2\/media?parent=592"}],"curies":[{"name":"wp","href":"https:\/\/api.w.org\/{rel}","templated":true}]}}