{"id":19,"date":"2022-11-07T07:23:54","date_gmt":"2022-11-07T07:23:54","guid":{"rendered":"https:\/\/www.upo.es\/catedra-macrosad\/?page_id=19"},"modified":"2023-12-21T16:04:41","modified_gmt":"2023-12-21T16:04:41","slug":"organizacion","status":"publish","type":"page","link":"https:\/\/www.upo.es\/catedra-macrosad\/organizacion\/","title":{"rendered":"Qui\u00e9nes somos"},"content":{"rendered":"\r\n<p>De acuerdo con el Convenio entre la Universidad Pablo de Olavide y Macrosad SCA, se establecen como \u00f3rganos de gobierno, gesti\u00f3n y representaci\u00f3n de la C\u00e1tedra: el Consejo de C\u00e1tedra y la Direcci\u00f3n de C\u00e1tedra<\/p>\r\n\r\n\r\n\r\n<p><strong>Direcci\u00f3n de C\u00e1tedra<\/strong><\/p>\r\n\r\n\r\n<hr class=\"wp-block-separator has-alpha-channel-opacity\" \/>\r\n\r\n\r\n<div class=\"wp-block-columns is-layout-flex wp-container-core-columns-is-layout-9d6595d7 wp-block-columns-is-layout-flex\">\r\n<div class=\"wp-block-column is-layout-flow wp-block-column-is-layout-flow\" style=\"flex-basis: 33.33%;\">\r\n<figure class=\"wp-block-image size-full\"><img decoding=\"async\" class=\"wp-image-66\" src=\"https:\/\/www.upo.es\/catedra-macrosad\/wp-content\/uploads\/2022\/11\/fernando-relinque-medina.jpg\" alt=\"\" width=\"424\" height=\"424\" srcset=\"https:\/\/www.upo.es\/catedra-macrosad\/wp-content\/uploads\/2022\/11\/fernando-relinque-medina.jpg 800w, https:\/\/www.upo.es\/catedra-macrosad\/wp-content\/uploads\/2022\/11\/fernando-relinque-medina-300x300.jpg 300w, https:\/\/www.upo.es\/catedra-macrosad\/wp-content\/uploads\/2022\/11\/fernando-relinque-medina-150x150.jpg 150w, https:\/\/www.upo.es\/catedra-macrosad\/wp-content\/uploads\/2022\/11\/fernando-relinque-medina-768x768.jpg 768w\" sizes=\"(max-width: 424px) 100vw, 424px\" \/><\/figure>\r\n<\/div>\r\n\r\n\r\n\r\n<div class=\"wp-block-column is-layout-flow wp-block-column-is-layout-flow\" style=\"flex-basis: 66.66%;\">\r\n<p><strong>Dr. Fernando Relinque Medina<\/strong><\/p>\r\n\r\n\r\n\r\n<p>Profesor del Departamento de Trabajo Social y Servicios Sociales de la Universidad Pablo de Olavide de Sevilla.<\/p>\r\n\r\n\r\n\r\n<p><strong><mark class=\"has-inline-color has-cyan-bluish-gray-color\" style=\"background-color: rgba(0, 0, 0, 0);\">Mail:<\/mark><\/strong> frelmed@frelmed<\/p>\r\n\r\n\r\n\r\n<p><strong><mark class=\"has-inline-color has-cyan-bluish-gray-color\" style=\"background-color: rgba(0, 0, 0, 0);\">Tfno:<\/mark><\/strong> (+34) 635 19 66 88<\/p>\r\n<\/div>\r\n<\/div>\r\n\r\n\r\n\r\n<p><strong>Consejo de C\u00e1tedra<\/strong><\/p>\r\n\r\n\r\n<hr class=\"wp-block-separator has-alpha-channel-opacity\" \/>\r\n\r\n\r\n<p>El Consejo de C\u00e1tedra est\u00e1 compuesto por el Director de la C\u00e1tedra y los siguientes miembros:<\/p>\r\n\r\n\r\n\r\n<div class=\"wp-block-columns is-layout-flex wp-container-core-columns-is-layout-9d6595d7 wp-block-columns-is-layout-flex\">\r\n<div class=\"wp-block-column is-layout-flow wp-block-column-is-layout-flow\" style=\"flex-basis: 33.33%;\">\r\n<figure class=\"wp-block-image size-full\"><img decoding=\"async\" class=\"wp-image-67\" <img decoding=\"async\" src=\"https:\/\/www.upo.es\/catedra-macrosad\/wp-content\/uploads\/2023\/12\/GERMAN.png\" alt=\"\" width=\"358\" height=\"358\" \/><\/figure>\r\n<\/div>\r\n\r\n\r\n\r\n<div class=\"wp-block-column is-layout-flow wp-block-column-is-layout-flow\" style=\"flex-basis: 66.66%;\">\r\n<p><strong>Dr. Germ\u00e1n Jar\u00e1iz Arroyo<\/strong><\/p>\r\n\r\n\r\n\r\n<p>Profesor Titular del Departamento de Trabajo Social y Servicios Sociales de la Universidad Pablo de Olavide de Sevilla.<\/p>\r\n<\/div>\r\n<\/div>\r\n\r\n\r\n\r\n<div class=\"wp-block-columns is-layout-flex wp-container-core-columns-is-layout-9d6595d7 wp-block-columns-is-layout-flex\">\r\n<div class=\"wp-block-column is-layout-flow wp-block-column-is-layout-flow\" style=\"flex-basis: 33.33%;\">\r\n<figure class=\"wp-block-image size-full\"><img decoding=\"async\" class=\"wp-image-67\" <img decoding=\"async\" src=\"https:\/\/www.upo.es\/catedra-macrosad\/wp-content\/uploads\/2023\/12\/ramon.png\" alt=\"\" width=\"358\" height=\"358\" \/><\/figure>\r\n<\/div>\r\n\r\n\r\n\r\n<div class=\"wp-block-column is-layout-flow wp-block-column-is-layout-flow\" style=\"flex-basis: 66.66%;\">\r\n<p><strong>Ram\u00f3n Muela<\/strong><\/p>\r\n\r\n\r\n\r\n<p>Responsable de Marketing de la entidad Macrosad.<\/p>\r\n<\/div>\r\n<\/div>\r\n\r\n\r\n\r\n<div class=\"wp-block-columns is-layout-flex wp-container-core-columns-is-layout-9d6595d7 wp-block-columns-is-layout-flex\">\r\n<div class=\"wp-block-column is-layout-flow wp-block-column-is-layout-flow\" style=\"flex-basis: 33.33%;\">\r\n<figure class=\"wp-block-image size-full\"><img decoding=\"async\" class=\"wp-image-71\" src=\"https:\/\/www.upo.es\/catedra-macrosad\/wp-content\/uploads\/2022\/11\/rosa-diaz.jpg\" alt=\"\" width=\"358\" height=\"358\" srcset=\"https:\/\/www.upo.es\/catedra-macrosad\/wp-content\/uploads\/2022\/11\/rosa-diaz.jpg 395w, https:\/\/www.upo.es\/catedra-macrosad\/wp-content\/uploads\/2022\/11\/rosa-diaz-300x300.jpg 300w, https:\/\/www.upo.es\/catedra-macrosad\/wp-content\/uploads\/2022\/11\/rosa-diaz-150x150.jpg 150w\" sizes=\"(max-width: 358px) 100vw, 358px\" \/><\/figure>\r\n<\/div>\r\n\r\n\r\n\r\n<div class=\"wp-block-column is-layout-flow wp-block-column-is-layout-flow\" style=\"flex-basis: 66.66%;\">\r\n<p><strong>Dra. Rosa M\u00aa D\u00edaz Jim\u00e9nez<\/strong><\/p>\r\n\r\n\r\n\r\n<p>Decana de la Facultad de Ciencias Sociales de la Universidas Pablo de Olavide de Sevilla. Profesora Titular del Departamento de Trabajo Social y Servicios Sociales de la Universidad Pablo de Olavide de Sevilla.<\/p>\r\n<\/div>\r\n<\/div>\r\n\r\n\r\n\r\n<div class=\"wp-block-columns is-layout-flex wp-container-core-columns-is-layout-9d6595d7 wp-block-columns-is-layout-flex\">\r\n<div class=\"wp-block-column is-layout-flow wp-block-column-is-layout-flow\" style=\"flex-basis: 33.33%;\">\r\n<figure class=\"wp-block-image size-full\"><img decoding=\"async\" class=\"wp-image-73\" src=\"https:\/\/www.upo.es\/catedra-macrosad\/wp-content\/uploads\/2022\/11\/octavio-vazquez-edited.png\" alt=\"\" width=\"358\" height=\"358\" srcset=\"https:\/\/www.upo.es\/catedra-macrosad\/wp-content\/uploads\/2022\/11\/octavio-vazquez-edited.png 300w, https:\/\/www.upo.es\/catedra-macrosad\/wp-content\/uploads\/2022\/11\/octavio-vazquez-edited-150x150.png 150w\" sizes=\"(max-width: 358px) 100vw, 358px\" \/><\/figure>\r\n<\/div>\r\n\r\n\r\n\r\n<div class=\"wp-block-column is-layout-flow wp-block-column-is-layout-flow\" style=\"flex-basis: 66.66%;\">\r\n<p><strong>Dr. Octavio V\u00e1zquez Aguado<\/strong><\/p>\r\n\r\n\r\n\r\n\r\n<p>Catedr\u00e1tico de Trabajo Social de la Universidad de Huelva. Director del Departamento de Sociolog\u00eda, Trabajo Social y Salud P\u00fablica de la Universidad de Huelva.<\/p>\r\n<\/div>\r\n<\/div>\r\n<!-- \/wp:post-content -->\r\n\r\n<!-- wp:columns -->\r\n<div class=\"wp-block-columns\"><!-- wp:column {\"width\":\"33.33%\"} -->\r\n<div class=\"wp-block-column\" style=\"flex-basis: 33.33%;\"><!-- wp:image {\"id\":73,\"sizeSlug\":\"full\",\"linkDestination\":\"none\"} -->\r\n<figure class=\"wp-block-image size-full\"><img decoding=\"async\" class=\"wp-image-73\" <img decoding=\"async\" src=\"https:\/\/www.upo.es\/catedra-macrosad\/wp-content\/uploads\/2023\/12\/rosa.png\" alt=\"\" width=\"358\" height=\"358\" \/><\/figure>\r\n<!-- \/wp:image --><\/div>\r\n<!-- \/wp:column -->\r\n\r\n<!-- wp:column {\"width\":\"66.66%\"} -->\r\n<div class=\"wp-block-column\" style=\"flex-basis: 66.66%;\"><!-- wp:paragraph -->\r\n<p><strong>Rosa Bonachela Pallar\u00e9s<\/strong><\/p>\r\n<!-- \/wp:paragraph -->\r\n<!-- \/wp:column -->\r\n\r\n<!-- wp:paragraph -->\r\n<p>Directora del \u00c1rea de Desarrollo de la entidad Macrosad.<\/p>\r\n<!-- \/wp:paragraph --><\/div>\r\n<!-- \/wp:columns --><\/div>\r\n<!-- \/wp:columns -->\r\n\r\n<!-- wp:columns -->\r\n<div class=\"wp-block-columns\"><!-- wp:column {\"width\":\"33.33%\"} -->\r\n<div class=\"wp-block-column\" style=\"flex-basis: 33.33%;\"><!-- wp:image {\"id\":73,\"sizeSlug\":\"full\",\"linkDestination\":\"none\"} -->\r\n<figure class=\"wp-block-image size-full\"><img decoding=\"async\" class=\"wp-image-73\" <img decoding=\"async\" src=\"https:\/\/www.upo.es\/catedra-macrosad\/wp-content\/uploads\/2023\/12\/ana.png\" alt=\"\" width=\"358\" height=\"358\" \/><\/figure>\r\n<!-- \/wp:image --><\/div>\r\n<!-- \/wp:column -->\r\n\r\n<!-- wp:column {\"width\":\"66.66%\"} -->\r\n<div class=\"wp-block-column\" style=\"flex-basis: 66.66%;\"><!-- wp:paragraph -->\r\n<p><strong>Ana Perandr\u00e9s<\/strong><\/p>\r\n<!-- \/wp:paragraph -->\r\n<!-- \/wp:columns -->\r\n\r\n<!-- wp:paragraph -->\r\n<p>Responsable de I+D y Digitalizaci\u00f3n de la entidad Macrosad.<\/p>\r\n<!-- \/wp:paragraph --><\/div>\r\n<!-- \/wp:column --><\/div>\r\n<!-- \/wp:columns -->\r\n\r\n<!-- wp:columns -->\r\n<div class=\"wp-block-columns\"><!-- wp:column {\"width\":\"33.33%\"} -->\r\n<div class=\"wp-block-column\" style=\"flex-basis: 33.33%;\"><!-- wp:image {\"id\":73,\"sizeSlug\":\"full\",\"linkDestination\":\"none\"} -->\r\n<figure class=\"wp-block-image size-full\"><img decoding=\"async\" class=\"wp-image-73\" <img decoding=\"async\" src=\"https:\/\/www.upo.es\/catedra-macrosad\/wp-content\/uploads\/2023\/12\/FOTO-ORLA-1-e1703072902949.jpg\" alt=\"\" width=\"358\" height=\"358\" \/><\/figure>\r\n<!-- \/wp:image --><\/div>\r\n<!-- \/wp:column -->\r\n\r\n<!-- wp:column {\"width\":\"66.66%\"} -->\r\n<div class=\"wp-block-column\" style=\"flex-basis: 66.66%;\"><!-- wp:paragraph -->\r\n<p><strong>Mireia Masdeu Valdivia<\/strong><\/p>\r\n<!-- \/wp:paragraph -->\r\n<!-- \/wp:columns -->\r\n\r\n<!-- wp:paragraph -->\r\n<p>T\u00e9cnica de Investigaci\u00f3n C\u00e1tedra Macrosad Trabajo Social Verde. Departamento Trabajo Social y Servicios Sociales Universidad Pablo de Olavide.<\/p>\r\n<!-- \/wp:paragraph --><\/div>\r\n<!-- \/wp:column --><\/div>\r\n<!-- \/wp:columns -->\r\n","protected":false},"excerpt":{"rendered":"<p>&hellip;<\/p>\n","protected":false},"author":1,"featured_media":0,"parent":0,"menu_order":0,"comment_status":"closed","ping_status":"closed","template":"templates\/template-page-full-width.php","meta":{"footnotes":""},"class_list":["post-19","page","type-page","status-publish","hentry"],"_links":{"self":[{"href":"https:\/\/www.upo.es\/catedra-macrosad\/wp-json\/wp\/v2\/pages\/19","targetHints":{"allow":["GET"]}}],"collection":[{"href":"https:\/\/www.upo.es\/catedra-macrosad\/wp-json\/wp\/v2\/pages"}],"about":[{"href":"https:\/\/www.upo.es\/catedra-macrosad\/wp-json\/wp\/v2\/types\/page"}],"author":[{"embeddable":true,"href":"https:\/\/www.upo.es\/catedra-macrosad\/wp-json\/wp\/v2\/users\/1"}],"replies":[{"embeddable":true,"href":"https:\/\/www.upo.es\/catedra-macrosad\/wp-json\/wp\/v2\/comments?post=19"}],"version-history":[{"count":22,"href":"https:\/\/www.upo.es\/catedra-macrosad\/wp-json\/wp\/v2\/pages\/19\/revisions"}],"predecessor-version":[{"id":280,"href":"https:\/\/www.upo.es\/catedra-macrosad\/wp-json\/wp\/v2\/pages\/19\/revisions\/280"}],"wp:attachment":[{"href":"https:\/\/www.upo.es\/catedra-macrosad\/wp-json\/wp\/v2\/media?parent=19"}],"curies":[{"name":"wp","href":"https:\/\/api.w.org\/{rel}","templated":true}]}}