{"id":2,"date":"2022-11-04T13:32:33","date_gmt":"2022-11-04T13:32:33","guid":{"rendered":"https:\/\/www.upo.es\/catedra-macrosad\/?page_id=2"},"modified":"2023-12-21T16:17:48","modified_gmt":"2023-12-21T16:17:48","slug":"actividades","status":"publish","type":"page","link":"https:\/\/www.upo.es\/catedra-macrosad\/actividades\/","title":{"rendered":"Qu\u00e9 hacemos"},"content":{"rendered":"\r\n<p>La <strong>finalidad<\/strong> de la C\u00e1tedra es el fomento de un sistema integrado de actividades de investigaci\u00f3n, formaci\u00f3n, informaci\u00f3n y divulgaci\u00f3n en materia de Trabajo Social, Sostenibilidad y Medio Ambiente.\u00a0<\/p>\r\n\r\n\r\n<hr class=\"wp-block-separator has-alpha-channel-opacity\" \/>\r\n\r\n\r\n<p class=\"is-layout-flow wp-block-quote-is-layout-flow\">Considerando tres grandes bloques de actividades:<\/p>\r\n<p><strong>Actividades de formaci\u00f3n y empleabilidad<\/strong><\/p>\r\n<ul>\r\n<li>Organizaci\u00f3n de eventos: seminarios, talleres y jornadas<\/li>\r\n<li>Concesi\u00f3n de becas y premios<\/li>\r\n<\/ul>\r\n<p><strong>Actividades de investigaci\u00f3n<\/strong><\/p>\r\n<ul>\r\n<li>L\u00edneas de investigaci\u00f3n en el \u00e1mbito de la C\u00e1tedra<\/li>\r\n<li>Elaboraci\u00f3n de informes y otros estudios sobre la materia objeto de la C\u00e1tedra<\/li>\r\n<li>Participaci\u00f3n en proyectos y grupos de investigaci\u00f3n<\/li>\r\n<\/ul>\r\n<p><strong>Actividades de divulgaci\u00f3n y transferencia de conocimiento<\/strong><\/p>\r\n<ul>\r\n<li>Actividades de informaci\u00f3n y sensibilizaci\u00f3n para la\u00a0 promoci\u00f3n de los valores y principios de la C\u00e1tedra<\/li>\r\n<li>Publicaciones sobre temas de inter\u00e9s en el \u00e1mbito de la C\u00e1tedra<\/li>\r\n<li>Organizaci\u00f3n y participaci\u00f3n en congresos, conferencias, convenciones o cualquier otro foro donde presentar investigaciones llevadas a cabo en materia objeto de la C\u00e1tedra<\/li>\r\n<\/ul>\r\n\r\n\r\n\r\n<p class=\"is-layout-flow wp-block-quote-is-layout-flow\">&nbsp;<\/p>\r\n","protected":false},"excerpt":{"rendered":"<p>&hellip;<\/p>\n","protected":false},"author":1,"featured_media":0,"parent":0,"menu_order":0,"comment_status":"closed","ping_status":"open","template":"","meta":{"footnotes":""},"class_list":["post-2","page","type-page","status-publish","hentry"],"_links":{"self":[{"href":"https:\/\/www.upo.es\/catedra-macrosad\/wp-json\/wp\/v2\/pages\/2","targetHints":{"allow":["GET"]}}],"collection":[{"href":"https:\/\/www.upo.es\/catedra-macrosad\/wp-json\/wp\/v2\/pages"}],"about":[{"href":"https:\/\/www.upo.es\/catedra-macrosad\/wp-json\/wp\/v2\/types\/page"}],"author":[{"embeddable":true,"href":"https:\/\/www.upo.es\/catedra-macrosad\/wp-json\/wp\/v2\/users\/1"}],"replies":[{"embeddable":true,"href":"https:\/\/www.upo.es\/catedra-macrosad\/wp-json\/wp\/v2\/comments?post=2"}],"version-history":[{"count":8,"href":"https:\/\/www.upo.es\/catedra-macrosad\/wp-json\/wp\/v2\/pages\/2\/revisions"}],"predecessor-version":[{"id":287,"href":"https:\/\/www.upo.es\/catedra-macrosad\/wp-json\/wp\/v2\/pages\/2\/revisions\/287"}],"wp:attachment":[{"href":"https:\/\/www.upo.es\/catedra-macrosad\/wp-json\/wp\/v2\/media?parent=2"}],"curies":[{"name":"wp","href":"https:\/\/api.w.org\/{rel}","templated":true}]}}