{"id":173,"date":"2014-11-11T18:00:46","date_gmt":"2014-11-11T18:00:46","guid":{"rendered":"https:\/\/www.upo.es\/ceiba\/?page_id=173"},"modified":"2019-03-10T15:15:35","modified_gmt":"2019-03-10T15:15:35","slug":"ubicars","status":"publish","type":"page","link":"https:\/\/www.upo.es\/ceiba\/actividades\/ubicars\/","title":{"rendered":"UBI"},"content":{"rendered":"<p><a href=\"https:\/\/www.upo.es\/ceiba\/wp-content\/uploads\/2014\/11\/Logo_BRRC_1.jpg\"><img loading=\"lazy\" class=\" wp-image-399 aligncenter\" src=\"https:\/\/www.upo.es\/ceiba\/wp-content\/uploads\/2014\/11\/Logo_BRRC_1-150x150.jpg\" alt=\"\" width=\"241\" height=\"241\" \/><\/a><\/p>\n<p style=\"text-align: justify;\">UBI (Universo Barroco Iberoamericano) constituye una red a escala supranacional para facilitar los estudios sobre el barroco iberoamericano, estimulando la cooperaci\u00f3n y favoreciendo la difusi\u00f3n de sus resultados.<\/p>\n<p style=\"text-align: justify;\">En tal sentido impulsa una serie de eventos a lo largo de todo el orbe Iberoamericano, que se inaugura en el mes de noviembre con dos citas, una en Quito y otra en Sevilla.<\/p>\n<p style=\"text-align: justify;\">La primera promovida por el Instituto Metropolitano de Patrimonio que lleva por t\u00edtulo Barroco Vivo. Desc\u00fabrelo en ti; la segunda, auspiciada por la Universidad Pablo de Olavide, titulada Arte en escena. Tramoyas, escenograf\u00edas y simulacros en Andaluc\u00eda y Am\u00e9rica.<\/p>\n<p style=\"text-align: justify;\">En los pr\u00f3ximos meses se unir\u00e1n al programa las actividades ideadas por los equipos de Sevilla, Quito, Lima, Cali, Montevideo, S\u00e3o Paulo y M\u00e9xico DF.<\/p>\n<p><strong>ACTIVIDADES:\u00a0<\/strong><\/p>\n<p><a href=\"https:\/\/www.upo.es\/ceiba\/wp-content\/uploads\/2019\/02\/53576327_1944953685613130_6354184869236441088_n.jpg\">El Barroco Latinoamericano desde la perspectiva de migraci\u00f3n. Seminario Internacional: \u00abCaracol. Migraci\u00f3n y Patrimonio Cultural\u00bb. Sede: Universidad Pablo de Olavide, Depto. de Geograf\u00eda, Historia y Filosof\u00eda<\/a>.<br \/>\nSevilla, 27-31 de mayo de 2019<\/p>\n<p><a href=\"https:\/\/www.upo.es\/ceiba\/wp-content\/uploads\/2019\/02\/dossierfinal.pdf\">Tornaviaje. <em>Espa\u00f1a\/Nueva Espa\u00f1a (siglos XVI-XIX).<\/em><\/a><em>\u00a0&#8211; <a href=\"https:\/\/www.upo.es\/ceiba\/wp-content\/uploads\/2014\/11\/TORNAVIAJE_PROGRAMA03.pdf\">Programa del simposio internacional (7-8 de marzo). <\/a><a href=\"https:\/\/www.upo.es\/ceiba\/wp-content\/uploads\/2019\/02\/folleto_prueba1.pdf\">&#8211; Folleto de la exposici\u00f3n fotogr\u00e1fica (7-31 de marzo, AGI, Sevilla)<br \/>\n<\/a><\/em>Sevilla, 7-8 de marzo de 2019<\/p>\n<p><a href=\"https:\/\/www.upo.es\/ceiba\/wp-content\/uploads\/2019\/02\/Pintura-ilusionista-bien.pdf\">La pintura ilusionista entre Europa y Am\u00e9rica. Disposiciones formales y din\u00e1micas culturales.\u00a0<em>Disposi\u00e7oes formais e din\u00e2micas culturais.<br \/>\n<\/em><\/a>Sevilla, 18-19 de febrero de 2019<\/p>\n<p><a href=\"https:\/\/www.upo.es\/ceiba\/wp-content\/uploads\/2014\/11\/expansio\u0301n.pdf\">Expansi\u00f3n ultramarina e imaginaci\u00f3n cartogr\u00e1fica: el caso de la\u00a0<em>Tierra Austral Inc\u00f3gnita\u00a0<\/em>(s. XVI. XVIII).<br \/>\n<\/a>Sevilla, 15 de febrero de 2019<\/p>\n<p><a href=\"https:\/\/www.upo.es\/ceiba\/wp-content\/uploads\/2014\/11\/Pintura-ilusionista.pdf\">Coloquio internacional \u00abLa pintura ilusionista entre Europa y Am\u00e9rica. Disposiciones formales y din\u00e1micas culturales\u00bb.<br \/>\n<\/a>Sevilla, 25-27 de febrero de 2019<\/p>\n<p><a href=\"https:\/\/www.upo.es\/historia_arte\/noticias\/noticia_0163.html\">A la luz de Roma. Santos y santidad en el barroco iberoamericano.<\/a><br \/>\nRoma, 17-20 de septiembre de 2018<\/p>\n<p><a href=\"https:\/\/www.upo.es\/historia_arte\/noticias\/noticia_0172.html\">Franciscanismo en Espa\u00f1a y Argentina. Proyectos de investigaci\u00f3n y divulgaci\u00f3n.<\/a><br \/>\nSevilla, 24 y 25 de abril de 2018<br \/>\nSala de Grados &#8211; Edificio 6<\/p>\n<p><a href=\"https:\/\/www.upo.es\/historia_arte\/noticias\/noticia_0169.html\">V Coloquio Internacional Arte y Patrimonio en Espa\u00f1a y Am\u00e9rica. De lo barroco a la modernidad.<\/a><br \/>\nCasa de la Provincia<br \/>\nPlaza del Triunfo, Sevilla<br \/>\n1, 7 y 8 de febrero de 2018<\/p>\n<p><a href=\"https:\/\/www.upo.es\/historia_arte\/noticias\/noticia_0166.html\">Proyecto Migraci\u00f3n y Fiestas. Cultura de ida y vuelta.<\/a><br \/>\nProyecto seleccionado en la convocatoria de Acciones de Intervenci\u00f3n Social a trav\u00e9s de las Artes 2017<br \/>\nSevilla, \u00a014 de noviembre -16 de diciembre \u00a0de 2017<\/p>\n<p><a href=\"https:\/\/www.upo.es\/historia_arte\/noticias\/noticia_0164.html\">Seminario Internacional\u00a0Acervo Peruano. Per\u00fa, cuna de culturas americanas.<\/a><br \/>\nLima, 14 al 17 de noviembre de 2017<br \/>\nUniversidad del Pac\u00edfico, Palacio Arzobispal (Catedral de Lima) y Museo Pedro de Osma<\/p>\n<p><a href=\"https:\/\/www.upo.es\/historia_arte\/noticias\/noticia_0162.html\">Santa Rosa de Lima y la santidad hispana (1617-2017) En el aniversario de su muerte.<\/a><br \/>\nConvento Madre de Dios y CICUS<br \/>\nSevilla, 18-20 de octubre de 2017<\/p>\n<p><a href=\"https:\/\/www.upo.es\/historia_arte\/noticias\/noticia_0146.html\">III Simposio Internacional J\u00f3venes Investigadores del Barroco Iberoamericano. \u00abNo hay m\u00e1s que un mundo\u00bb: globalizaci\u00f3n art\u00edstica y cultural.<\/a><br \/>\nSevilla, 13, 14 y 15 de marzo de 2017<br \/>\nUniversidad Pablo de Olavide<\/p>\n<p><a href=\"https:\/\/www.upo.es\/historia_arte\/noticias\/noticia_0155.html\">VII Seminario de Gesti\u00f3n y Difusi\u00f3n del Patrimonio Cultural Local.<\/a><br \/>\nSemana Santa, Patrimonio Cultural Andaluz<br \/>\nJueves, 16 y 23 de febrero &#8211; 2 de marzo de 2017<br \/>\nCasa de la Provincia<br \/>\nPlaza del Triunfo, 1<br \/>\nSevilla<\/p>\n<p><a href=\"https:\/\/www.upo.es\/historia_arte\/Actividades\/Seminarios\/VI_Seminario_Iberoamerica_2017\/index.html\" target=\"_self\">VI Seminario Iberoam\u00e9rica: arte y ciudad<\/a><br \/>\nEscuela de Estudios Hispano-Americanos y Universidad Pablo de Olavide<br \/>\n23-31 de enero de 2017<\/p>\n<p><a href=\"https:\/\/www.aguaculturayterritorio.org\" target=\"_self\">I Congreso Internacional Agua, cultura y territorio en Centroam\u00e9rica<\/a><br \/>\nUniversidad Nacional de Costa Rica<br \/>\nCosta Rica, 14-18 de noviembre de 2016<\/p>\n<p><a href=\"https:\/\/www.upo.es\/historia_arte\/Actividades\/Seminarios\/IV_Seminario_metodologia_investigacion_doctorado_2016\/index.html\" target=\"_self\">IV Seminario de Metodolog\u00eda e Investigaci\u00f3n<\/a><br \/>\n<a href=\"https:\/\/www.upo.es\/historia_arte\/Actividades\/Seminarios\/IV_Seminario_metodologia_investigacion_doctorado_2016\/index.html\">Historia del Arte y Patrimonio Cultural en Espa\u00f1a y Am\u00e9rica<\/a><br \/>\nUniversidad Pablo de Olavide<br \/>\n13, 14 y 15 de junio de 2016<\/p>\n<p><a href=\"https:\/\/www.upo.es\/historia_arte\/Actividades\/Seminarios\/III_Coloquio_Arte_y_Patrimonio\/index.html\" target=\"_self\">III Coloquio Internacional de Arte y Patrimonio en Espa\u00f1a y Am\u00e9rica<\/a><br \/>\nEscuela de Estudios Hispano-Americanos y Universiad Pablo de Olavide<br \/>\n22 de enero de 2016<\/p>\n<p><a href=\"https:\/\/www.upo.es\/historia_arte\/Actividades\/Seminarios\/V_Seminario_Iberoamerica_arte_y_ciudad\/index.html\" target=\"_self\">V Seminario Iberoam\u00e9rica: arte y ciudad<\/a><br \/>\nEscuela de Estudios Hispano-Americanos y Universidad Pablo de Olavide<br \/>\n18 &#8211; 26 de enero de 2016<\/p>\n<p><a href=\"https:\/\/www.upo.es\/historia_arte\/Actividades\/Congresos\/I_Simposio_Centroamerica_Patrimonio_Vivo\/index.html\" target=\"_self\">I Simposio Internacional Centroam\u00e9rica Patrimonio Vivo<\/a><br \/>\nUniversidad Pablo de Olavide y Escuela de Estudios Hispano-Americanos (CSIC)<br \/>\nSevilla, 11, 12 y 13 de noviembre de 2015<\/p>\n<p><a href=\"https:\/\/www.upo.es\/historia_arte\/Actividades\/Seminarios\/III_Seminario_de_Metodologia_e_Investigacion_Historia_del_Arte_y_Patrimonio_Cultural_2015\/index.html\" target=\"_self\">III Seminario de Metodolog\u00eda e Investigaci\u00f3n<\/a><br \/>\n<a href=\"https:\/\/www.upo.es\/historia_arte\/Actividades\/Seminarios\/III_Seminario_de_Metodologia_e_Investigacion_Historia_del_Arte_y_Patrimonio_Cultural_2015\/index.html\">Historia del Arte y Patrimonio Cultural en Espa\u00f1a y Am\u00e9rica<\/a><br \/>\nUniversidad Pablo de Olavide<br \/>\n27-30 de abril de 2015<\/p>\n<p><a href=\"https:\/\/www.upo.es\/historia_arte\/Actividades\/Seminarios\/IV_Seminario_Iberoamerica_arte_y_ciudad\/index.html\">IV Seminario Iberoam\u00e9rica: arte y ciudad <\/a><br \/>\nEscuela de Estudios Hispano-Americanos y Universidad Pablo de Olavide<br \/>\n20 &#8211; 30 de enero de 2015<\/p>\n<p><a href=\"https:\/\/www.upo.es\/historia_arte\/Actividades\/Seminarios\/II_Coloquio_Arte_y_Patrimonio\/index.html\" target=\"_blank\" rel=\"noopener\">II Coloquio Internacional de Arte y Patrimonio en Espa\u00f1a y Am\u00e9rica<\/a><br \/>\nUniversidad Pablo de Olavide y Escuela de Estudios Hispano-Americanos (CSIC)<br \/>\nSevilla, 17 y 18 de febrero de 2014<\/p>\n<p><a title=\"III Seminario Iberoam\u00e9rica: arte y ciudad\" href=\"https:\/\/www.upo.es\/historia_arte\/Actividades\/Seminarios\/III_Seminario_Iberoamerica_arte_y_ciudad\/index.html\">III Seminario Iberoam\u00e9rica: arte y ciudad<\/a><br \/>\nUniversidad Pablo de Olavide y Escuela de Estudios Hispano-Americanos (CSIC)<br \/>\nSevilla, 10 &#8211; 29 de enero de 2014<\/p>\n<p><a title=\"IV Simposio Internacional de Arte y Patrimonio. Barroco Iberoamericano\" href=\"https:\/\/www.upo.es\/historia_arte\/Actividades\/Congresos\/IV_Simposio_Arte_y_Patrimonio_Espana_y_America_Barroco_Iberoamericano\/index.html\">IV Simposio Internacional de Arte y Patrimonio<br \/>\nBarroco Iberoamericano<\/a><br \/>\nUniversidad Pablo de Olavide<br \/>\nSevilla, 18 y 19 de octubre de 2012<\/p>\n<p><a title=\"III Simposio Internacional de Arte y Patrimonio. El Barroco Iberoamericano\" href=\"https:\/\/www.upo.es\/historia_arte\/Actividades\/Congresos\/III_Simposio_Arte_y_Patrimonio_en_Espana_y_America_El_barroco_iberoamericano_2012\/index.html\">III Simposio Internacional de Arte y Patrimonio<br \/>\nEl Barroco Iberoamericano<\/a><br \/>\nUniversidad Pablo de Olavide y Escuela de Estudios Hispano-Americanos (CSIC)<br \/>\nSevilla, 16 al 19 de abril de 2012<\/p>\n","protected":false},"excerpt":{"rendered":"<p>UBI (Universo Barroco Iberoamericano) constituye una red a escala supranacional para facilitar los estudios sobre el barroco iberoamericano, estimulando la cooperaci\u00f3n y favoreciendo la difusi\u00f3n de sus resultados. En tal sentido impulsa una serie de eventos a lo largo de todo el orbe Iberoamericano, que se inaugura en el mes de noviembre con dos citas, una en Quito y otra en Sevilla. La primera promovida por el Instituto Metropolitano de Patrimonio que lleva por t\u00edtulo Barroco Vivo. Desc\u00fabrelo en ti;&#8230;<\/p>\n<p class=\"read-more\"><a class=\"btn btn-default\" href=\"https:\/\/www.upo.es\/ceiba\/actividades\/ubicars\/\">Leer m\u00e1s<span class=\"screen-reader-text\"> Leer m\u00e1s<\/span><\/a><\/p>\n","protected":false},"author":1,"featured_media":0,"parent":39,"menu_order":4,"comment_status":"open","ping_status":"closed","template":"","meta":[],"_links":{"self":[{"href":"https:\/\/www.upo.es\/ceiba\/wp-json\/wp\/v2\/pages\/173"}],"collection":[{"href":"https:\/\/www.upo.es\/ceiba\/wp-json\/wp\/v2\/pages"}],"about":[{"href":"https:\/\/www.upo.es\/ceiba\/wp-json\/wp\/v2\/types\/page"}],"author":[{"embeddable":true,"href":"https:\/\/www.upo.es\/ceiba\/wp-json\/wp\/v2\/users\/1"}],"replies":[{"embeddable":true,"href":"https:\/\/www.upo.es\/ceiba\/wp-json\/wp\/v2\/comments?post=173"}],"version-history":[{"count":36,"href":"https:\/\/www.upo.es\/ceiba\/wp-json\/wp\/v2\/pages\/173\/revisions"}],"predecessor-version":[{"id":674,"href":"https:\/\/www.upo.es\/ceiba\/wp-json\/wp\/v2\/pages\/173\/revisions\/674"}],"up":[{"embeddable":true,"href":"https:\/\/www.upo.es\/ceiba\/wp-json\/wp\/v2\/pages\/39"}],"wp:attachment":[{"href":"https:\/\/www.upo.es\/ceiba\/wp-json\/wp\/v2\/media?parent=173"}],"curies":[{"name":"wp","href":"https:\/\/api.w.org\/{rel}","templated":true}]}}