{"id":573,"date":"2019-01-08T08:33:48","date_gmt":"2019-01-08T08:33:48","guid":{"rendered":"https:\/\/www.upo.es\/ceiba\/?page_id=573"},"modified":"2019-01-08T08:38:37","modified_gmt":"2019-01-08T08:38:37","slug":"presentacion","status":"publish","type":"page","link":"https:\/\/www.upo.es\/ceiba\/sample-page\/presentacion\/","title":{"rendered":"Presentaci\u00f3n"},"content":{"rendered":"<p style=\"text-align: center;\"><a href=\"https:\/\/www.upo.es\/ceiba\/wp-content\/uploads\/2014\/06\/Presentacio\u0301n-CEIBA-UPO.pdf\">Click aqu\u00ed<\/a> para obtener m\u00e1s informaci\u00f3n sobre el CeIBA y su historia.<\/p>\n","protected":false},"excerpt":{"rendered":"<p>Click aqu\u00ed para obtener m\u00e1s informaci\u00f3n sobre el CeIBA y su historia.<\/p>\n","protected":false},"author":1,"featured_media":0,"parent":2,"menu_order":1,"comment_status":"closed","ping_status":"closed","template":"","meta":[],"_links":{"self":[{"href":"https:\/\/www.upo.es\/ceiba\/wp-json\/wp\/v2\/pages\/573"}],"collection":[{"href":"https:\/\/www.upo.es\/ceiba\/wp-json\/wp\/v2\/pages"}],"about":[{"href":"https:\/\/www.upo.es\/ceiba\/wp-json\/wp\/v2\/types\/page"}],"author":[{"embeddable":true,"href":"https:\/\/www.upo.es\/ceiba\/wp-json\/wp\/v2\/users\/1"}],"replies":[{"embeddable":true,"href":"https:\/\/www.upo.es\/ceiba\/wp-json\/wp\/v2\/comments?post=573"}],"version-history":[{"count":3,"href":"https:\/\/www.upo.es\/ceiba\/wp-json\/wp\/v2\/pages\/573\/revisions"}],"predecessor-version":[{"id":580,"href":"https:\/\/www.upo.es\/ceiba\/wp-json\/wp\/v2\/pages\/573\/revisions\/580"}],"up":[{"embeddable":true,"href":"https:\/\/www.upo.es\/ceiba\/wp-json\/wp\/v2\/pages\/2"}],"wp:attachment":[{"href":"https:\/\/www.upo.es\/ceiba\/wp-json\/wp\/v2\/media?parent=573"}],"curies":[{"name":"wp","href":"https:\/\/api.w.org\/{rel}","templated":true}]}}