{"id":720,"date":"2022-04-27T16:25:22","date_gmt":"2022-04-27T16:25:22","guid":{"rendered":"https:\/\/www.upo.es\/ceiba\/?page_id=720"},"modified":"2023-10-03T13:41:18","modified_gmt":"2023-10-03T13:41:18","slug":"ceiba-sede-carmona","status":"publish","type":"page","link":"https:\/\/www.upo.es\/ceiba\/ceiba-sede-carmona\/","title":{"rendered":"C\u00c1TEDRA DE ESTUDIOS DEL BARROCO IBEROAMERICANO &#8211; SEDE CARMONA"},"content":{"rendered":"\n<h2><strong>Concierto de\u00a0<em>M\u00fasica barroca. M\u00fasica cortesana del siglo XVI al XVIII<\/em><\/strong>.<\/h2>\n\n\n\n<p>A cargo de Ensable Alfabeto, Andr\u00e9s Silva (tenor), Armando Fuenes (la\u00fad, tenor) y Juli\u00e1n Navarro (guitarra barroca).<\/p>\n\n\n\n<p><strong>Aula Maese Rodrigo (Carmona). Antigua capilla del Hospital de San Pedro, 10 de octubre de 2023, 20,30 horas. Entrada libre hasta completar aforo.<\/strong><\/p>\n\n\n\n<p>Organizan: Vicerrectorado de Cultura y Pol\u00edticas Sociales, C\u00e1tedra de Estudios del Barroco, Sede Olavide en Carmona Rectora Rosario Valpuesta, Delegaci\u00f3n de Cultura, Ayuntamiento de Carmona.<\/p>\n\n\n<div class=\"wp-block-image\">\n<figure class=\"aligncenter size-large is-resized\"><a href=\"https:\/\/www.upo.es\/ceiba\/wp-content\/uploads\/2023\/10\/2023-10-10_Concierto-musica-barroca.png\"><img loading=\"lazy\" src=\"https:\/\/www.upo.es\/ceiba\/wp-content\/uploads\/2023\/10\/2023-10-10_Concierto-musica-barroca-724x1024.png\" alt=\"\" class=\"wp-image-853\" width=\"377\" height=\"533\" srcset=\"https:\/\/www.upo.es\/ceiba\/wp-content\/uploads\/2023\/10\/2023-10-10_Concierto-musica-barroca-724x1024.png 724w, https:\/\/www.upo.es\/ceiba\/wp-content\/uploads\/2023\/10\/2023-10-10_Concierto-musica-barroca-212x300.png 212w, https:\/\/www.upo.es\/ceiba\/wp-content\/uploads\/2023\/10\/2023-10-10_Concierto-musica-barroca-768x1086.png 768w, https:\/\/www.upo.es\/ceiba\/wp-content\/uploads\/2023\/10\/2023-10-10_Concierto-musica-barroca-1086x1536.png 1086w, https:\/\/www.upo.es\/ceiba\/wp-content\/uploads\/2023\/10\/2023-10-10_Concierto-musica-barroca-191x270.png 191w, https:\/\/www.upo.es\/ceiba\/wp-content\/uploads\/2023\/10\/2023-10-10_Concierto-musica-barroca.png 1414w\" sizes=\"(max-width: 377px) 100vw, 377px\" \/><\/a><\/figure><\/div>\n\n\n<h2><em>Horas Barrocas<\/em> <strong>Barroco y empresas funerarias. Tradiciones e invenciones del espacio, Buenos Aires, siglo XX<\/strong><\/h2>\n\n\n\n<p>Conferencia de David dal Castello  &#8211; Universidad de Buenos Aires<\/p>\n\n\n\n<p><strong>Casa Mud\u00e9jar &#8211; C\/ Ancha s\/n, Carmona. 20 de junio de 2022, 20:30.<\/strong><\/p>\n\n\n\n<p>Organiza: C\u00e1tedra de Estudios del Barroco Iberoamericano<\/p>\n\n\n\n<figure class=\"wp-block-image size-large\"><img loading=\"lazy\" width=\"1024\" height=\"576\" src=\"https:\/\/www.upo.es\/ceiba\/wp-content\/uploads\/2022\/06\/Conferencia-David-dal-Castello-1024x576.jpg\" alt=\"\" class=\"wp-image-834\" srcset=\"https:\/\/www.upo.es\/ceiba\/wp-content\/uploads\/2022\/06\/Conferencia-David-dal-Castello-1024x576.jpg 1024w, https:\/\/www.upo.es\/ceiba\/wp-content\/uploads\/2022\/06\/Conferencia-David-dal-Castello-300x169.jpg 300w, https:\/\/www.upo.es\/ceiba\/wp-content\/uploads\/2022\/06\/Conferencia-David-dal-Castello-768x432.jpg 768w, https:\/\/www.upo.es\/ceiba\/wp-content\/uploads\/2022\/06\/Conferencia-David-dal-Castello-480x270.jpg 480w, https:\/\/www.upo.es\/ceiba\/wp-content\/uploads\/2022\/06\/Conferencia-David-dal-Castello.jpg 1280w\" sizes=\"(max-width: 1024px) 100vw, 1024px\" \/><\/figure>\n\n\n\n<h2><strong>Seminario <em>El Martirio Romano y la Santidad Barroca<\/em><\/strong><\/h2>\n\n\n\n<p><strong>Museo de Bellas Artes de Sevilla &#8211; Sala de Exposiciones Temporales<\/strong>.     <strong>22, 23 y 24 de junio de 2022<\/strong><\/p>\n\n\n\n<div class=\"wp-container-2 wp-block-group\"><div class=\"wp-block-group__inner-container\">\n<div class=\"wp-container-1 wp-block-group\"><div class=\"wp-block-group__inner-container\">\n<p>Organiza: <\/p>\n<\/div><\/div>\n<\/div><\/div>\n\n\n\n<ul><li>Museo de Bellas Artes de Sevilla. Junta de Andaluc\u00eda.<\/li><li>\u00c1rea de Historia del Arte. Universidad Pablo de Olavide.<\/li><li>Departamento de Historia Moderna. Universidad de Sevilla<\/li><\/ul>\n\n\n\n<p>Colabora: C\u00e1tedra de Estudios del Barroco Iberoamericano. Sede Olavide en Carmona<\/p>\n\n\n\n<div class=\"wp-container-3 wp-block-group\"><div class=\"wp-block-group__inner-container\">\n<figure class=\"wp-block-image size-large\"><a href=\"https:\/\/www.upo.es\/ceiba\/wp-content\/uploads\/2022\/06\/MUSEO-BBAA_04.pdf\"><img loading=\"lazy\" width=\"725\" height=\"1024\" src=\"https:\/\/www.upo.es\/ceiba\/wp-content\/uploads\/2022\/06\/MUSEO-BBAA_Definitiva-1_page-0001-1-725x1024.jpg\" alt=\"\" class=\"wp-image-819\" srcset=\"https:\/\/www.upo.es\/ceiba\/wp-content\/uploads\/2022\/06\/MUSEO-BBAA_Definitiva-1_page-0001-1-725x1024.jpg 725w, https:\/\/www.upo.es\/ceiba\/wp-content\/uploads\/2022\/06\/MUSEO-BBAA_Definitiva-1_page-0001-1-212x300.jpg 212w, https:\/\/www.upo.es\/ceiba\/wp-content\/uploads\/2022\/06\/MUSEO-BBAA_Definitiva-1_page-0001-1-768x1085.jpg 768w, https:\/\/www.upo.es\/ceiba\/wp-content\/uploads\/2022\/06\/MUSEO-BBAA_Definitiva-1_page-0001-1-1087x1536.jpg 1087w, https:\/\/www.upo.es\/ceiba\/wp-content\/uploads\/2022\/06\/MUSEO-BBAA_Definitiva-1_page-0001-1-191x270.jpg 191w, https:\/\/www.upo.es\/ceiba\/wp-content\/uploads\/2022\/06\/MUSEO-BBAA_Definitiva-1_page-0001-1.jpg 1241w\" sizes=\"(max-width: 725px) 100vw, 725px\" \/><\/a><\/figure>\n<\/div><\/div>\n\n\n\n<p><a href=\"https:\/\/www.upo.es\/ceiba\/wp-content\/uploads\/2022\/06\/MUSEO-BBAA_DOSSIER-EXPO-MARTIRES_04.pdf\" data-type=\"URL\" data-id=\"https:\/\/www.upo.es\/ceiba\/wp-content\/uploads\/2022\/06\/MUSEO-BBAA_DOSSIER-EXPO-MARTIRES_04.pdf\">https:\/\/www.upo.es\/ceiba\/wp-content\/uploads\/2022\/06\/MUSEO-BBAA_DOSSIER-EXPO-MARTIRES_04.pdf<\/a><\/p>\n\n\n\n<h2><strong>Presentaci\u00f3n del libro <em>Lady Ann y el embajador ingl\u00e9s viajan a Sevilla (Primavera de 1664)<\/em><\/strong><\/h2>\n\n\n\n<p><strong>Sede<\/strong> <strong>Olavide en Carmona &#8211; Palacio de los Briones, c\/ Ram\u00f3n y Cajal n\u00ba9, Carmona &#8211; 25 de mayo de 2022, 20:00h<\/strong><\/p>\n\n\n\n<p>Organiza: C\u00e1tedra de Estudios del Barroco Iberoamericano <\/p>\n\n\n\n<figure class=\"wp-block-image size-large\"><img loading=\"lazy\" width=\"1024\" height=\"576\" src=\"https:\/\/www.upo.es\/ceiba\/wp-content\/uploads\/2022\/05\/Cartel-Presentaci\u00f3n-Libro-2-1024x576.jpg\" alt=\"\" class=\"wp-image-782\" srcset=\"https:\/\/www.upo.es\/ceiba\/wp-content\/uploads\/2022\/05\/Cartel-Presentaci\u00f3n-Libro-2-1024x576.jpg 1024w, https:\/\/www.upo.es\/ceiba\/wp-content\/uploads\/2022\/05\/Cartel-Presentaci\u00f3n-Libro-2-300x169.jpg 300w, https:\/\/www.upo.es\/ceiba\/wp-content\/uploads\/2022\/05\/Cartel-Presentaci\u00f3n-Libro-2-768x432.jpg 768w, https:\/\/www.upo.es\/ceiba\/wp-content\/uploads\/2022\/05\/Cartel-Presentaci\u00f3n-Libro-2-480x270.jpg 480w, https:\/\/www.upo.es\/ceiba\/wp-content\/uploads\/2022\/05\/Cartel-Presentaci\u00f3n-Libro-2.jpg 1280w\" sizes=\"(max-width: 1024px) 100vw, 1024px\" \/><\/figure>\n\n\n\n<p><\/p>\n\n\n\n<h2><strong><em>Esplendor Barroco.<\/em> La orfebrer\u00eda en el Nuevo Reino de Granada.<\/strong><\/h2>\n\n\n\n<p>Conferencia de Marta Fajardo de Rueda &#8211; Universidad Nacional de Colombia<\/p>\n\n\n\n<p><strong>Sede de la C\u00e1tedra de Estudios del Barroco Iberoamericano en Carmona &#8211;   Casa Mud\u00e9jar, c\/ ancha s\/n, Carmona &#8211; 24 de mayo, 20:30h<\/strong><\/p>\n\n\n\n<p>Organiza: C\u00e1tedra de Estudios del Barroco Iberoamericano<\/p>\n\n\n\n<figure class=\"wp-block-image size-large\"><img loading=\"lazy\" width=\"747\" height=\"1024\" src=\"https:\/\/www.upo.es\/ceiba\/wp-content\/uploads\/2022\/05\/cartelconferencia_MartaFajardo-2-747x1024.jpeg\" alt=\"\" class=\"wp-image-797\" srcset=\"https:\/\/www.upo.es\/ceiba\/wp-content\/uploads\/2022\/05\/cartelconferencia_MartaFajardo-2-747x1024.jpeg 747w, https:\/\/www.upo.es\/ceiba\/wp-content\/uploads\/2022\/05\/cartelconferencia_MartaFajardo-2-219x300.jpeg 219w, https:\/\/www.upo.es\/ceiba\/wp-content\/uploads\/2022\/05\/cartelconferencia_MartaFajardo-2-768x1053.jpeg 768w, https:\/\/www.upo.es\/ceiba\/wp-content\/uploads\/2022\/05\/cartelconferencia_MartaFajardo-2-197x270.jpeg 197w, https:\/\/www.upo.es\/ceiba\/wp-content\/uploads\/2022\/05\/cartelconferencia_MartaFajardo-2.jpeg 938w\" sizes=\"(max-width: 747px) 100vw, 747px\" \/><\/figure>\n\n\n\n<p><\/p>\n\n\n\n<p><\/p>\n\n\n\n<p><\/p>\n\n\n\n<h2><strong><em>Creaci\u00f3n de la Sede en Carmona del Centro de Estudios del Barroco Iberoamericano <\/em><\/strong><\/h2>\n\n\n\n<figure class=\"wp-block-embed is-type-video is-provider-youtube wp-block-embed-youtube wp-embed-aspect-16-9 wp-has-aspect-ratio\"><div class=\"wp-block-embed__wrapper\">\n<iframe loading=\"lazy\" title=\"Creaci\u00f3n de la C\u00e1tedra de Estudios del Barroco \/ La Olavide se une a Carmona-Patrimonio Mundial\" width=\"640\" height=\"360\" src=\"https:\/\/www.youtube.com\/embed\/wtsu7y7VuNs?feature=oembed\" frameborder=\"0\" allow=\"accelerometer; autoplay; clipboard-write; encrypted-media; gyroscope; picture-in-picture; web-share\" allowfullscreen><\/iframe>\n<\/div><\/figure>\n\n\n\n<p><a href=\"https:\/\/www.europapress.es\/andalucia\/sevilla-00357\/noticia-upo-ayuntamiento-carmona-sevilla-anuncian-creacion-catedra-estudios-barroco-iberoamericano-20220425163459.html\">https:\/\/www.europapress.es\/andalucia\/sevilla-00357\/noticia-upo-ayuntamiento-carmona-sevilla-anuncian-creacion-catedra-estudios-barroco-iberoamericano-20220425163459.html<\/a><\/p>\n\n\n\n<p><a href=\"https:\/\/sevilla.abc.es\/provincia\/sevi-y-ayuntamiento-carmona-crean-catedra-estudios-barroco-iberoamericano-202204251612_noticia.html\">https:\/\/sevilla.abc.es\/provincia\/sevi-y-ayuntamiento-carmona-crean-catedra-estudios-barroco-iberoamericano-202204251612_noticia.html<\/a><\/p>\n\n\n\n<figure class=\"wp-block-image size-large\"><img loading=\"lazy\" width=\"1024\" height=\"768\" src=\"https:\/\/www.upo.es\/ceiba\/wp-content\/uploads\/2022\/04\/279017242_10161950164267818_1172343514121987407_n-1024x768.jpg\" alt=\"\" class=\"wp-image-724\" srcset=\"https:\/\/www.upo.es\/ceiba\/wp-content\/uploads\/2022\/04\/279017242_10161950164267818_1172343514121987407_n-1024x768.jpg 1024w, https:\/\/www.upo.es\/ceiba\/wp-content\/uploads\/2022\/04\/279017242_10161950164267818_1172343514121987407_n-300x225.jpg 300w, https:\/\/www.upo.es\/ceiba\/wp-content\/uploads\/2022\/04\/279017242_10161950164267818_1172343514121987407_n-768x576.jpg 768w, https:\/\/www.upo.es\/ceiba\/wp-content\/uploads\/2022\/04\/279017242_10161950164267818_1172343514121987407_n-1536x1152.jpg 1536w, https:\/\/www.upo.es\/ceiba\/wp-content\/uploads\/2022\/04\/279017242_10161950164267818_1172343514121987407_n-360x270.jpg 360w, https:\/\/www.upo.es\/ceiba\/wp-content\/uploads\/2022\/04\/279017242_10161950164267818_1172343514121987407_n.jpg 2048w\" sizes=\"(max-width: 1024px) 100vw, 1024px\" \/><figcaption><em>Ram\u00f3n Gavira Gord\u00f3n, concejal delegado de Cultura Patrimonio Historico y Turismo del Excmo. Ayuntamiento de Carmona. Juan \u00c1vila Guti\u00e9rrez, alcalde de Carmona. Francisco Oliva Bl\u00e1zquez, rector de la UPO. Fernando Quiles, director de la C\u00e1tedra.<\/em><\/figcaption><\/figure>\n\n\n\n<p><\/p>\n","protected":false},"excerpt":{"rendered":"<p>Concierto de\u00a0M\u00fasica barroca. M\u00fasica cortesana del siglo XVI al XVIII. A cargo de Ensable Alfabeto, Andr\u00e9s Silva (tenor), Armando Fuenes (la\u00fad, tenor) y Juli\u00e1n Navarro (guitarra barroca). Aula Maese Rodrigo (Carmona). Antigua capilla del Hospital de San Pedro, 10 de octubre de 2023, 20,30 horas. Entrada libre hasta completar aforo. Organizan: Vicerrectorado de Cultura y Pol\u00edticas Sociales, C\u00e1tedra de Estudios del Barroco, Sede Olavide en Carmona Rectora Rosario Valpuesta, Delegaci\u00f3n de Cultura, Ayuntamiento de Carmona. Horas Barrocas Barroco y empresas&#8230;<\/p>\n<p class=\"read-more\"><a class=\"btn btn-default\" href=\"https:\/\/www.upo.es\/ceiba\/ceiba-sede-carmona\/\">Leer m\u00e1s<span class=\"screen-reader-text\"> Leer m\u00e1s<\/span><\/a><\/p>\n","protected":false},"author":1,"featured_media":805,"parent":0,"menu_order":0,"comment_status":"closed","ping_status":"closed","template":"","meta":[],"_links":{"self":[{"href":"https:\/\/www.upo.es\/ceiba\/wp-json\/wp\/v2\/pages\/720"}],"collection":[{"href":"https:\/\/www.upo.es\/ceiba\/wp-json\/wp\/v2\/pages"}],"about":[{"href":"https:\/\/www.upo.es\/ceiba\/wp-json\/wp\/v2\/types\/page"}],"author":[{"embeddable":true,"href":"https:\/\/www.upo.es\/ceiba\/wp-json\/wp\/v2\/users\/1"}],"replies":[{"embeddable":true,"href":"https:\/\/www.upo.es\/ceiba\/wp-json\/wp\/v2\/comments?post=720"}],"version-history":[{"count":34,"href":"https:\/\/www.upo.es\/ceiba\/wp-json\/wp\/v2\/pages\/720\/revisions"}],"predecessor-version":[{"id":855,"href":"https:\/\/www.upo.es\/ceiba\/wp-json\/wp\/v2\/pages\/720\/revisions\/855"}],"wp:featuredmedia":[{"embeddable":true,"href":"https:\/\/www.upo.es\/ceiba\/wp-json\/wp\/v2\/media\/805"}],"wp:attachment":[{"href":"https:\/\/www.upo.es\/ceiba\/wp-json\/wp\/v2\/media?parent=720"}],"curies":[{"name":"wp","href":"https:\/\/api.w.org\/{rel}","templated":true}]}}