{"id":292,"date":"2021-07-02T09:31:17","date_gmt":"2021-07-02T09:31:17","guid":{"rendered":"https:\/\/www.upo.es\/cinef\/?page_id=292"},"modified":"2024-04-24T14:32:41","modified_gmt":"2024-04-24T14:32:41","slug":"noticias-e-informacion-amiga","status":"publish","type":"page","link":"https:\/\/www.upo.es\/cinef\/noticias-e-informacion-amiga\/","title":{"rendered":"Actualidad e Informaci\u00f3n Amiga"},"content":{"rendered":"\n<p><\/p>\n\n\n\n<div class=\"wp-block-media-text is-stacked-on-mobile\"><figure class=\"wp-block-media-text__media\"><img fetchpriority=\"high\" decoding=\"async\" width=\"1024\" height=\"683\" src=\"https:\/\/www.upo.es\/cinef\/wp-content\/uploads\/2024\/04\/pexels-photo-4947408-1024x683.jpeg\" alt=\"\" class=\"wp-image-926 size-full\" srcset=\"https:\/\/www.upo.es\/cinef\/wp-content\/uploads\/2024\/04\/pexels-photo-4947408-1024x683.jpeg 1024w, https:\/\/www.upo.es\/cinef\/wp-content\/uploads\/2024\/04\/pexels-photo-4947408-300x200.jpeg 300w, https:\/\/www.upo.es\/cinef\/wp-content\/uploads\/2024\/04\/pexels-photo-4947408-768x512.jpeg 768w, https:\/\/www.upo.es\/cinef\/wp-content\/uploads\/2024\/04\/pexels-photo-4947408-600x400.jpeg 600w, https:\/\/www.upo.es\/cinef\/wp-content\/uploads\/2024\/04\/pexels-photo-4947408.jpeg 1125w\" sizes=\"(max-width: 1024px) 100vw, 1024px\" \/><\/figure><div class=\"wp-block-media-text__content\">\n<div class=\"wp-block-buttons is-layout-flex wp-block-buttons-is-layout-flex\">\n<div class=\"wp-block-button\"><a class=\"wp-block-button__link has-vivid-purple-background-color has-background wp-element-button\">Actualidad<\/a><\/div>\n<\/div>\n\n\n\n<p>En esta secci\u00f3n encontrar\u00e1s noticias relacionadas con el CINEF.<\/p>\n<\/div><\/div>\n\n\n\n<div class=\"wp-block-media-text is-stacked-on-mobile\"><figure class=\"wp-block-media-text__media\"><img decoding=\"async\" width=\"1024\" height=\"527\" src=\"https:\/\/www.upo.es\/cinef\/wp-content\/uploads\/2024\/04\/informacion-amiga-1024x527.webp\" alt=\"\" class=\"wp-image-929 size-full\" srcset=\"https:\/\/www.upo.es\/cinef\/wp-content\/uploads\/2024\/04\/informacion-amiga-1024x527.webp 1024w, https:\/\/www.upo.es\/cinef\/wp-content\/uploads\/2024\/04\/informacion-amiga-300x155.webp 300w, https:\/\/www.upo.es\/cinef\/wp-content\/uploads\/2024\/04\/informacion-amiga-768x396.webp 768w, https:\/\/www.upo.es\/cinef\/wp-content\/uploads\/2024\/04\/informacion-amiga.webp 1260w\" sizes=\"(max-width: 1024px) 100vw, 1024px\" \/><\/figure><div class=\"wp-block-media-text__content\">\n<div class=\"wp-block-buttons is-layout-flex wp-block-buttons-is-layout-flex\">\n<div class=\"wp-block-button\"><a class=\"wp-block-button__link has-vivid-purple-background-color has-background wp-element-button\" href=\"https:\/\/www.upo.es\/cinef\/informacion-amiga\/\">Informaci\u00f3n Amiga<\/a><\/div>\n<\/div>\n\n\n\n<p>En esta secci\u00f3n encontrar\u00e1s informaci\u00f3n sobre revistas y sociedades amigas.<\/p>\n<\/div><\/div>\n","protected":false},"excerpt":{"rendered":"","protected":false},"author":1,"featured_media":0,"parent":0,"menu_order":0,"comment_status":"closed","ping_status":"closed","template":"","meta":{"_eb_attr":"","footnotes":""},"class_list":["post-292","page","type-page","status-publish","hentry"],"_links":{"self":[{"href":"https:\/\/www.upo.es\/cinef\/wp-json\/wp\/v2\/pages\/292","targetHints":{"allow":["GET"]}}],"collection":[{"href":"https:\/\/www.upo.es\/cinef\/wp-json\/wp\/v2\/pages"}],"about":[{"href":"https:\/\/www.upo.es\/cinef\/wp-json\/wp\/v2\/types\/page"}],"author":[{"embeddable":true,"href":"https:\/\/www.upo.es\/cinef\/wp-json\/wp\/v2\/users\/1"}],"replies":[{"embeddable":true,"href":"https:\/\/www.upo.es\/cinef\/wp-json\/wp\/v2\/comments?post=292"}],"version-history":[{"count":12,"href":"https:\/\/www.upo.es\/cinef\/wp-json\/wp\/v2\/pages\/292\/revisions"}],"predecessor-version":[{"id":931,"href":"https:\/\/www.upo.es\/cinef\/wp-json\/wp\/v2\/pages\/292\/revisions\/931"}],"wp:attachment":[{"href":"https:\/\/www.upo.es\/cinef\/wp-json\/wp\/v2\/media?parent=292"}],"curies":[{"name":"wp","href":"https:\/\/api.w.org\/{rel}","templated":true}]}}