{"id":730,"date":"2024-04-16T13:22:22","date_gmt":"2024-04-16T13:22:22","guid":{"rendered":"https:\/\/www.upo.es\/cinef\/?page_id=730"},"modified":"2025-01-27T08:46:39","modified_gmt":"2025-01-27T08:46:39","slug":"infografias","status":"publish","type":"page","link":"https:\/\/www.upo.es\/cinef\/infografias\/","title":{"rendered":"Infograf\u00edas. Ciencia y feminismo. Mujeres que hacen Ciencia con perspectiva de g\u00e9nero."},"content":{"rendered":"<p style=\"text-align: justify;\"><strong>Coordinan:<\/strong>\u00a0Roc\u00edo C\u00e1rdenas Rodr\u00edguez y Roc\u00edo Rodr\u00edguez Casado.<\/p>\n<p style=\"text-align: justify;\">El objetivo de las infograf\u00edas \u201cCiencia y Feminismo. Mujeres que hacen ciencia con perspectiva de g\u00e9nero\u201d ha sido visibilizar a las mujeres cient\u00edficas de la Universidad Pablo de Olavide pertenecientes al CINEF que desarrollan su investigaci\u00f3n con perspectiva de g\u00e9nero, difundiendo investigaciones y publicaciones realizadas por estas cient\u00edficas que favorecen la igualdad de g\u00e9nero.<\/p>\n<p>Esta actividad va dirigida a personas interesadas en la tem\u00e1tica y a la sociedad en general. Adem\u00e1s, estas infograf\u00edas pretenden ser recursos infogr\u00e1ficos para la docencia y para el trabajo acad\u00e9mico tanto en el \u00e1mbito universitario como en otras etapas educativas favoreciendo la vocaci\u00f3n profesional hacia la investigaci\u00f3n feminista.<\/p>\n<\/p>\n<p>\n\n\n<div class=\"wp-block-columns is-layout-flex wp-container-core-columns-is-layout-9d6595d7 wp-block-columns-is-layout-flex\">\n<div class=\"wp-block-column is-layout-flow wp-block-column-is-layout-flow\">\n<figure class=\"wp-block-image size-large\"><img fetchpriority=\"high\" decoding=\"async\" width=\"1024\" height=\"726\" src=\"https:\/\/www.upo.es\/cinef\/wp-content\/uploads\/2024\/04\/Infografia-1.CINEF_-1024x726.png\" alt=\"\" class=\"wp-image-754\" srcset=\"https:\/\/www.upo.es\/cinef\/wp-content\/uploads\/2024\/04\/Infografia-1.CINEF_-1024x726.png 1024w, https:\/\/www.upo.es\/cinef\/wp-content\/uploads\/2024\/04\/Infografia-1.CINEF_-300x213.png 300w, https:\/\/www.upo.es\/cinef\/wp-content\/uploads\/2024\/04\/Infografia-1.CINEF_-768x545.png 768w, https:\/\/www.upo.es\/cinef\/wp-content\/uploads\/2024\/04\/Infografia-1.CINEF_-1536x1090.png 1536w, https:\/\/www.upo.es\/cinef\/wp-content\/uploads\/2024\/04\/Infografia-1.CINEF_.png 1748w\" sizes=\"(max-width: 1024px) 100vw, 1024px\" \/><\/figure>\n\n\n\n<figure class=\"wp-block-image size-large\"><img decoding=\"async\" width=\"1024\" height=\"726\" src=\"https:\/\/www.upo.es\/cinef\/wp-content\/uploads\/2024\/05\/INFOGRAFIAS.Abril_.CINEF_.CarmenMonreal-3-1024x726.png\" alt=\"\" class=\"wp-image-980\" srcset=\"https:\/\/www.upo.es\/cinef\/wp-content\/uploads\/2024\/05\/INFOGRAFIAS.Abril_.CINEF_.CarmenMonreal-3-1024x726.png 1024w, https:\/\/www.upo.es\/cinef\/wp-content\/uploads\/2024\/05\/INFOGRAFIAS.Abril_.CINEF_.CarmenMonreal-3-300x213.png 300w, https:\/\/www.upo.es\/cinef\/wp-content\/uploads\/2024\/05\/INFOGRAFIAS.Abril_.CINEF_.CarmenMonreal-3-768x545.png 768w, https:\/\/www.upo.es\/cinef\/wp-content\/uploads\/2024\/05\/INFOGRAFIAS.Abril_.CINEF_.CarmenMonreal-3-1536x1090.png 1536w, https:\/\/www.upo.es\/cinef\/wp-content\/uploads\/2024\/05\/INFOGRAFIAS.Abril_.CINEF_.CarmenMonreal-3.png 1748w\" sizes=\"(max-width: 1024px) 100vw, 1024px\" \/><\/figure>\n\n\n\n<figure class=\"wp-block-image size-large\"><img decoding=\"async\" width=\"1024\" height=\"726\" src=\"https:\/\/www.upo.es\/cinef\/wp-content\/uploads\/2024\/06\/INFOGRAFIAS-CINEF-TERESA-T-1024x726.png\" alt=\"\" class=\"wp-image-1141\" srcset=\"https:\/\/www.upo.es\/cinef\/wp-content\/uploads\/2024\/06\/INFOGRAFIAS-CINEF-TERESA-T-1024x726.png 1024w, https:\/\/www.upo.es\/cinef\/wp-content\/uploads\/2024\/06\/INFOGRAFIAS-CINEF-TERESA-T-300x213.png 300w, https:\/\/www.upo.es\/cinef\/wp-content\/uploads\/2024\/06\/INFOGRAFIAS-CINEF-TERESA-T-768x545.png 768w, https:\/\/www.upo.es\/cinef\/wp-content\/uploads\/2024\/06\/INFOGRAFIAS-CINEF-TERESA-T-1536x1090.png 1536w, https:\/\/www.upo.es\/cinef\/wp-content\/uploads\/2024\/06\/INFOGRAFIAS-CINEF-TERESA-T.png 1748w\" sizes=\"(max-width: 1024px) 100vw, 1024px\" \/><\/figure>\n\n\n\n<figure class=\"wp-block-image size-large\"><img loading=\"lazy\" decoding=\"async\" width=\"1024\" height=\"726\" src=\"https:\/\/www.upo.es\/cinef\/wp-content\/uploads\/2024\/09\/INFOGRAFIAS-CINEF.BethanyAram-1024x726.png\" alt=\"\" class=\"wp-image-1154\" srcset=\"https:\/\/www.upo.es\/cinef\/wp-content\/uploads\/2024\/09\/INFOGRAFIAS-CINEF.BethanyAram-1024x726.png 1024w, https:\/\/www.upo.es\/cinef\/wp-content\/uploads\/2024\/09\/INFOGRAFIAS-CINEF.BethanyAram-300x213.png 300w, https:\/\/www.upo.es\/cinef\/wp-content\/uploads\/2024\/09\/INFOGRAFIAS-CINEF.BethanyAram-768x545.png 768w, https:\/\/www.upo.es\/cinef\/wp-content\/uploads\/2024\/09\/INFOGRAFIAS-CINEF.BethanyAram-1536x1090.png 1536w, https:\/\/www.upo.es\/cinef\/wp-content\/uploads\/2024\/09\/INFOGRAFIAS-CINEF.BethanyAram.png 1748w\" sizes=\"(max-width: 1024px) 100vw, 1024px\" \/><\/figure>\n\n\n\n<figure class=\"wp-block-image size-large\"><img loading=\"lazy\" decoding=\"async\" width=\"1024\" height=\"726\" src=\"https:\/\/www.upo.es\/cinef\/wp-content\/uploads\/2024\/11\/INFOGRAFIAS-CINEF.Amelia-1024x726.png\" alt=\"\" class=\"wp-image-1349\" srcset=\"https:\/\/www.upo.es\/cinef\/wp-content\/uploads\/2024\/11\/INFOGRAFIAS-CINEF.Amelia-1024x726.png 1024w, https:\/\/www.upo.es\/cinef\/wp-content\/uploads\/2024\/11\/INFOGRAFIAS-CINEF.Amelia-300x213.png 300w, https:\/\/www.upo.es\/cinef\/wp-content\/uploads\/2024\/11\/INFOGRAFIAS-CINEF.Amelia-768x545.png 768w, https:\/\/www.upo.es\/cinef\/wp-content\/uploads\/2024\/11\/INFOGRAFIAS-CINEF.Amelia-1536x1090.png 1536w, https:\/\/www.upo.es\/cinef\/wp-content\/uploads\/2024\/11\/INFOGRAFIAS-CINEF.Amelia.png 1748w\" sizes=\"(max-width: 1024px) 100vw, 1024px\" \/><\/figure>\n<\/div>\n\n\n\n<div class=\"wp-block-column is-layout-flow wp-block-column-is-layout-flow\">\n<figure class=\"wp-block-image size-large\"><img loading=\"lazy\" decoding=\"async\" width=\"1024\" height=\"726\" src=\"https:\/\/www.upo.es\/cinef\/wp-content\/uploads\/2024\/05\/paula-1-1024x726.png\" alt=\"\" class=\"wp-image-984\" srcset=\"https:\/\/www.upo.es\/cinef\/wp-content\/uploads\/2024\/05\/paula-1-1024x726.png 1024w, https:\/\/www.upo.es\/cinef\/wp-content\/uploads\/2024\/05\/paula-1-300x213.png 300w, https:\/\/www.upo.es\/cinef\/wp-content\/uploads\/2024\/05\/paula-1-768x545.png 768w, https:\/\/www.upo.es\/cinef\/wp-content\/uploads\/2024\/05\/paula-1-1536x1090.png 1536w, https:\/\/www.upo.es\/cinef\/wp-content\/uploads\/2024\/05\/paula-1.png 1748w\" sizes=\"(max-width: 1024px) 100vw, 1024px\" \/><\/figure>\n\n\n\n<figure class=\"wp-block-image size-large\"><img loading=\"lazy\" decoding=\"async\" width=\"1024\" height=\"726\" src=\"https:\/\/www.upo.es\/cinef\/wp-content\/uploads\/2024\/05\/INFOGRAFIAS.Mayo_.CINEF_.Monica-1-1024x726.png\" alt=\"\" class=\"wp-image-979\" srcset=\"https:\/\/www.upo.es\/cinef\/wp-content\/uploads\/2024\/05\/INFOGRAFIAS.Mayo_.CINEF_.Monica-1-1024x726.png 1024w, https:\/\/www.upo.es\/cinef\/wp-content\/uploads\/2024\/05\/INFOGRAFIAS.Mayo_.CINEF_.Monica-1-300x213.png 300w, https:\/\/www.upo.es\/cinef\/wp-content\/uploads\/2024\/05\/INFOGRAFIAS.Mayo_.CINEF_.Monica-1-768x545.png 768w, https:\/\/www.upo.es\/cinef\/wp-content\/uploads\/2024\/05\/INFOGRAFIAS.Mayo_.CINEF_.Monica-1-1536x1090.png 1536w, https:\/\/www.upo.es\/cinef\/wp-content\/uploads\/2024\/05\/INFOGRAFIAS.Mayo_.CINEF_.Monica-1.png 1748w\" sizes=\"(max-width: 1024px) 100vw, 1024px\" \/><\/figure>\n\n\n\n<figure class=\"wp-block-image size-large\"><img loading=\"lazy\" decoding=\"async\" width=\"1024\" height=\"726\" src=\"https:\/\/www.upo.es\/cinef\/wp-content\/uploads\/2024\/07\/INFOGRAFIAS-CINEF.Veronica-1024x726.png\" alt=\"\" class=\"wp-image-1151\" srcset=\"https:\/\/www.upo.es\/cinef\/wp-content\/uploads\/2024\/07\/INFOGRAFIAS-CINEF.Veronica-1024x726.png 1024w, https:\/\/www.upo.es\/cinef\/wp-content\/uploads\/2024\/07\/INFOGRAFIAS-CINEF.Veronica-300x213.png 300w, https:\/\/www.upo.es\/cinef\/wp-content\/uploads\/2024\/07\/INFOGRAFIAS-CINEF.Veronica-768x545.png 768w, https:\/\/www.upo.es\/cinef\/wp-content\/uploads\/2024\/07\/INFOGRAFIAS-CINEF.Veronica-1536x1090.png 1536w, https:\/\/www.upo.es\/cinef\/wp-content\/uploads\/2024\/07\/INFOGRAFIAS-CINEF.Veronica.png 1748w\" sizes=\"(max-width: 1024px) 100vw, 1024px\" \/><\/figure>\n\n\n\n<figure class=\"wp-block-image size-large\"><img loading=\"lazy\" decoding=\"async\" width=\"1024\" height=\"726\" src=\"https:\/\/www.upo.es\/cinef\/wp-content\/uploads\/2024\/10\/INFOGRAFIAS-CINEF.Marian-1024x726.png\" alt=\"\" class=\"wp-image-1286\" srcset=\"https:\/\/www.upo.es\/cinef\/wp-content\/uploads\/2024\/10\/INFOGRAFIAS-CINEF.Marian-1024x726.png 1024w, https:\/\/www.upo.es\/cinef\/wp-content\/uploads\/2024\/10\/INFOGRAFIAS-CINEF.Marian-300x213.png 300w, https:\/\/www.upo.es\/cinef\/wp-content\/uploads\/2024\/10\/INFOGRAFIAS-CINEF.Marian-768x545.png 768w, https:\/\/www.upo.es\/cinef\/wp-content\/uploads\/2024\/10\/INFOGRAFIAS-CINEF.Marian-1536x1090.png 1536w, https:\/\/www.upo.es\/cinef\/wp-content\/uploads\/2024\/10\/INFOGRAFIAS-CINEF.Marian.png 1748w\" sizes=\"(max-width: 1024px) 100vw, 1024px\" \/><\/figure>\n\n\n\n<figure class=\"wp-block-image size-large\"><img loading=\"lazy\" decoding=\"async\" width=\"1024\" height=\"726\" src=\"https:\/\/www.upo.es\/cinef\/wp-content\/uploads\/2025\/01\/INFOGRAFIAS-CINEF.-Paloma-Garrido-1024x726.png\" alt=\"\" class=\"wp-image-1367\" srcset=\"https:\/\/www.upo.es\/cinef\/wp-content\/uploads\/2025\/01\/INFOGRAFIAS-CINEF.-Paloma-Garrido-1024x726.png 1024w, https:\/\/www.upo.es\/cinef\/wp-content\/uploads\/2025\/01\/INFOGRAFIAS-CINEF.-Paloma-Garrido-300x213.png 300w, https:\/\/www.upo.es\/cinef\/wp-content\/uploads\/2025\/01\/INFOGRAFIAS-CINEF.-Paloma-Garrido-768x545.png 768w, https:\/\/www.upo.es\/cinef\/wp-content\/uploads\/2025\/01\/INFOGRAFIAS-CINEF.-Paloma-Garrido-1536x1090.png 1536w, https:\/\/www.upo.es\/cinef\/wp-content\/uploads\/2025\/01\/INFOGRAFIAS-CINEF.-Paloma-Garrido.png 1748w\" sizes=\"(max-width: 1024px) 100vw, 1024px\" \/><\/figure>\n<\/div>\n<\/div>\n\n\n<p>Pod\u00e9is encontrar tambi\u00e9n las infograf\u00edas en nuestra red social, en:<\/p>\n<p><strong>Instagram:<\/strong> <a href=\"https:\/\/www.instagram.com\/cinef_upo\/\">@cinef_upo<\/a><\/p>\n\n\n<p><\/p>\n","protected":false},"excerpt":{"rendered":"<p>Coordinan:\u00a0Roc\u00edo C\u00e1rdenas Rodr\u00edguez y Roc\u00edo Rodr\u00edguez Casado. El objetivo de las infograf\u00edas \u201cCiencia y Feminismo. Mujeres que hacen ciencia con perspectiva de g\u00e9nero\u201d ha sido visibilizar a las mujeres cient\u00edficas de la Universidad Pablo de Olavide pertenecientes al CINEF que desarrollan su investigaci\u00f3n con perspectiva de g\u00e9nero, difundiendo investigaciones y publicaciones realizadas por estas cient\u00edficas que favorecen la igualdad de [&hellip;]<\/p>\n","protected":false},"author":1,"featured_media":0,"parent":0,"menu_order":0,"comment_status":"closed","ping_status":"closed","template":"","meta":{"_eb_attr":"","footnotes":""},"class_list":["post-730","page","type-page","status-publish","hentry"],"_links":{"self":[{"href":"https:\/\/www.upo.es\/cinef\/wp-json\/wp\/v2\/pages\/730","targetHints":{"allow":["GET"]}}],"collection":[{"href":"https:\/\/www.upo.es\/cinef\/wp-json\/wp\/v2\/pages"}],"about":[{"href":"https:\/\/www.upo.es\/cinef\/wp-json\/wp\/v2\/types\/page"}],"author":[{"embeddable":true,"href":"https:\/\/www.upo.es\/cinef\/wp-json\/wp\/v2\/users\/1"}],"replies":[{"embeddable":true,"href":"https:\/\/www.upo.es\/cinef\/wp-json\/wp\/v2\/comments?post=730"}],"version-history":[{"count":17,"href":"https:\/\/www.upo.es\/cinef\/wp-json\/wp\/v2\/pages\/730\/revisions"}],"predecessor-version":[{"id":1369,"href":"https:\/\/www.upo.es\/cinef\/wp-json\/wp\/v2\/pages\/730\/revisions\/1369"}],"wp:attachment":[{"href":"https:\/\/www.upo.es\/cinef\/wp-json\/wp\/v2\/media?parent=730"}],"curies":[{"name":"wp","href":"https:\/\/api.w.org\/{rel}","templated":true}]}}