{"id":807,"date":"2024-04-22T15:47:42","date_gmt":"2024-04-22T15:47:42","guid":{"rendered":"https:\/\/www.upo.es\/cinef\/?page_id=807"},"modified":"2024-04-24T13:50:34","modified_gmt":"2024-04-24T13:50:34","slug":"informacion-amiga","status":"publish","type":"page","link":"https:\/\/www.upo.es\/cinef\/informacion-amiga\/","title":{"rendered":"Informaci\u00f3n amiga"},"content":{"rendered":"\n<div style=\"height:61px\" aria-hidden=\"true\" class=\"wp-block-spacer\"><\/div>\n\n\n\n<p class=\"has-vivid-purple-color has-text-color has-link-color has-medium-font-size wp-elements-df11565545cfe1e7eb6745529557bdfe\"><strong>REVISTAS AMIGAS<\/strong><\/p>\n\n\n\n<p class=\"has-vivid-purple-color has-text-color has-link-color wp-elements-f8182f0db5186475d761ae1f27461c75\"><strong><a href=\"https:\/\/www.upo.es\/revistas\/index.php\/ambigua\">AMBIGUA. Revista sobre G\u00e9nero y Estudios Culturales<\/a><\/strong><\/p>\n\n\n\n<p><a href=\"https:\/\/www.upo.es\/revistas\/index.php\/ambigua\">https:\/\/www.upo.es\/revistas\/index.php\/ambigua<\/a><\/p>\n\n\n\n<p>Publicaci\u00f3n&nbsp;electr\u00f3nica que aparece en forma de monogr\u00e1fico y aborda aquellos temas que se encuadran dentro de las investigaciones sobre el g\u00e9nero y los estudios culturales desde una perspectiva interdisciplinar. El p\u00fablico al que va dirigida es de \u00edndole internacional, ya que acepta la publicaci\u00f3n de art\u00edculos escritos en distintas lenguas de la Uni\u00f3n Europea (espa\u00f1ol, franc\u00e9s, ingl\u00e9s) y nacionales (catal\u00e1n). La revista declara su apertura a la participaci\u00f3n de autores ajenos a la Universidad Pablo de Olavide, entidad editora de la revista.&nbsp;<\/p>\n\n\n\n<p><\/p>\n\n\n\n<p class=\"has-vivid-purple-color has-text-color has-link-color wp-elements-1a80b0f26846f6c917fc5b3541d69ff7\"><strong><a href=\"https:\/\/www.upo.es\/revistas\/index.php\/ccs\/index\">Comparative Cultural Studies: European and Latin American Perspectives<\/a><\/strong><\/p>\n\n\n\n<p><a href=\"https:\/\/www.upo.es\/revistas\/index.php\/ccs\/index\">https:\/\/www.upo.es\/revistas\/index.php\/ccs\/index<\/a><\/p>\n\n\n\n<p>Comparative Cultural Studies: European and Latin American Perspectives is a scientific journal of international scope and has a vocation for interdisciplinarity, as well as for the promotion of transdisciplinary experiences. The transdisciplinary approach promotes a deeper and more adequate understanding of human and socio-cultural facts, no longer centered on a rigid disciplinary vision, and values education, cultural and social anthropology, communication and linguistics, history, literature, sociology, psycho-pedagogical studies, economic and political sciences, geography, and international relations.<\/p>\n\n\n\n<div style=\"height:61px\" aria-hidden=\"true\" class=\"wp-block-spacer\"><\/div>\n\n\n\n<p><\/p>\n\n\n\n<p class=\"has-vivid-purple-color has-text-color has-link-color has-medium-font-size wp-elements-a8b93faffdf34849a2234be6ffe684e2\"><strong>SOCIEDADES CIENT\u00cdFICAS AMIGAS<\/strong><\/p>\n\n\n<p><img decoding=\"async\" class=\"wp-image-914  alignleft\" src=\"https:\/\/www.upo.es\/cinef\/wp-content\/uploads\/2024\/04\/amit-300x110.png\" alt=\"\" width=\"275\" height=\"101\" srcset=\"https:\/\/www.upo.es\/cinef\/wp-content\/uploads\/2024\/04\/amit-300x110.png 300w, https:\/\/www.upo.es\/cinef\/wp-content\/uploads\/2024\/04\/amit-368x136.png 368w, https:\/\/www.upo.es\/cinef\/wp-content\/uploads\/2024\/04\/amit.png 370w\" sizes=\"(max-width: 275px) 100vw, 275px\" \/><\/p>\n<p><a href=\"https:\/\/amit-es.org\/\"><b>Asociaci\u00f3n de Mujeres Investigadoras y Tecn\u00f3logas (AMIT)<\/b><\/a><\/p>\n<p><a href=\"https:\/\/amit-es.org\">https:\/\/amit-es.org\u00a0<\/a><\/p>\n<p>\u00a0<\/p>\n<p><img fetchpriority=\"high\" decoding=\"async\" class=\"size-full wp-image-808 alignleft\" src=\"https:\/\/www.upo.es\/cinef\/wp-content\/uploads\/2024\/04\/EUFEM.webp\" alt=\"\" width=\"270\" height=\"190\" \/><\/p>\n<p>\u00a0<\/p>\n<p><a href=\"https:\/\/plataformauniversitariafemgen.wordpress.com\"><strong>Plataforma Universitaria de Estudios Feministas y de G\u00e9nero (EUFEM)<\/strong><\/a><\/p>\n<p>https:\/\/plataformauniversitariafemgen.wordpress.com<\/p>\n\n\n<p><\/p>\n\n\n\n<p><\/p>\n","protected":false},"excerpt":{"rendered":"<p>REVISTAS AMIGAS AMBIGUA. Revista sobre G\u00e9nero y Estudios Culturales https:\/\/www.upo.es\/revistas\/index.php\/ambigua Publicaci\u00f3n&nbsp;electr\u00f3nica que aparece en forma de monogr\u00e1fico y aborda aquellos temas que se encuadran dentro de las investigaciones sobre el g\u00e9nero y los estudios culturales desde una perspectiva interdisciplinar. El p\u00fablico al que va dirigida es de \u00edndole internacional, ya que acepta la publicaci\u00f3n de art\u00edculos escritos en distintas lenguas [&hellip;]<\/p>\n","protected":false},"author":1,"featured_media":0,"parent":0,"menu_order":0,"comment_status":"closed","ping_status":"closed","template":"","meta":{"_eb_attr":"","footnotes":""},"class_list":["post-807","page","type-page","status-publish","hentry"],"_links":{"self":[{"href":"https:\/\/www.upo.es\/cinef\/wp-json\/wp\/v2\/pages\/807","targetHints":{"allow":["GET"]}}],"collection":[{"href":"https:\/\/www.upo.es\/cinef\/wp-json\/wp\/v2\/pages"}],"about":[{"href":"https:\/\/www.upo.es\/cinef\/wp-json\/wp\/v2\/types\/page"}],"author":[{"embeddable":true,"href":"https:\/\/www.upo.es\/cinef\/wp-json\/wp\/v2\/users\/1"}],"replies":[{"embeddable":true,"href":"https:\/\/www.upo.es\/cinef\/wp-json\/wp\/v2\/comments?post=807"}],"version-history":[{"count":14,"href":"https:\/\/www.upo.es\/cinef\/wp-json\/wp\/v2\/pages\/807\/revisions"}],"predecessor-version":[{"id":925,"href":"https:\/\/www.upo.es\/cinef\/wp-json\/wp\/v2\/pages\/807\/revisions\/925"}],"wp:attachment":[{"href":"https:\/\/www.upo.es\/cinef\/wp-json\/wp\/v2\/media?parent=807"}],"curies":[{"name":"wp","href":"https:\/\/api.w.org\/{rel}","templated":true}]}}