{"id":675,"date":"2024-05-23T13:08:06","date_gmt":"2024-05-23T11:08:06","guid":{"rendered":"https:\/\/www.upo.es\/cnats\/?page_id=675"},"modified":"2024-05-23T13:20:28","modified_gmt":"2024-05-23T11:20:28","slug":"organization","status":"publish","type":"page","link":"https:\/\/www.upo.es\/cnats\/organization\/","title":{"rendered":"Organization"},"content":{"rendered":"\t<section class=\"section\" id=\"section_2096971233\">\n\t\t<div class=\"bg section-bg fill bg-fill  bg-loaded\" >\n\n\t\t\t\n\t\t\t\n\t\t\t\n\n\t\t<\/div>\n\n\t\t\n\n\t\t<div class=\"section-content relative\">\n\t\t\t\n<div class=\"slider-wrapper relative\" id=\"slider-1188828445\" >\n    <div class=\"slider slider-nav-circle slider-nav-large slider-nav-light slider-style-normal\"\n        data-flickity-options='{\n            \"cellAlign\": \"center\",\n            \"imagesLoaded\": true,\n            \"lazyLoad\": 1,\n            \"freeScroll\": false,\n            \"wrapAround\": true,\n            \"autoPlay\": 6000,\n            \"pauseAutoPlayOnHover\" : true,\n            \"prevNextButtons\": true,\n            \"contain\" : true,\n            \"adaptiveHeight\" : true,\n            \"dragThreshold\" : 10,\n            \"percentPosition\": true,\n            \"pageDots\": true,\n            \"rightToLeft\": false,\n            \"draggable\": true,\n            \"selectedAttraction\": 0.1,\n            \"parallax\" : 0,\n            \"friction\": 0.6        }'\n        >\n        \n\n  <div class=\"banner has-hover\" id=\"banner-1211355169\">\n          <div class=\"banner-inner fill\">\n        <div class=\"banner-bg fill\" >\n            <div class=\"bg fill bg-fill \"><\/div>\n                                    \n                    <\/div>\n\t\t\n        <div class=\"banner-layers container\">\n            <div class=\"fill banner-link\"><\/div>            \n        <\/div>\n      <\/div>\n\n            \n<style>\n#banner-1211355169 {\n  padding-top: 580px;\n}\n#banner-1211355169 .bg.bg-loaded {\n  background-image: url(https:\/\/www.upo.es\/cnats\/wp-content\/uploads\/2024\/01\/banner-2-scaled.jpg);\n}\n#banner-1211355169 .bg {\n  background-position: 50% 50%;\n}\n<\/style>\n  <\/div>\n\n\n     <\/div>\n\n     <div class=\"loading-spin dark large centered\"><\/div>\n\n\t<\/div>\n\n\n\t\t<\/div>\n\n\t\t\n<style>\n#section_2096971233 {\n  padding-top: 30px;\n  padding-bottom: 30px;\n  background-color: #000099;\n}\n<\/style>\n\t<\/section>\n\t\n\t<div id=\"gap-548751370\" class=\"gap-element clearfix\" style=\"display:block; height:auto;\">\n\t\t\n<style>\n#gap-548751370 {\n  padding-top: 30px;\n}\n<\/style>\n\t<\/div>\n\t\n<div class=\"row align-middle\"  id=\"row-1265750983\">\n\n\t<div id=\"col-1323521848\" class=\"col medium-8 small-12 large-8\"  >\n\t\t\t\t<div class=\"col-inner\"  >\n\t\t\t\n\t\t\t\n<h3>Executive Commission<\/h3>\n<h5>CNATS Management:<span style=\"color: #000000;\"> Bruno Mart\u00ednez Haya<\/span><\/h5>\n<p>CNATS sub-directorates:<\/p>\n<ul>\n<li>Gerko Oskam, Deputy Directorate for Internationalisation and Projects<\/li>\n<li>Paul Pistor, Deputy Directorate for Transfer and Infrastructures<\/li>\n<li>Juan Jos\u00e9 Guti\u00e9rrez Sevillano, Deputy Directorate of External Projection, Talent Recruitment and Strategy<\/li>\n<li>Ana Mart\u00edn Calvo, Sub-Directorate for Institutional Relations and Research Staff Training; Secretary General<\/li>\n<\/ul>\n<a href=\"https:\/\/www.upo.es\/cnats\/contact\/\" class=\"button primary\"  >\n    <span>More information<\/span>\n  <\/a>\n\n\t\t<\/div>\n\t\t\t\t\n<style>\n#col-1323521848 > .col-inner {\n  padding: 15px 15px 15px 15px;\n}\n<\/style>\n\t<\/div>\n\n\t\n\n\t<div id=\"col-1312893995\" class=\"col medium-4 small-12 large-4\"  >\n\t\t\t\t<div class=\"col-inner\"  >\n\t\t\t\n\t\t\t\n\n  <div class=\"banner has-hover\" id=\"banner-1578452818\">\n          <div class=\"banner-inner fill\">\n        <div class=\"banner-bg fill\" >\n            <div class=\"bg fill bg-fill \"><\/div>\n                                    \n                    <\/div>\n\t\t\n        <div class=\"banner-layers container\">\n            <div class=\"fill banner-link\"><\/div>            \n   <div id=\"text-box-727422090\" class=\"text-box banner-layer x50 md-x50 lg-x50 y50 md-y50 lg-y50 res-text\">\n                                <div class=\"text-box-content text dark\">\n              \n              <div class=\"text-inner text-center\">\n                  \n              <\/div>\n           <\/div>\n                            \n<style>\n#text-box-727422090 {\n  width: 60%;\n}\n#text-box-727422090 .text-box-content {\n  font-size: 100%;\n}\n<\/style>\n    <\/div>\n \n        <\/div>\n      <\/div>\n\n            \n<style>\n#banner-1578452818 {\n  padding-top: 340px;\n}\n#banner-1578452818 .bg.bg-loaded {\n  background-image: url(https:\/\/www.upo.es\/cnats\/wp-content\/uploads\/2024\/05\/cluster-IA-interpretation.jpg);\n}\n<\/style>\n  <\/div>\n\n\n\t\t<\/div>\n\t\t\t\t\t<\/div>\n\n\t\n\n\t<div id=\"col-412232728\" class=\"col small-12 large-12\"  >\n\t\t\t\t<div class=\"col-inner\"  >\n\t\t\t\n\t\t\t\n<div class=\"is-divider divider clearfix\" style=\"max-width:100%;height:1px;\"><\/div>\n\t\t<\/div>\n\t\t\t\t\t<\/div>\n\n\t\n\n\t<div id=\"col-739530296\" class=\"col medium-8 small-12 large-8\"  >\n\t\t\t\t<div class=\"col-inner\"  >\n\t\t\t\n\t\t\t\n<h3><strong>Steering Committee <\/strong><\/h3>\n<h5>Principal Research Staff<\/h5>\n<a href=\"https:\/\/www.upo.es\/cnats\/people\/\" class=\"button primary\"  >\n    <span>More information<\/span>\n  <\/a>\n\n\t\t<\/div>\n\t\t\t\t\n<style>\n#col-739530296 > .col-inner {\n  padding: 15px 15px 15px 15px;\n}\n<\/style>\n\t<\/div>\n\n\t\n\n\t<div id=\"col-372569652\" class=\"col medium-4 small-12 large-4\"  >\n\t\t\t\t<div class=\"col-inner\"  >\n\t\t\t\n\t\t\t\n\n  <div class=\"banner has-hover\" id=\"banner-2049145038\">\n          <div class=\"banner-inner fill\">\n        <div class=\"banner-bg fill\" >\n            <div class=\"bg fill bg-fill \"><\/div>\n                                    \n                    <\/div>\n\t\t\n        <div class=\"banner-layers container\">\n            <div class=\"fill banner-link\"><\/div>            \n   <div id=\"text-box-149856495\" class=\"text-box banner-layer x50 md-x50 lg-x50 y50 md-y50 lg-y50 res-text\">\n                                <div class=\"text-box-content text dark\">\n              \n              <div class=\"text-inner text-center\">\n                  \n              <\/div>\n           <\/div>\n                            \n<style>\n#text-box-149856495 {\n  width: 60%;\n}\n#text-box-149856495 .text-box-content {\n  font-size: 100%;\n}\n<\/style>\n    <\/div>\n \n        <\/div>\n      <\/div>\n\n            \n<style>\n#banner-2049145038 {\n  padding-top: 206px;\n}\n#banner-2049145038 .bg.bg-loaded {\n  background-image: url(https:\/\/www.upo.es\/cnats\/wp-content\/uploads\/2024\/05\/omegas2.png);\n}\n<\/style>\n  <\/div>\n\n\n\t\t<\/div>\n\t\t\t\t\t<\/div>\n\n\t\n\n\t<div id=\"col-1629862791\" class=\"col small-12 large-12\"  >\n\t\t\t\t<div class=\"col-inner\"  >\n\t\t\t\n\t\t\t\n<div class=\"is-divider divider clearfix\" style=\"max-width:100%;height:1px;\"><\/div>\n\t\t<\/div>\n\t\t\t\t\t<\/div>\n\n\t\n\n\t<div id=\"col-1570971716\" class=\"col medium-8 small-12 large-8\"  >\n\t\t\t\t<div class=\"col-inner\"  >\n\t\t\t\n\t\t\t\n<h3><strong>Scientific Advisory Boad<\/strong><\/h3>\n<ol>\n<li>Laura Lechuga (Catalan Institute of Nanoscience and Nanotechnology, Barcelona)<\/li>\n<li>M\u00f3nica Lira-Cant\u00fa (Catalan Institute of Nanoscience and Nanotechnology, Barcelona)<\/li>\n<li>Emilio Palomares (Institute of Chemical Research of Catalonia, Tarragona)<\/li>\n<li>N\u00faria L\u00f3pez (Institute of Chemical Research of Catalonia, Tarragona)<\/li>\n<li>Iv\u00e1n Mora Ser\u00f3 (Institute of Advanced Materials, Castell\u00f3n)<\/li>\n<li>Patricia Horcajada (IMDEA Energy, Madrid)<\/li>\n<li>Juan Cabanillas Gonz\u00e1lez (IMDEA Nanoscience, Madrid)<\/li>\n<li>Jos\u00e9 Andr\u00e9s Fern\u00e1ndez (Universidad del Pa\u00eds Vasco, Bilbao)<\/li>\n<li>Jorge A. Rodr\u00edguez Navarro (Universidad de Granada)<\/li>\n<li>Amparo Galindo (Imperial College, London, UK)<\/li>\n<li>Trystan Watson (Swansea University, UK)<\/li>\n<li>Renaud Demadrille (Interdisciplinary Research Institute of Grenoble, France)<\/li>\n<\/ol>\n\t\t<\/div>\n\t\t\t\t\n<style>\n#col-1570971716 > .col-inner {\n  padding: 15px 15px 15px 15px;\n}\n<\/style>\n\t<\/div>\n\n\t\n\n\t<div id=\"col-1401764226\" class=\"col medium-4 small-12 large-4\"  >\n\t\t\t\t<div class=\"col-inner\"  >\n\t\t\t\n\t\t\t\n\n  <div class=\"banner has-hover\" id=\"banner-1266693351\">\n          <div class=\"banner-inner fill\">\n        <div class=\"banner-bg fill\" >\n            <div class=\"bg fill bg-fill \"><\/div>\n                                    \n                    <\/div>\n\t\t\n        <div class=\"banner-layers container\">\n            <div class=\"fill banner-link\"><\/div>            \n   <div id=\"text-box-1718445423\" class=\"text-box banner-layer x50 md-x50 lg-x50 y50 md-y50 lg-y50 res-text\">\n                                <div class=\"text-box-content text dark\">\n              \n              <div class=\"text-inner text-center\">\n                  \n              <\/div>\n           <\/div>\n                            \n<style>\n#text-box-1718445423 {\n  width: 60%;\n}\n#text-box-1718445423 .text-box-content {\n  font-size: 100%;\n}\n<\/style>\n    <\/div>\n \n        <\/div>\n      <\/div>\n\n            \n<style>\n#banner-1266693351 {\n  padding-top: 340px;\n}\n#banner-1266693351 .bg.bg-loaded {\n  background-image: url(https:\/\/www.upo.es\/cnats\/wp-content\/uploads\/2023\/10\/AspectRatioBlock-1.png);\n}\n<\/style>\n  <\/div>\n\n\n\t\t<\/div>\n\t\t\t\t\t<\/div>\n\n\t\n<\/div>\n\t<div id=\"gap-783594291\" class=\"gap-element clearfix\" style=\"display:block; height:auto;\">\n\t\t\n<style>\n#gap-783594291 {\n  padding-top: 30px;\n}\n<\/style>\n\t<\/div>\n\t\n","protected":false},"excerpt":{"rendered":"","protected":false},"author":1,"featured_media":0,"parent":0,"menu_order":0,"comment_status":"closed","ping_status":"closed","template":"","meta":{"footnotes":""},"class_list":["post-675","page","type-page","status-publish","hentry"],"acf":[],"_links":{"self":[{"href":"https:\/\/www.upo.es\/cnats\/wp-json\/wp\/v2\/pages\/675","targetHints":{"allow":["GET"]}}],"collection":[{"href":"https:\/\/www.upo.es\/cnats\/wp-json\/wp\/v2\/pages"}],"about":[{"href":"https:\/\/www.upo.es\/cnats\/wp-json\/wp\/v2\/types\/page"}],"author":[{"embeddable":true,"href":"https:\/\/www.upo.es\/cnats\/wp-json\/wp\/v2\/users\/1"}],"replies":[{"embeddable":true,"href":"https:\/\/www.upo.es\/cnats\/wp-json\/wp\/v2\/comments?post=675"}],"version-history":[{"count":6,"href":"https:\/\/www.upo.es\/cnats\/wp-json\/wp\/v2\/pages\/675\/revisions"}],"predecessor-version":[{"id":681,"href":"https:\/\/www.upo.es\/cnats\/wp-json\/wp\/v2\/pages\/675\/revisions\/681"}],"wp:attachment":[{"href":"https:\/\/www.upo.es\/cnats\/wp-json\/wp\/v2\/media?parent=675"}],"curies":[{"name":"wp","href":"https:\/\/api.w.org\/{rel}","templated":true}]}}