{"id":2297,"date":"2022-02-01T12:45:27","date_gmt":"2022-02-01T12:45:27","guid":{"rendered":"https:\/\/www.upo.es\/convenios-practicas-empresa\/?page_id=2297"},"modified":"2022-02-01T12:53:01","modified_gmt":"2022-02-01T12:53:01","slug":"accesibilidad","status":"publish","type":"page","link":"https:\/\/www.upo.es\/convenios-practicas-empresa\/accesibilidad\/","title":{"rendered":"Accesibilidad"},"content":{"rendered":"\t\t<div data-elementor-type=\"wp-page\" data-elementor-id=\"2297\" class=\"elementor elementor-2297\">\n\t\t\t\t\t\t<section class=\"elementor-section elementor-top-section elementor-element elementor-element-6b8853f elementor-section-boxed elementor-section-height-default elementor-section-height-default\" data-id=\"6b8853f\" data-element_type=\"section\" data-e-type=\"section\">\n\t\t\t\t\t\t<div class=\"elementor-container elementor-column-gap-default\">\n\t\t\t\t\t<div class=\"elementor-column elementor-col-100 elementor-top-column elementor-element elementor-element-24e3a54\" data-id=\"24e3a54\" data-element_type=\"column\" data-e-type=\"column\">\n\t\t\t<div class=\"elementor-widget-wrap elementor-element-populated\">\n\t\t\t\t\t\t<div class=\"elementor-element elementor-element-2320a6a elementor-widget elementor-widget-spacer\" data-id=\"2320a6a\" data-element_type=\"widget\" data-e-type=\"widget\" data-widget_type=\"spacer.default\">\n\t\t\t\t<div class=\"elementor-widget-container\">\n\t\t\t\t\t\t\t<div class=\"elementor-spacer\">\n\t\t\t<div class=\"elementor-spacer-inner\"><\/div>\n\t\t<\/div>\n\t\t\t\t\t\t<\/div>\n\t\t\t\t<\/div>\n\t\t\t\t\t<\/div>\n\t\t<\/div>\n\t\t\t\t\t<\/div>\n\t\t<\/section>\n\t\t\t\t<section class=\"elementor-section elementor-top-section elementor-element elementor-element-e97136b elementor-section-boxed elementor-section-height-default elementor-section-height-default\" data-id=\"e97136b\" data-element_type=\"section\" data-e-type=\"section\">\n\t\t\t\t\t\t<div class=\"elementor-container elementor-column-gap-default\">\n\t\t\t\t\t<div class=\"elementor-column elementor-col-100 elementor-top-column elementor-element elementor-element-0e5b35c\" data-id=\"0e5b35c\" data-element_type=\"column\" data-e-type=\"column\">\n\t\t\t<div class=\"elementor-widget-wrap elementor-element-populated\">\n\t\t\t\t\t\t<div class=\"elementor-element elementor-element-933132a elementor-widget elementor-widget-text-editor\" data-id=\"933132a\" data-element_type=\"widget\" data-e-type=\"widget\" data-widget_type=\"text-editor.default\">\n\t\t\t\t<div class=\"elementor-widget-container\">\n\t\t\t\t\t\t\t\t\t<p><span style=\"color: #003366;\"><strong>ACCESIBILIDAD<\/strong><\/span><\/p><p>La Universidad Pablo de Olavide desea que todos los contenidos y servicios puestos a disposici\u00f3n de la ciudadan\u00eda bajo el dominio\u00a0<b>upo.es\u00a0<\/b>sean accesibles independientemente de las posibles limitaciones que pudieran condicionar el acceso al sitio web, ya sean ocasionadas por el entorno, la conexi\u00f3n o de car\u00e1cter personal.\u00a0<\/p><p>Seg\u00fan el Real Decreto 1494\/2007, de 12 de noviembre, \u00abLa informaci\u00f3n disponible en las p\u00e1ginas de Internet de las administraciones p\u00fablicas deber\u00e1 ser accesible a las personas mayores y personas con discapacidad, con un nivel m\u00ednimo de accesibilidad que cumpla las prioridades 1 y 2 de la Norma UNE 139803:2004.\u00bb (\u2026) \u00abAsimismo, ser\u00e1 obligatorio lo expresado en este apartado para las p\u00e1ginas de Internet y sus contenidos, de los centros p\u00fablicos educativos, de formaci\u00f3n y universitarios, as\u00ed como, de los centros privados sostenidos, total o parcialmente, con fondos p\u00fablicos.\u00bb\u00a0<\/p><p>Por ello hemos dise\u00f1ado los distintos sitio web de la Universidad siguiendo las Pautas de Accesibilidad al Contenido Web (WCAG 1.0), incorporadas en Espa\u00f1a a trav\u00e9s de la Norma UNE 139803:2004, con el objetivo de lograr el nivel de conformidad Doble A o Prioridad 2 requerido.<\/p><p>Para comprobar el nivel de accesibilidad alcanzado en www.upo.es, portales institucionales y sede electr\u00f3nica analizamos sus p\u00e1ginas peri\u00f3dicamente con la herramienta TAW Monitor habiendo realizando la \u00faltima revisi\u00f3n con fecha 1 de marzo de 2012. No obstante, la Universidad Pablo de Olavide cuenta con un gran n\u00famero de sitios web y son muchos los editores que introducen informaci\u00f3n en sus p\u00e1ginas a diario. Por ello, si encuentra dificultades de navegaci\u00f3n, o no puede acceder a alg\u00fan contenido en concreto, le rogamos nos los comunique a trav\u00e9s de la direcci\u00f3n de correo infoaccesibilidad@upo.es.<\/p><p><b>DIVULGACI\u00d3N SOBRE ACCESIBILIDAD WEB<\/b><\/p><p>Para ampliar informaci\u00f3n sobre c\u00f3mo publicar informaci\u00f3n y dise\u00f1ar una web accesible, la UPO ha puesto a disposici\u00f3n de los usuarios gu\u00edas y manuales a trav\u00e9s de www.upo.es\/administradores\/, con el objetivo de asistir a la comunidad universitaria que publica informaci\u00f3n web y sensibilizar sobre la importancia de la accesibilidad universal y el dise\u00f1o para todos.\u00a0<\/p>\t\t\t\t\t\t\t\t<\/div>\n\t\t\t\t<\/div>\n\t\t\t\t\t<\/div>\n\t\t<\/div>\n\t\t\t\t\t<\/div>\n\t\t<\/section>\n\t\t\t\t<section class=\"elementor-section elementor-top-section elementor-element elementor-element-4be049f elementor-section-boxed elementor-section-height-default elementor-section-height-default\" data-id=\"4be049f\" data-element_type=\"section\" data-e-type=\"section\">\n\t\t\t\t\t\t<div class=\"elementor-container elementor-column-gap-default\">\n\t\t\t\t\t<div class=\"elementor-column elementor-col-100 elementor-top-column elementor-element elementor-element-acea029\" data-id=\"acea029\" data-element_type=\"column\" data-e-type=\"column\">\n\t\t\t<div class=\"elementor-widget-wrap elementor-element-populated\">\n\t\t\t\t\t\t<div class=\"elementor-element elementor-element-746235d elementor-widget elementor-widget-spacer\" data-id=\"746235d\" data-element_type=\"widget\" data-e-type=\"widget\" data-widget_type=\"spacer.default\">\n\t\t\t\t<div class=\"elementor-widget-container\">\n\t\t\t\t\t\t\t<div class=\"elementor-spacer\">\n\t\t\t<div class=\"elementor-spacer-inner\"><\/div>\n\t\t<\/div>\n\t\t\t\t\t\t<\/div>\n\t\t\t\t<\/div>\n\t\t\t\t\t<\/div>\n\t\t<\/div>\n\t\t\t\t\t<\/div>\n\t\t<\/section>\n\t\t\t\t<\/div>\n\t\t","protected":false},"excerpt":{"rendered":"<p>ACCESIBILIDAD La Universidad Pablo de Olavide desea que todos los contenidos y servicios puestos a disposici\u00f3n de la ciudadan\u00eda bajo el dominio\u00a0upo.es\u00a0sean accesibles independientemente de las posibles limitaciones que pudieran condicionar el acceso al sitio web, ya sean ocasionadas por el entorno, la conexi\u00f3n o de car\u00e1cter personal.\u00a0 Seg\u00fan el Real Decreto 1494\/2007, de 12 [&hellip;]<\/p>\n","protected":false},"author":1,"featured_media":0,"parent":0,"menu_order":0,"comment_status":"closed","ping_status":"closed","template":"elementor_header_footer","meta":{"site-sidebar-layout":"default","site-content-layout":"","ast-site-content-layout":"default","site-content-style":"default","site-sidebar-style":"default","ast-global-header-display":"","ast-banner-title-visibility":"","ast-main-header-display":"","ast-hfb-above-header-display":"","ast-hfb-below-header-display":"","ast-hfb-mobile-header-display":"","site-post-title":"","ast-breadcrumbs-content":"","ast-featured-img":"","footer-sml-layout":"","ast-disable-related-posts":"","theme-transparent-header-meta":"","adv-header-id-meta":"","stick-header-meta":"","header-above-stick-meta":"","header-main-stick-meta":"","header-below-stick-meta":"","astra-migrate-meta-layouts":"default","ast-page-background-enabled":"default","ast-page-background-meta":{"desktop":{"background-color":"","background-image":"","background-repeat":"repeat","background-position":"center center","background-size":"auto","background-attachment":"scroll","background-type":"","background-media":"","overlay-type":"","overlay-color":"","overlay-opacity":"","overlay-gradient":""},"tablet":{"background-color":"","background-image":"","background-repeat":"repeat","background-position":"center center","background-size":"auto","background-attachment":"scroll","background-type":"","background-media":"","overlay-type":"","overlay-color":"","overlay-opacity":"","overlay-gradient":""},"mobile":{"background-color":"","background-image":"","background-repeat":"repeat","background-position":"center center","background-size":"auto","background-attachment":"scroll","background-type":"","background-media":"","overlay-type":"","overlay-color":"","overlay-opacity":"","overlay-gradient":""}},"ast-content-background-meta":{"desktop":{"background-color":"var(--ast-global-color-5)","background-image":"","background-repeat":"repeat","background-position":"center center","background-size":"auto","background-attachment":"scroll","background-type":"","background-media":"","overlay-type":"","overlay-color":"","overlay-opacity":"","overlay-gradient":""},"tablet":{"background-color":"var(--ast-global-color-5)","background-image":"","background-repeat":"repeat","background-position":"center center","background-size":"auto","background-attachment":"scroll","background-type":"","background-media":"","overlay-type":"","overlay-color":"","overlay-opacity":"","overlay-gradient":""},"mobile":{"background-color":"var(--ast-global-color-5)","background-image":"","background-repeat":"repeat","background-position":"center center","background-size":"auto","background-attachment":"scroll","background-type":"","background-media":"","overlay-type":"","overlay-color":"","overlay-opacity":"","overlay-gradient":""}},"footnotes":""},"class_list":["post-2297","page","type-page","status-publish","hentry"],"_links":{"self":[{"href":"https:\/\/www.upo.es\/convenios-practicas-empresa\/wp-json\/wp\/v2\/pages\/2297","targetHints":{"allow":["GET"]}}],"collection":[{"href":"https:\/\/www.upo.es\/convenios-practicas-empresa\/wp-json\/wp\/v2\/pages"}],"about":[{"href":"https:\/\/www.upo.es\/convenios-practicas-empresa\/wp-json\/wp\/v2\/types\/page"}],"author":[{"embeddable":true,"href":"https:\/\/www.upo.es\/convenios-practicas-empresa\/wp-json\/wp\/v2\/users\/1"}],"replies":[{"embeddable":true,"href":"https:\/\/www.upo.es\/convenios-practicas-empresa\/wp-json\/wp\/v2\/comments?post=2297"}],"version-history":[{"count":0,"href":"https:\/\/www.upo.es\/convenios-practicas-empresa\/wp-json\/wp\/v2\/pages\/2297\/revisions"}],"wp:attachment":[{"href":"https:\/\/www.upo.es\/convenios-practicas-empresa\/wp-json\/wp\/v2\/media?parent=2297"}],"curies":[{"name":"wp","href":"https:\/\/api.w.org\/{rel}","templated":true}]}}